{"id":2529,"date":"2024-07-05T08:43:45","date_gmt":"2024-07-05T06:43:45","guid":{"rendered":"https:\/\/sklep.thepartners.pl\/p\/preparat-do-usuwania-rdzawych-nalotow-rdza-i-sadza-1l\/"},"modified":"2024-10-01T11:57:05","modified_gmt":"2024-10-01T09:57:05","slug":"preparat-do-usuwania-rdzawych-nalotow-rdza-i-sadza-1l","status":"publish","type":"product","link":"https:\/\/sklep.thepartners.pl\/cs\/produkt\/preparat-do-usuwania-rdzawych-nalotow-rdza-i-sadza-1l\/","title":{"rendered":"P\u0158\u00cdPRAVEK NA ODSTRAN\u011aN\u00cd N\u00c1NOS\u016e RZI REZ A SAZE 1L"},"content":{"rendered":"<p>Intenzivn\u00ed p\u0159\u00edpravek ur\u010den\u00fd k \u00fa\u010dinn\u00e9mu odstran\u011bn\u00ed skvrn od rzi, zaml\u017een\u00ed a saz\u00ed z miner\u00e1ln\u00edch povrch\u016f. P\u0159\u00edpravek d\u00edky sv\u00e9 inovativn\u00ed receptu\u0159e zaji\u0161\u0165uje rychl\u00e9 a \u00fa\u010dinn\u00e9 \u010di\u0161t\u011bn\u00ed.<\/p>\n<p><strong>Aplikace<\/strong><\/p>\n<p>P\u0159\u00edpravek je ur\u010den k odstran\u011bn\u00ed t\u011b\u017ek\u00fdch ne\u010distot z:<\/p>\n<p>&#8211; Dla\u017eebn\u00ed kostky<br \/>\n&#8211; Beton<br \/>\n&#8211; Dla\u017eba<br \/>\n&#8211; Palis\u00e1dy<br \/>\n&#8211; Obrubn\u00edky<br \/>\n&#8211; P\u0159\u00edjezdov\u00e9 cesty a chodn\u00edky<br \/>\n&#8211; Betonov\u00e9 ploty<\/p>\n<p>M\u016f\u017ee b\u00fdt tak\u00e9 pou\u017eit k \u010di\u0161t\u011bn\u00ed p\u0159\u00edrodn\u00edch kamen\u016f odoln\u00fdch proti kyselin\u00e1m, jako je \u017eula.<\/p>\n<p><strong>Jak pou\u017e\u00edvat<\/strong><\/p>\n<p><strong>1. P\u0159\u00edprava:<\/strong><br \/>\n&#8211; P\u0159ed \u010di\u0161t\u011bn\u00edm povrch navlh\u010dete vodou. Tepl\u00e1 voda zvy\u0161uje \u00fa\u010dinnost prost\u0159edku.<br \/>\n&#8211; Mechanicky odstra\u0148te organick\u00e9 ne\u010distoty, jako je mech a li\u0161ejn\u00edk.<\/p>\n<p><strong>2. Test:<\/strong><br \/>\n&#8211; Vzhledem k rozmanitosti povrch\u016f (barva, surovina, chemick\u00e9 slo\u017een\u00ed) se doporu\u010duje prov\u00e9st test na nen\u00e1padn\u00e9m m\u00edst\u011b pro kontrolu reakce podkladu na p\u0159\u00edpravek.<\/p>\n<p><strong>3. Aplikace:<\/strong><br \/>\n&#8211; Naneste p\u0159\u00edpravek na zne\u010di\u0161t\u011bn\u00fd povrch.<br \/>\n&#8211; Po\u010dkejte asi 5-10 minut.<br \/>\n&#8211; O\u010dist\u011bte povrch kart\u00e1\u010dem.<br \/>\n&#8211; D\u016fkladn\u011b opl\u00e1chn\u011bte vodou a nechte uschnout.<br \/>\n&#8211; V p\u0159\u00edpad\u011b pot\u0159eby operaci zopakujte.<\/p>\n<p><strong>4. Podm\u00ednky pou\u017eit\u00ed:<\/strong><br \/>\n&#8211; P\u0159\u00edprava pro venkovn\u00ed pou\u017eit\u00ed.<br \/>\n&#8211; P\u0159i pr\u00e1ci pou\u017e\u00edvejte osobn\u00ed ochrann\u00e9 prost\u0159edky.<br \/>\n&#8211; Teplota podkladu a okol\u00ed p\u0159i \u010di\u0161t\u011bn\u00ed by m\u011bla b\u00fdt mezi +5\u00b0C a +25\u00b0C.<br \/>\n&#8211; Vyvarujte se \u010di\u0161t\u011bn\u00ed na zah\u0159\u00e1t\u00fdch povr\u0161\u00edch, proto\u017ee pokud p\u0159\u00edpravek schne p\u0159\u00edli\u0161 rychle, bude obt\u00ed\u017en\u00e9 povrch d\u016fkladn\u011b vy\u010distit.<\/p>\n<p>&nbsp;<\/p>\n<p>&nbsp;<\/p>\n<p><strong>M\u00edt na sob\u011b<\/strong><\/p>\n<p>&#8211; 1 litr p\u0159\u00edpravku v\u00e1m umo\u017en\u00ed vy\u010distit 5-10 m\u00b2 povrchu.<br \/>\n&#8211; Spot\u0159eba p\u0159\u00edpravku z\u00e1vis\u00ed do zna\u010dn\u00e9 m\u00edry na stupni zne\u010di\u0161t\u011bn\u00ed povrchu.<\/p>\n<p>D\u00edky spr\u00e1vn\u00e9mu pou\u017eit\u00ed mohou b\u00fdt miner\u00e1ln\u00ed povrchy \u00fa\u010dinn\u011b o\u010di\u0161t\u011bny od rzi, zaml\u017een\u00ed a saz\u00ed, a to p\u0159i zachov\u00e1n\u00ed jejich estetick\u00e9ho vzhledu a trvanlivosti.<\/p>\n","protected":false},"excerpt":{"rendered":"<blockquote><p><strong>Odstra\u0148uje skvrny od rzi<\/strong><\/p>\n<p><strong>Odstra\u0148uje skvrny a saze z miner\u00e1ln\u00edch povrch\u016f<\/strong><\/p>\n<p><strong>Funguje rychle a efektivn\u011b<\/strong><\/p>\n<p><strong>Odstra\u0148uje nep\u0159\u00edjemn\u00e9 ne\u010distoty z:<\/strong><\/p>\n<ul>\n<li><strong>dla\u017eebn\u00ed kostky,<\/strong><\/li>\n<li><strong>beton, dla\u017eba,<\/strong><\/li>\n<li><strong>palis\u00e1dy,<\/strong><\/li>\n<li><strong>obrubn\u00edky,<\/strong><\/li>\n<li><strong>p\u0159\u00edjezdov\u00e9 cesty,<\/strong><\/li>\n<li><strong>chodn\u00edky,<\/strong><\/li>\n<li><strong>betonov\u00e9 ploty,<\/strong><\/li>\n<\/ul>\n<p><strong>M\u016f\u017eete jej pou\u017e\u00edt k \u010di\u0161t\u011bn\u00ed p\u0159\u00edrodn\u00edch kamen\u016f, kter\u00e9 jsou odoln\u00e9 v\u016f\u010di kyselin\u00e1m, nap\u0159. \u017eula.<\/strong><\/p><\/blockquote>\n","protected":false},"featured_media":6039,"comment_status":"open","ping_status":"closed","template":"","meta":{"_acf_changed":false},"product_brand":[],"product_cat":[137,591],"product_tag":[],"class_list":{"0":"post-2529","1":"product","2":"type-product","3":"status-publish","4":"has-post-thumbnail","6":"product_cat-stavebni-chemie","7":"product_cat-chemikalie","8":"product_shipping_class-kurier-cs","9":"pa_gestosc-102-g-cm-cs","10":"pa_kolor-bezbarwny-cs","11":"pa_producent-jurga-cs","12":"pa_zuzycie-1l-5-10-m-cs","14":"first","15":"instock","16":"taxable","17":"shipping-taxable","18":"purchasable","19":"product-type-simple"},"acf":[],"_links":{"self":[{"href":"https:\/\/sklep.thepartners.pl\/cs\/wp-json\/wp\/v2\/product\/2529","targetHints":{"allow":["GET"]}}],"collection":[{"href":"https:\/\/sklep.thepartners.pl\/cs\/wp-json\/wp\/v2\/product"}],"about":[{"href":"https:\/\/sklep.thepartners.pl\/cs\/wp-json\/wp\/v2\/types\/product"}],"replies":[{"embeddable":true,"href":"https:\/\/sklep.thepartners.pl\/cs\/wp-json\/wp\/v2\/comments?post=2529"}],"wp:featuredmedia":[{"embeddable":true,"href":"https:\/\/sklep.thepartners.pl\/cs\/wp-json\/wp\/v2\/media\/6039"}],"wp:attachment":[{"href":"https:\/\/sklep.thepartners.pl\/cs\/wp-json\/wp\/v2\/media?parent=2529"}],"wp:term":[{"taxonomy":"product_brand","embeddable":true,"href":"https:\/\/sklep.thepartners.pl\/cs\/wp-json\/wp\/v2\/product_brand?post=2529"},{"taxonomy":"product_cat","embeddable":true,"href":"https:\/\/sklep.thepartners.pl\/cs\/wp-json\/wp\/v2\/product_cat?post=2529"},{"taxonomy":"product_tag","embeddable":true,"href":"https:\/\/sklep.thepartners.pl\/cs\/wp-json\/wp\/v2\/product_tag?post=2529"}],"curies":[{"name":"wp","href":"https:\/\/api.w.org\/{rel}","templated":true}]}}