{"id":2590,"date":"2024-07-05T11:26:41","date_gmt":"2024-07-05T09:26:41","guid":{"rendered":"https:\/\/sklep.thepartners.pl\/p\/welna-mineralna-rockwool-superrock-%ce%bb-0035\/"},"modified":"2025-01-07T10:29:44","modified_gmt":"2025-01-07T09:29:44","slug":"welna-mineralna-rockwool-superrock-%ce%bb-0035","status":"publish","type":"product","link":"https:\/\/sklep.thepartners.pl\/cs\/produkt\/welna-mineralna-rockwool-superrock-%ce%bb-0035\/","title":{"rendered":"Miner\u00e1ln\u00ed vlna Rockwool Superrock \u03bb 0,035"},"content":{"rendered":"<div class=\"react-container has-view--react-container\" data-component-name=\"TitleBlock\" data-component-props=\"{&quot;componentName&quot;:&quot;TitleBlock&quot;,&quot;headline&quot;:&quot;Charakterystyka produktu&quot;,&quot;columnOne&quot;:&quot;SUPERROCK to uniwersalny materia\u0142 izolacyjny o bardzo dobrej g\u0119sto\u015bci i jako\u015bci, kt\u00f3ry pochodzi w pe\u0142ni z naturalnych surowc\u00f3w. P\u0142yty s\u0105 dost\u0119pne w trzech r\u00f3\u017cnych szeroko\u015bciach i obszernym wyborze r\u00f3\u017cnych grubo\u015bci, co pozwala dopasowa\u0107 je do r\u00f3\u017cnorodnych potrzeb i wymaga\u0144. Produkt dost\u0119pny jest w szerokiej sieci dystrybucji. Stanowi optymalne rozwi\u0105zanie dla wi\u0119kszo\u015b\u0107 aplikacji og\u00f3lnobudowlanych&quot;,&quot;columnTwo&quot;:&quot;&quot;,&quot;primaryButtonTwo&quot;:null,&quot;primaryButtonSignUpOne&quot;:null,&quot;buttonSignUp&quot;:null,&quot;buttonSignUpTwo&quot;:null,&quot;openRedirectPopupOnPrimaryButtonSignUpOne&quot;:false,&quot;openRedirectPopupOnPrimaryButtonTwo&quot;:false,&quot;openRedirectPopupOnButtonSignUp&quot;:false,&quot;openRedirectPopupOnButtonSignUpTwo&quot;:false,&quot;headerStyle&quot;:&quot;H2&quot;,&quot;textAlignment&quot;:null,&quot;isWide&quot;:false,&quot;noBottomSpacing&quot;:false,&quot;backgroundStyle&quot;:null,&quot;fullWidthCta&quot;:false,&quot;splitButtonsUnderColumns&quot;:false,&quot;primaryButtonsWidth&quot;:0,&quot;primaryButtonsSpacing&quot;:0,&quot;outlinePrimaryButtonTwo&quot;:false,&quot;useScrollReveal&quot;:false,&quot;noWidth&quot;:false,&quot;hasAchorId&quot;:&quot;&quot;,&quot;deepLinkId&quot;:null,&quot;asModule&quot;:&quot;as-module&quot;,&quot;splitMode&quot;:&quot;&quot;,&quot;bottomSpacing&quot;:&quot;&quot;,&quot;backgroundClasses&quot;:null,&quot;extensions&quot;:&quot;sign-up-secondary&quot;,&quot;showArrowRight&quot;:false}\" data-server-side-rendered=\"True\" data-use-redux=\"False\">\n<div class=\"title-block\">\n<div class=\"O11-text-content-block__Pxhx8 as-module__wE5oi gated-link-container has-view--gated-link-container\">\n<div class=\"container__Ctl47 container\">\n<p>SUPERROCK je univerz\u00e1ln\u00ed izola\u010dn\u00ed materi\u00e1l s velmi dobrou hustotou a kvalitou, vyroben\u00fd v\u00fdhradn\u011b z p\u0159\u00edrodn\u00edch surovin. V\u00fdrobek je dostupn\u00fd ve t\u0159ech r\u016fzn\u00fdch \u0161\u00ed\u0159k\u00e1ch a \u0161irok\u00e9 \u0161k\u00e1le tlou\u0161t\u011bk, co\u017e umo\u017e\u0148uje jeho p\u0159izp\u016fsoben\u00ed r\u016fzn\u00fdm stavebn\u00edm pot\u0159eb\u00e1m a po\u017eadavk\u016fm. D\u00edky \u0161irok\u00e9 distribu\u010dn\u00ed s\u00edti je SUPERROCK optim\u00e1ln\u00edm \u0159e\u0161en\u00edm pro v\u011bt\u0161inu obecn\u00fdch stavebn\u00edch aplikac\u00ed.<\/p>\n<p><strong>Aplikace:<\/strong><br \/>\nDesky SUPERROCK se pou\u017e\u00edvaj\u00ed jako neho\u0159lav\u00e9 izolace:<br \/>\n&#8211; \u0160ikm\u00e9 st\u0159echy a podkrov\u00ed<br \/>\n&#8211; V\u011btran\u00e9 ploch\u00e9 st\u0159echy<br \/>\n&#8211; Nadkrokevn\u00ed \u0159e\u0161en\u00ed<br \/>\n&#8211; D\u0159ev\u011bn\u00e9 stropy a podlahy na tr\u00e1mech<br \/>\n&#8211; Podhledy<br \/>\n&#8211; T\u0159\u00edvrstv\u00e9 st\u011bny<br \/>\n&#8211; D\u011bl\u00edc\u00ed st\u011bny<\/p>\n<p><strong>V\u00fdhody:<\/strong><\/p>\n<p>&#8211; Neho\u0159lavost: Desky SUPERROCK jsou neho\u0159lav\u00fd materi\u00e1l, kter\u00fd zvy\u0161uje po\u017e\u00e1rn\u00ed bezpe\u010dnost domu.<br \/>\n&#8211; Odolnost: Vysok\u00e1 hustota a kvalita materi\u00e1lu zaji\u0161\u0165uje odolnost izolace a udr\u017euje jej\u00ed parametry po mnoho let.<br \/>\n&#8211; Tepeln\u00e9 a akustick\u00e9 parametry: Zaji\u0161\u0165uj\u00ed klid a pohodu v dom\u011b a \u00fasporu n\u00e1klad\u016f na vyt\u00e1p\u011bn\u00ed.<\/p>\n<p>&#8211; M\u00e9n\u011b prachu: Inovativn\u00ed v\u00fdrobn\u00ed technologie sni\u017euje pra\u0161nost p\u0159i mont\u00e1\u017ei a zvy\u0161uje komfort pr\u00e1ce.<br \/>\n&#8211; Kvalita a hustota: Vysok\u00e1 kvalita a hustota produktu zaru\u010duj\u00ed nejlep\u0161\u00ed efekt bez prasklin a delaminac\u00ed izolace.<br \/>\n&#8211; Tepeln\u00e9 a akustick\u00e9 parametry: Uspokoj\u00ed i ty nejn\u00e1ro\u010dn\u011bj\u0161\u00ed investory.<br \/>\n&#8211; Nov\u00e9 balen\u00ed: Odoln\u011bj\u0161\u00ed balen\u00ed usnad\u0148uje p\u0159epravu produktu po staveni\u0161ti.<\/p>\n<p>SUPERROCK je vysoce kvalitn\u00ed, neho\u0159lav\u00fd izola\u010dn\u00ed materi\u00e1l, ide\u00e1ln\u00ed pro r\u016fzn\u00e9 stavebn\u00ed aplikace. D\u00edky vysok\u00e9 hustot\u011b a inovativn\u00ed technologii v\u00fdroby zaji\u0161\u0165uje odolnost, efektivitu a komfort pou\u017e\u00edv\u00e1n\u00ed, a to jak pro majitele dom\u016f, tak pro profesion\u00e1ly.<\/p>\n<\/div>\n<\/div>\n<\/div>\n<\/div>\n","protected":false},"excerpt":{"rendered":"<blockquote><p><strong>\u00da\u010del: Strop, st\u0159echa, st\u011bna, strop<\/strong><\/p>\n<p><strong>Rozm\u011bry tal\u00ed\u0159e: 100 cm x 61 cm<\/strong><\/p>\n<p><strong>Materi\u00e1l: sklolamin\u00e1t a miner\u00e1ln\u00ed vlna<\/strong><\/p>\n<p><strong>Tepeln\u00e1 vodivost: 0,035W\/m\u00b2K<\/strong><\/p>\n<p><strong>T\u0159\u00edda reakce na ohe\u0148: A1<\/strong><\/p><\/blockquote>\n","protected":false},"featured_media":5881,"comment_status":"open","ping_status":"closed","template":"","meta":{"_acf_changed":false},"product_brand":[],"product_cat":[143,150],"product_tag":[411,412,678],"class_list":{"0":"post-2590","1":"product","2":"type-product","3":"status-publish","4":"has-post-thumbnail","6":"product_cat-tepelne-izolace","7":"product_cat-mineralni-vlnu","8":"product_tag-frontrock-cs","9":"product_tag-rockwool-cs","10":"product_tag-superrock-cs","11":"product_shipping_class-transport-the-partners-cs","12":"pa_grubosc-5-cm-cs","13":"pa_grubosc-75cm-cs","14":"pa_producent-rockwool-cs","15":"pa_wspolczynnik-przewodzenia-0-035-wmk-cs","17":"first","18":"instock","19":"taxable","20":"shipping-taxable","21":"purchasable","22":"product-type-variable"},"acf":[],"_links":{"self":[{"href":"https:\/\/sklep.thepartners.pl\/cs\/wp-json\/wp\/v2\/product\/2590","targetHints":{"allow":["GET"]}}],"collection":[{"href":"https:\/\/sklep.thepartners.pl\/cs\/wp-json\/wp\/v2\/product"}],"about":[{"href":"https:\/\/sklep.thepartners.pl\/cs\/wp-json\/wp\/v2\/types\/product"}],"replies":[{"embeddable":true,"href":"https:\/\/sklep.thepartners.pl\/cs\/wp-json\/wp\/v2\/comments?post=2590"}],"wp:featuredmedia":[{"embeddable":true,"href":"https:\/\/sklep.thepartners.pl\/cs\/wp-json\/wp\/v2\/media\/5881"}],"wp:attachment":[{"href":"https:\/\/sklep.thepartners.pl\/cs\/wp-json\/wp\/v2\/media?parent=2590"}],"wp:term":[{"taxonomy":"product_brand","embeddable":true,"href":"https:\/\/sklep.thepartners.pl\/cs\/wp-json\/wp\/v2\/product_brand?post=2590"},{"taxonomy":"product_cat","embeddable":true,"href":"https:\/\/sklep.thepartners.pl\/cs\/wp-json\/wp\/v2\/product_cat?post=2590"},{"taxonomy":"product_tag","embeddable":true,"href":"https:\/\/sklep.thepartners.pl\/cs\/wp-json\/wp\/v2\/product_tag?post=2590"}],"curies":[{"name":"wp","href":"https:\/\/api.w.org\/{rel}","templated":true}]}}