{"id":2616,"date":"2024-07-05T12:24:04","date_gmt":"2024-07-05T10:24:04","guid":{"rendered":"https:\/\/sklep.thepartners.pl\/?post_type=product&#038;p=2616"},"modified":"2024-10-01T10:35:32","modified_gmt":"2024-10-01T08:35:32","slug":"izolacni-vlna-rockwool-klimafix-%ce%bb-0039","status":"publish","type":"product","link":"https:\/\/sklep.thepartners.pl\/cs\/produkt\/izolacni-vlna-rockwool-klimafix-%ce%bb-0039\/","title":{"rendered":"Izola\u010dn\u00ed vlna Rockwool KLIMAFIX \u039b 0,039"},"content":{"rendered":"<p>Lamelov\u00e1 roho\u017e KLIMAFIX z neho\u0159lav\u00e9 kamenn\u00e9 vlny ROCKWOOL m\u00e1 kolm\u00e9 uspo\u0159\u00e1d\u00e1n\u00ed vl\u00e1ken v\u016f\u010di rovin\u011b ter\u00e9nu, co\u017e zaji\u0161\u0165uje jej\u00ed pevnost a pru\u017enost. D\u00edky tomu roho\u017e v ohybech a roz\u00edch nem\u011bn\u00ed svou p\u016fvodn\u00ed tlou\u0161\u0165ku. V\u00fdrobek je opat\u0159en jednostrann\u00fdm opl\u00e1\u0161t\u011bn\u00edm z vyztu\u017een\u00e9 hlin\u00edkov\u00e9 f\u00f3lie.<\/p>\n<p><strong>Funkce:<\/strong><br \/>\n&#8211; Neho\u0159lavost: Vyrobeno z neho\u0159lav\u00e9 kamenn\u00e9 vlny.<br \/>\n&#8211; Kolm\u00e9 uspo\u0159\u00e1d\u00e1n\u00ed vl\u00e1ken: Poskytuje podlo\u017ece pevnost a pru\u017enost.<br \/>\n&#8211; Hlin\u00edkov\u00e9 opl\u00e1\u0161t\u011bn\u00ed: Jednostrann\u00e9, vyroben\u00e9 z vyztu\u017een\u00e9 hlin\u00edkov\u00e9 f\u00f3lie.<br \/>\n&#8211; P\u0159edem nanesen\u00e1 lepic\u00ed vrstva: Chr\u00e1n\u011bno snadno odstranitelnou, ekologickou PE f\u00f3li\u00ed.<br \/>\n&#8211; Samolep\u00edc\u00ed: Eliminuje pot\u0159ebu pou\u017eit\u00ed dal\u0161\u00edch upev\u0148ovac\u00edch prvk\u016f, jako jsou kol\u00edky, svorky nebo p\u00e1sky.<\/p>\n<p><strong>Aplikace:<\/strong><br \/>\n&#8211; Tepeln\u00e1 a antikondenza\u010dn\u00ed izolace: Perfektn\u00ed pro ventila\u010dn\u00ed a klimatiza\u010dn\u00ed potrub\u00ed a dal\u0161\u00ed ploch\u00e9 a v\u00e1lcov\u00e9 povrchy vyroben\u00e9 z ocelov\u00e9ho plechu.<br \/>\n&#8211; Horizont\u00e1ln\u00ed a vertik\u00e1ln\u00ed uspo\u0159\u00e1d\u00e1n\u00ed: Lze pou\u017e\u00edt v r\u016fzn\u00fdch uspo\u0159\u00e1d\u00e1n\u00edch instalace.<br \/>\n&#8211; Teplota m\u00e9dia: Doporu\u010deno pro prvky s teplotou m\u00e9dia nep\u0159esahuj\u00edc\u00ed 50\u00b0C.<\/p>\n<p><strong>Instalace:<\/strong><br \/>\n1. P\u0159\u00edprava povrchu: Ujist\u011bte se, \u017ee izolovan\u00e9 povrchy jsou such\u00e9, \u010dist\u00e9 a odma\u0161t\u011bn\u00e9.<br \/>\n2. Optim\u00e1ln\u00ed teplota: cDoporu\u010den\u00e1 instala\u010dn\u00ed teplota je od 5\u00b0C do 35\u00b0C.<br \/>\n3. Skladov\u00e1n\u00ed p\u0159i n\u00edzk\u00fdch teplot\u00e1ch: P\u0159i skladov\u00e1n\u00ed p\u0159i teplot\u00e1ch ni\u017e\u0161\u00edch ne\u017e 5\u00b0C skladujte v\u00fdrobek p\u0159i teplot\u011b nad 10\u00b0C po dobu minim\u00e1ln\u011b dvou dn\u016f p\u0159ed instalac\u00ed.<br \/>\n4.\u00a0 Aplikace: Odstra\u0148te lepic\u00ed ochrannou f\u00f3lii a p\u0159ilo\u017ete roho\u017e na izolovan\u00fd povrch. Ujist\u011bte se, \u017ee roho\u017e spr\u00e1vn\u011b sed\u00ed, aby nedo\u0161lo k hrudkov\u00e1n\u00ed izolace.<\/p>\n<p><strong>V\u00fdhody:<\/strong><br \/>\n&#8211; Rychl\u00e1 a snadn\u00e1 instalace: Lepic\u00ed vrstva umo\u017e\u0148uje rychl\u00e9 a trval\u00e9 p\u0159ipevn\u011bn\u00ed roho\u017ee, co\u017e zkracuje dobu instalace a\u017e o 40 % ve srovn\u00e1n\u00ed s tradi\u010dn\u00edmi lamelov\u00fdmi roho\u017eemi.<br \/>\n&#8211; Trvanlivost spoje: Lepidlo \u010dasem neztr\u00e1c\u00ed sv\u00e9 vlastnosti a zaji\u0161\u0165uje trvanliv\u00fd spoj.<br \/>\n&#8211; Minimalizace tepeln\u00fdch ztr\u00e1t: Izolace zaji\u0161\u0165uje minim\u00e1ln\u00ed tepeln\u00e9 ztr\u00e1ty a teplotu proud\u00edc\u00edho vzduchu v souladu s projektem.<br \/>\n&#8211; Ochrana proti kondenzaci: \u00da\u010dinn\u011b chr\u00e1n\u00ed ventila\u010dn\u00ed a klimatiza\u010dn\u00ed za\u0159\u00edzen\u00ed p\u0159ed kondenzac\u00ed vodn\u00ed p\u00e1ry.<\/p>\n<p>Lamelov\u00e1 roho\u017e ROCKWOOL KLIMAFIX je inovativn\u00ed \u0159e\u0161en\u00ed tepeln\u00e9 a antikondenza\u010dn\u00ed izolace, kter\u00e9 zaji\u0161\u0165uje snadnou instalaci, odolnost a \u00fa\u010dinnost ochrany instalace.<\/p>\n","protected":false},"excerpt":{"rendered":"<blockquote><p><strong>Samolep\u00edc\u00ed lamelov\u00e1 roho\u017e KLIMAFIX z kamenn\u00e9 vlny ROCKWOOL<\/strong><\/p>\n<p><strong>maj\u00edc\u00ed z v\u00fdroby nanesenou vrstvu lepidla na cel\u00e9m povrchu vlny,<\/strong><\/p>\n<p><strong>ur\u010den\u00fd pro tepelnou a protikondenza\u010dn\u00ed izolaci vzduchotechnick\u00fdch a vzduchotechnick\u00fdch potrub\u00ed z ocelov\u00e9ho plechu.<\/strong><\/p><\/blockquote>\n","protected":false},"featured_media":5874,"comment_status":"open","ping_status":"closed","template":"","meta":{"_acf_changed":false},"product_brand":[],"product_cat":[143,150],"product_tag":[682,412],"class_list":{"0":"post-2616","1":"product","2":"type-product","3":"status-publish","4":"has-post-thumbnail","6":"product_cat-tepelne-izolace","7":"product_cat-mineralni-vlnu","8":"product_tag-klimafix-cs","9":"product_tag-rockwool-cs","10":"product_shipping_class-transport-the-partners-cs","11":"pa_grubosc-2-cm-cs","12":"pa_grubosc-3-cm-cs","13":"pa_producent-rockwool-cs","14":"pa_wspolczynnik-przewodzenia-0039-wmk-cs","16":"first","17":"instock","18":"taxable","19":"shipping-taxable","20":"purchasable","21":"product-type-variable"},"acf":[],"_links":{"self":[{"href":"https:\/\/sklep.thepartners.pl\/cs\/wp-json\/wp\/v2\/product\/2616","targetHints":{"allow":["GET"]}}],"collection":[{"href":"https:\/\/sklep.thepartners.pl\/cs\/wp-json\/wp\/v2\/product"}],"about":[{"href":"https:\/\/sklep.thepartners.pl\/cs\/wp-json\/wp\/v2\/types\/product"}],"replies":[{"embeddable":true,"href":"https:\/\/sklep.thepartners.pl\/cs\/wp-json\/wp\/v2\/comments?post=2616"}],"wp:featuredmedia":[{"embeddable":true,"href":"https:\/\/sklep.thepartners.pl\/cs\/wp-json\/wp\/v2\/media\/5874"}],"wp:attachment":[{"href":"https:\/\/sklep.thepartners.pl\/cs\/wp-json\/wp\/v2\/media?parent=2616"}],"wp:term":[{"taxonomy":"product_brand","embeddable":true,"href":"https:\/\/sklep.thepartners.pl\/cs\/wp-json\/wp\/v2\/product_brand?post=2616"},{"taxonomy":"product_cat","embeddable":true,"href":"https:\/\/sklep.thepartners.pl\/cs\/wp-json\/wp\/v2\/product_cat?post=2616"},{"taxonomy":"product_tag","embeddable":true,"href":"https:\/\/sklep.thepartners.pl\/cs\/wp-json\/wp\/v2\/product_tag?post=2616"}],"curies":[{"name":"wp","href":"https:\/\/api.w.org\/{rel}","templated":true}]}}