{"id":2636,"date":"2024-07-05T13:24:17","date_gmt":"2024-07-05T11:24:17","guid":{"rendered":"https:\/\/sklep.thepartners.pl\/p\/cement-gorazdze-multi-325-25kg\/"},"modified":"2024-11-06T08:56:25","modified_gmt":"2024-11-06T07:56:25","slug":"cement-gorazdze-multi-325-25kg","status":"publish","type":"product","link":"https:\/\/sklep.thepartners.pl\/cs\/produkt\/cement-gorazdze-multi-325-25kg\/","title":{"rendered":"CEMENT G\u00d3RA\u017bD\u017bE MULTI 32,5 25KG"},"content":{"rendered":"<p><strong>MULTI 32.5<\/strong> je cement s mnoha aplikacemi. V jarn\u00edm a letn\u00edm obdob\u00ed je ide\u00e1ln\u00ed pro ve\u0161ker\u00e9 stavebn\u00ed pr\u00e1ce. Lze z n\u011bj vyrobit hotov\u00fd beton pro stropy, z\u00e1klady, schodi\u0161t\u011b a terasy. Jedn\u00e1 se o cement se zv\u00fd\u0161enou odolnost\u00ed v\u016f\u010di chemicky agresivn\u00edmu prost\u0159ed\u00ed. Je tak\u00e9 ide\u00e1ln\u00ed pro v\u00fdrobu malt, \u0161t\u011brk\u016f pro dl\u00e1\u017ed\u011bn\u00ed kamenn\u00fdch ploch, d\u00e1le stabilizaci p\u016fdy a v\u00fdrobu tzv. \u201e\u0161t\u00edhl\u00fd beton\u201c. Je to nepostradateln\u00e9 pojivo pro drobn\u00e9 renova\u010dn\u00ed a oprav\u00e1rensk\u00e9 pr\u00e1ce ve va\u0161ich domovech.<\/p>\n<p><strong>Aplikace:<\/strong><\/p>\n<p>&#8211; V\u00fdroba b\u011b\u017en\u00e9ho betonu t\u0159\u00eddy C 8\/10 a\u017e C 30\/37<\/p>\n<p>&#8211; V\u00fdstavba z\u00e1kladov\u00fdch pas\u016f, strop\u016f, vazn\u00fdch tr\u00e1m\u016f a p\u0159eklad\u016f, schodi\u0161\u0165, teras, op\u011brn\u00fdch zd\u00ed<\/p>\n<p>&#8211; V\u00fdroba malorozm\u011brov\u00fdch prefabrik\u00e1t\u016f (betonov\u00e9 tv\u00e1rnice, st\u011bnov\u00e9 a stropn\u00ed tv\u00e1rnice)<\/p>\n<p>&#8211; Zhotovov\u00e1n\u00ed betonov\u00fdch pot\u011br\u016f a pot\u011br\u016f<\/p>\n<p>&#8211; V\u00fdroba prvk\u016f podroben\u00fdch n\u00edzkotlak\u00e9mu tepeln\u00e9mu zpracov\u00e1n\u00ed<\/p>\n<p>&#8211; Stabilizace p\u016fdy<\/p>\n<p>&#8211; Huben\u00fd beton pro z\u00e1klady<\/p>\n<p>&#8211; Sypa\u010de pro dl\u00e1\u017ed\u011bn\u00ed kamenn\u00fdch povrch\u016f<\/p>\n<p>&#8211; V\u00fdroba zdic\u00edch a om\u00edtkov\u00fdch malt<\/p>\n<p>&nbsp;<\/p>\n<p><strong>\u00da\u010dinky pou\u017eit\u00ed cementu MULTI 32,5:<\/strong><\/p>\n<p>&#8211; Velmi dobr\u00e1 zpracovatelnost malt a betonov\u00fdch sm\u011bs\u00ed<\/p>\n<p>&#8211; Dlouh\u00e1 doba zachov\u00e1n\u00ed konzistence malt a betonov\u00fdch sm\u011bs\u00ed<\/p>\n<p>&#8211; M\u00edrn\u00e1 dynamika zvy\u0161ov\u00e1n\u00ed pevnosti malt a beton\u016f<\/p>\n<p>&#8211; Zv\u00fd\u0161en\u00e1 odolnost malt a beton\u016f v\u016f\u010di chemick\u00e9 agresi<\/p>\n<p>&#8211; N\u00edzk\u00e9 smr\u0161t\u011bn\u00ed<\/p>\n<p><strong>Technick\u00e1 data:<\/strong><\/p>\n<p><strong>Hmotnost balen\u00ed: 25 kg<\/strong><\/p>\n<p><strong>NA PALETU: 56 KS<\/strong><\/p>\n","protected":false},"excerpt":{"rendered":"<blockquote><p><strong>Velmi dobr\u00e1 zpracovatelnost malt a betonov\u00fdch sm\u011bs\u00ed<\/strong><\/p>\n<p><strong>Dlouh\u00e1 doba zachov\u00e1n\u00ed konzistence malt a betonov\u00fdch sm\u011bs\u00ed<\/strong><\/p>\n<p><strong>M\u00edrn\u00e1 dynamika zvy\u0161ov\u00e1n\u00ed pevnosti malt a beton\u016f<\/strong><\/p>\n<p><strong>Zv\u00fd\u0161en\u00e1 odolnost malt a beton\u016f v\u016f\u010di chemick\u00e9 agresi<\/strong><\/p>\n<p><strong>N\u00edzk\u00e9 smr\u0161t\u011bn\u00ed<\/strong><\/p><\/blockquote>\n","protected":false},"featured_media":5865,"comment_status":"open","ping_status":"closed","template":"","meta":{"_acf_changed":false},"product_brand":[],"product_cat":[137,142],"product_tag":[689,690],"class_list":{"0":"post-2636","1":"product","2":"type-product","3":"status-publish","4":"has-post-thumbnail","6":"product_cat-stavebni-chemie","7":"product_cat-malty-a-betony","8":"product_tag-cement-cs","9":"product_tag-gorazdze-cs","10":"product_shipping_class-osobna-paczka","12":"first","13":"instock","14":"taxable","15":"shipping-taxable","16":"purchasable","17":"product-type-simple"},"acf":[],"_links":{"self":[{"href":"https:\/\/sklep.thepartners.pl\/cs\/wp-json\/wp\/v2\/product\/2636","targetHints":{"allow":["GET"]}}],"collection":[{"href":"https:\/\/sklep.thepartners.pl\/cs\/wp-json\/wp\/v2\/product"}],"about":[{"href":"https:\/\/sklep.thepartners.pl\/cs\/wp-json\/wp\/v2\/types\/product"}],"replies":[{"embeddable":true,"href":"https:\/\/sklep.thepartners.pl\/cs\/wp-json\/wp\/v2\/comments?post=2636"}],"wp:featuredmedia":[{"embeddable":true,"href":"https:\/\/sklep.thepartners.pl\/cs\/wp-json\/wp\/v2\/media\/5865"}],"wp:attachment":[{"href":"https:\/\/sklep.thepartners.pl\/cs\/wp-json\/wp\/v2\/media?parent=2636"}],"wp:term":[{"taxonomy":"product_brand","embeddable":true,"href":"https:\/\/sklep.thepartners.pl\/cs\/wp-json\/wp\/v2\/product_brand?post=2636"},{"taxonomy":"product_cat","embeddable":true,"href":"https:\/\/sklep.thepartners.pl\/cs\/wp-json\/wp\/v2\/product_cat?post=2636"},{"taxonomy":"product_tag","embeddable":true,"href":"https:\/\/sklep.thepartners.pl\/cs\/wp-json\/wp\/v2\/product_tag?post=2636"}],"curies":[{"name":"wp","href":"https:\/\/api.w.org\/{rel}","templated":true}]}}