{"id":2646,"date":"2024-07-05T13:48:12","date_gmt":"2024-07-05T11:48:12","guid":{"rendered":"https:\/\/sklep.thepartners.pl\/p\/pustak-porotherm-8-pw-kl10\/"},"modified":"2024-10-01T11:45:05","modified_gmt":"2024-10-01T09:45:05","slug":"pustak-porotherm-8-pw-kl10","status":"publish","type":"product","link":"https:\/\/sklep.thepartners.pl\/cs\/produkt\/pustak-porotherm-8-pw-kl10\/","title":{"rendered":"Cihla Porotherm 8 P+D kl10"},"content":{"rendered":"<p><strong>Pl\u00e1nujete stavbu domu nebo v\u011bt\u0161\u00ed investici? <\/strong><strong>Kontaktujte n\u00e1s pro individu\u00e1ln\u00ed cenovou nab\u00eddku.<\/strong><\/p>\n<p>Keramick\u00fd blok Porotherm 8 P+D je ur\u010den pro stavbu p\u0159\u00ed\u010dek nebo p\u0159edst\u011bn, a to i jako vn\u011bj\u0161\u00ed vrstva t\u0159\u00edvrstv\u00e9 st\u011bny a jako prstencov\u00fd kryt. D\u00edky syst\u00e9mu zd\u011bn\u00ed na pero a dr\u00e1\u017eku nen\u00ed nutn\u00e9 pou\u017e\u00edvat svisl\u00e9 sp\u00e1ry, co\u017e urychluje a usnad\u0148uje stavebn\u00ed pr\u00e1ce.<\/p>\n<p><strong>Hlavn\u00ed vlastnosti keramick\u00e9ho bloku Porotherm 8 P+D:<\/strong><\/p>\n<p>&#8211; Zd\u011bn\u00ed na pero a dr\u00e1\u017eku: Syst\u00e9m zd\u011bn\u00ed na pero a dr\u00e1\u017eku eliminuje pot\u0159ebu pou\u017eit\u00ed vertik\u00e1ln\u00edch sp\u00e1r, co\u017e zvy\u0161uje efektivitu a rychlost stavebn\u00edch prac\u00ed.<\/p>\n<p>&#8211; Tlou\u0161\u0165ka st\u011bny: 8 cm &#8211; vhodn\u00e9 pro stavbu p\u0159\u00ed\u010dek nebo p\u0159edst\u011bn, zaji\u0161\u0165uj\u00edc\u00edch vysokou tepelnou a akustickou izolaci.<\/p>\n<p><strong>V\u00fdhody keramick\u00e9ho bloku Porotherm 8 P+D:<\/strong><\/p>\n<p>1. Vysok\u00e1 akustick\u00e1 a tepeln\u00e1 izolace: Keramick\u00e1 tv\u00e1rnice Porotherm 8 P+D poskytuje vynikaj\u00edc\u00ed tepelnou a zvukovou izolaci, kter\u00e1 p\u0159isp\u00edv\u00e1 ke komfortu u\u017eivatel\u016f budovy.<\/p>\n<p>2. Vysok\u00e1 odolnost: Keramick\u00fd materi\u00e1l tv\u00e1rnice zaru\u010duje jej\u00ed \u017eivotnost a odolnost v\u016f\u010di pov\u011btrnostn\u00edm vliv\u016fm a mechanick\u00e9mu zat\u00ed\u017een\u00ed.<\/p>\n<p>3. Ekologick\u00fd, p\u0159\u00edrodn\u00ed materi\u00e1l: Keramick\u00fd blok Porotherm 8 P+D je vyroben z p\u0159\u00edrodn\u00edch keramick\u00fdch surovin, d\u00edky \u010demu\u017e je ekologick\u00fd a \u0161etrn\u00fd k \u017eivotn\u00edmu prost\u0159ed\u00ed.<\/p>\n<p>Keramick\u00e1 tv\u00e1rnice Porotherm 8 P+D je d\u00edky vysok\u00e9 tepeln\u00e9 a akustick\u00e9 izolaci, odolnosti a ekologick\u00fdm vlastnostem vynikaj\u00edc\u00ed volbou pro stavbu p\u0159\u00ed\u010dek nebo p\u0159edst\u011bn. Zd\u00edc\u00ed syst\u00e9m na pero a dr\u00e1\u017eku v\u00fdrazn\u011b usnad\u0148uje a urychluje proces v\u00fdstavby a keramick\u00fd materi\u00e1l zaji\u0161\u0165uje estetiku a komfort u\u017e\u00edv\u00e1n\u00ed stavby po mnoho let.<\/p>\n","protected":false},"excerpt":{"rendered":"<blockquote><p><strong>Spot\u0159eba: 8 ks\/m2<\/strong><\/p>\n<p><strong>Paleta &#8211; 120 ks<\/strong><\/p><\/blockquote>\n","protected":false},"featured_media":5978,"comment_status":"open","ping_status":"closed","template":"","meta":{"_acf_changed":false},"product_brand":[],"product_cat":[156,161],"product_tag":[446,445],"class_list":{"0":"post-2646","1":"product","2":"type-product","3":"status-publish","4":"has-post-thumbnail","6":"product_cat-stavebni-materialy","7":"product_cat-keramicke-tvarnice","8":"product_tag-porotherm-cs","9":"product_tag-wienerberger","10":"product_shipping_class-transport-the-partners-cs","11":"pa_producent-wienerberger-cs","13":"first","14":"instock","15":"taxable","16":"shipping-taxable","17":"purchasable","18":"product-type-simple"},"acf":[],"_links":{"self":[{"href":"https:\/\/sklep.thepartners.pl\/cs\/wp-json\/wp\/v2\/product\/2646","targetHints":{"allow":["GET"]}}],"collection":[{"href":"https:\/\/sklep.thepartners.pl\/cs\/wp-json\/wp\/v2\/product"}],"about":[{"href":"https:\/\/sklep.thepartners.pl\/cs\/wp-json\/wp\/v2\/types\/product"}],"replies":[{"embeddable":true,"href":"https:\/\/sklep.thepartners.pl\/cs\/wp-json\/wp\/v2\/comments?post=2646"}],"wp:featuredmedia":[{"embeddable":true,"href":"https:\/\/sklep.thepartners.pl\/cs\/wp-json\/wp\/v2\/media\/5978"}],"wp:attachment":[{"href":"https:\/\/sklep.thepartners.pl\/cs\/wp-json\/wp\/v2\/media?parent=2646"}],"wp:term":[{"taxonomy":"product_brand","embeddable":true,"href":"https:\/\/sklep.thepartners.pl\/cs\/wp-json\/wp\/v2\/product_brand?post=2646"},{"taxonomy":"product_cat","embeddable":true,"href":"https:\/\/sklep.thepartners.pl\/cs\/wp-json\/wp\/v2\/product_cat?post=2646"},{"taxonomy":"product_tag","embeddable":true,"href":"https:\/\/sklep.thepartners.pl\/cs\/wp-json\/wp\/v2\/product_tag?post=2646"}],"curies":[{"name":"wp","href":"https:\/\/api.w.org\/{rel}","templated":true}]}}