{"id":2699,"date":"2024-07-08T08:49:10","date_gmt":"2024-07-08T06:49:10","guid":{"rendered":"https:\/\/sklep.thepartners.pl\/?post_type=product&#038;p=2699"},"modified":"2024-10-01T12:11:33","modified_gmt":"2024-10-01T10:11:33","slug":"keramicky-blok-porotherm-188-pw-kl10-kopia-2","status":"publish","type":"product","link":"https:\/\/sklep.thepartners.pl\/cs\/produkt\/keramicky-blok-porotherm-188-pw-kl10-kopia-2\/","title":{"rendered":"Cihla Porotherm 18,8 P+D kl15 DRYFIX"},"content":{"rendered":"<p><strong>Pl\u00e1nujete stavbu domu nebo v\u011bt\u0161\u00ed investici? Kontaktujte n\u00e1s pro individu\u00e1ln\u00ed cenovou nab\u00eddku.<\/strong><\/p>\n<p><strong>\u0160t\u00edpan\u00fd blok<\/strong> je ur\u010den k v\u00fdstavb\u011b vn\u011bj\u0161\u00edch nosn\u00fdch st\u011bn s izolac\u00ed a vnit\u0159n\u00edch nosn\u00fdch st\u011bn. Je zd\u011bn\u00fd na tenkovrstvou maltu Porotherm Dryfix, kter\u00e1 v\u00fdrazn\u011b urychluje stavebn\u00ed pr\u00e1ce a zlep\u0161uje tepeln\u011b izola\u010dn\u00ed parametry zdi. Ide\u00e1ln\u00ed pro stavbu st\u011bn o tlou\u0161\u0165ce 18,8 cm.<\/p>\n<p><strong>V\u00fdhody \u0161t\u00edpan\u00e9ho bloku:<\/strong><\/p>\n<ul>\n<li><strong>Vysok\u00e1 pevnost v tlaku:<\/strong> Blok se vyzna\u010duje vysokou odolnost\u00ed v\u016f\u010di tlakov\u00e9 z\u00e1t\u011b\u017ei, co\u017e zaji\u0161\u0165uje stabilitu a trvanlivost konstrukce.<\/li>\n<li><strong>Dobr\u00fd tepeln\u00fd v\u00fdkon:<\/strong> Vynikaj\u00edc\u00ed izola\u010dn\u00ed vlastnosti bloku p\u0159isp\u00edvaj\u00ed k efektivn\u00edmu udr\u017eov\u00e1n\u00ed tepla v budov\u011b, \u010d\u00edm\u017e zvy\u0161uj\u00ed komfort pou\u017e\u00edv\u00e1n\u00ed.<\/li>\n<li><strong>Odstran\u011bn\u00ed tepeln\u00fdch most\u016f:<\/strong> D\u00edky precizn\u00edmu proveden\u00ed sp\u00e1r blok eliminuje tepeln\u00e9 mosty, co\u017e zvy\u0161uje energetickou \u00fa\u010dinnost budovy.<\/li>\n<li><strong>Such\u00e1 ze\u010f ihned po zd\u011bn\u00ed:<\/strong> Zd\u011bn\u00ed na maltu Dryfix umo\u017e\u0148uje rychl\u00e9 dosa\u017een\u00ed pln\u00e9 funk\u010dnosti zdi, \u010d\u00edm\u017e eliminuje riziko vlhkosti.<\/li>\n<li><strong>Rychl\u00e9 zd\u011bn\u00ed:<\/strong> Syst\u00e9m Dryfix umo\u017e\u0148uje rychl\u00e9 a efektivn\u00ed zd\u011bn\u00ed, co\u017e urychluje stavebn\u00ed proces.<\/li>\n<li><strong>Mo\u017enost zd\u011bn\u00ed v zim\u011b:<\/strong> Blok m\u016f\u017ee b\u00fdt pou\u017eit i v zimn\u00edch podm\u00ednk\u00e1ch, p\u0159i teplot\u00e1ch a\u017e do -5\u00b0C, co\u017e zaji\u0161\u0165uje flexibilitu p\u0159i realizaci stavebn\u00edch prac\u00ed.<\/li>\n<li><strong>\u010cist\u00e1 stavba:<\/strong> Syst\u00e9m Porotherm Dryfix zaji\u0161\u0165uje \u010distotu na staveni\u0161ti, minimalizuje nepo\u0159\u00e1dek a zlep\u0161uje organizaci pr\u00e1ce.<\/li>\n<\/ul>\n<p><strong>\u0160t\u00edpan\u00fd blok<\/strong> je vynikaj\u00edc\u00ed volbou pro v\u00fdstavbu nosn\u00fdch st\u011bn, kter\u00e9 vy\u017eaduj\u00ed vysokou pevnost, dobr\u00e9 tepeln\u011b izola\u010dn\u00ed parametry a efektivn\u00ed syst\u00e9m zd\u011bn\u00ed. D\u00edky pou\u017eit\u00ed malty Dryfix se proces v\u00fdstavby st\u00e1v\u00e1 efektivn\u011bj\u0161\u00edm a v\u00fdsledky jsou trvanliv\u00e9 a energeticky \u00fasporn\u00e9.<\/p>\n","protected":false},"excerpt":{"rendered":"<blockquote><p><strong>Spot\u0159eba: 8 ks\/m2<\/strong><\/p>\n<p><strong>Spot\u0159eba malty: 1 plechovka\/6 m2 zdi<\/strong><\/p>\n<p><strong>Paleta &#8211; 72 ks<\/strong><\/p><\/blockquote>\n","protected":false},"featured_media":5966,"comment_status":"open","ping_status":"closed","template":"","meta":{"_acf_changed":false},"product_brand":[],"product_cat":[156,161],"product_tag":[446,693,694],"class_list":{"0":"post-2699","1":"product","2":"type-product","3":"status-publish","4":"has-post-thumbnail","6":"product_cat-stavebni-materialy","7":"product_cat-keramicke-tvarnice","8":"product_tag-porotherm-cs","9":"product_tag-pustak-ceramiczny-cs","10":"product_tag-winerberger-cs","11":"product_shipping_class-transport-the-partners-cs","12":"pa_producent-wienerberger-cs","14":"first","15":"onbackorder","16":"taxable","17":"shipping-taxable","18":"purchasable","19":"product-type-simple"},"acf":[],"_links":{"self":[{"href":"https:\/\/sklep.thepartners.pl\/cs\/wp-json\/wp\/v2\/product\/2699","targetHints":{"allow":["GET"]}}],"collection":[{"href":"https:\/\/sklep.thepartners.pl\/cs\/wp-json\/wp\/v2\/product"}],"about":[{"href":"https:\/\/sklep.thepartners.pl\/cs\/wp-json\/wp\/v2\/types\/product"}],"replies":[{"embeddable":true,"href":"https:\/\/sklep.thepartners.pl\/cs\/wp-json\/wp\/v2\/comments?post=2699"}],"wp:featuredmedia":[{"embeddable":true,"href":"https:\/\/sklep.thepartners.pl\/cs\/wp-json\/wp\/v2\/media\/5966"}],"wp:attachment":[{"href":"https:\/\/sklep.thepartners.pl\/cs\/wp-json\/wp\/v2\/media?parent=2699"}],"wp:term":[{"taxonomy":"product_brand","embeddable":true,"href":"https:\/\/sklep.thepartners.pl\/cs\/wp-json\/wp\/v2\/product_brand?post=2699"},{"taxonomy":"product_cat","embeddable":true,"href":"https:\/\/sklep.thepartners.pl\/cs\/wp-json\/wp\/v2\/product_cat?post=2699"},{"taxonomy":"product_tag","embeddable":true,"href":"https:\/\/sklep.thepartners.pl\/cs\/wp-json\/wp\/v2\/product_tag?post=2699"}],"curies":[{"name":"wp","href":"https:\/\/api.w.org\/{rel}","templated":true}]}}