{"id":2708,"date":"2024-07-08T09:17:17","date_gmt":"2024-07-08T07:17:17","guid":{"rendered":"https:\/\/sklep.thepartners.pl\/?post_type=product&#038;p=2708"},"modified":"2024-11-06T08:53:53","modified_gmt":"2024-11-06T07:53:53","slug":"keramicky-blok-porotherm-30-pw-kl15-dryfix","status":"publish","type":"product","link":"https:\/\/sklep.thepartners.pl\/cs\/produkt\/keramicky-blok-porotherm-30-pw-kl15-dryfix\/","title":{"rendered":"Cihla Porotherm 30 P+D kl15 DRYFIX"},"content":{"rendered":"<p><strong>Pl\u00e1nujete stavbu domu nebo v\u011bt\u0161\u00ed investici? Kontaktujte n\u00e1s pro individu\u00e1ln\u00ed cenovou nab\u00eddku.<\/strong><\/p>\n<p>Brou\u0161en\u00e1 dut\u00e1 cihla pro stavbu vn\u011bj\u0161\u00edch st\u011bn s izolac\u00ed<\/p>\n<p>Le\u0161t\u011bn\u00e1 cihla je ur\u010dena pro stavbu vn\u011bj\u0161\u00edch nosn\u00fdch st\u011bn s izolac\u00ed, stav\u011bn\u00fdch na suchou maltu pro tenk\u00e9 sp\u00e1ry Porotherm Dryfix. Jedn\u00e1 se o \u0159e\u0161en\u00ed, kter\u00e9 nejen urychl\u00ed proces v\u00fdstavby, ale tak\u00e9 zlep\u0161\u00ed tepeln\u00e9 parametry st\u011bny.<\/p>\n<p><strong>Hlavn\u00ed vlastnosti le\u0161t\u011bn\u00fdch dut\u00fdch cihel:<\/strong><\/p>\n<p>&#8211; Zd\u011bn\u00ed maltou Porotherm Dryfix pro tenk\u00e9 sp\u00e1ry: Tv\u00e1rnice je speci\u00e1ln\u011b navr\u017eena pro pr\u00e1ci se suchou maltou Porotherm Dryfix s tenk\u00fdmi sp\u00e1rami, kter\u00e1 urychluje stavebn\u00ed proces a odstra\u0148uje nutnost \u010dekat na vyschnut\u00ed tradi\u010dn\u00ed malty.<\/p>\n<p>&#8211; Tlou\u0161\u0165ka st\u011bny: 30 cm &#8211; ide\u00e1ln\u00ed pro stavbu vn\u011bj\u0161\u00edch nosn\u00fdch st\u011bn s izolac\u00ed, zaji\u0161\u0165uj\u00edc\u00ed dostate\u010dnou tepelnou izolaci a \u017eivotnost konstrukce.<\/p>\n<p><strong>V\u00fdhody le\u0161t\u011bn\u00fdch dut\u00fdch cihel:<\/strong><\/p>\n<p>1. Vysok\u00e1 pevnost st\u011bny v tlaku: Brou\u0161en\u00e1 cihla se vyzna\u010duje vysokou pevnost\u00ed v tlaku, kter\u00e1 je rozhoduj\u00edc\u00ed pro stavbu nosn\u00fdch obvodov\u00fdch st\u011bn.<\/p>\n<p>2. Dobr\u00e9 tepeln\u00e9 parametry: Zaji\u0161t\u011bn\u00edm vysok\u00e9 tepeln\u00e9 izolace pom\u00e1h\u00e1 le\u0161t\u011bn\u00e1 cihla sni\u017eovat tepeln\u00e9 ztr\u00e1ty a zlep\u0161ovat energetickou \u00fa\u010dinnost budovy.<\/p>\n<p>3. Eliminace tepeln\u00fdch most\u016f ve sp\u00e1r\u00e1ch: Le\u0161t\u011bn\u00e1 cihla d\u00edky vyzd\u00edv\u00e1n\u00ed tenkosp\u00e1rovou maltou Porotherm Dryfix minimalizuje vznik tepeln\u00fdch most\u016f, co\u017e je kl\u00ed\u010dov\u00e9 pro udr\u017een\u00ed vysok\u00e9 tepeln\u00e9 pohody v objektu.<\/p>\n<p>4. Rychl\u00e9 zd\u011bn\u00ed: Pou\u017eit\u00ed brou\u0161en\u00fdch cihel a malty Porotherm Dryfix umo\u017e\u0148uje rychl\u00e9 tempo stavebn\u00edch prac\u00ed, co\u017e je d\u016fle\u017eit\u00e9 pro zv\u00fd\u0161en\u00ed \u010dasov\u00e9 efektivity v\u00fdstavby.<\/p>\n<p>5. Mo\u017enost zd\u011bn\u00ed v zim\u011b od -5\u00b0C: D\u00edky technologii Porotherm Dryfix lze zd\u011bn\u00ed prov\u00e1d\u011bt i p\u0159i n\u00edzk\u00fdch teplot\u00e1ch, co\u017e zvy\u0161uje flexibilitu harmonogramu v\u00fdstavby.<\/p>\n<p>6. \u010cist\u00e1 stavba: Zd\u011bn\u00ed suchou maltou s tenk\u00fdmi sp\u00e1rami odstra\u0148uje probl\u00e9m zne\u010di\u0161t\u011bn\u00ed okol\u00ed tradi\u010dn\u00ed mokrou maltou, co\u017e se prom\u00edt\u00e1 do esteti\u010dt\u011bj\u0161\u00ed a \u010dist\u011bj\u0161\u00ed stavby.<\/p>\n<p>Brou\u0161en\u00e1 dut\u00e1 cihla pro stavbu obvodov\u00fdch st\u011bn s izolac\u00ed, zd\u011bn\u00e1 tenkosp\u00e1rovou maltou Porotherm Dryfix, je ide\u00e1ln\u00edm \u0159e\u0161en\u00edm pro modern\u00ed stavebn\u00ed projekty, kter\u00e9 vy\u017eaduj\u00ed vysokou energetickou n\u00e1ro\u010dnost a rychlou realizaci. Jeho pokro\u010dil\u00e9 tepeln\u00e9 vlastnosti, odolnost a schopnost pokl\u00e1dat zdivo v r\u016fzn\u00fdch pov\u011btrnostn\u00edch podm\u00ednk\u00e1ch z n\u011bj \u010din\u00ed vynikaj\u00edc\u00ed volbu pro profesion\u00e1ly ve stavebnictv\u00ed.<\/p>\n","protected":false},"excerpt":{"rendered":"<blockquote><p><strong>Spot\u0159eba: 16 ks\/m2<\/strong><\/p>\n<p><strong>Spot\u0159eba malty: 1 plechovka\/6 m2 zdi<\/strong><\/p>\n<p><strong>Paleta &#8211; 80 ks<\/strong><\/p><\/blockquote>\n","protected":false},"featured_media":5962,"comment_status":"open","ping_status":"closed","template":"","meta":{"_acf_changed":false},"product_brand":[],"product_cat":[156,161],"product_tag":[446,693,694],"class_list":{"0":"post-2708","1":"product","2":"type-product","3":"status-publish","4":"has-post-thumbnail","6":"product_cat-stavebni-materialy","7":"product_cat-keramicke-tvarnice","8":"product_tag-porotherm-cs","9":"product_tag-pustak-ceramiczny-cs","10":"product_tag-winerberger-cs","11":"product_shipping_class-transport-the-partners-cs","12":"pa_producent-wienerberger-cs","14":"first","15":"instock","16":"taxable","17":"shipping-taxable","18":"purchasable","19":"product-type-simple"},"acf":[],"_links":{"self":[{"href":"https:\/\/sklep.thepartners.pl\/cs\/wp-json\/wp\/v2\/product\/2708","targetHints":{"allow":["GET"]}}],"collection":[{"href":"https:\/\/sklep.thepartners.pl\/cs\/wp-json\/wp\/v2\/product"}],"about":[{"href":"https:\/\/sklep.thepartners.pl\/cs\/wp-json\/wp\/v2\/types\/product"}],"replies":[{"embeddable":true,"href":"https:\/\/sklep.thepartners.pl\/cs\/wp-json\/wp\/v2\/comments?post=2708"}],"wp:featuredmedia":[{"embeddable":true,"href":"https:\/\/sklep.thepartners.pl\/cs\/wp-json\/wp\/v2\/media\/5962"}],"wp:attachment":[{"href":"https:\/\/sklep.thepartners.pl\/cs\/wp-json\/wp\/v2\/media?parent=2708"}],"wp:term":[{"taxonomy":"product_brand","embeddable":true,"href":"https:\/\/sklep.thepartners.pl\/cs\/wp-json\/wp\/v2\/product_brand?post=2708"},{"taxonomy":"product_cat","embeddable":true,"href":"https:\/\/sklep.thepartners.pl\/cs\/wp-json\/wp\/v2\/product_cat?post=2708"},{"taxonomy":"product_tag","embeddable":true,"href":"https:\/\/sklep.thepartners.pl\/cs\/wp-json\/wp\/v2\/product_tag?post=2708"}],"curies":[{"name":"wp","href":"https:\/\/api.w.org\/{rel}","templated":true}]}}