{"id":2851,"date":"2024-07-05T13:07:30","date_gmt":"2024-07-05T11:07:30","guid":{"rendered":"https:\/\/sklep.thepartners.pl\/p\/solbet-beton-komorkowy-optimal-kl-600\/"},"modified":"2025-03-04T11:19:37","modified_gmt":"2025-03-04T10:19:37","slug":"solbet-beton-komorkowy-optimal-kl-600","status":"publish","type":"product","link":"https:\/\/sklep.thepartners.pl\/cs\/produkt\/solbet-beton-komorkowy-optimal-kl-600\/","title":{"rendered":"P\u00f3robeton 300x240x590 SOLBET OPTIMAL PLUS P+D 500"},"content":{"rendered":"<p>P\u00f3robeton Solbet je lehk\u00fd a z\u00e1rove\u0148 odoln\u00fd stavebn\u00ed materi\u00e1l, ide\u00e1ln\u00ed pro r\u016fzn\u00e9 stavebn\u00ed aplikace. Jeho v\u0161estrannost je \u010din\u00ed skv\u011blou volbou jak pro nosn\u00e9, tak samonosn\u00e9 konstrukce.<\/p>\n<p><strong>Hlavn\u00ed pou\u017eit\u00ed:<\/strong><\/p>\n<ul>\n<li><strong>Vn\u011bj\u0161\u00ed a vnit\u0159n\u00ed st\u011bny:<\/strong> P\u00f3robeton Solbet se pou\u017e\u00edv\u00e1 na:\n<ul>\n<li><strong>Nosn\u00e9 st\u011bny:<\/strong> Zaji\u0161\u0165uj\u00ed pevnost a stabilitu konstrukce.<\/li>\n<li><strong>Samonosn\u00e9 st\u011bny:<\/strong> Umo\u017e\u0148uj\u00ed v\u00fdstavbu st\u011bn, kter\u00e9 nevy\u017eaduj\u00ed dal\u0161\u00ed struktur\u00e1ln\u00ed podporu.<\/li>\n<\/ul>\n<\/li>\n<\/ul>\n<p><strong>V\u00fdhody pou\u017eit\u00ed p\u00f3robetonu Solbet:<\/strong><\/p>\n<ul>\n<li><strong>N\u00edzk\u00e1 hmotnost:<\/strong> Lehkost p\u00f3robetonov\u00fdch blok\u016f usnad\u0148uje jejich transport a mont\u00e1\u017e, co\u017e urychluje stavebn\u00ed pr\u00e1ce a sni\u017euje zat\u00ed\u017een\u00ed konstrukce.<\/li>\n<li><strong>Snadn\u00e1 \u00faprava:<\/strong> P\u00f3robeton lze snadno \u0159ezat, vrtat a formovat, co\u017e umo\u017e\u0148uje p\u0159esn\u00e9 p\u0159izp\u016fsoben\u00ed projektov\u00fdm po\u017eadavk\u016fm a minimalizaci odpadu.<\/li>\n<li><strong>Odolnost:<\/strong> I p\u0159es n\u00edzkou hmotnost je p\u00f3robeton Solbet velmi odoln\u00fd, co\u017e zaji\u0161\u0165uje solidnost a trvanlivost konstrukce.<\/li>\n<\/ul>\n","protected":false},"excerpt":{"rendered":"<blockquote><p><strong>Rozm\u011bry: v\u00fd\u0161ka 24 cm, d\u00e9lka 59 cm, \u0161\u00ed\u0159ka: 30<\/strong><\/p>\n<p><strong>T\u0159\u00edda hustoty: 500<\/strong><\/p>\n<p><strong>Profilov\u00e1n\u00ed: typ PWU (pera, dr\u00e1\u017eky, s mont\u00e1\u017en\u00edmi konzolami)<\/strong><\/p>\n<p><strong>Paleta: 40 ks<\/strong><\/p><\/blockquote>\n","protected":false},"featured_media":5933,"comment_status":"open","ping_status":"closed","template":"","meta":{"_acf_changed":false},"product_brand":[],"product_cat":[156,157],"product_tag":[],"class_list":{"0":"post-2851","1":"product","2":"type-product","3":"status-publish","4":"has-post-thumbnail","6":"product_cat-stavebni-materialy","7":"product_cat-porobeton","8":"product_shipping_class-transport-the-partners-cs","9":"pa_producent-solbet-cs","11":"first","12":"instock","13":"taxable","14":"shipping-taxable","15":"purchasable","16":"product-type-simple"},"acf":[],"_links":{"self":[{"href":"https:\/\/sklep.thepartners.pl\/cs\/wp-json\/wp\/v2\/product\/2851","targetHints":{"allow":["GET"]}}],"collection":[{"href":"https:\/\/sklep.thepartners.pl\/cs\/wp-json\/wp\/v2\/product"}],"about":[{"href":"https:\/\/sklep.thepartners.pl\/cs\/wp-json\/wp\/v2\/types\/product"}],"replies":[{"embeddable":true,"href":"https:\/\/sklep.thepartners.pl\/cs\/wp-json\/wp\/v2\/comments?post=2851"}],"wp:featuredmedia":[{"embeddable":true,"href":"https:\/\/sklep.thepartners.pl\/cs\/wp-json\/wp\/v2\/media\/5933"}],"wp:attachment":[{"href":"https:\/\/sklep.thepartners.pl\/cs\/wp-json\/wp\/v2\/media?parent=2851"}],"wp:term":[{"taxonomy":"product_brand","embeddable":true,"href":"https:\/\/sklep.thepartners.pl\/cs\/wp-json\/wp\/v2\/product_brand?post=2851"},{"taxonomy":"product_cat","embeddable":true,"href":"https:\/\/sklep.thepartners.pl\/cs\/wp-json\/wp\/v2\/product_cat?post=2851"},{"taxonomy":"product_tag","embeddable":true,"href":"https:\/\/sklep.thepartners.pl\/cs\/wp-json\/wp\/v2\/product_tag?post=2851"}],"curies":[{"name":"wp","href":"https:\/\/api.w.org\/{rel}","templated":true}]}}