{"id":2856,"date":"2024-07-05T11:40:48","date_gmt":"2024-07-05T09:40:48","guid":{"rendered":"https:\/\/sklep.thepartners.pl\/p\/solbet-ksztaltka-u-600\/"},"modified":"2024-11-06T08:50:33","modified_gmt":"2024-11-06T07:50:33","slug":"solbet-ksztaltka-u-600","status":"publish","type":"product","link":"https:\/\/sklep.thepartners.pl\/cs\/produkt\/solbet-ksztaltka-u-600\/","title":{"rendered":"U \u2013 profily b\u00edl\u00e9 SOLBET 600"},"content":{"rendered":"<p>U \u2013 profily jsou prvky ztracen\u00e9ho bedn\u011bn\u00ed, navazuj\u00edc\u00ed na nosn\u00edky \u017eelezobetonov\u00fdch nosn\u00edk\u016f a sloup\u016f. Jejich r\u016fzn\u00e9 \u0161\u00ed\u0159ky umo\u017e\u0148uj\u00ed upravit \u0161\u00ed\u0159ku blok\u016f pou\u017e\u00edvan\u00fdch ve st\u011bn\u00e1ch budov, co\u017e zaji\u0161\u0165uje v\u0161estrannost a efektivitu p\u0159i v\u00fdstavb\u011b.<\/p>\n<p>Aplikace:<br \/>\n&#8211; \u017delezobetonov\u00e9 nosn\u00edky<br \/>\n&#8211; \u017delezobetonov\u00e9 sloupy<br \/>\n&#8211; Mosty: Tvary ve profilu-U\u00a0 jsou zvl\u00e1\u0161t\u011b u\u017eite\u010dn\u00e9 p\u0159i vytv\u00e1\u0159en\u00ed most\u016f p\u0159es otvory \u0161ir\u0161\u00ed ne\u017e 180 cm. Takov\u00e9 p\u0159eklady jsou \u010dasto integrov\u00e1ny s konstruk\u010dn\u00edm prstencem.<\/p>\n<p>V\u00fdhody:<br \/>\n&#8211; P\u0159izp\u016fsoben\u00ed: R\u016fzn\u00e1 \u0161\u00ed\u0159ka prvk\u016f umo\u017e\u0148uje dokonal\u00e9 p\u0159izp\u016fsoben\u00ed po\u010dtu tv\u00e1rnic pou\u017eit\u00fdch p\u0159i stavb\u011b st\u011bny.<br \/>\n&#8211; Univerz\u00e1ln\u00ed: lze pou\u017e\u00edt v r\u016fzn\u00fdch konstrukc\u00edch, v\u010detn\u011b p\u0159evis\u016f a b\u00edl\u00e9ho \u017eelezobetonu.<\/p>\n<p>Vytv\u00e1\u0159en\u00ed p\u0159evis\u016f:<br \/>\n&#8211; Otvory \u0161ir\u0161\u00ed ne\u017e 180 cm: kusy ve profilu U jsou ide\u00e1ln\u00ed pro p\u0159eklady vytvo\u0159en\u00e9 p\u0159es takov\u00e9 otvory, \u010dasto integrovan\u00e9 s r\u00e1fkem.<br \/>\n&#8211; Zateplen\u00ed jednovrstv\u00e9 st\u011bny: V p\u0159\u00edpad\u011b jednovrstv\u00e9 st\u011bny je nutn\u00e9 ji zateplit hydrofobn\u00ed (nenas\u00e1kavou) organickou l\u00e1tkou nebo polystyrenem, kter\u00fd je um\u00edst\u011bn uvnit\u0159 tv\u00e1rnice na jej\u00ed protilehl\u00e9 stran\u011b pro zaji\u0161t\u011bn\u00ed dostate\u010dnou tepelnou izolaci a ochranu proti vlhkosti.<\/p>\n<p>D\u016fle\u017eit\u00e9 pozn\u00e1mky:<\/p>\n<p>Mont\u00e1\u017en\u00ed podp\u011bra: Kusy ve profilu U samy o sob\u011b nesk\u0159\u00edpnou konstruk\u010dn\u00ed prvek ve st\u011bn\u011b. Zat\u00edmco beton tuhne, vy\u017eaduj\u00ed mont\u00e1\u017en\u00ed podporu. To je kl\u00ed\u010dov\u00fd krok k zaji\u0161t\u011bn\u00ed stability a spr\u00e1vn\u00e9ho tvrdnut\u00ed betonu.<\/p>\n<p>U \u2013 profily jako prvky ztracen\u00e9ho bedn\u011bn\u00ed jsou nenahraditeln\u00e9 v \u017eelezobetonov\u00fdch konstrukc\u00edch, jako jsou nosn\u00edky a sloupy. Jejich r\u016fzn\u00e9 \u0161\u00ed\u0159ky umo\u017e\u0148uj\u00ed snadnou instalaci do bloku, co\u017e zvy\u0161uje efektivitu stavebn\u00edch prac\u00ed. Prvky ve profilu U, u\u017eite\u010dn\u00e9 p\u0159i v\u00fdrob\u011b p\u0159eklad\u016f nad \u0161irok\u00fdmi otvory, nab\u00edzej\u00ed pevn\u00e9 a odoln\u00e9 \u0159e\u0161en\u00ed s mo\u017enost\u00ed integrace s hlavn\u00edm. V p\u0159\u00edpad\u011b jednovrstv\u00fdch st\u011bn je kl\u00ed\u010dov\u00e9 zajistit izolaci, tepelnou izolaci a ochranu proti vlhkosti.<\/p>\n","protected":false},"excerpt":{"rendered":"<blockquote>\n<ul>\n<li><strong>Prov\u00e1d\u00ed se pomoc\u00ed malt pro tenk\u00e9 sp\u00e1ry nebo tradi\u010dn\u00ed malty SOLBET<\/strong><\/li>\n<li><strong>Vodorovn\u00e9 sp\u00e1ry by m\u011bly b\u00fdt vypln\u011bny.<\/strong><\/li>\n<li><strong>Svisl\u00e9 sp\u00e1ry by m\u011bly b\u00fdt vypln\u011bny<\/strong>.<\/li>\n<\/ul>\n<\/blockquote>\n","protected":false},"featured_media":5939,"comment_status":"open","ping_status":"closed","template":"","meta":{"_acf_changed":false},"product_brand":[],"product_cat":[156,157],"product_tag":[705,706],"class_list":{"0":"post-2856","1":"product","2":"type-product","3":"status-publish","4":"has-post-thumbnail","6":"product_cat-stavebni-materialy","7":"product_cat-porobeton","8":"product_tag-beton-komorkowy-cs","9":"product_tag-solbet-cs","10":"product_shipping_class-transport-the-partners-cs","11":"pa_dlugosc-50cm-cs","12":"pa_producent-solbet-cs","13":"pa_szerokosc-24cm-cs","14":"pa_szerokosc-30cm-cs","15":"pa_szerokosc-36cm-cs","16":"pa_wysokosc-24cm-cs","18":"first","19":"onbackorder","20":"taxable","21":"shipping-taxable","22":"purchasable","23":"product-type-variable"},"acf":[],"_links":{"self":[{"href":"https:\/\/sklep.thepartners.pl\/cs\/wp-json\/wp\/v2\/product\/2856","targetHints":{"allow":["GET"]}}],"collection":[{"href":"https:\/\/sklep.thepartners.pl\/cs\/wp-json\/wp\/v2\/product"}],"about":[{"href":"https:\/\/sklep.thepartners.pl\/cs\/wp-json\/wp\/v2\/types\/product"}],"replies":[{"embeddable":true,"href":"https:\/\/sklep.thepartners.pl\/cs\/wp-json\/wp\/v2\/comments?post=2856"}],"wp:featuredmedia":[{"embeddable":true,"href":"https:\/\/sklep.thepartners.pl\/cs\/wp-json\/wp\/v2\/media\/5939"}],"wp:attachment":[{"href":"https:\/\/sklep.thepartners.pl\/cs\/wp-json\/wp\/v2\/media?parent=2856"}],"wp:term":[{"taxonomy":"product_brand","embeddable":true,"href":"https:\/\/sklep.thepartners.pl\/cs\/wp-json\/wp\/v2\/product_brand?post=2856"},{"taxonomy":"product_cat","embeddable":true,"href":"https:\/\/sklep.thepartners.pl\/cs\/wp-json\/wp\/v2\/product_cat?post=2856"},{"taxonomy":"product_tag","embeddable":true,"href":"https:\/\/sklep.thepartners.pl\/cs\/wp-json\/wp\/v2\/product_tag?post=2856"}],"curies":[{"name":"wp","href":"https:\/\/api.w.org\/{rel}","templated":true}]}}