{"id":29750,"date":"2025-09-18T10:02:57","date_gmt":"2025-09-18T08:02:57","guid":{"rendered":"https:\/\/sklep.thepartners.pl\/?post_type=product&#038;p=29750"},"modified":"2025-09-23T12:01:00","modified_gmt":"2025-09-23T10:01:00","slug":"malovat-aquatex-kabe-bily-10l-kopia","status":"publish","type":"product","link":"https:\/\/sklep.thepartners.pl\/cs\/produkt\/malovat-aquatex-kabe-bily-10l-kopia\/","title":{"rendered":"B\u00cdL\u00c1 Barva Aquatex Kabe 10L BARVA NA V\u00ddB\u011aR"},"content":{"rendered":"<h2>Kone\u010dn\u00e1 cena z\u00e1vis\u00ed na zvolen\u00e9m odst\u00ednu \u2013 kompletn\u00ed paleta barev na v\u00e1s \u010dek\u00e1 ve vzorkovn\u00edku.<\/h2>\n<p data-start=\"927\" data-end=\"1322\"><strong data-start=\"927\" data-end=\"953\">Barva Aquatex Kabe 10L<\/strong> \u2013 kvalitn\u00ed fas\u00e1dn\u00ed barva na b\u00e1zi modern\u00edch akryl\u00e1tov\u00fdch prysky\u0159ic, ur\u010den\u00e1 k dekorativn\u00ed a ochrann\u00e9 \u00faprav\u011b fas\u00e1d. Vyzna\u010duje se vysokou odolnost\u00ed proti pov\u011btrnostn\u00edm vliv\u016fm, UV z\u00e1\u0159en\u00ed a zne\u010di\u0161t\u011bn\u00ed. D\u00edky paropropustnosti umo\u017e\u0148uje st\u011bn\u00e1m p\u0159irozen\u011b \u201ed\u00fdchat\u201c a z\u00e1rove\u0148 je chr\u00e1n\u00ed p\u0159ed vlhkost\u00ed. Snadno se nan\u00e1\u0161\u00ed, rychle schne a zaji\u0161\u0165uje trvanliv\u00fd a estetick\u00fd vzhled fas\u00e1d.<\/p>\n<h4 data-start=\"1324\" data-end=\"1346\">V\u00fdhody produktu<\/h4>\n<ul data-start=\"1347\" data-end=\"1619\">\n<li data-start=\"1347\" data-end=\"1405\">\n<p data-start=\"1349\" data-end=\"1405\">Vysok\u00e1 odolnost proti pov\u011btrnostn\u00edm vliv\u016fm a UV z\u00e1\u0159en\u00ed<\/p>\n<\/li>\n<li data-start=\"1406\" data-end=\"1452\">\n<p data-start=\"1408\" data-end=\"1452\">Paropropustnost \u2013 st\u011bny mohou voln\u011b d\u00fdchat<\/p>\n<\/li>\n<li data-start=\"1453\" data-end=\"1498\">\n<p data-start=\"1455\" data-end=\"1498\">Odolnost proti ne\u010distot\u00e1m a snadn\u00e1 \u00fadr\u017eba<\/p>\n<\/li>\n<li data-start=\"1499\" data-end=\"1543\">\n<p data-start=\"1501\" data-end=\"1543\">V\u00fdborn\u00e1 kryc\u00ed schopnost a st\u00e1lobarevnost<\/p>\n<\/li>\n<li data-start=\"1544\" data-end=\"1596\">\n<p data-start=\"1546\" data-end=\"1596\">Snadn\u00e1 aplikace v\u00e1le\u010dkem, \u0161t\u011btcem nebo st\u0159\u00edk\u00e1n\u00edm<\/p>\n<\/li>\n<\/ul>\n<p data-start=\"1621\" data-end=\"1714\">Fas\u00e1dn\u00ed barva Kabe Aquatex 10L \u2013 spolehliv\u00e1 ochrana a atraktivn\u00ed vzhled fas\u00e1d na mnoho<\/p>\n","protected":false},"excerpt":{"rendered":"<blockquote>\n<h4><strong>V\u00fdjime\u010dn\u00e1 paropropustnost<\/strong><\/h4>\n<h4><strong>Hluboce matn\u00fd, zjemn\u011bn\u00fd povrch<\/strong><\/h4>\n<h4><strong>Nejvy\u0161\u0161\u00ed odolnost v\u016f\u010di mokr\u00e9mu od\u00edr\u00e1n\u00ed<\/strong><\/h4>\n<h4><strong>Vynikaj\u00edc\u00ed kryc\u00ed schopnost<\/strong><\/h4>\n<h4><strong>Nen\u00ed nutn\u00fd z\u00e1kladn\u00ed n\u00e1t\u011br<\/strong><\/h4>\n<h4><strong>Spl\u0148uje certifikaci LEED\/BREEAM<\/strong><\/h4>\n<h4><strong>Pro miner\u00e1ln\u00ed a nat\u0159en\u00e9 podklady<\/strong><\/h4>\n<h4><strong>Ide\u00e1ln\u00ed do vlhk\u00fdch m\u00edstnost\u00ed a pro prvn\u00ed malov\u00e1n\u00ed<\/strong><\/h4>\n<\/blockquote>\n<h3>Paleta Barev<\/h3>\n<ul>\n<li>\n<h4><span style=\"color: #ff9900;\"><a style=\"color: #ff9900;\" href=\"https:\/\/farbykabe.pl\/programy\/pokoloruj-dom-wnetrze\/\">Pr\u016fvodce barvami<\/a><\/span><\/h4>\n<\/li>\n<\/ul>\n","protected":false},"featured_media":5151,"comment_status":"open","ping_status":"closed","template":"","meta":{"_acf_changed":false},"product_brand":[],"product_cat":[162,713],"product_tag":[],"class_list":{"0":"post-29750","1":"product","2":"type-product","3":"status-publish","4":"has-post-thumbnail","6":"product_cat-micharna-barev-a-omitek","7":"product_cat-barvy-z-michaci-mistnosti","8":"product_shipping_class-transport-the-partners-cs","9":"pa_pojemnosc-10l-cs","10":"pa_producent-kabe-2-cs","12":"first","13":"instock","14":"taxable","15":"shipping-taxable","16":"purchasable","17":"product-type-simple"},"acf":[],"_links":{"self":[{"href":"https:\/\/sklep.thepartners.pl\/cs\/wp-json\/wp\/v2\/product\/29750","targetHints":{"allow":["GET"]}}],"collection":[{"href":"https:\/\/sklep.thepartners.pl\/cs\/wp-json\/wp\/v2\/product"}],"about":[{"href":"https:\/\/sklep.thepartners.pl\/cs\/wp-json\/wp\/v2\/types\/product"}],"replies":[{"embeddable":true,"href":"https:\/\/sklep.thepartners.pl\/cs\/wp-json\/wp\/v2\/comments?post=29750"}],"wp:featuredmedia":[{"embeddable":true,"href":"https:\/\/sklep.thepartners.pl\/cs\/wp-json\/wp\/v2\/media\/5151"}],"wp:attachment":[{"href":"https:\/\/sklep.thepartners.pl\/cs\/wp-json\/wp\/v2\/media?parent=29750"}],"wp:term":[{"taxonomy":"product_brand","embeddable":true,"href":"https:\/\/sklep.thepartners.pl\/cs\/wp-json\/wp\/v2\/product_brand?post=29750"},{"taxonomy":"product_cat","embeddable":true,"href":"https:\/\/sklep.thepartners.pl\/cs\/wp-json\/wp\/v2\/product_cat?post=29750"},{"taxonomy":"product_tag","embeddable":true,"href":"https:\/\/sklep.thepartners.pl\/cs\/wp-json\/wp\/v2\/product_tag?post=29750"}],"curies":[{"name":"wp","href":"https:\/\/api.w.org\/{rel}","templated":true}]}}