{"id":30508,"date":"2025-09-25T10:40:24","date_gmt":"2025-09-25T08:40:24","guid":{"rendered":"https:\/\/sklep.thepartners.pl\/?post_type=product&#038;p=30508"},"modified":"2025-09-25T11:11:39","modified_gmt":"2025-09-25T09:11:39","slug":"latexova-barva-decoro-90l-sempre-kopia","status":"publish","type":"product","link":"https:\/\/sklep.thepartners.pl\/cs\/produkt\/latexova-barva-decoro-90l-sempre-kopia\/","title":{"rendered":"Latexov\u00e1 barva DECORO 9,0L Sempre BARVA NA V\u00ddB\u011aR"},"content":{"rendered":"<p data-start=\"925\" data-end=\"1367\"><strong data-start=\"925\" data-end=\"963\">Interi\u00e9rov\u00e1 barva Decoro 9L Sempre<\/strong> \u2013 vysoce kvalitn\u00ed latexov\u00e1 barva ur\u010den\u00e1 k malov\u00e1n\u00ed st\u011bn a strop\u016f v obytn\u00fdch i u\u017eitkov\u00fdch prostorech. Vyzna\u010duje se v\u00fdbornou kryvost\u00ed, snadnou aplikac\u00ed a dlouhotrvaj\u00edc\u00ed barvou. Vytv\u00e1\u0159\u00ed matn\u00fd povrch odoln\u00fd proti myt\u00ed, co\u017e ji \u010din\u00ed ide\u00e1ln\u00ed volbou pro ob\u00fdvac\u00ed pokoje, lo\u017enice, chodby, kancel\u00e1\u0159e nebo d\u011btsk\u00e9 pokoje. Dostupn\u00e1 v \u0161irok\u00e9 barevn\u00e9 \u0161k\u00e1le, umo\u017e\u0148uje vytv\u00e1\u0159et estetick\u00e9 a elegantn\u00ed interi\u00e9rov\u00e9 \u00fapravy.<\/p>\n<h4 data-start=\"1369\" data-end=\"1391\">V\u00fdhody produktu<\/h4>\n<ul data-start=\"1392\" data-end=\"1645\">\n<li data-start=\"1392\" data-end=\"1426\">\n<p data-start=\"1394\" data-end=\"1426\">V\u00fdborn\u00e1 kryvost a matn\u00fd povrch<\/p>\n<\/li>\n<li data-start=\"1427\" data-end=\"1475\">\n<p data-start=\"1429\" data-end=\"1475\">Odolnost proti myt\u00ed a ka\u017edodenn\u00edmu pou\u017e\u00edv\u00e1n\u00ed<\/p>\n<\/li>\n<li data-start=\"1476\" data-end=\"1507\">\n<p data-start=\"1478\" data-end=\"1507\">St\u00e1lobarevnost po mnoho let<\/p>\n<\/li>\n<li data-start=\"1508\" data-end=\"1560\">\n<p data-start=\"1510\" data-end=\"1560\">Snadn\u00e1 aplikace \u0161t\u011btcem, v\u00e1le\u010dkem nebo st\u0159\u00edk\u00e1n\u00edm<\/p>\n<\/li>\n<li data-start=\"1561\" data-end=\"1608\">\n<p data-start=\"1563\" data-end=\"1608\">\u00dasporn\u00e9 balen\u00ed 9L \u2013 ide\u00e1ln\u00ed na v\u011bt\u0161\u00ed plochy<\/p>\n<\/li>\n<li data-start=\"1609\" data-end=\"1645\">\n<p data-start=\"1611\" data-end=\"1645\">\u0160irok\u00e1 nab\u00eddka barevn\u00fdch odst\u00edn\u016f<\/p>\n<\/li>\n<\/ul>\n<p data-start=\"1647\" data-end=\"1721\">Barva Sempre Decoro 9L \u2013 trvanliv\u00fd a elegantn\u00ed n\u00e1t\u011br pro ka\u017ed\u00fd interi\u00e9r.<\/p>\n","protected":false},"excerpt":{"rendered":"<blockquote>\n<h4><strong>Z\u00e1kladn\u00ed cena za b\u00edlou barvu, barvy na individu\u00e1ln\u00ed nacen\u011bn\u00ed n\u00ed\u017ee.<\/strong><\/h4>\n<h4><strong>Vysok\u00e1 kryc\u00ed schopnost<\/strong><\/h4>\n<h4><strong>Sirok\u00e1 \u0161k\u00e1la barev<\/strong><\/h4>\n<h4><strong>Vysok\u00fd v\u00fdkon<\/strong><\/h4>\n<h4><strong>Odoln\u00fd proti myt\u00ed a drhnut\u00ed<\/strong><\/h4>\n<\/blockquote>\n<h3>Barevn\u00e1 paleta<\/h3>\n<ul>\n<li>\n<h4><span style=\"color: #ff9900;\"><a style=\"color: #ff9900;\" href=\"https:\/\/semprefarby.pl\/images\/design\/wzorniki\/wzornik-5.pdf\" target=\"_blank\" rel=\"noopener\">Vzor Sempre<\/a><\/span><\/h4>\n<\/li>\n<\/ul>\n","protected":false},"featured_media":587,"comment_status":"open","ping_status":"closed","template":"","meta":{"_acf_changed":false},"product_brand":[],"product_cat":[162,168,713],"product_tag":[],"class_list":{"0":"post-30508","1":"product","2":"type-product","3":"status-publish","4":"has-post-thumbnail","6":"product_cat-micharna-barev-a-omitek","7":"product_cat-interierove-barvy","8":"product_cat-barvy-z-michaci-mistnosti","9":"product_shipping_class-transport-the-partners-cs","10":"pa_bazowy-srodek-wiazacy-akrylova-disperze","11":"pa_kolor-bila-nebo-podle-vzorniku-milano","12":"pa_odpornosc-na-szorowanie-trida-1","13":"pa_pigmenty-titanove-bile-a-barevne-pigmenty-odolne-vuci-uv-zareni","14":"pa_producent-sempre-cs","15":"pa_temperatura-stosowania-od-5oc-do-25oc-cs","16":"pa_zuzycie-cca-022-l-m2","18":"first","19":"instock","20":"taxable","21":"shipping-taxable","22":"purchasable","23":"product-type-simple"},"acf":[],"_links":{"self":[{"href":"https:\/\/sklep.thepartners.pl\/cs\/wp-json\/wp\/v2\/product\/30508","targetHints":{"allow":["GET"]}}],"collection":[{"href":"https:\/\/sklep.thepartners.pl\/cs\/wp-json\/wp\/v2\/product"}],"about":[{"href":"https:\/\/sklep.thepartners.pl\/cs\/wp-json\/wp\/v2\/types\/product"}],"replies":[{"embeddable":true,"href":"https:\/\/sklep.thepartners.pl\/cs\/wp-json\/wp\/v2\/comments?post=30508"}],"wp:featuredmedia":[{"embeddable":true,"href":"https:\/\/sklep.thepartners.pl\/cs\/wp-json\/wp\/v2\/media\/587"}],"wp:attachment":[{"href":"https:\/\/sklep.thepartners.pl\/cs\/wp-json\/wp\/v2\/media?parent=30508"}],"wp:term":[{"taxonomy":"product_brand","embeddable":true,"href":"https:\/\/sklep.thepartners.pl\/cs\/wp-json\/wp\/v2\/product_brand?post=30508"},{"taxonomy":"product_cat","embeddable":true,"href":"https:\/\/sklep.thepartners.pl\/cs\/wp-json\/wp\/v2\/product_cat?post=30508"},{"taxonomy":"product_tag","embeddable":true,"href":"https:\/\/sklep.thepartners.pl\/cs\/wp-json\/wp\/v2\/product_tag?post=30508"}],"curies":[{"name":"wp","href":"https:\/\/api.w.org\/{rel}","templated":true}]}}