{"id":30522,"date":"2025-09-25T11:12:10","date_gmt":"2025-09-25T09:12:10","guid":{"rendered":"https:\/\/sklep.thepartners.pl\/?post_type=product&#038;p=30522"},"modified":"2025-09-25T11:46:43","modified_gmt":"2025-09-25T09:46:43","slug":"kabe-prolatexova-bila-barva-kopia","status":"publish","type":"product","link":"https:\/\/sklep.thepartners.pl\/cs\/produkt\/kabe-prolatexova-bila-barva-kopia\/","title":{"rendered":"Barva Kabe Prolatex BARVA NA V\u00ddB\u011aR"},"content":{"rendered":"<p>Barva Kabe Prolatex je vysoce ekologick\u00e1 barva, kter\u00e1 neobsahuje \u017e\u00e1dn\u00e9 t\u011bkav\u00e9 organick\u00e9 l\u00e1tky (VOC) ani formaldehydy. Je antialergick\u00e1 a \u0161etrn\u00e1 k lidsk\u00e9mu zdrav\u00ed i \u017eivotn\u00edmu prost\u0159ed\u00ed. Spl\u0148uje po\u017eadavky certifikace budov podle standard\u016f LEED a BREEAM, co\u017e potvrzuje jej\u00ed vysokou kvalitu a udr\u017eiteln\u00fd charakter.<\/p>\n<p><strong>\u00da\u010del:<\/strong> Barva Prolatex se vynikaj\u00edc\u00edm zp\u016fsobem hod\u00ed k vytv\u00e1\u0159en\u00ed ochrann\u00fdch i dekorativn\u00edch n\u00e1t\u011br\u016f vnit\u0159n\u00edch prostor budov. M\u016f\u017ee b\u00fdt bezpe\u010dn\u011b pou\u017e\u00edv\u00e1na jak v such\u00fdch, tak v mokr\u00fdch prostor\u00e1ch, v\u010detn\u011b obytn\u00fdch budov, ve\u0159ejn\u00fdch budov, zdravotnick\u00fdch za\u0159\u00edzen\u00ed a provoz\u016f potravin\u00e1\u0159sk\u00e9ho pr\u016fmyslu (bez p\u0159\u00edm\u00e9ho kontaktu s potravinami).<\/p>\n<p><strong>Pou\u017eit\u00ed:<\/strong><\/p>\n<ul>\n<li>Ide\u00e1ln\u00ed pro malov\u00e1n\u00ed miner\u00e1ln\u00edch podklad\u016f jako je beton, cementov\u00e9, cementov\u011b-v\u00e1penn\u00e9, v\u00e1penat\u00e9 a s\u00e1drov\u00e9 om\u00edtky a s\u00e1drokartonov\u00e9 desky.<\/li>\n<li>Lze pou\u017e\u00edt i na podklady pokryt\u00e9 n\u00e1t\u011brem, om\u00edtkou na b\u00e1zi plast\u016f a tapetami ze skeln\u00fdch vl\u00e1ken.<\/li>\n<li>Vhodn\u00e1 jak pro nov\u00e9 malby, tak pro renovace na podkladech s jednotnou nebo prom\u011bnlivou strukturou a barvou.<\/li>\n<\/ul>\n<p><strong>Pokyny k pou\u017eit\u00ed:<\/strong> P\u0159ed aplikac\u00ed barvy na sav\u00e9 podklady doporu\u010dujeme pou\u017e\u00edt vhodn\u00fd z\u00e1kladn\u00ed n\u00e1t\u011br jako je BUDOGRUNT WG nebo AQUALIT.<\/p>\n","protected":false},"excerpt":{"rendered":"<blockquote><p><strong>\u00da\u010dinnost: cca 0,22 l\/m2 (p\u0159i 2x lakov\u00e1n\u00ed)<\/strong><strong>Vysoce kvalitn\u00ed n\u00e1t\u011br<\/strong><strong>Nejvy\u0161\u0161\u00ed odolnost proti pran\u00ed a drhnut\u00ed<\/strong><strong>Ekologick\u00e9 (bez VOC*), \u0161etrn\u00e9 k lidem a \u017eivotn\u00edmu prost\u0159ed\u00ed<\/strong><strong>Odoln\u00fd proti vlhkosti<\/strong><strong>Snadno se nan\u00e1\u0161\u00ed<\/strong><\/p>\n<p><strong>Velmi dobr\u00e9 kryt\u00ed a vysok\u00e1 \u00fa\u010dinnost<\/strong><\/p>\n<p><strong>Bohat\u00e1 paleta barev<\/strong><\/p>\n<p><strong>Na miner\u00e1ln\u00ed a lakovan\u00e9 podklady<\/strong><\/p>\n<p><strong>Spl\u0148uje po\u017eadavky na certifikaci budovy podle: LEED\/BREEAM<\/strong><\/p><\/blockquote>\n<h3>Barevn\u00e1 paleta<\/h3>\n<ul>\n<li>\n<h4><span style=\"color: #ff9900;\"><a style=\"color: #ff9900;\" href=\"https:\/\/farbykabe.pl\/programy\/pokoloruj-dom-wnetrze\/\" target=\"_blank\" rel=\"noopener\"><strong>Wzornik Kolor\u00f3w<\/strong><\/a><\/span><\/h4>\n<\/li>\n<\/ul>\n","protected":false},"featured_media":5894,"comment_status":"open","ping_status":"closed","template":"","meta":{"_acf_changed":false},"product_brand":[],"product_cat":[162,168,713],"product_tag":[],"class_list":{"0":"post-30522","1":"product","2":"type-product","3":"status-publish","4":"has-post-thumbnail","6":"product_cat-micharna-barev-a-omitek","7":"product_cat-interierove-barvy","8":"product_cat-barvy-z-michaci-mistnosti","9":"product_shipping_class-transport-the-partners-cs","10":"pa_bazowy-srodek-wiazacy-synteticke-pojivo","11":"pa_gestosc-cca-145-g-cm","12":"pa_odpornosc-na-szorowanie-nater-tridy-i-podle-normy-pn-en-13300-a-tridy-i-podle-normy-pn-c-819142002","13":"pa_okres-przydatnosci-18-mesicu-od-data-vyroby-uvedeneho-na-obalu-vyrobku-v-originalnim-uzavrenem-obalu","14":"pa_producent-kabe-2-cs","15":"pa_temperatura-stosowania-od-5c-do-25c-cs","16":"pa_wilgotnosc-powietrz-80-cs","17":"pa_wydajnosc-cca-022-l-m-pri-2x-lakovani-na-hladky-povrch","19":"first","20":"instock","21":"taxable","22":"shipping-taxable","23":"purchasable","24":"product-type-variable"},"acf":[],"_links":{"self":[{"href":"https:\/\/sklep.thepartners.pl\/cs\/wp-json\/wp\/v2\/product\/30522","targetHints":{"allow":["GET"]}}],"collection":[{"href":"https:\/\/sklep.thepartners.pl\/cs\/wp-json\/wp\/v2\/product"}],"about":[{"href":"https:\/\/sklep.thepartners.pl\/cs\/wp-json\/wp\/v2\/types\/product"}],"replies":[{"embeddable":true,"href":"https:\/\/sklep.thepartners.pl\/cs\/wp-json\/wp\/v2\/comments?post=30522"}],"wp:featuredmedia":[{"embeddable":true,"href":"https:\/\/sklep.thepartners.pl\/cs\/wp-json\/wp\/v2\/media\/5894"}],"wp:attachment":[{"href":"https:\/\/sklep.thepartners.pl\/cs\/wp-json\/wp\/v2\/media?parent=30522"}],"wp:term":[{"taxonomy":"product_brand","embeddable":true,"href":"https:\/\/sklep.thepartners.pl\/cs\/wp-json\/wp\/v2\/product_brand?post=30522"},{"taxonomy":"product_cat","embeddable":true,"href":"https:\/\/sklep.thepartners.pl\/cs\/wp-json\/wp\/v2\/product_cat?post=30522"},{"taxonomy":"product_tag","embeddable":true,"href":"https:\/\/sklep.thepartners.pl\/cs\/wp-json\/wp\/v2\/product_tag?post=30522"}],"curies":[{"name":"wp","href":"https:\/\/api.w.org\/{rel}","templated":true}]}}