{"id":31268,"date":"2025-10-15T10:03:45","date_gmt":"2025-10-15T08:03:45","guid":{"rendered":"https:\/\/sklep.thepartners.pl\/produkt\/klej-montazowy-soudal-t-rex-gold-crystal-przezroczysty-hybrydowy-klej-montazowy-290ml\/"},"modified":"2025-10-15T10:15:27","modified_gmt":"2025-10-15T08:15:27","slug":"klej-montazowy-soudal-t-rex-gold-crystal-przezroczysty-hybrydowy-klej-montazowy-290ml","status":"publish","type":"product","link":"https:\/\/sklep.thepartners.pl\/cs\/produkt\/klej-montazowy-soudal-t-rex-gold-crystal-przezroczysty-hybrydowy-klej-montazowy-290ml\/","title":{"rendered":"Mont\u00e1\u017en\u00ed lepidlo Soudal T-Rex GOLD CRYSTAL \u2013 Transparentn\u00ed hybridn\u00ed mont\u00e1\u017en\u00ed lepidlo 290ml"},"content":{"rendered":"<p data-start=\"1615\" data-end=\"2033\"><strong data-start=\"1615\" data-end=\"1682\">SOUDAL T-REX GOLD CRYSTAL \u2013 pr\u016fhledn\u00e9 hybridn\u00ed mont\u00e1\u017en\u00ed lepidlo<\/strong> je profesion\u00e1ln\u00ed a mimo\u0159\u00e1dn\u011b siln\u00e9 \u0159e\u0161en\u00ed pro trval\u00e9 spojov\u00e1n\u00ed r\u016fzn\u00fdch materi\u00e1l\u016f. D\u00edky modern\u00ed hybridn\u00ed technologii zaru\u010duje vynikaj\u00edc\u00ed p\u0159ilnavost, pru\u017enost a odolnost v\u016f\u010di vod\u011b i pov\u011btrnostn\u00edm vliv\u016fm. Lepidlo je zcela <strong data-start=\"1902\" data-end=\"1927\">krystalicky pr\u016fhledn\u00e9<\/strong>, tak\u017ee je ide\u00e1ln\u00ed pro aplikace, kde z\u00e1le\u017e\u00ed na estetice a \u010dist\u00e9m vzhledu bez viditeln\u00fdch zbytk\u016f lepidla.<\/p>\n<p data-start=\"2035\" data-end=\"2322\">Toto univerz\u00e1ln\u00ed <strong data-start=\"2052\" data-end=\"2098\">mont\u00e1\u017en\u00ed lepidlo Soudal T-Rex Gold Crystal<\/strong> je vhodn\u00e9 pro pou\u017eit\u00ed na <strong data-start=\"2124\" data-end=\"2169\">d\u0159evo, kov, sklo, keramiku, plast i k\u00e1men<\/strong>, jak v interi\u00e9ru, tak v exteri\u00e9ru. Produkt je odoln\u00fd v\u016f\u010di vibrac\u00edm, teplotn\u00edm zm\u011bn\u00e1m a UV z\u00e1\u0159en\u00ed, d\u00edky \u010demu\u017e si zachov\u00e1v\u00e1 sv\u00e9 vlastnosti po mnoho let.<\/p>\n<h4 data-start=\"2324\" data-end=\"2346\">V\u00fdhody produktu<\/h4>\n<ul data-start=\"2347\" data-end=\"2553\">\n<li data-start=\"2347\" data-end=\"2399\">\n<p data-start=\"2349\" data-end=\"2399\">Pr\u016fhledn\u00e9 \u2013 ide\u00e1ln\u00ed pro \u010dist\u00e9, neviditeln\u00e9 spoje<\/p>\n<\/li>\n<li data-start=\"2400\" data-end=\"2438\">\n<p data-start=\"2402\" data-end=\"2438\">Velmi siln\u00e1 a trvanliv\u00e1 p\u0159ilnavost<\/p>\n<\/li>\n<li data-start=\"2439\" data-end=\"2475\">\n<p data-start=\"2441\" data-end=\"2475\">Vod\u011bodoln\u00e9 a pov\u011btrnostn\u011b odoln\u00e9<\/p>\n<\/li>\n<li data-start=\"2476\" data-end=\"2510\">\n<p data-start=\"2478\" data-end=\"2510\">Pru\u017en\u00e9 a odoln\u00e9 proti prask\u00e1n\u00ed<\/p>\n<\/li>\n<li data-start=\"2511\" data-end=\"2553\">\n<p data-start=\"2513\" data-end=\"2553\">Univerz\u00e1ln\u00ed pou\u017eit\u00ed na r\u016fzn\u00e9 materi\u00e1ly<\/p>\n<\/li>\n<\/ul>\n<p data-start=\"970\" data-end=\"1034\">Mont\u00e1\u017en\u00ed lepidlo <strong data-start=\"987\" data-end=\"1016\">Soudal T-Rex Gold Crystal<\/strong> je ide\u00e1ln\u00ed pro:<\/p>\n<ul data-start=\"1035\" data-end=\"1511\">\n<li data-start=\"1035\" data-end=\"1093\">\n<p data-start=\"1037\" data-end=\"1093\">lepen\u00ed <strong data-start=\"1044\" data-end=\"1062\">skla a zrcadel<\/strong> \u2013 \u010dist\u00e9 a neviditeln\u00e9 spoje,<\/p>\n<\/li>\n<li data-start=\"1094\" data-end=\"1152\">\n<p data-start=\"1096\" data-end=\"1152\">mont\u00e1\u017e <strong data-start=\"1103\" data-end=\"1149\">d\u0159ev\u011bn\u00fdch li\u0161t, panel\u016f a dekora\u010dn\u00edch prvk\u016f<\/strong>,<\/p>\n<\/li>\n<li data-start=\"1153\" data-end=\"1204\">\n<p data-start=\"1155\" data-end=\"1204\">upevn\u011bn\u00ed <strong data-start=\"1164\" data-end=\"1201\">kovov\u00fdch profil\u016f, kov\u00e1n\u00ed a dr\u017e\u00e1k\u016f<\/strong>,<\/p>\n<\/li>\n<li data-start=\"1205\" data-end=\"1277\">\n<p data-start=\"1207\" data-end=\"1277\">spojov\u00e1n\u00ed <strong data-start=\"1217\" data-end=\"1274\">keramick\u00fdch dla\u017edic, p\u0159\u00edrodn\u00edho kamene a konglomer\u00e1tu<\/strong>,<\/p>\n<\/li>\n<li data-start=\"1278\" data-end=\"1334\">\n<p data-start=\"1280\" data-end=\"1334\">lepen\u00ed <strong data-start=\"1287\" data-end=\"1331\">plastov\u00fdch d\u00edl\u016f a syntetick\u00fdch materi\u00e1l\u016f<\/strong>,<\/p>\n<\/li>\n<li data-start=\"1335\" data-end=\"1375\">\n<p data-start=\"1337\" data-end=\"1375\">pou\u017eit\u00ed <strong data-start=\"1345\" data-end=\"1372\">v interi\u00e9ru i exteri\u00e9ru<\/strong>,<\/p>\n<\/li>\n<li data-start=\"1376\" data-end=\"1432\">\n<p data-start=\"1378\" data-end=\"1432\">opravy a mont\u00e1\u017e <strong data-start=\"1394\" data-end=\"1429\">konstruk\u010dn\u00edch i ozdobn\u00fdch prvk\u016f<\/strong>,<\/p>\n<\/li>\n<li data-start=\"1433\" data-end=\"1511\">\n<p data-start=\"1435\" data-end=\"1511\">aplikace <strong data-start=\"1444\" data-end=\"1480\">v m\u00edstech s vlhkost\u00ed a vibracemi<\/strong> \u2013 koupelny, kuchyn\u011b, terasy.<\/p>\n<\/li>\n<\/ul>\n<p>&nbsp;<\/p>\n<p data-start=\"2555\" data-end=\"2684\"><strong data-start=\"2555\" data-end=\"2584\">Soudal T-Rex Gold Crystal<\/strong> je z\u00e1rukou profesion\u00e1ln\u00edho v\u00fdsledku a maxim\u00e1ln\u00ed pevnosti \u2013 ide\u00e1ln\u00ed volba pro kutily i \u0159emesln\u00edky.<\/p>\n<p data-start=\"2555\" data-end=\"2684\">\n<p data-start=\"2555\" data-end=\"2684\">Jsme velkoobchod se stavebn\u00edmi materi\u00e1ly z polsk\u00e9ho T\u011b\u0161\u00edna, kter\u00fd p\u016fsob\u00ed na trhu ji\u017e 20 let. Na\u0161e zku\u0161enosti n\u00e1m umo\u017e\u0148uj\u00ed nejen nab\u00edzet \u0161irok\u00fd v\u00fdb\u011br stavebn\u00edch materi\u00e1l\u016f, ale tak\u00e9 komplexn\u011b podporovat klienty v ka\u017ed\u00e9 f\u00e1zi jejich projekt\u016f. Porad\u00edme, organizujeme a dod\u00e1v\u00e1me \u2013 to je na\u0161e motto, kter\u00e9 zaji\u0161\u0165uje profesion\u00e1ln\u00ed podporu, efektivn\u00ed logistiku a v\u010dasn\u00e9 dod\u00e1n\u00ed. Nab\u00edz\u00edme tak\u00e9 m\u00edch\u00e1rnu barev a om\u00edtek, co\u017e umo\u017e\u0148uje perfektn\u00ed v\u00fdb\u011br barev, a HDS dopravu, kter\u00e1 n\u00e1m umo\u017e\u0148uje dod\u00e1vat materi\u00e1ly p\u0159\u00edmo na staveni\u0161t\u011b. Up\u0159ednost\u0148ujeme kvalitu, spolehlivost a osobn\u00ed p\u0159\u00edstup a podporujeme jak mal\u00e9 rekonstrukce, tak i velk\u00e9 stavebn\u00ed projekty.<\/p>\n","protected":false},"excerpt":{"rendered":"<blockquote>\n<h4>Vhodn\u00e9 pro lepen\u00ed:<\/h4>\n<ul>\n<li>\n<h4><strong>d\u0159eva,<\/strong><\/h4>\n<\/li>\n<li>\n<h4><strong>kovu,<\/strong><\/h4>\n<\/li>\n<li>\n<h4><strong>skla,<\/strong><\/h4>\n<\/li>\n<li>\n<h4><strong>keramiky,<\/strong><\/h4>\n<\/li>\n<li>\n<h4><strong>plastu a kamene<\/strong><\/h4>\n<\/li>\n<\/ul>\n<\/blockquote>\n","protected":false},"featured_media":31266,"comment_status":"open","ping_status":"closed","template":"","meta":{"_acf_changed":false},"product_brand":[],"product_cat":[137],"product_tag":[1413,621,1414],"class_list":{"0":"post-31268","1":"product","2":"type-product","3":"status-publish","4":"has-post-thumbnail","6":"product_cat-stavebni-chemie","7":"product_tag-klej-hybrydowy","8":"product_tag-soudal-cs","9":"product_tag-t-rex","10":"product_shipping_class-kurier-cs","11":"pa_kolor-bezbarwny-cs","12":"pa_producent-soudal-cs","14":"first","15":"instock","16":"taxable","17":"shipping-taxable","18":"purchasable","19":"product-type-simple"},"acf":[],"_links":{"self":[{"href":"https:\/\/sklep.thepartners.pl\/cs\/wp-json\/wp\/v2\/product\/31268","targetHints":{"allow":["GET"]}}],"collection":[{"href":"https:\/\/sklep.thepartners.pl\/cs\/wp-json\/wp\/v2\/product"}],"about":[{"href":"https:\/\/sklep.thepartners.pl\/cs\/wp-json\/wp\/v2\/types\/product"}],"replies":[{"embeddable":true,"href":"https:\/\/sklep.thepartners.pl\/cs\/wp-json\/wp\/v2\/comments?post=31268"}],"wp:featuredmedia":[{"embeddable":true,"href":"https:\/\/sklep.thepartners.pl\/cs\/wp-json\/wp\/v2\/media\/31266"}],"wp:attachment":[{"href":"https:\/\/sklep.thepartners.pl\/cs\/wp-json\/wp\/v2\/media?parent=31268"}],"wp:term":[{"taxonomy":"product_brand","embeddable":true,"href":"https:\/\/sklep.thepartners.pl\/cs\/wp-json\/wp\/v2\/product_brand?post=31268"},{"taxonomy":"product_cat","embeddable":true,"href":"https:\/\/sklep.thepartners.pl\/cs\/wp-json\/wp\/v2\/product_cat?post=31268"},{"taxonomy":"product_tag","embeddable":true,"href":"https:\/\/sklep.thepartners.pl\/cs\/wp-json\/wp\/v2\/product_tag?post=31268"}],"curies":[{"name":"wp","href":"https:\/\/api.w.org\/{rel}","templated":true}]}}