{"id":31333,"date":"2025-10-17T08:36:29","date_gmt":"2025-10-17T06:36:29","guid":{"rendered":"https:\/\/sklep.thepartners.pl\/produkt\/soudal-alu-zinc-spray-shiny-400ml-antykorozyjny-spray-z-aluminium-i-cynkiem\/"},"modified":"2025-10-17T09:04:10","modified_gmt":"2025-10-17T07:04:10","slug":"soudal-alu-zinc-spray-shiny-400ml-antykorozyjny-spray-z-aluminium-i-cynkiem","status":"publish","type":"product","link":"https:\/\/sklep.thepartners.pl\/cs\/produkt\/soudal-alu-zinc-spray-shiny-400ml-antykorozyjny-spray-z-aluminium-i-cynkiem\/","title":{"rendered":"SOUDAL ALU ZINC SPRAY SHINY 400 ml Antikorozn\u00ed Sprej s Hlin\u00edkem a Zinkem"},"content":{"rendered":"<p data-start=\"1815\" data-end=\"2112\"><strong data-start=\"1815\" data-end=\"1853\">SOUDAL ALU ZINC SPRAY SHINY 400 ml<\/strong> je profesion\u00e1ln\u00ed <strong data-start=\"1871\" data-end=\"1912\">antikorozn\u00ed sprej s hlin\u00edkem a zinkem<\/strong>, kter\u00fd vytv\u00e1\u0159\u00ed odoln\u00fd, leskl\u00fd ochrann\u00fd povlak na kovov\u00fdch povr\u0161\u00edch. \u00da\u010dinn\u011b chr\u00e1n\u00ed proti korozi, vlhkosti a pov\u011btrnostn\u00edm vliv\u016fm. Ide\u00e1ln\u00ed pro opravy, \u00fadr\u017ebu a fin\u00e1ln\u00ed \u00fapravy v pr\u016fmyslu i dom\u00e1cnosti.<\/p>\n<h4 data-start=\"2114\" data-end=\"2136\">V\u00fdhody produktu<\/h4>\n<ul data-start=\"2137\" data-end=\"2347\">\n<li data-start=\"2137\" data-end=\"2184\">\n<p data-start=\"2139\" data-end=\"2184\">Vysok\u00e1 odolnost proti rzi, vod\u011b a UV z\u00e1\u0159en\u00ed<\/p>\n<\/li>\n<li data-start=\"2185\" data-end=\"2220\">\n<p data-start=\"2187\" data-end=\"2220\">Estetick\u00fd, leskl\u00fd kovov\u00fd vzhled<\/p>\n<\/li>\n<li data-start=\"2221\" data-end=\"2260\">\n<p data-start=\"2223\" data-end=\"2260\">V\u00fdborn\u00e1 p\u0159ilnavost a rychl\u00e9 schnut\u00ed<\/p>\n<\/li>\n<li data-start=\"2261\" data-end=\"2301\">\n<p data-start=\"2263\" data-end=\"2301\">Odolnost v\u016f\u010di teplot\u00e1m a pov\u011btrnosti<\/p>\n<\/li>\n<li data-start=\"2302\" data-end=\"2347\">\n<p data-start=\"2304\" data-end=\"2347\">Vhodn\u00e9 pro profesion\u00e1ln\u00ed i dom\u00e1c\u00ed pou\u017eit\u00ed<\/p>\n<\/li>\n<\/ul>\n<h4 data-start=\"2349\" data-end=\"2363\">Pou\u017eit\u00ed<\/h4>\n<p data-start=\"2364\" data-end=\"2412\"><strong data-start=\"2364\" data-end=\"2395\">SOUDAL ALU ZINC SPRAY SHINY<\/strong> je vhodn\u00fd pro:<\/p>\n<ul data-start=\"2413\" data-end=\"2674\">\n<li data-start=\"2413\" data-end=\"2473\">\n<p data-start=\"2415\" data-end=\"2473\">ochranu <strong data-start=\"2423\" data-end=\"2470\">ocelov\u00fdch, hlin\u00edkov\u00fdch a litinov\u00fdch povrch\u016f<\/strong>,<\/p>\n<\/li>\n<li data-start=\"2474\" data-end=\"2523\">\n<p data-start=\"2476\" data-end=\"2523\">zabezpe\u010den\u00ed <strong data-start=\"2488\" data-end=\"2520\">sv\u00e1r\u016f, hran a kovov\u00fdch spoj\u016f<\/strong>,<\/p>\n<\/li>\n<li data-start=\"2524\" data-end=\"2568\">\n<p data-start=\"2526\" data-end=\"2568\">opravu <strong data-start=\"2533\" data-end=\"2565\">po\u0161kozen\u00fdch zinkov\u00fdch n\u00e1t\u011br\u016f<\/strong>,<\/p>\n<\/li>\n<li data-start=\"2569\" data-end=\"2626\">\n<p data-start=\"2571\" data-end=\"2626\">\u00fadr\u017ebu <strong data-start=\"2578\" data-end=\"2623\">bran, plot\u016f, disk\u016f a ocelov\u00fdch konstrukc\u00ed<\/strong>,<\/p>\n<\/li>\n<li data-start=\"2627\" data-end=\"2674\">\n<p data-start=\"2629\" data-end=\"2674\">pou\u017eit\u00ed <strong data-start=\"2637\" data-end=\"2671\">v d\u00edln\u00e1ch, gar\u00e1\u017e\u00edch i pr\u016fmyslu<\/strong>.<\/p>\n<\/li>\n<\/ul>\n<h4 data-start=\"2676\" data-end=\"2698\">N\u00e1vod k pou\u017eit\u00ed<\/h4>\n<ol data-start=\"2699\" data-end=\"3131\">\n<li data-start=\"2699\" data-end=\"2773\">\n<p data-start=\"2702\" data-end=\"2773\"><strong data-start=\"2702\" data-end=\"2723\">P\u0159\u00edprava povrchu:<\/strong> O\u010dist\u011bte, odmast\u011bte a osu\u0161te kov p\u0159ed aplikac\u00ed.<\/p>\n<\/li>\n<li data-start=\"2774\" data-end=\"2858\">\n<p data-start=\"2777\" data-end=\"2858\"><strong data-start=\"2777\" data-end=\"2797\">Prot\u0159epat sprej:<\/strong> P\u0159ed pou\u017eit\u00edm d\u016fkladn\u011b prot\u0159epte po dobu alespo\u0148 1 minuty.<\/p>\n<\/li>\n<li data-start=\"2859\" data-end=\"2947\">\n<p data-start=\"2862\" data-end=\"2947\"><strong data-start=\"2862\" data-end=\"2875\">Aplikace:<\/strong> Nast\u0159\u00edkejte ze vzd\u00e1lenosti 25\u201330 cm v tenk\u00fdch, rovnom\u011brn\u00fdch vrstv\u00e1ch.<\/p>\n<\/li>\n<li data-start=\"2948\" data-end=\"3047\">\n<p data-start=\"2951\" data-end=\"3047\"><strong data-start=\"2951\" data-end=\"2968\">Doba schnut\u00ed:<\/strong> Nechte zaschnout (10\u201315 minut mezi vrstvami, pln\u00e9 vytvrzen\u00ed po 24 hodin\u00e1ch).<\/p>\n<\/li>\n<li data-start=\"3048\" data-end=\"3131\">\n<p data-start=\"3051\" data-end=\"3131\"><strong data-start=\"3051\" data-end=\"3066\">Po pou\u017eit\u00ed:<\/strong> Sprej obra\u0165te dnem vzh\u016fru a pro\u010dist\u011bte trysku kr\u00e1tk\u00fdm stiskem.<\/p>\n<\/li>\n<\/ol>\n","protected":false},"excerpt":{"rendered":"<p>SOUDAL ALU ZINC SPRAY SHINY 400 ml je profesion\u00e1ln\u00ed antikorozn\u00ed sprej s hlin\u00edkem a zinkem, kter\u00fd vytv\u00e1\u0159\u00ed odoln\u00fd, leskl\u00fd ochrann\u00fd<\/p>\n","protected":false},"featured_media":31329,"comment_status":"open","ping_status":"closed","template":"","meta":{"_acf_changed":false},"product_brand":[],"product_cat":[137,591],"product_tag":[1416,621],"class_list":{"0":"post-31333","1":"product","2":"type-product","3":"status-publish","4":"has-post-thumbnail","6":"product_cat-stavebni-chemie","7":"product_cat-chemikalie","8":"product_tag-antykorozyjny-spray","9":"product_tag-soudal-cs","10":"product_shipping_class-kurier-cs","11":"pa_producent-soudal-cs","13":"first","14":"instock","15":"taxable","16":"shipping-taxable","17":"purchasable","18":"product-type-simple"},"acf":[],"_links":{"self":[{"href":"https:\/\/sklep.thepartners.pl\/cs\/wp-json\/wp\/v2\/product\/31333","targetHints":{"allow":["GET"]}}],"collection":[{"href":"https:\/\/sklep.thepartners.pl\/cs\/wp-json\/wp\/v2\/product"}],"about":[{"href":"https:\/\/sklep.thepartners.pl\/cs\/wp-json\/wp\/v2\/types\/product"}],"replies":[{"embeddable":true,"href":"https:\/\/sklep.thepartners.pl\/cs\/wp-json\/wp\/v2\/comments?post=31333"}],"wp:featuredmedia":[{"embeddable":true,"href":"https:\/\/sklep.thepartners.pl\/cs\/wp-json\/wp\/v2\/media\/31329"}],"wp:attachment":[{"href":"https:\/\/sklep.thepartners.pl\/cs\/wp-json\/wp\/v2\/media?parent=31333"}],"wp:term":[{"taxonomy":"product_brand","embeddable":true,"href":"https:\/\/sklep.thepartners.pl\/cs\/wp-json\/wp\/v2\/product_brand?post=31333"},{"taxonomy":"product_cat","embeddable":true,"href":"https:\/\/sklep.thepartners.pl\/cs\/wp-json\/wp\/v2\/product_cat?post=31333"},{"taxonomy":"product_tag","embeddable":true,"href":"https:\/\/sklep.thepartners.pl\/cs\/wp-json\/wp\/v2\/product_tag?post=31333"}],"curies":[{"name":"wp","href":"https:\/\/api.w.org\/{rel}","templated":true}]}}