{"id":31342,"date":"2025-10-17T09:07:29","date_gmt":"2025-10-17T07:07:29","guid":{"rendered":"https:\/\/sklep.thepartners.pl\/produkt\/soudal-zinc-spray-mat-matowy-spray-cynkowy-400ml\/"},"modified":"2025-10-17T09:42:59","modified_gmt":"2025-10-17T07:42:59","slug":"soudal-zinc-spray-mat-matowy-spray-cynkowy-400ml","status":"publish","type":"product","link":"https:\/\/sklep.thepartners.pl\/cs\/produkt\/soudal-zinc-spray-mat-matowy-spray-cynkowy-400ml\/","title":{"rendered":"SOUDAL Zinc Spray Mat &#8211; Matte Zinc Spray 400ml"},"content":{"rendered":"<p data-start=\"2044\" data-end=\"2358\"><strong data-start=\"2044\" data-end=\"2069\">SOUDAL ZINC SPRAY MAT<\/strong> je profesion\u00e1ln\u00ed <strong data-start=\"2087\" data-end=\"2110\">matn\u00fd zinkov\u00fd sprej<\/strong>, ur\u010den\u00fd k ochran\u011b kov\u016f proti korozi. Vytv\u00e1\u0159\u00ed odoln\u00fd, matn\u00fd povlak, kter\u00fd chr\u00e1n\u00ed povrch p\u0159ed vlhkost\u00ed, sol\u00ed a pov\u011btrnostn\u00edmi vlivy. D\u00edky vysok\u00e9mu obsahu zinku poskytuje <strong data-start=\"2279\" data-end=\"2311\">vynikaj\u00edc\u00ed katodovou ochranu<\/strong> a je vhodn\u00fd pro pr\u016fmyslov\u00e9 i dom\u00e1c\u00ed pou\u017eit\u00ed.<\/p>\n<p data-start=\"2360\" data-end=\"2566\">Snadno se aplikuje a rychle schne, \u010d\u00edm\u017e vytv\u00e1\u0159\u00ed <strong data-start=\"2408\" data-end=\"2436\">matn\u00fd \u0161ed\u00fd ochrann\u00fd film<\/strong>, kter\u00fd lze pou\u017e\u00edt i jako z\u00e1kladn\u00ed n\u00e1t\u011br pod vrchn\u00ed barvy. Ide\u00e1ln\u00ed pro opravy, \u00fadr\u017ebu a dlouhodobou ochranu kovov\u00fdch konstrukc\u00ed.<\/p>\n<h4 data-start=\"2568\" data-end=\"2590\">V\u00fdhody produktu<\/h4>\n<ul data-start=\"2591\" data-end=\"2839\">\n<li data-start=\"2591\" data-end=\"2652\">\n<p data-start=\"2593\" data-end=\"2652\">Vysoce \u00fa\u010dinn\u00e1 antikorozn\u00ed ochrana s vysok\u00fdm obsahem zinku<\/p>\n<\/li>\n<li data-start=\"2653\" data-end=\"2689\">\n<p data-start=\"2655\" data-end=\"2689\">Matn\u00fd, estetick\u00fd povrchov\u00fd efekt<\/p>\n<\/li>\n<li data-start=\"2690\" data-end=\"2756\">\n<p data-start=\"2692\" data-end=\"2756\">Odolnost v\u016f\u010di vlhkosti, soli, UV z\u00e1\u0159en\u00ed a pov\u011btrnostn\u00edm vliv\u016fm<\/p>\n<\/li>\n<li data-start=\"2757\" data-end=\"2788\">\n<p data-start=\"2759\" data-end=\"2788\">V\u00fdborn\u00e1 p\u0159ilnavost ke kov\u016fm<\/p>\n<\/li>\n<li data-start=\"2789\" data-end=\"2839\">\n<p data-start=\"2791\" data-end=\"2839\">Mo\u017eno pou\u017e\u00edt jako <strong data-start=\"2809\" data-end=\"2837\">z\u00e1kladn\u00ed n\u00e1t\u011br pod barvy<\/strong><\/p>\n<\/li>\n<\/ul>\n<h4 data-start=\"2841\" data-end=\"2855\">Pou\u017eit\u00ed<\/h4>\n<p data-start=\"2856\" data-end=\"2898\"><strong data-start=\"2856\" data-end=\"2881\">SOUDAL ZINC SPRAY MAT<\/strong> je vhodn\u00fd pro:<\/p>\n<ul data-start=\"2899\" data-end=\"3143\">\n<li data-start=\"2899\" data-end=\"2949\">\n<p data-start=\"2901\" data-end=\"2949\">ochranu <strong data-start=\"2909\" data-end=\"2946\">ocelov\u00fdch a litinov\u00fdch konstrukc\u00ed<\/strong>,<\/p>\n<\/li>\n<li data-start=\"2950\" data-end=\"2999\">\n<p data-start=\"2952\" data-end=\"2999\">zabezpe\u010den\u00ed <strong data-start=\"2964\" data-end=\"2996\">sv\u00e1r\u016f, hran a kovov\u00fdch spoj\u016f<\/strong>,<\/p>\n<\/li>\n<li data-start=\"3000\" data-end=\"3056\">\n<p data-start=\"3002\" data-end=\"3056\">\u00fadr\u017ebu <strong data-start=\"3009\" data-end=\"3053\">bran, plot\u016f, disk\u016f a kovov\u00fdch konstrukc\u00ed<\/strong>,<\/p>\n<\/li>\n<li data-start=\"3057\" data-end=\"3102\">\n<p data-start=\"3059\" data-end=\"3102\">opravy <strong data-start=\"3066\" data-end=\"3099\">po\u0161kozen\u00fdch zinkov\u00fdch povrch\u016f<\/strong>,<\/p>\n<\/li>\n<li data-start=\"3103\" data-end=\"3143\">\n<p data-start=\"3105\" data-end=\"3143\">pou\u017eit\u00ed <strong data-start=\"3113\" data-end=\"3140\">v interi\u00e9ru i exteri\u00e9ru<\/strong>.<\/p>\n<\/li>\n<\/ul>\n<h4 data-start=\"3145\" data-end=\"3167\">N\u00e1vod k pou\u017eit\u00ed<\/h4>\n<ol data-start=\"3168\" data-end=\"3557\">\n<li data-start=\"3168\" data-end=\"3243\">\n<p data-start=\"3171\" data-end=\"3243\"><strong data-start=\"3171\" data-end=\"3192\">P\u0159\u00edprava povrchu:<\/strong> O\u010dist\u011bte a odmast\u011bte kov, odstra\u0148te rez a prach.<\/p>\n<\/li>\n<li data-start=\"3244\" data-end=\"3311\">\n<p data-start=\"3247\" data-end=\"3311\"><strong data-start=\"3247\" data-end=\"3262\">Prot\u0159ep\u00e1n\u00ed:<\/strong> D\u016fkladn\u011b prot\u0159epejte po dobu alespo\u0148 1 minuty.<\/p>\n<\/li>\n<li data-start=\"3312\" data-end=\"3390\">\n<p data-start=\"3315\" data-end=\"3390\"><strong data-start=\"3315\" data-end=\"3328\">Aplikace:<\/strong> Nast\u0159\u00edkejte ze vzd\u00e1lenosti cca 25\u201330 cm v tenk\u00fdch vrstv\u00e1ch.<\/p>\n<\/li>\n<li data-start=\"3391\" data-end=\"3473\">\n<p data-start=\"3394\" data-end=\"3473\"><strong data-start=\"3394\" data-end=\"3406\">Schnut\u00ed:<\/strong> Mezi vrstvami nechte 10\u201315 minut; pln\u00e9 vytvrzen\u00ed po 24 hodin\u00e1ch.<\/p>\n<\/li>\n<li data-start=\"3474\" data-end=\"3557\">\n<p data-start=\"3477\" data-end=\"3557\"><strong data-start=\"3477\" data-end=\"3492\">Po pou\u017eit\u00ed:<\/strong> Sprej obra\u0165te dnem vzh\u016fru a pro\u010dist\u011bte trysku kr\u00e1tk\u00fdm stiskem.<\/p>\n<\/li>\n<\/ol>\n","protected":false},"excerpt":{"rendered":"<p>SOUDAL ZINC SPRAY MAT je profesion\u00e1ln\u00ed matn\u00fd zinkov\u00fd sprej, ur\u010den\u00fd k ochran\u011b kov\u016f proti korozi. Vytv\u00e1\u0159\u00ed odoln\u00fd, matn\u00fd povlak, kter\u00fd<\/p>\n","protected":false},"featured_media":31340,"comment_status":"open","ping_status":"closed","template":"","meta":{"_acf_changed":false},"product_brand":[],"product_cat":[591,137],"product_tag":[621,1418],"class_list":{"0":"post-31342","1":"product","2":"type-product","3":"status-publish","4":"has-post-thumbnail","6":"product_cat-chemikalie","7":"product_cat-stavebni-chemie","8":"product_tag-soudal-cs","9":"product_tag-zinc-spray-mat","10":"product_shipping_class-kurier-cs","11":"pa_producent-soudal-cs","13":"first","14":"instock","15":"taxable","16":"shipping-taxable","17":"purchasable","18":"product-type-simple"},"acf":[],"_links":{"self":[{"href":"https:\/\/sklep.thepartners.pl\/cs\/wp-json\/wp\/v2\/product\/31342","targetHints":{"allow":["GET"]}}],"collection":[{"href":"https:\/\/sklep.thepartners.pl\/cs\/wp-json\/wp\/v2\/product"}],"about":[{"href":"https:\/\/sklep.thepartners.pl\/cs\/wp-json\/wp\/v2\/types\/product"}],"replies":[{"embeddable":true,"href":"https:\/\/sklep.thepartners.pl\/cs\/wp-json\/wp\/v2\/comments?post=31342"}],"wp:featuredmedia":[{"embeddable":true,"href":"https:\/\/sklep.thepartners.pl\/cs\/wp-json\/wp\/v2\/media\/31340"}],"wp:attachment":[{"href":"https:\/\/sklep.thepartners.pl\/cs\/wp-json\/wp\/v2\/media?parent=31342"}],"wp:term":[{"taxonomy":"product_brand","embeddable":true,"href":"https:\/\/sklep.thepartners.pl\/cs\/wp-json\/wp\/v2\/product_brand?post=31342"},{"taxonomy":"product_cat","embeddable":true,"href":"https:\/\/sklep.thepartners.pl\/cs\/wp-json\/wp\/v2\/product_cat?post=31342"},{"taxonomy":"product_tag","embeddable":true,"href":"https:\/\/sklep.thepartners.pl\/cs\/wp-json\/wp\/v2\/product_tag?post=31342"}],"curies":[{"name":"wp","href":"https:\/\/api.w.org\/{rel}","templated":true}]}}