{"id":31350,"date":"2025-10-17T09:47:59","date_gmt":"2025-10-17T07:47:59","guid":{"rendered":"https:\/\/sklep.thepartners.pl\/produkt\/soudal-degrip-srodek-penetrujacy-i-odrdzewiajacy\/"},"modified":"2025-10-17T12:46:43","modified_gmt":"2025-10-17T10:46:43","slug":"soudal-degrip-srodek-penetrujacy-i-odrdzewiajacy","status":"publish","type":"product","link":"https:\/\/sklep.thepartners.pl\/cs\/produkt\/soudal-degrip-srodek-penetrujacy-i-odrdzewiajacy\/","title":{"rendered":"SOUDAL DEGRIP Penetra\u010dn\u00ed a Odstra\u0148ova\u010d Rzi 400ml"},"content":{"rendered":"<p data-start=\"2009\" data-end=\"2330\"><strong data-start=\"2009\" data-end=\"2030\">SOUDAL DEGRIP ALL<\/strong> je vysoce kvalitn\u00ed <strong data-start=\"2050\" data-end=\"2083\">penetra\u010dn\u00ed a uvol\u0148ovac\u00ed sprej<\/strong>, ur\u010den\u00fd k rychl\u00e9mu uvoln\u011bn\u00ed zarezl\u00fdch, zape\u010den\u00fdch nebo zablokovan\u00fdch kovov\u00fdch d\u00edl\u016f. D\u00edky sv\u00e9 pokro\u010dil\u00e9 receptu\u0159e pronik\u00e1 hluboko do mikroskopick\u00fdch sp\u00e1r, rozpou\u0161t\u00ed rez, mazivo a ne\u010distoty, \u010d\u00edm\u017e usnad\u0148uje demont\u00e1\u017e \u0161roub\u016f, matic, z\u00e1v\u011bs\u016f \u010di spoj\u016f.<\/p>\n<p data-start=\"2332\" data-end=\"2543\">Zanech\u00e1v\u00e1 tenk\u00fd ochrann\u00fd film, kter\u00fd <strong data-start=\"2369\" data-end=\"2405\">chr\u00e1n\u00ed kov p\u0159ed op\u011btovnou koroz\u00ed<\/strong>, a z\u00e1rove\u0148 p\u016fsob\u00ed jako lehk\u00e9 mazivo. <strong data-start=\"2443\" data-end=\"2464\">Soudal Degrip All<\/strong> je nepostradateln\u00fd v d\u00edln\u00e1ch, pr\u016fmyslu, zem\u011bd\u011blstv\u00ed i p\u0159i dom\u00e1c\u00edch oprav\u00e1ch.<\/p>\n<h4 data-start=\"2545\" data-end=\"2567\">V\u00fdhody produktu<\/h4>\n<ul data-start=\"2568\" data-end=\"2801\">\n<li data-start=\"2568\" data-end=\"2615\">\n<p data-start=\"2570\" data-end=\"2615\">\u00da\u010dinn\u011b <strong data-start=\"2577\" data-end=\"2613\">uvol\u0148uje zarezl\u00e9 a zatuhl\u00e9 spoje<\/strong><\/p>\n<\/li>\n<li data-start=\"2616\" data-end=\"2665\">\n<p data-start=\"2618\" data-end=\"2665\">Rychle pronik\u00e1 a p\u016fsob\u00ed b\u011bhem n\u011bkolika sekund<\/p>\n<\/li>\n<li data-start=\"2666\" data-end=\"2700\">\n<p data-start=\"2668\" data-end=\"2700\">Chr\u00e1n\u00ed proti korozi a vlhkosti<\/p>\n<\/li>\n<li data-start=\"2701\" data-end=\"2754\">\n<p data-start=\"2703\" data-end=\"2754\">Neobsahuje silikon \u2013 bezpe\u010dn\u00fd pro v\u011bt\u0161inu povrch\u016f<\/p>\n<\/li>\n<li data-start=\"2755\" data-end=\"2801\">\n<p data-start=\"2757\" data-end=\"2801\">M\u016f\u017ee b\u00fdt pou\u017eit tak\u00e9 jako <strong data-start=\"2783\" data-end=\"2799\">lehk\u00e9 mazivo<\/strong><\/p>\n<\/li>\n<\/ul>\n<h4 data-start=\"2803\" data-end=\"2817\">Pou\u017eit\u00ed<\/h4>\n<p data-start=\"2818\" data-end=\"2856\"><strong data-start=\"2818\" data-end=\"2839\">SOUDAL DEGRIP ALL<\/strong> je vhodn\u00fd pro:<\/p>\n<ul data-start=\"2857\" data-end=\"3087\">\n<li data-start=\"2857\" data-end=\"2898\">\n<p data-start=\"2859\" data-end=\"2898\">povolov\u00e1n\u00ed <strong data-start=\"2870\" data-end=\"2895\">\u0161roub\u016f, matic a spoj\u016f<\/strong>,<\/p>\n<\/li>\n<li data-start=\"2899\" data-end=\"2943\">\n<p data-start=\"2901\" data-end=\"2943\">uvol\u0148ov\u00e1n\u00ed <strong data-start=\"2912\" data-end=\"2940\">z\u00e1v\u011bs\u016f, vod\u00edtek a kloub\u016f<\/strong>,<\/p>\n<\/li>\n<li data-start=\"2944\" data-end=\"2988\">\n<p data-start=\"2946\" data-end=\"2988\">\u00fadr\u017ebu <strong data-start=\"2953\" data-end=\"2985\">n\u00e1stroj\u016f, z\u00e1mk\u016f, \u0159et\u011bz\u016f, p\u00e1k<\/strong>,<\/p>\n<\/li>\n<li data-start=\"2989\" data-end=\"3034\">\n<p data-start=\"2991\" data-end=\"3034\">odrezov\u00e1n\u00ed <strong data-start=\"3002\" data-end=\"3031\">sou\u010d\u00e1st\u00ed stroj\u016f a vozidel<\/strong>,<\/p>\n<\/li>\n<li data-start=\"3035\" data-end=\"3087\">\n<p data-start=\"3037\" data-end=\"3087\">ochranu <strong data-start=\"3045\" data-end=\"3084\">kovov\u00fdch povrch\u016f p\u0159ed op\u011btovnou rz\u00ed<\/strong>.<\/p>\n<\/li>\n<\/ul>\n<h4 data-start=\"3089\" data-end=\"3111\">N\u00e1vod k pou\u017eit\u00ed<\/h4>\n<ol data-start=\"3112\" data-end=\"3466\">\n<li data-start=\"3112\" data-end=\"3169\">\n<p data-start=\"3115\" data-end=\"3169\"><strong data-start=\"3115\" data-end=\"3135\">Vy\u010dist\u011bte povrch<\/strong> od ne\u010distot, pokud je to mo\u017en\u00e9.<\/p>\n<\/li>\n<li data-start=\"3170\" data-end=\"3212\">\n<p data-start=\"3173\" data-end=\"3212\"><strong data-start=\"3173\" data-end=\"3195\">Prot\u0159epejte n\u00e1dobu<\/strong> p\u0159ed pou\u017eit\u00edm.<\/p>\n<\/li>\n<li data-start=\"3213\" data-end=\"3292\">\n<p data-start=\"3216\" data-end=\"3292\"><strong data-start=\"3216\" data-end=\"3239\">Nast\u0159\u00edkejte produkt<\/strong> p\u0159\u00edmo na zarezl\u00fd spoj ze vzd\u00e1lenosti cca 20\u201325 cm.<\/p>\n<\/li>\n<li data-start=\"3293\" data-end=\"3363\">\n<p data-start=\"3296\" data-end=\"3363\"><strong data-start=\"3296\" data-end=\"3322\">Po\u010dkejte n\u011bkolik minut<\/strong>, ne\u017e prost\u0159edek pronikne a uvoln\u00ed rez.<\/p>\n<\/li>\n<li data-start=\"3364\" data-end=\"3423\">\n<p data-start=\"3367\" data-end=\"3423\"><strong data-start=\"3367\" data-end=\"3399\">Povolte nebo pohybujte d\u00edlem<\/strong>, aby se spoj uvolnil.<\/p>\n<\/li>\n<li data-start=\"3424\" data-end=\"3466\">\n<p data-start=\"3427\" data-end=\"3466\">V p\u0159\u00edpad\u011b pot\u0159eby aplikaci zopakujte.<\/p>\n<\/li>\n<\/ol>\n","protected":false},"excerpt":{"rendered":"<p>SOUDAL DEGRIP ALL je vysoce kvalitn\u00ed penetra\u010dn\u00ed a uvol\u0148ovac\u00ed sprej, ur\u010den\u00fd k rychl\u00e9mu uvoln\u011bn\u00ed zarezl\u00fdch, zape\u010den\u00fdch nebo zablokovan\u00fdch kovov\u00fdch d\u00edl\u016f.<\/p>\n","protected":false},"featured_media":31347,"comment_status":"open","ping_status":"closed","template":"","meta":{"_acf_changed":false},"product_brand":[],"product_cat":[591,137],"product_tag":[1420,621],"class_list":{"0":"post-31350","1":"product","2":"type-product","3":"status-publish","4":"has-post-thumbnail","6":"product_cat-chemikalie","7":"product_cat-stavebni-chemie","8":"product_tag-degrip","9":"product_tag-soudal-cs","10":"product_shipping_class-kurier-cs","11":"pa_producent-soudal-cs","13":"first","14":"instock","15":"taxable","16":"shipping-taxable","17":"purchasable","18":"product-type-simple"},"acf":[],"_links":{"self":[{"href":"https:\/\/sklep.thepartners.pl\/cs\/wp-json\/wp\/v2\/product\/31350","targetHints":{"allow":["GET"]}}],"collection":[{"href":"https:\/\/sklep.thepartners.pl\/cs\/wp-json\/wp\/v2\/product"}],"about":[{"href":"https:\/\/sklep.thepartners.pl\/cs\/wp-json\/wp\/v2\/types\/product"}],"replies":[{"embeddable":true,"href":"https:\/\/sklep.thepartners.pl\/cs\/wp-json\/wp\/v2\/comments?post=31350"}],"wp:featuredmedia":[{"embeddable":true,"href":"https:\/\/sklep.thepartners.pl\/cs\/wp-json\/wp\/v2\/media\/31347"}],"wp:attachment":[{"href":"https:\/\/sklep.thepartners.pl\/cs\/wp-json\/wp\/v2\/media?parent=31350"}],"wp:term":[{"taxonomy":"product_brand","embeddable":true,"href":"https:\/\/sklep.thepartners.pl\/cs\/wp-json\/wp\/v2\/product_brand?post=31350"},{"taxonomy":"product_cat","embeddable":true,"href":"https:\/\/sklep.thepartners.pl\/cs\/wp-json\/wp\/v2\/product_cat?post=31350"},{"taxonomy":"product_tag","embeddable":true,"href":"https:\/\/sklep.thepartners.pl\/cs\/wp-json\/wp\/v2\/product_tag?post=31350"}],"curies":[{"name":"wp","href":"https:\/\/api.w.org\/{rel}","templated":true}]}}