{"id":31380,"date":"2025-10-21T13:18:18","date_gmt":"2025-10-21T11:18:18","guid":{"rendered":"https:\/\/sklep.thepartners.pl\/produkt\/jurga-clean-czysty-nagrobek-05l\/"},"modified":"2025-10-21T13:31:31","modified_gmt":"2025-10-21T11:31:31","slug":"jurga-clean-czysty-nagrobek-05l","status":"publish","type":"product","link":"https:\/\/sklep.thepartners.pl\/cs\/produkt\/jurga-clean-czysty-nagrobek-05l\/","title":{"rendered":"Jurga Clean CZYST\u00dd N\u00c1HROBEK 0,5L"},"content":{"rendered":"<p data-start=\"1230\" data-end=\"1648\"><strong data-start=\"1230\" data-end=\"1255\">Jurga CZYST\u00dd N\u00c1HROBEK<\/strong> je profesion\u00e1ln\u00ed p\u0159\u00edpravek ur\u010den\u00fd k \u00fa\u010dinn\u00e9mu odstra\u0148ov\u00e1n\u00ed zelen\u00fdch usazenin, povlak\u016f a dal\u0161\u00edch ne\u010distot z n\u00e1hrobk\u016f a kamenn\u00fdch desek. D\u00edky sv\u00e9 specializovan\u00e9 formuli p\u0159\u00edpravek rychle a efektivn\u011b vrac\u00ed lesk povrch\u016fm vyroben\u00fdm z mramoru, \u017euly, lastrika a dal\u0161\u00edch kamenn\u00fdch materi\u00e1l\u016f. Pravideln\u00fdm pou\u017e\u00edv\u00e1n\u00edm prost\u0159edku pom\u00e1h\u00e1te udr\u017eovat estetiku n\u00e1hrobk\u016f a zabra\u0148ujete usazov\u00e1n\u00ed nov\u00fdch ne\u010distot.<\/p>\n<p data-start=\"1650\" data-end=\"1896\">Produkt je dostupn\u00fd v praktick\u00e9 lahvi o objemu 0,5 litru, vybaven\u00e9 pohodln\u00fdm rozpra\u0161ova\u010dem, co\u017e usnad\u0148uje aplikaci p\u0159\u00edpravku na \u010di\u0161t\u011bn\u00fd povrch. Jedn\u00e1 se o \u0159e\u0161en\u00ed ur\u010den\u00e9 jak pro jednotlivce, tak pro firmy zab\u00fdvaj\u00edc\u00ed se \u00fadr\u017ebou h\u0159bitovn\u00edch prostor.<\/p>\n<p data-start=\"1898\" data-end=\"2106\"><strong data-start=\"1898\" data-end=\"1923\">Jurga CZYST\u00dd N\u00c1HROBEK<\/strong> je produkt pln\u011b vyroben\u00fd v Polsku, co\u017e zaru\u010duje vysokou kvalitu a p\u00e9\u010di o detaily. V\u00fdb\u011brem tohoto p\u0159\u00edpravku podporujete dom\u00e1c\u00ed hospod\u00e1\u0159stv\u00ed a propagujete inovativnost polsk\u00fdch zna\u010dek.<\/p>\n","protected":false},"excerpt":{"rendered":"<p>Jurga CZYST\u00dd N\u00c1HROBEK \u2013 \u00fa\u010dinn\u00fd p\u0159\u00edpravek pro \u010di\u0161t\u011bn\u00ed n\u00e1hrobk\u016f a kamenn\u00fdch desek. Odstra\u0148uje usazeniny, povlaky a obnovuje lesk mramorov\u00fdm a \u017eulov\u00fdm povrch\u016fm.<\/p>\n","protected":false},"featured_media":31374,"comment_status":"open","ping_status":"closed","template":"","meta":{"_acf_changed":false},"product_brand":[],"product_cat":[591,137],"product_tag":[565,1424,1425],"class_list":{"0":"post-31380","1":"product","2":"type-product","3":"status-publish","4":"has-post-thumbnail","6":"product_cat-chemikalie","7":"product_cat-stavebni-chemie","8":"product_tag-jurga-cs","9":"product_tag-jurga-clean-czysty-nagrobek-0","10":"product_tag-jurga-czysta-fuga","11":"product_shipping_class-kurier-cs","12":"pa_producent-jurga-cs","14":"first","15":"instock","16":"taxable","17":"shipping-taxable","18":"purchasable","19":"product-type-simple"},"acf":[],"_links":{"self":[{"href":"https:\/\/sklep.thepartners.pl\/cs\/wp-json\/wp\/v2\/product\/31380","targetHints":{"allow":["GET"]}}],"collection":[{"href":"https:\/\/sklep.thepartners.pl\/cs\/wp-json\/wp\/v2\/product"}],"about":[{"href":"https:\/\/sklep.thepartners.pl\/cs\/wp-json\/wp\/v2\/types\/product"}],"replies":[{"embeddable":true,"href":"https:\/\/sklep.thepartners.pl\/cs\/wp-json\/wp\/v2\/comments?post=31380"}],"wp:featuredmedia":[{"embeddable":true,"href":"https:\/\/sklep.thepartners.pl\/cs\/wp-json\/wp\/v2\/media\/31374"}],"wp:attachment":[{"href":"https:\/\/sklep.thepartners.pl\/cs\/wp-json\/wp\/v2\/media?parent=31380"}],"wp:term":[{"taxonomy":"product_brand","embeddable":true,"href":"https:\/\/sklep.thepartners.pl\/cs\/wp-json\/wp\/v2\/product_brand?post=31380"},{"taxonomy":"product_cat","embeddable":true,"href":"https:\/\/sklep.thepartners.pl\/cs\/wp-json\/wp\/v2\/product_cat?post=31380"},{"taxonomy":"product_tag","embeddable":true,"href":"https:\/\/sklep.thepartners.pl\/cs\/wp-json\/wp\/v2\/product_tag?post=31380"}],"curies":[{"name":"wp","href":"https:\/\/api.w.org\/{rel}","templated":true}]}}