{"id":3155,"date":"2024-07-17T14:31:58","date_gmt":"2024-07-17T12:31:58","guid":{"rendered":"https:\/\/sklep.thepartners.pl\/p\/farba-do-fasad-i-wnetrz-kreisel-nanotech\/"},"modified":"2025-09-23T12:14:54","modified_gmt":"2025-09-23T10:14:54","slug":"farba-do-fasad-i-wnetrz-kreisel-nanotech","status":"publish","type":"product","link":"https:\/\/sklep.thepartners.pl\/cs\/produkt\/farba-do-fasad-i-wnetrz-kreisel-nanotech\/","title":{"rendered":"BARVA NA FAS\u00c1DY A INTERI\u00c9RY KREISEL NANOTECH BARVA NA V\u00ddB\u011aR"},"content":{"rendered":"<p data-start=\"825\" data-end=\"1228\"><strong data-start=\"825\" data-end=\"873\">Barva na fas\u00e1dy a interi\u00e9ry Kreisel Nanotech<\/strong> \u2013 modern\u00ed fas\u00e1dn\u00ed i interi\u00e9rov\u00e1 barva zalo\u017een\u00e1 na nanotechnologii, kter\u00e1 spojuje odolnost a estetiku. D\u00edky inovativn\u00edmu slo\u017een\u00ed poskytuje vysokou odolnost proti pov\u011btrnostn\u00edm vliv\u016fm, zne\u010di\u0161t\u011bn\u00ed i r\u016fstu pl\u00edsn\u00ed a hub. Vhodn\u00e1 pro n\u00e1t\u011bry fas\u00e1d budov i vnit\u0159n\u00edch prostor, kde je vy\u017eadov\u00e1na zv\u00fd\u0161en\u00e1 ochrana. Vytv\u00e1\u0159\u00ed trvanliv\u00fd povrch s vynikaj\u00edc\u00ed p\u0159ilnavost\u00ed.<\/p>\n<h4 data-start=\"1230\" data-end=\"1252\">V\u00fdhody produktu<\/h4>\n<ul data-start=\"1253\" data-end=\"1467\">\n<li data-start=\"1253\" data-end=\"1294\">\n<p data-start=\"1255\" data-end=\"1294\">Vhodn\u00e1 pro venkovn\u00ed i vnit\u0159n\u00ed pou\u017eit\u00ed<\/p>\n<\/li>\n<li data-start=\"1295\" data-end=\"1361\">\n<p data-start=\"1297\" data-end=\"1361\">Nanotechnologie \u2013 zv\u00fd\u0161en\u00e1 odolnost proti ne\u010distot\u00e1m a vlhkosti<\/p>\n<\/li>\n<li data-start=\"1362\" data-end=\"1416\">\n<p data-start=\"1364\" data-end=\"1416\">Vysok\u00e1 trvanlivost a ochrana proti mikroorganism\u016fm<\/p>\n<\/li>\n<li data-start=\"1417\" data-end=\"1467\">\n<p data-start=\"1419\" data-end=\"1467\">Skv\u011bl\u00e1 p\u0159ilnavost k podkladu a snadn\u00e1 aplikace<\/p>\n<\/li>\n<\/ul>\n<p data-start=\"1469\" data-end=\"1572\">Barva Kreisel Nanotech \u2013 spolehliv\u00e9 \u0159e\u0161en\u00ed pro fas\u00e1dy i interi\u00e9ry s dlouhodobou ochranou a estetikou.<\/p>\n","protected":false},"excerpt":{"rendered":"<blockquote>\n<h4 data-start=\"641\" data-end=\"669\"><strong>Vysok\u00e1 odolnost proti vod\u011b<\/strong><\/h4>\n<h4 data-start=\"672\" data-end=\"719\"><strong>Mrazuvzdornost \u2013 vhodn\u00e1 do n\u00e1ro\u010dn\u00fdch podm\u00ednek<\/strong><\/h4>\n<h4 data-start=\"722\" data-end=\"768\"><strong>Paropropustnost \u2013 st\u011bny mohou voln\u011b \u201ed\u00fdchat\u201c<\/strong><\/h4>\n<h4 data-start=\"771\" data-end=\"800\"><strong>Velmi dobr\u00e1 kryc\u00ed schopnost<\/strong><\/h4>\n<h4 data-start=\"803\" data-end=\"853\"><strong>Hydrofobn\u00ed povrch \u2013 odpuzuje vlhkost a ne\u010distoty<\/strong><\/h4>\n<h4 data-start=\"856\" data-end=\"909\"><strong>Odolnost proti UV z\u00e1\u0159en\u00ed \u2013 st\u00e1l\u00e1 barva po mnoho let<\/strong><\/h4>\n<h4 data-start=\"912\" data-end=\"959\"><strong>Samo\u010distic\u00ed efekt \u2013 povrch z\u016fst\u00e1v\u00e1 d\u00e9le \u010dist\u00fd<\/strong><\/h4>\n<h4 data-start=\"962\" data-end=\"1012\"><strong>Ochrana proti r\u016fstu \u0159as, pl\u00edsn\u00ed a mikroorganism\u016f<\/strong><\/h4>\n<\/blockquote>\n<h3>Paleta Barev<\/h3>\n<ul>\n<li>\n<h4><span style=\"color: #ff9900;\"><a style=\"color: #ff9900;\" href=\"https:\/\/cdn.dam.fixit-holding.com\/assets\/api\/ecd03c68-f518-4501-938c-8fbdb4a3be09\/original\/Odpowiedniki-kolor%C3%B3w-Kreisel-TRENDY-(cmyk--rgb--hex).pdf\" target=\"_blank\" rel=\"noopener\">Pr\u016fvodce barvami 1<\/a><\/span><\/h4>\n<\/li>\n<li>\n<h4><span style=\"color: #ff9900;\"><a style=\"color: #ff9900;\" href=\"https:\/\/cdn.dam.fixit-holding.com\/assets\/api\/de4e970e-b8a3-4f91-9aca-9a77d300dd4b\/original\/Odpowiedniki-kolor%C3%B3w-Kreisel-COLOR-DESIGN-(cmyk--rgb--hex).pdf\" target=\"_blank\" rel=\"noopener\">Pr\u016fvodce barvami 2<\/a><\/span><\/h4>\n<\/li>\n<\/ul>\n","protected":false},"featured_media":6177,"comment_status":"open","ping_status":"closed","template":"","meta":{"_acf_changed":false},"product_brand":[],"product_cat":[162,713,169],"product_tag":[],"class_list":{"0":"post-3155","1":"product","2":"type-product","3":"status-publish","4":"has-post-thumbnail","6":"product_cat-micharna-barev-a-omitek","7":"product_cat-barvy-z-michaci-mistnosti","8":"product_cat-fasadni-barvy","9":"product_shipping_class-transport-the-partners-cs","10":"pa_pojemnosc-15l-cs","11":"pa_pojemnosc-5l-cs","12":"pa_producent-kreisel-cs","13":"pa_wydajnosc-jedno-opakowanie-15-litrow-wystarcza-na-pokrycie-do-150-m-powierzchni-przy-jednorazowym-malowaniu-cs","15":"first","16":"instock","17":"taxable","18":"shipping-taxable","19":"purchasable","20":"product-type-variable"},"acf":[],"_links":{"self":[{"href":"https:\/\/sklep.thepartners.pl\/cs\/wp-json\/wp\/v2\/product\/3155","targetHints":{"allow":["GET"]}}],"collection":[{"href":"https:\/\/sklep.thepartners.pl\/cs\/wp-json\/wp\/v2\/product"}],"about":[{"href":"https:\/\/sklep.thepartners.pl\/cs\/wp-json\/wp\/v2\/types\/product"}],"replies":[{"embeddable":true,"href":"https:\/\/sklep.thepartners.pl\/cs\/wp-json\/wp\/v2\/comments?post=3155"}],"wp:featuredmedia":[{"embeddable":true,"href":"https:\/\/sklep.thepartners.pl\/cs\/wp-json\/wp\/v2\/media\/6177"}],"wp:attachment":[{"href":"https:\/\/sklep.thepartners.pl\/cs\/wp-json\/wp\/v2\/media?parent=3155"}],"wp:term":[{"taxonomy":"product_brand","embeddable":true,"href":"https:\/\/sklep.thepartners.pl\/cs\/wp-json\/wp\/v2\/product_brand?post=3155"},{"taxonomy":"product_cat","embeddable":true,"href":"https:\/\/sklep.thepartners.pl\/cs\/wp-json\/wp\/v2\/product_cat?post=3155"},{"taxonomy":"product_tag","embeddable":true,"href":"https:\/\/sklep.thepartners.pl\/cs\/wp-json\/wp\/v2\/product_tag?post=3155"}],"curies":[{"name":"wp","href":"https:\/\/api.w.org\/{rel}","templated":true}]}}