{"id":31651,"date":"2025-11-04T11:30:42","date_gmt":"2025-11-04T10:30:42","guid":{"rendered":"https:\/\/sklep.thepartners.pl\/produkt\/siatka-sempre-165-g-m%c2%b2-paleta-33-szt-1815-m%c2%b2-wysokiej-jakosci-siatka-zbrojaca\/"},"modified":"2025-11-04T11:57:40","modified_gmt":"2025-11-04T10:57:40","slug":"siatka-sempre-165-g-m%c2%b2-paleta-33-szt-1815-m%c2%b2-wysokiej-jakosci-siatka-zbrojaca","status":"publish","type":"product","link":"https:\/\/sklep.thepartners.pl\/cs\/produkt\/siatka-sempre-165-g-m%c2%b2-paleta-33-szt-1815-m%c2%b2-wysokiej-jakosci-siatka-zbrojaca\/","title":{"rendered":"Sempre S\u00ed\u0165 165 g\/m\u00b2 \u2013 Paleta 33 ks (1815 m\u00b2) \u2013 Vysoce kvalitn\u00ed v\u00fdztu\u017en\u00e1 s\u00ed\u0165ovina"},"content":{"rendered":"<h3 data-start=\"184\" data-end=\"285\"><strong data-start=\"188\" data-end=\"285\">S\u00ed\u0165 Sempre 165 g\/m\u00b2 \u2013 Paleta 33 ks (1815 m\u00b2) \u2013 Vysoce kvalitn\u00ed v\u00fdztu\u017en\u00e1 s\u00ed\u0165 s dopravou zdarma<\/strong><\/h3>\n<p data-start=\"287\" data-end=\"775\"><strong data-start=\"287\" data-end=\"306\">Popis produktu:<\/strong><br data-start=\"306\" data-end=\"309\" \/><strong data-start=\"309\" data-end=\"332\">S\u00ed\u0165 Sempre 165 g\/m\u00b2<\/strong> je profesion\u00e1ln\u00ed, zes\u00edlen\u00e1 <strong data-start=\"360\" data-end=\"399\">armovac\u00ed tkanina ze skeln\u00fdch vl\u00e1ken<\/strong>, ur\u010den\u00e1 pro zpevn\u011bn\u00ed om\u00edtkov\u00fdch vrstev, fas\u00e1d a zateplovac\u00edch syst\u00e9m\u016f ETICS. V paletov\u00e9m balen\u00ed z\u00edsk\u00e1te <strong data-start=\"504\" data-end=\"539\">33 rol\u00ed o celkov\u00e9 plo\u0161e 1815 m\u00b2<\/strong> \u2013 ide\u00e1ln\u00ed volba pro stavebn\u00ed firmy, developery a \u0159emesln\u00edky, kte\u0159\u00ed po\u017eaduj\u00ed <strong data-start=\"616\" data-end=\"665\">nejvy\u0161\u0161\u00ed kvalitu, efektivitu a \u00fasporu n\u00e1klad\u016f<\/strong>.<br data-start=\"666\" data-end=\"669\" \/>P\u0159i koupi cel\u00e9 palety <strong data-start=\"691\" data-end=\"713\">plat\u00edte m\u00e9n\u011b za m\u00b2<\/strong> a nav\u00edc z\u00edsk\u00e1te <strong data-start=\"730\" data-end=\"748\">dopravu zdarma<\/strong> po cel\u00e9 \u010cesk\u00e9 republice!<\/p>\n<h3 data-start=\"782\" data-end=\"804\"><strong data-start=\"786\" data-end=\"804\">Hlavn\u00ed v\u00fdhody:<\/strong><\/h3>\n<ul data-start=\"805\" data-end=\"1588\">\n<li data-start=\"805\" data-end=\"903\">\n<p data-start=\"807\" data-end=\"903\"><strong data-start=\"809\" data-end=\"842\">Vysoce kvalitn\u00ed skeln\u00e1 vl\u00e1kna<\/strong> \u2013 vynikaj\u00edc\u00ed pevnost, pru\u017enost a odolnost proti roztr\u017een\u00ed.<\/p>\n<\/li>\n<li data-start=\"904\" data-end=\"1015\">\n<p data-start=\"906\" data-end=\"1015\"><strong data-start=\"908\" data-end=\"939\">Alkalicky odoln\u00e1 impregnace<\/strong> \u2013 chr\u00e1n\u00ed s\u00ed\u0165 p\u0159ed p\u016fsoben\u00edm stavebn\u00edch sm\u011bs\u00ed a prodlu\u017euje jej\u00ed \u017eivotnost.<\/p>\n<\/li>\n<li data-start=\"1016\" data-end=\"1135\">\n<p data-start=\"1018\" data-end=\"1135\"><strong data-start=\"1020\" data-end=\"1039\">Gram\u00e1\u017e 165 g\/m\u00b2<\/strong> \u2013 ide\u00e1ln\u00ed pom\u011br pevnosti a hmotnosti, doporu\u010den\u00e1 pro profesion\u00e1ln\u00ed zateplovac\u00ed syst\u00e9my ETICS.<\/p>\n<\/li>\n<li data-start=\"1136\" data-end=\"1231\">\n<p data-start=\"1138\" data-end=\"1231\"><strong data-start=\"1140\" data-end=\"1165\">Stabiln\u00ed g\u00e1zov\u00e1 vazba<\/strong> \u2013 zaji\u0161\u0165uje rovnom\u011brnou strukturu a zabra\u0148uje posunut\u00ed v\u00fdztu\u017ee.<\/p>\n<\/li>\n<li data-start=\"1232\" data-end=\"1333\">\n<p data-start=\"1234\" data-end=\"1333\"><strong data-start=\"1236\" data-end=\"1265\">Vysok\u00e1 pru\u017enost a pevnost<\/strong> \u2013 vhodn\u00e1 i pro st\u011bny vystaven\u00e9 mechanick\u00e9mu nap\u011bt\u00ed nebo vibrac\u00edm.<\/p>\n<\/li>\n<li data-start=\"1334\" data-end=\"1442\">\n<p data-start=\"1336\" data-end=\"1442\"><strong data-start=\"1338\" data-end=\"1357\">Snadn\u00e1 aplikace<\/strong> \u2013 \u0161\u00ed\u0159ka 1,1 m a d\u00e9lka 50 m umo\u017e\u0148uj\u00ed rychlou instalaci s minim\u00e1ln\u00edm po\u010dtem p\u0159esah\u016f.<\/p>\n<\/li>\n<li data-start=\"1443\" data-end=\"1527\">\n<p data-start=\"1445\" data-end=\"1527\"><strong data-start=\"1447\" data-end=\"1468\">Ekonomick\u00e9 balen\u00ed<\/strong> \u2013 33 rol\u00ed = 1815 m\u00b2 = maxim\u00e1ln\u00ed \u00faspora \u010dasu i materi\u00e1lu.<\/p>\n<\/li>\n<\/ul>\n<h3 data-start=\"1595\" data-end=\"1611\"><strong data-start=\"1599\" data-end=\"1611\">Pou\u017eit\u00ed:<\/strong><\/h3>\n<p data-start=\"1612\" data-end=\"1668\">S\u00ed\u0165 Sempre 165 g\/m\u00b2 v paletov\u00e9m balen\u00ed je ide\u00e1ln\u00ed pro:<\/p>\n<ul data-start=\"1669\" data-end=\"1949\">\n<li data-start=\"1669\" data-end=\"1742\">\n<p data-start=\"1671\" data-end=\"1742\">zateplovac\u00ed syst\u00e9my fas\u00e1d (ETICS) na polystyrenu nebo miner\u00e1ln\u00ed vln\u011b,<\/p>\n<\/li>\n<li data-start=\"1743\" data-end=\"1800\">\n<p data-start=\"1745\" data-end=\"1800\">v\u00fdztu\u017e vrstev om\u00edtek cementov\u00fdch a v\u00e1penocementov\u00fdch,<\/p>\n<\/li>\n<li data-start=\"1801\" data-end=\"1867\">\n<p data-start=\"1803\" data-end=\"1867\">opravy a renovace fas\u00e1d, zpevn\u011bn\u00ed ploch n\u00e1chyln\u00fdch k prask\u00e1n\u00ed,<\/p>\n<\/li>\n<li data-start=\"1868\" data-end=\"1949\">\n<p data-start=\"1870\" data-end=\"1949\">velk\u00e9 stavebn\u00ed projekty, kde je po\u017eadov\u00e1na kvalita, trvanlivost a efektivita.<\/p>\n<\/li>\n<\/ul>\n<h3 data-start=\"1956\" data-end=\"1980\"><strong data-start=\"1960\" data-end=\"1980\">N\u00e1vod k pou\u017eit\u00ed:<\/strong><\/h3>\n<ol data-start=\"1981\" data-end=\"2303\">\n<li data-start=\"1981\" data-end=\"2050\">\n<p data-start=\"1984\" data-end=\"2050\">P\u0159ipravte podklad \u2013 o\u010dist\u011bte, vysu\u0161te a odstra\u0148te voln\u00e9 \u010d\u00e1stice.<\/p>\n<\/li>\n<li data-start=\"2051\" data-end=\"2124\">\n<p data-start=\"2054\" data-end=\"2124\">Naneste lepic\u00ed a st\u011brkovou hmotu podle doporu\u010den\u00ed syst\u00e9mu zateplen\u00ed.<\/p>\n<\/li>\n<li data-start=\"2125\" data-end=\"2194\">\n<p data-start=\"2128\" data-end=\"2194\">Vtla\u010dte s\u00ed\u0165 Sempre do \u010derstv\u00e9 vrstvy malty s p\u0159esahem cca 10 cm.<\/p>\n<\/li>\n<li data-start=\"2195\" data-end=\"2237\">\n<p data-start=\"2198\" data-end=\"2237\">Vyrovnejte povrch a nechte zaschnout.<\/p>\n<\/li>\n<li data-start=\"2238\" data-end=\"2303\">\n<p data-start=\"2241\" data-end=\"2303\">Po vytvrzen\u00ed pokra\u010dujte z\u00e1kladn\u00edm n\u00e1t\u011brem a fin\u00e1ln\u00ed om\u00edtkou.<\/p>\n<\/li>\n<\/ol>\n<h3 data-start=\"2310\" data-end=\"2334\"><strong data-start=\"2314\" data-end=\"2334\">Technick\u00e9 \u00fadaje:<\/strong><\/h3>\n<ul data-start=\"2335\" data-end=\"2553\">\n<li data-start=\"2335\" data-end=\"2359\">\n<p data-start=\"2337\" data-end=\"2359\"><strong data-start=\"2337\" data-end=\"2348\">Gram\u00e1\u017e:<\/strong> 165 g\/m\u00b2<\/p>\n<\/li>\n<li data-start=\"2360\" data-end=\"2402\">\n<p data-start=\"2362\" data-end=\"2402\"><strong data-start=\"2362\" data-end=\"2379\">Rozm\u011bry role:<\/strong> 1,1 m \u00d7 50 m (55 m\u00b2)<\/p>\n<\/li>\n<li data-start=\"2403\" data-end=\"2436\">\n<p data-start=\"2405\" data-end=\"2436\"><strong data-start=\"2405\" data-end=\"2428\">Mno\u017estv\u00ed na palet\u011b:<\/strong> 33 ks<\/p>\n<\/li>\n<li data-start=\"2437\" data-end=\"2468\">\n<p data-start=\"2439\" data-end=\"2468\"><strong data-start=\"2439\" data-end=\"2458\">Celkov\u00e1 plocha:<\/strong> 1815 m\u00b2<\/p>\n<\/li>\n<li data-start=\"2469\" data-end=\"2492\">\n<p data-start=\"2471\" data-end=\"2492\"><strong data-start=\"2471\" data-end=\"2481\">Barva:<\/strong> oran\u017eov\u00e1<\/p>\n<\/li>\n<li data-start=\"2493\" data-end=\"2527\">\n<p data-start=\"2495\" data-end=\"2527\"><strong data-start=\"2495\" data-end=\"2508\">Odolnost:<\/strong> alkalicky odoln\u00e1<\/p>\n<\/li>\n<li data-start=\"2528\" data-end=\"2553\">\n<p data-start=\"2530\" data-end=\"2553\"><strong data-start=\"2530\" data-end=\"2544\">Typ vazby:<\/strong> g\u00e1zov\u00e1<\/p>\n<\/li>\n<\/ul>\n","protected":false},"excerpt":{"rendered":"<blockquote><p><strong>Pro vnit\u0159n\u00ed i venkovn\u00ed pou\u017eit\u00ed<\/strong><\/p>\n<p><strong>M\u00e1 g\u00e1zovou vazbu<\/strong><\/p>\n<p><strong>Odoln\u00fd v\u016f\u010di alk\u00e1li\u00edm<\/strong><\/p>\n<p><strong>Vod\u011bodoln\u00fd<\/strong><\/p>\n<p><strong>Mrazuvzdorn\u00fd<\/strong><\/p>\n<p><strong>Snadn\u00e9 pou\u017eit\u00ed<\/strong><\/p><\/blockquote>\n","protected":false},"featured_media":31649,"comment_status":"open","ping_status":"closed","template":"","meta":{"_acf_changed":false},"product_brand":[],"product_cat":[1407,143,144],"product_tag":[1431],"class_list":{"0":"post-31651","1":"product","2":"type-product","3":"status-publish","4":"has-post-thumbnail","6":"product_cat-zvlastni-nabidka","7":"product_cat-tepelne-izolace","8":"product_cat-prislusenstvi","9":"product_tag-siatka-sempre-165-g-m","10":"product_shipping_class-transport-gratis-cs","11":"pa_darmowa-dostawa-ano","12":"pa_producent-sempre-cs","14":"first","15":"instock","16":"taxable","17":"shipping-taxable","18":"purchasable","19":"product-type-simple"},"acf":[],"_links":{"self":[{"href":"https:\/\/sklep.thepartners.pl\/cs\/wp-json\/wp\/v2\/product\/31651","targetHints":{"allow":["GET"]}}],"collection":[{"href":"https:\/\/sklep.thepartners.pl\/cs\/wp-json\/wp\/v2\/product"}],"about":[{"href":"https:\/\/sklep.thepartners.pl\/cs\/wp-json\/wp\/v2\/types\/product"}],"replies":[{"embeddable":true,"href":"https:\/\/sklep.thepartners.pl\/cs\/wp-json\/wp\/v2\/comments?post=31651"}],"wp:featuredmedia":[{"embeddable":true,"href":"https:\/\/sklep.thepartners.pl\/cs\/wp-json\/wp\/v2\/media\/31649"}],"wp:attachment":[{"href":"https:\/\/sklep.thepartners.pl\/cs\/wp-json\/wp\/v2\/media?parent=31651"}],"wp:term":[{"taxonomy":"product_brand","embeddable":true,"href":"https:\/\/sklep.thepartners.pl\/cs\/wp-json\/wp\/v2\/product_brand?post=31651"},{"taxonomy":"product_cat","embeddable":true,"href":"https:\/\/sklep.thepartners.pl\/cs\/wp-json\/wp\/v2\/product_cat?post=31651"},{"taxonomy":"product_tag","embeddable":true,"href":"https:\/\/sklep.thepartners.pl\/cs\/wp-json\/wp\/v2\/product_tag?post=31651"}],"curies":[{"name":"wp","href":"https:\/\/api.w.org\/{rel}","templated":true}]}}