{"id":31660,"date":"2025-11-04T13:18:28","date_gmt":"2025-11-04T12:18:28","guid":{"rendered":"https:\/\/sklep.thepartners.pl\/produkt\/siatka-sempre-165-g-m%c2%b2-zestaw-6-szt-330-m%c2%b2-wysokiej-jakosci-siatka-zbrojaca\/"},"modified":"2025-11-04T14:05:35","modified_gmt":"2025-11-04T13:05:35","slug":"siatka-sempre-165-g-m%c2%b2-zestaw-6-szt-330-m%c2%b2-wysokiej-jakosci-siatka-zbrojaca","status":"publish","type":"product","link":"https:\/\/sklep.thepartners.pl\/cs\/produkt\/siatka-sempre-165-g-m%c2%b2-zestaw-6-szt-330-m%c2%b2-wysokiej-jakosci-siatka-zbrojaca\/","title":{"rendered":"Sempre S\u00ed\u0165  165 g\/m\u00b2 \u2013 Sada 6 ks (330 m\u00b2) \u2013 Vysoce kvalitn\u00ed v\u00fdztu\u017en\u00e1 s\u00ed\u0165"},"content":{"rendered":"<p data-start=\"3165\" data-end=\"3541\"><strong data-start=\"3187\" data-end=\"3210\">S\u00ed\u0165 Sempre 165 g\/m\u00b2<\/strong> je kvalitn\u00ed v\u00fdztu\u017en\u00e1 tkanina ze skeln\u00fdch vl\u00e1ken ur\u010den\u00e1 pro zpevn\u011bn\u00ed fas\u00e1d, om\u00edtek a zateplovac\u00edch syst\u00e9m\u016f ETICS. V sad\u011b z\u00edsk\u00e1te <strong data-start=\"3339\" data-end=\"3358\">6 rol\u00ed po 55 m\u00b2<\/strong>, tedy celkem <strong data-start=\"3372\" data-end=\"3382\">330 m\u00b2<\/strong> \u2013 ide\u00e1ln\u00ed \u0159e\u0161en\u00ed pro st\u0159edn\u011b velk\u00e9 stavebn\u00ed projekty.<\/p>\n<h3 data-start=\"3165\" data-end=\"3541\"><strong data-start=\"3552\" data-end=\"3570\">Hlavn\u00ed v\u00fdhody:<\/strong><\/h3>\n<ul data-start=\"3573\" data-end=\"4161\">\n<li data-start=\"3573\" data-end=\"3662\">\n<p data-start=\"3575\" data-end=\"3662\"><strong data-start=\"3577\" data-end=\"3610\">Vysoce kvalitn\u00ed skeln\u00e1 vl\u00e1kna<\/strong> \u2013 zaru\u010duj\u00ed pevnost, odolnost a dlouhou \u017eivotnost.<\/p>\n<\/li>\n<li data-start=\"3663\" data-end=\"3756\">\n<p data-start=\"3665\" data-end=\"3756\"><strong data-start=\"3667\" data-end=\"3698\">Alkalicky odoln\u00e1 impregnace<\/strong> \u2013 chr\u00e1n\u00ed s\u00ed\u0165 p\u0159ed p\u016fsoben\u00edm lepidel a stavebn\u00edch sm\u011bs\u00ed.<\/p>\n<\/li>\n<li data-start=\"3757\" data-end=\"3838\">\n<p data-start=\"3759\" data-end=\"3838\"><strong data-start=\"3761\" data-end=\"3780\">Gram\u00e1\u017e 165 g\/m\u00b2<\/strong> \u2013 ide\u00e1ln\u00ed pom\u011br pevnosti a hmotnosti pro syst\u00e9my ETICS.<\/p>\n<\/li>\n<li data-start=\"3839\" data-end=\"3924\">\n<p data-start=\"3841\" data-end=\"3924\"><strong data-start=\"3843\" data-end=\"3868\">Stabiln\u00ed g\u00e1zov\u00e1 vazba<\/strong> \u2013 zaji\u0161\u0165uje rovnom\u011brnou strukturu a snadnou aplikaci.<\/p>\n<\/li>\n<li data-start=\"3925\" data-end=\"4014\">\n<p data-start=\"3927\" data-end=\"4014\"><strong data-start=\"3929\" data-end=\"3958\">Vysok\u00e1 pru\u017enost a pevnost<\/strong> \u2013 vhodn\u00e1 pro vn\u011bj\u0161\u00ed i vnit\u0159n\u00ed st\u011bny vystaven\u00e9 nap\u011bt\u00ed.<\/p>\n<\/li>\n<li data-start=\"4015\" data-end=\"4111\">\n<p data-start=\"4017\" data-end=\"4111\"><strong data-start=\"4019\" data-end=\"4036\">Snadn\u00e1 mont\u00e1\u017e<\/strong> \u2013 \u0161\u00ed\u0159ka 1,1 m a d\u00e9lka 50 m umo\u017e\u0148uje rychlou instalaci s minimem p\u0159esah\u016f.<\/p>\n<\/li>\n<\/ul>\n<h3 data-start=\"4168\" data-end=\"4186\"><strong data-start=\"4172\" data-end=\"4184\">Pou\u017eit\u00ed:<\/strong><\/h3>\n<p data-start=\"4187\" data-end=\"4224\">S\u00ed\u0165 Sempre 165 g\/m\u00b2 je ide\u00e1ln\u00ed pro:<\/p>\n<ul data-start=\"4225\" data-end=\"4385\">\n<li data-start=\"4225\" data-end=\"4263\">\n<p data-start=\"4227\" data-end=\"4263\">zateplovac\u00ed syst\u00e9my fas\u00e1d (ETICS),<\/p>\n<\/li>\n<li data-start=\"4264\" data-end=\"4291\">\n<p data-start=\"4266\" data-end=\"4291\">v\u00fdztu\u017e om\u00edtek a st\u011brek,<\/p>\n<\/li>\n<li data-start=\"4292\" data-end=\"4320\">\n<p data-start=\"4294\" data-end=\"4320\">opravy a renovace fas\u00e1d,<\/p>\n<\/li>\n<li data-start=\"4321\" data-end=\"4385\">\n<p data-start=\"4323\" data-end=\"4385\">st\u0159edn\u00ed projekty staveb, kde je po\u017eadov\u00e1na kvalita a \u00faspora.<\/p>\n<\/li>\n<\/ul>\n<h3 data-start=\"4392\" data-end=\"4418\"><strong data-start=\"4396\" data-end=\"4416\">N\u00e1vod k pou\u017eit\u00ed:<\/strong><\/h3>\n<ol data-start=\"4419\" data-end=\"4654\">\n<li data-start=\"4419\" data-end=\"4473\">\n<p data-start=\"4422\" data-end=\"4473\">P\u0159ipravte podklad \u2013 o\u010dist\u011bte a vyrovnejte povrch.<\/p>\n<\/li>\n<li data-start=\"4474\" data-end=\"4512\">\n<p data-start=\"4477\" data-end=\"4512\">Naneste lepic\u00ed a st\u011brkovou hmotu.<\/p>\n<\/li>\n<li data-start=\"4513\" data-end=\"4575\">\n<p data-start=\"4516\" data-end=\"4575\">Vtla\u010dte s\u00ed\u0165 Sempre do \u010derstv\u00e9 malty s p\u0159esahem cca 10 cm.<\/p>\n<\/li>\n<li data-start=\"4576\" data-end=\"4611\">\n<p data-start=\"4579\" data-end=\"4611\">Vyrovnejte a nechte zaschnout.<\/p>\n<\/li>\n<li data-start=\"4612\" data-end=\"4654\">\n<p data-start=\"4615\" data-end=\"4654\">Pokra\u010dujte n\u00e1t\u011brem a fin\u00e1ln\u00ed om\u00edtkou.<\/p>\n<\/li>\n<\/ol>\n<h3 data-start=\"4661\" data-end=\"4687\"><strong data-start=\"4665\" data-end=\"4685\">Technick\u00e9 \u00fadaje:<\/strong><\/h3>\n<ul data-start=\"4688\" data-end=\"4901\">\n<li data-start=\"4688\" data-end=\"4712\">\n<p data-start=\"4690\" data-end=\"4712\"><strong data-start=\"4690\" data-end=\"4701\">Gram\u00e1\u017e:<\/strong> 165 g\/m\u00b2<\/p>\n<\/li>\n<li data-start=\"4713\" data-end=\"4755\">\n<p data-start=\"4715\" data-end=\"4755\"><strong data-start=\"4715\" data-end=\"4732\">Rozm\u011bry role:<\/strong> 1,1 m \u00d7 50 m (55 m\u00b2)<\/p>\n<\/li>\n<li data-start=\"4756\" data-end=\"4785\">\n<p data-start=\"4758\" data-end=\"4785\"><strong data-start=\"4758\" data-end=\"4778\">Mno\u017estv\u00ed v sad\u011b:<\/strong> 6 ks<\/p>\n<\/li>\n<li data-start=\"4786\" data-end=\"4816\">\n<p data-start=\"4788\" data-end=\"4816\"><strong data-start=\"4788\" data-end=\"4807\">Celkov\u00e1 plocha:<\/strong> 330 m\u00b2<\/p>\n<\/li>\n<li data-start=\"4817\" data-end=\"4840\">\n<p data-start=\"4819\" data-end=\"4840\"><strong data-start=\"4819\" data-end=\"4829\">Barva:<\/strong> oran\u017eov\u00e1<\/p>\n<\/li>\n<li data-start=\"4841\" data-end=\"4875\">\n<p data-start=\"4843\" data-end=\"4875\"><strong data-start=\"4843\" data-end=\"4856\">Odolnost:<\/strong> alkalicky odoln\u00e1<\/p>\n<\/li>\n<li data-start=\"4876\" data-end=\"4901\">\n<p data-start=\"4878\" data-end=\"4901\"><strong data-start=\"4878\" data-end=\"4892\">Typ vazby:<\/strong> g\u00e1zov\u00e1<\/p>\n<\/li>\n<\/ul>\n<p><strong data-start=\"2354\" data-end=\"2373\">V\u00fdhody pou\u017eit\u00ed:<\/strong><br data-start=\"2373\" data-end=\"2376\" \/>S\u00ed\u0165 Sempre 165\/55 m\u00b2 je spolehliv\u00fdm \u0159e\u0161en\u00edm pro dlouhodob\u011b odoln\u00e9 a stabiln\u00ed zateplovac\u00ed syst\u00e9my. D\u00edky sv\u00e9 vysok\u00e9 pevnosti a odolnosti v\u016f\u010di alk\u00e1li\u00edm \u00fa\u010dinn\u011b zabra\u0148uje vzniku trhlin, zaji\u0161\u0165uje pevnost v\u00fdztu\u017en\u00e9 vrstvy a prodlu\u017euje \u017eivotnost fas\u00e1dy i om\u00edtek.<\/p>\n","protected":false},"excerpt":{"rendered":"<blockquote><p><strong>Pro vnit\u0159n\u00ed i venkovn\u00ed pou\u017eit\u00ed<\/strong><\/p>\n<p><strong>S g\u00e1zovou tkaninou<\/strong><\/p>\n<p><strong>Odoln\u00fd v\u016f\u010di alk\u00e1li\u00edm<\/strong><\/p>\n<p><strong>Vodot\u011bsn\u00fd<\/strong><\/p>\n<p><strong>Mrazuvzdorn\u00fd<\/strong><\/p>\n<p><strong>Snadn\u00e9 pou\u017eit\u00ed<\/strong><\/p><\/blockquote>\n","protected":false},"featured_media":31658,"comment_status":"open","ping_status":"closed","template":"","meta":{"_acf_changed":false},"product_brand":[],"product_cat":[1407,143,144],"product_tag":[1431],"class_list":{"0":"post-31660","1":"product","2":"type-product","3":"status-publish","4":"has-post-thumbnail","6":"product_cat-zvlastni-nabidka","7":"product_cat-tepelne-izolace","8":"product_cat-prislusenstvi","9":"product_tag-siatka-sempre-165-g-m","10":"product_shipping_class-transport-gratis-cs","11":"pa_darmowa-dostawa-ano","12":"pa_producent-sempre-cs","14":"first","15":"instock","16":"taxable","17":"shipping-taxable","18":"purchasable","19":"product-type-simple"},"acf":[],"_links":{"self":[{"href":"https:\/\/sklep.thepartners.pl\/cs\/wp-json\/wp\/v2\/product\/31660","targetHints":{"allow":["GET"]}}],"collection":[{"href":"https:\/\/sklep.thepartners.pl\/cs\/wp-json\/wp\/v2\/product"}],"about":[{"href":"https:\/\/sklep.thepartners.pl\/cs\/wp-json\/wp\/v2\/types\/product"}],"replies":[{"embeddable":true,"href":"https:\/\/sklep.thepartners.pl\/cs\/wp-json\/wp\/v2\/comments?post=31660"}],"wp:featuredmedia":[{"embeddable":true,"href":"https:\/\/sklep.thepartners.pl\/cs\/wp-json\/wp\/v2\/media\/31658"}],"wp:attachment":[{"href":"https:\/\/sklep.thepartners.pl\/cs\/wp-json\/wp\/v2\/media?parent=31660"}],"wp:term":[{"taxonomy":"product_brand","embeddable":true,"href":"https:\/\/sklep.thepartners.pl\/cs\/wp-json\/wp\/v2\/product_brand?post=31660"},{"taxonomy":"product_cat","embeddable":true,"href":"https:\/\/sklep.thepartners.pl\/cs\/wp-json\/wp\/v2\/product_cat?post=31660"},{"taxonomy":"product_tag","embeddable":true,"href":"https:\/\/sklep.thepartners.pl\/cs\/wp-json\/wp\/v2\/product_tag?post=31660"}],"curies":[{"name":"wp","href":"https:\/\/api.w.org\/{rel}","templated":true}]}}