{"id":31734,"date":"2025-11-13T13:31:07","date_gmt":"2025-11-13T12:31:07","guid":{"rendered":"https:\/\/sklep.thepartners.pl\/produkt\/ursa-df39-silver-150mm-rolka-6-m2-12504800\/"},"modified":"2025-11-13T13:38:57","modified_gmt":"2025-11-13T12:38:57","slug":"ursa-df39-silver-150mm-rolka-6-m2-12504800","status":"publish","type":"product","link":"https:\/\/sklep.thepartners.pl\/cs\/produkt\/ursa-df39-silver-150mm-rolka-6-m2-12504800\/","title":{"rendered":"Miner\u00e1ln\u00ed Vlna URSA DF39 SILVER 150 mm Role 6 m\u00b2"},"content":{"rendered":"<h3 data-start=\"2338\" data-end=\"2404\">URSA DF39 SILVER 150 mm \u2013 \u00fa\u010dinn\u00e1 tepeln\u00e1 a akustick\u00e1 izolace<\/h3>\n<p data-start=\"2406\" data-end=\"2711\">Miner\u00e1ln\u00ed vata <strong data-start=\"2421\" data-end=\"2448\">URSA DF39 SILVER 150 mm<\/strong> v roli <strong data-start=\"2456\" data-end=\"2464\">6 m\u00b2<\/strong> je vysoce kvalitn\u00ed izola\u010dn\u00ed materi\u00e1l, kter\u00fd poskytuje efektivn\u00ed tepelnou a akustickou ochranu obytn\u00fdch a komer\u010dn\u00edch budov. D\u00edky sou\u010diniteli tepeln\u00e9 vodivosti <strong data-start=\"2623\" data-end=\"2642\">\u03bbD = 0,039 W\/mK<\/strong> zaji\u0161\u0165uje efektivn\u00ed izolaci a komfortn\u00ed teplotu v ka\u017ed\u00e9 m\u00edstnosti.<\/p>\n<h3 data-start=\"2718\" data-end=\"2755\">V\u00fdhody produktu URSA DF39 SILVER:<\/h3>\n<ul data-start=\"2757\" data-end=\"3308\">\n<li data-start=\"2757\" data-end=\"2867\">\n<p data-start=\"2759\" data-end=\"2867\"><strong data-start=\"2759\" data-end=\"2785\">Vysok\u00e1 tepeln\u00e1 izolace<\/strong> \u2013 \u03bbD = 0,039 W\/mK \u00fa\u010dinn\u011b udr\u017euje teplo v zim\u011b a chr\u00e1n\u00ed p\u0159ed p\u0159eh\u0159\u00edv\u00e1n\u00edm v l\u00e9t\u011b.<\/p>\n<\/li>\n<li data-start=\"2868\" data-end=\"2945\">\n<p data-start=\"2870\" data-end=\"2945\"><strong data-start=\"2870\" data-end=\"2897\">T\u0159\u00edda reakce na ohe\u0148 A1<\/strong> \u2013 neho\u0159lav\u00fd materi\u00e1l, bezpe\u010dn\u00fd pro u\u017eivatele.<\/p>\n<\/li>\n<li data-start=\"2946\" data-end=\"3047\">\n<p data-start=\"2948\" data-end=\"3047\"><strong data-start=\"2948\" data-end=\"2985\">Velk\u00e1 pru\u017enost a snadn\u00e1 instalace<\/strong> \u2013 flexibiln\u00ed role se p\u0159izp\u016fsob\u00ed st\u0159ech\u00e1m, st\u011bn\u00e1m a strop\u016fm.<\/p>\n<\/li>\n<li data-start=\"3048\" data-end=\"3139\">\n<p data-start=\"3050\" data-end=\"3139\"><strong data-start=\"3050\" data-end=\"3069\">Paropropustnost<\/strong> \u2013 umo\u017e\u0148uje konstrukc\u00edm \u201ed\u00fdchat\u201c a minimalizuje kondenzaci vlhkosti.<\/p>\n<\/li>\n<li data-start=\"3140\" data-end=\"3235\">\n<p data-start=\"3142\" data-end=\"3235\"><strong data-start=\"3142\" data-end=\"3187\">Odolnost v\u016f\u010di st\u00e1rnut\u00ed a dlouh\u00e1 \u017eivotnost<\/strong> \u2013 zachov\u00e1v\u00e1 izola\u010dn\u00ed vlastnosti po mnoho let.<\/p>\n<\/li>\n<li data-start=\"3236\" data-end=\"3308\">\n<p data-start=\"3238\" data-end=\"3308\"><strong data-start=\"3238\" data-end=\"3262\">Pohodln\u00e1 plocha role<\/strong> \u2013 6 m\u00b2 umo\u017e\u0148uje rychlou a pohodlnou mont\u00e1\u017e.<\/p>\n<\/li>\n<\/ul>\n<h3 data-start=\"3315\" data-end=\"3344\">Pou\u017eit\u00ed URSA DF39 SILVER:<\/h3>\n<ul data-start=\"3346\" data-end=\"3512\">\n<li data-start=\"3346\" data-end=\"3384\">\n<p data-start=\"3348\" data-end=\"3384\">izolace podkrov\u00ed a \u0161ikm\u00fdch st\u0159ech,<\/p>\n<\/li>\n<li data-start=\"3385\" data-end=\"3419\">\n<p data-start=\"3387\" data-end=\"3419\">p\u0159\u00ed\u010dky a skeletov\u00e9 konstrukce,<\/p>\n<\/li>\n<li data-start=\"3420\" data-end=\"3456\">\n<p data-start=\"3422\" data-end=\"3456\">stropy, podhledy a lehk\u00e9 p\u0159\u00ed\u010dky,<\/p>\n<\/li>\n<li data-start=\"3457\" data-end=\"3512\">\n<p data-start=\"3459\" data-end=\"3512\">akustick\u00e1 izolace obytn\u00fdch a kancel\u00e1\u0159sk\u00fdch prostor.<\/p>\n<\/li>\n<\/ul>\n<h3 data-start=\"3519\" data-end=\"3543\">Technick\u00e9 parametry:<\/h3>\n<ul data-start=\"3545\" data-end=\"3700\">\n<li data-start=\"3545\" data-end=\"3565\">\n<p data-start=\"3547\" data-end=\"3565\">Tlou\u0161\u0165ka: 150 mm<\/p>\n<\/li>\n<li data-start=\"3566\" data-end=\"3587\">\n<p data-start=\"3568\" data-end=\"3587\">Plocha role: 6 m\u00b2<\/p>\n<\/li>\n<li data-start=\"3588\" data-end=\"3635\">\n<p data-start=\"3590\" data-end=\"3635\">Sou\u010dinitel tepeln\u00e9 vodivosti \u03bbD: 0,039 W\/mK<\/p>\n<\/li>\n<li data-start=\"3636\" data-end=\"3664\">\n<p data-start=\"3638\" data-end=\"3664\">T\u0159\u00edda reakce na ohe\u0148: A1<\/p>\n<\/li>\n<li data-start=\"3665\" data-end=\"3700\">\n<p data-start=\"3667\" data-end=\"3700\">Materi\u00e1l: skeln\u00e1 miner\u00e1ln\u00ed vata<\/p>\n<\/li>\n<\/ul>\n<h3 data-start=\"3707\" data-end=\"3740\">Pro\u010d zvolit URSA DF39 SILVER?<\/h3>\n<p data-start=\"3742\" data-end=\"4039\">Miner\u00e1ln\u00ed vata <strong data-start=\"3757\" data-end=\"3784\">URSA DF39 SILVER 150 mm<\/strong> kombinuje vysokou tepelnou a akustickou izolaci s bezpe\u010dnost\u00ed a dlouhou \u017eivotnost\u00ed. Flexibiln\u00ed konstrukce a pohodln\u00e1 plocha role zaji\u0161\u0165uj\u00ed snadnou mont\u00e1\u017e pro nov\u00e9 stavby i modernizace. Volba <strong data-start=\"3976\" data-end=\"4036\">energeticky \u00fasporn\u00e1, ekologick\u00e1 a bezpe\u010dn\u00e1 pro u\u017eivatele<\/strong>.<\/p>\n","protected":false},"excerpt":{"rendered":"<blockquote>\n<h5 data-start=\"84\" data-end=\"108\">Vysok\u00e1 tepeln\u00e1 izolace<\/h5>\n<h5 data-start=\"111\" data-end=\"134\">Dobr\u00e1 zvukov\u00e1 izolace<\/h5>\n<h5 data-start=\"137\" data-end=\"172\">Odolnost proti vlhkosti a pl\u00edsn\u00edm<\/h5>\n<h5 data-start=\"175\" data-end=\"198\">Lehk\u00e1 a snadn\u00e1 mont\u00e1\u017e<\/h5>\n<h5 data-start=\"201\" data-end=\"234\">Trvanlivost a rozm\u011brov\u00e1 stabilita<\/h5>\n<\/blockquote>\n","protected":false},"featured_media":31726,"comment_status":"open","ping_status":"closed","template":"","meta":{"_acf_changed":false},"product_brand":[],"product_cat":[1407,143,150],"product_tag":[1437,1436],"class_list":{"0":"post-31734","1":"product","2":"type-product","3":"status-publish","4":"has-post-thumbnail","6":"product_cat-zvlastni-nabidka","7":"product_cat-tepelne-izolace","8":"product_cat-mineralni-vlnu","9":"product_tag-ursa","10":"product_tag-welna-mineralna","11":"product_shipping_class-transport-the-partners-cs","12":"pa_producent-ursa","13":"pa_wspolczynnik-przewodzenia-0039-wmk-cs","15":"first","16":"instock","17":"taxable","18":"shipping-taxable","19":"purchasable","20":"product-type-simple"},"acf":[],"_links":{"self":[{"href":"https:\/\/sklep.thepartners.pl\/cs\/wp-json\/wp\/v2\/product\/31734","targetHints":{"allow":["GET"]}}],"collection":[{"href":"https:\/\/sklep.thepartners.pl\/cs\/wp-json\/wp\/v2\/product"}],"about":[{"href":"https:\/\/sklep.thepartners.pl\/cs\/wp-json\/wp\/v2\/types\/product"}],"replies":[{"embeddable":true,"href":"https:\/\/sklep.thepartners.pl\/cs\/wp-json\/wp\/v2\/comments?post=31734"}],"wp:featuredmedia":[{"embeddable":true,"href":"https:\/\/sklep.thepartners.pl\/cs\/wp-json\/wp\/v2\/media\/31726"}],"wp:attachment":[{"href":"https:\/\/sklep.thepartners.pl\/cs\/wp-json\/wp\/v2\/media?parent=31734"}],"wp:term":[{"taxonomy":"product_brand","embeddable":true,"href":"https:\/\/sklep.thepartners.pl\/cs\/wp-json\/wp\/v2\/product_brand?post=31734"},{"taxonomy":"product_cat","embeddable":true,"href":"https:\/\/sklep.thepartners.pl\/cs\/wp-json\/wp\/v2\/product_cat?post=31734"},{"taxonomy":"product_tag","embeddable":true,"href":"https:\/\/sklep.thepartners.pl\/cs\/wp-json\/wp\/v2\/product_tag?post=31734"}],"curies":[{"name":"wp","href":"https:\/\/api.w.org\/{rel}","templated":true}]}}