{"id":31742,"date":"2025-11-14T09:19:38","date_gmt":"2025-11-14T08:19:38","guid":{"rendered":"https:\/\/sklep.thepartners.pl\/produkt\/plyta-akustyczna-ursa-silentio-100-mm-%ce%bbd-0037-w-mk-9-m%c2%b2\/"},"modified":"2025-11-14T11:17:47","modified_gmt":"2025-11-14T10:17:47","slug":"plyta-akustyczna-ursa-silentio-100-mm-%ce%bbd-0037-w-mk-9-m%c2%b2","status":"publish","type":"product","link":"https:\/\/sklep.thepartners.pl\/cs\/produkt\/plyta-akustyczna-ursa-silentio-100-mm-%ce%bbd-0037-w-mk-9-m%c2%b2\/","title":{"rendered":"Izola\u010dn\u00ed Deska URSA SILENTIO 100 mm \u03bbD 0,037 W\/mK, 9 m\u00b2"},"content":{"rendered":"<h3 data-start=\"2513\" data-end=\"2595\"><strong data-start=\"2517\" data-end=\"2595\">URSA SILENTIO 100 mm \u2013 profesion\u00e1ln\u00ed akustick\u00e1 a tepeln\u00e1 izolace v desk\u00e1ch<\/strong><\/h3>\n<p data-start=\"2597\" data-end=\"2847\">URSA SILENTIO 100 mm jsou kvalitn\u00ed desky z miner\u00e1ln\u00ed skeln\u00e9 vlny ur\u010den\u00e9 pro \u0161pi\u010dkovou akustickou a tepelnou izolaci. D\u00edky sou\u010diniteli tepeln\u00e9 vodivosti <strong data-start=\"2749\" data-end=\"2768\">\u03bbD = 0,037 W\/mK<\/strong> v\u00fdrazn\u011b sni\u017euj\u00ed tepeln\u00e9 ztr\u00e1ty a jejich hust\u00e1 struktura v\u00fdborn\u011b pohlcuje zvuk.<\/p>\n<p data-start=\"2849\" data-end=\"2939\">Produkt je dod\u00e1v\u00e1n v praktick\u00e9m balen\u00ed <strong data-start=\"2888\" data-end=\"2904\">9 m\u00b2 \/ bal\u00edk<\/strong>, co\u017e usnad\u0148uje mont\u00e1\u017e i logistiku.<\/p>\n<h2 data-start=\"2946\" data-end=\"2978\"><strong data-start=\"2949\" data-end=\"2978\">V\u00fdhody URSA SILENTIO 100:<\/strong><\/h2>\n<ul data-start=\"2980\" data-end=\"3547\">\n<li data-start=\"2980\" data-end=\"3074\">\n<p data-start=\"2982\" data-end=\"3074\"><strong data-start=\"2982\" data-end=\"3014\">Vynikaj\u00edc\u00ed akustick\u00e1 izolace<\/strong> \u2013 ide\u00e1ln\u00ed pro odhlu\u010dn\u011bn\u00ed obytn\u00fdch i komer\u010dn\u00edch m\u00edstnost\u00ed.<\/p>\n<\/li>\n<li data-start=\"3075\" data-end=\"3156\">\n<p data-start=\"3077\" data-end=\"3156\"><strong data-start=\"3077\" data-end=\"3102\">Dobr\u00e1 tepeln\u00e1 izolace<\/strong> \u2013 \u03bbD = 0,037 W\/mK zaji\u0161\u0165uje energetickou \u00faspornost.<\/p>\n<\/li>\n<li data-start=\"3157\" data-end=\"3229\">\n<p data-start=\"3159\" data-end=\"3229\"><strong data-start=\"3159\" data-end=\"3192\">Neho\u0159lav\u00fd materi\u00e1l (t\u0159\u00edda A1)<\/strong> \u2013 maxim\u00e1ln\u00ed bezpe\u010dnost p\u0159i po\u017e\u00e1ru.<\/p>\n<\/li>\n<li data-start=\"3230\" data-end=\"3316\">\n<p data-start=\"3232\" data-end=\"3316\"><strong data-start=\"3232\" data-end=\"3266\">Pevn\u00e9 desky pro snadnou mont\u00e1\u017e<\/strong> \u2013 perfektn\u00ed do p\u0159\u00ed\u010dek a skeletov\u00fdch konstrukc\u00ed.<\/p>\n<\/li>\n<li data-start=\"3317\" data-end=\"3385\">\n<p data-start=\"3319\" data-end=\"3385\"><strong data-start=\"3319\" data-end=\"3338\">Paropropustnost<\/strong> \u2013 zabra\u0148uje hromad\u011bn\u00ed vlhkosti v konstrukci.<\/p>\n<\/li>\n<li data-start=\"3386\" data-end=\"3469\">\n<p data-start=\"3388\" data-end=\"3469\"><strong data-start=\"3388\" data-end=\"3428\">Dlouh\u00e1 \u017eivotnost a tvarov\u00e1 stabilita<\/strong> \u2013 materi\u00e1l nevadne ani se nedeformuje.<\/p>\n<\/li>\n<li data-start=\"3470\" data-end=\"3547\">\n<p data-start=\"3472\" data-end=\"3547\"><strong data-start=\"3472\" data-end=\"3492\">Praktick\u00e9 balen\u00ed<\/strong> \u2013 <strong data-start=\"3495\" data-end=\"3519\">9 m\u00b2 v jednom bal\u00edku<\/strong> pro jednoduchou manipulaci.<\/p>\n<\/li>\n<\/ul>\n<h2 data-start=\"3554\" data-end=\"3569\"><strong data-start=\"3557\" data-end=\"3569\">Pou\u017eit\u00ed:<\/strong><\/h2>\n<ul data-start=\"3571\" data-end=\"3797\">\n<li data-start=\"3571\" data-end=\"3605\">\n<p data-start=\"3573\" data-end=\"3605\">p\u0159\u00ed\u010dky a skeletov\u00e9 konstrukce,<\/p>\n<\/li>\n<li data-start=\"3606\" data-end=\"3644\">\n<p data-start=\"3608\" data-end=\"3644\">s\u00e1drokartonov\u00e9 syst\u00e9my a podhledy,<\/p>\n<\/li>\n<li data-start=\"3645\" data-end=\"3675\">\n<p data-start=\"3647\" data-end=\"3675\">lehk\u00e9 stavebn\u00ed konstrukce,<\/p>\n<\/li>\n<li data-start=\"3676\" data-end=\"3761\">\n<p data-start=\"3678\" data-end=\"3761\">prostory s vysok\u00fdmi akustick\u00fdmi n\u00e1roky: studia, kancel\u00e1\u0159e, konferen\u010dn\u00ed m\u00edstnosti,<\/p>\n<\/li>\n<li data-start=\"3762\" data-end=\"3797\">\n<p data-start=\"3764\" data-end=\"3797\">odhlu\u010dn\u011bn\u00ed byt\u016f a rodinn\u00fdch dom\u016f.<\/p>\n<\/li>\n<\/ul>\n<h2 data-start=\"3804\" data-end=\"3831\"><strong data-start=\"3807\" data-end=\"3831\">Technick\u00e9 parametry:<\/strong><\/h2>\n<ul data-start=\"3833\" data-end=\"4035\">\n<li data-start=\"3833\" data-end=\"3857\">\n<p data-start=\"3835\" data-end=\"3857\">Tlou\u0161\u0165ka: <strong data-start=\"3845\" data-end=\"3855\">100 mm<\/strong><\/p>\n<\/li>\n<li data-start=\"3858\" data-end=\"3883\">\n<p data-start=\"3860\" data-end=\"3883\">Forma: izola\u010dn\u00ed desky<\/p>\n<\/li>\n<li data-start=\"3884\" data-end=\"3937\">\n<p data-start=\"3886\" data-end=\"3937\">Sou\u010dinitel tepeln\u00e9 vodivosti: <strong data-start=\"3916\" data-end=\"3935\">\u03bbD = 0,037 W\/mK<\/strong><\/p>\n<\/li>\n<li data-start=\"3938\" data-end=\"3970\">\n<p data-start=\"3940\" data-end=\"3970\">T\u0159\u00edda reakce na ohe\u0148: <strong data-start=\"3962\" data-end=\"3968\">A1<\/strong><\/p>\n<\/li>\n<li data-start=\"3971\" data-end=\"3997\">\n<p data-start=\"3973\" data-end=\"3997\">Balen\u00ed: <strong data-start=\"3981\" data-end=\"3995\">9 m\u00b2\/bal\u00edk<\/strong><\/p>\n<\/li>\n<li data-start=\"3998\" data-end=\"4035\">\n<p data-start=\"4000\" data-end=\"4035\">Materi\u00e1l: <strong data-start=\"4010\" data-end=\"4035\">skeln\u00e1 miner\u00e1ln\u00ed vata<\/strong><\/p>\n<\/li>\n<\/ul>\n<h2 data-start=\"4042\" data-end=\"4079\"><strong data-start=\"4045\" data-end=\"4079\">Pro\u010d zvolit URSA SILENTIO 100?<\/strong><\/h2>\n<p data-start=\"4081\" data-end=\"4294\">URSA SILENTIO 100 nab\u00edz\u00ed \u0161pi\u010dkov\u00e9 odhlu\u010dn\u011bn\u00ed, v\u00fdbornou tepelnou izolaci a maxim\u00e1ln\u00ed bezpe\u010dnost. Je to ide\u00e1ln\u00ed \u0159e\u0161en\u00ed pro modern\u00ed interi\u00e9ry, obytn\u00e9 budovy i komer\u010dn\u00ed objekty, kde je kladen d\u016fraz na ticho a komfort.<\/p>\n","protected":false},"excerpt":{"rendered":"<blockquote>\n<h5 data-start=\"92\" data-end=\"138\"><strong data-start=\"92\" data-end=\"120\">\u00da\u010dinn\u00e1 akustick\u00e1 izolace<\/strong> \u2013 sni\u017euje hluk.<\/h5>\n<h5 data-start=\"142\" data-end=\"188\"><strong data-start=\"142\" data-end=\"167\">Dobr\u00e1 tepeln\u00e1 izolace<\/strong> \u2013 \u03bbD = 0,037 W\/mK.<\/h5>\n<h5 data-start=\"192\" data-end=\"219\"><strong data-start=\"192\" data-end=\"205\">Neho\u0159lav\u00e1<\/strong> \u2013 t\u0159\u00edda A1.<\/h5>\n<h5 data-start=\"223\" data-end=\"278\"><strong data-start=\"223\" data-end=\"240\">Snadn\u00e1 mont\u00e1\u017e<\/strong> \u2013 pevn\u00e9 desky pro st\u011bny a podhledy.<\/h5>\n<h5 data-start=\"282\" data-end=\"348\"><strong data-start=\"282\" data-end=\"311\">Trvanliv\u00e1 a paropropustn\u00e1<\/strong> \u2013 zachov\u00e1v\u00e1 vlastnosti po mnoho let.<\/h5>\n<\/blockquote>\n","protected":false},"featured_media":31740,"comment_status":"open","ping_status":"closed","template":"","meta":{"_acf_changed":false},"product_brand":[],"product_cat":[143,150],"product_tag":[1440,1441,1437],"class_list":{"0":"post-31742","1":"product","2":"type-product","3":"status-publish","4":"has-post-thumbnail","6":"product_cat-tepelne-izolace","7":"product_cat-mineralni-vlnu","8":"product_tag-plyta-akustyczna","9":"product_tag-silentio","10":"product_tag-ursa","11":"product_shipping_class-transport-the-partners-cs","12":"pa_producent-ursa","13":"pa_wspolczynnik-przewodzenia-0037-w-mk-cs","15":"first","16":"instock","17":"taxable","18":"shipping-taxable","19":"purchasable","20":"product-type-simple"},"acf":[],"_links":{"self":[{"href":"https:\/\/sklep.thepartners.pl\/cs\/wp-json\/wp\/v2\/product\/31742","targetHints":{"allow":["GET"]}}],"collection":[{"href":"https:\/\/sklep.thepartners.pl\/cs\/wp-json\/wp\/v2\/product"}],"about":[{"href":"https:\/\/sklep.thepartners.pl\/cs\/wp-json\/wp\/v2\/types\/product"}],"replies":[{"embeddable":true,"href":"https:\/\/sklep.thepartners.pl\/cs\/wp-json\/wp\/v2\/comments?post=31742"}],"wp:featuredmedia":[{"embeddable":true,"href":"https:\/\/sklep.thepartners.pl\/cs\/wp-json\/wp\/v2\/media\/31740"}],"wp:attachment":[{"href":"https:\/\/sklep.thepartners.pl\/cs\/wp-json\/wp\/v2\/media?parent=31742"}],"wp:term":[{"taxonomy":"product_brand","embeddable":true,"href":"https:\/\/sklep.thepartners.pl\/cs\/wp-json\/wp\/v2\/product_brand?post=31742"},{"taxonomy":"product_cat","embeddable":true,"href":"https:\/\/sklep.thepartners.pl\/cs\/wp-json\/wp\/v2\/product_cat?post=31742"},{"taxonomy":"product_tag","embeddable":true,"href":"https:\/\/sklep.thepartners.pl\/cs\/wp-json\/wp\/v2\/product_tag?post=31742"}],"curies":[{"name":"wp","href":"https:\/\/api.w.org\/{rel}","templated":true}]}}