{"id":31748,"date":"2025-11-14T10:04:38","date_gmt":"2025-11-14T09:04:38","guid":{"rendered":"https:\/\/sklep.thepartners.pl\/produkt\/plyta-akustyczna-ursa-silentio-75mm-%ce%bbd-0037-w-mk-9-m%c2%b2\/"},"modified":"2025-11-14T11:19:18","modified_gmt":"2025-11-14T10:19:18","slug":"plyta-akustyczna-ursa-silentio-75mm-%ce%bbd-0037-w-mk-9-m%c2%b2","status":"publish","type":"product","link":"https:\/\/sklep.thepartners.pl\/cs\/produkt\/plyta-akustyczna-ursa-silentio-75mm-%ce%bbd-0037-w-mk-9-m%c2%b2\/","title":{"rendered":"Izola\u010dn\u00ed Deska URSA SILENTIO 75 mm \u03bbD 0,037 W\/mK, 9 m\u00b2"},"content":{"rendered":"<h3 data-start=\"2166\" data-end=\"2230\"><strong data-start=\"2170\" data-end=\"2230\">URSA SILENTIO 75 mm \u2013 \u00fa\u010dinn\u00e1 akustick\u00e1 a tepeln\u00e1 izolace<\/strong><\/h3>\n<p data-start=\"2232\" data-end=\"2530\">URSA SILENTIO 75 mm jsou kvalitn\u00ed desky z miner\u00e1ln\u00ed skeln\u00e9 vlny, ur\u010den\u00e9 pro akustickou a tepelnou izolaci. Materi\u00e1l se sou\u010dinitelem tepeln\u00e9 vodivosti <strong data-start=\"2382\" data-end=\"2401\">\u03bbD = 0,037 W\/mK<\/strong> poskytuje stabiln\u00ed tepeln\u00fd komfort a jeho hust\u00e1 struktura \u00fa\u010dinn\u011b pohlcuje zvuk, ide\u00e1ln\u00ed pro byty, kancel\u00e1\u0159e a komer\u010dn\u00ed prostory.<\/p>\n<p data-start=\"2532\" data-end=\"2622\">Produkt je dod\u00e1v\u00e1n v praktick\u00e9m balen\u00ed <strong data-start=\"2571\" data-end=\"2587\">9 m\u00b2 \/ bal\u00edk<\/strong>, co\u017e usnad\u0148uje mont\u00e1\u017e a logistiku.<\/p>\n<h2 data-start=\"2629\" data-end=\"2667\"><strong data-start=\"2632\" data-end=\"2667\">Hlavn\u00ed v\u00fdhody URSA SILENTIO 75:<\/strong><\/h2>\n<ol data-start=\"2669\" data-end=\"2930\">\n<li data-start=\"2669\" data-end=\"2718\">\n<p data-start=\"2672\" data-end=\"2718\"><strong data-start=\"2672\" data-end=\"2700\">\u00da\u010dinn\u00e1 akustick\u00e1 izolace<\/strong> \u2013 sni\u017euje hluk.<\/p>\n<\/li>\n<li data-start=\"2719\" data-end=\"2768\">\n<p data-start=\"2722\" data-end=\"2768\"><strong data-start=\"2722\" data-end=\"2747\">Dobr\u00e1 tepeln\u00e1 izolace<\/strong> \u2013 \u03bbD = 0,037 W\/mK.<\/p>\n<\/li>\n<li data-start=\"2769\" data-end=\"2799\">\n<p data-start=\"2772\" data-end=\"2799\"><strong data-start=\"2772\" data-end=\"2785\">Neho\u0159lav\u00e1<\/strong> \u2013 t\u0159\u00edda A1.<\/p>\n<\/li>\n<li data-start=\"2800\" data-end=\"2858\">\n<p data-start=\"2803\" data-end=\"2858\"><strong data-start=\"2803\" data-end=\"2820\">Snadn\u00e1 mont\u00e1\u017e<\/strong> \u2013 pevn\u00e9 desky pro st\u011bny a podhledy.<\/p>\n<\/li>\n<li data-start=\"2859\" data-end=\"2930\">\n<p data-start=\"2862\" data-end=\"2930\"><strong data-start=\"2862\" data-end=\"2891\">Trvanliv\u00e1 a paropropustn\u00e1<\/strong> \u2013 zachov\u00e1v\u00e1 vlastnosti po mnoho let.<\/p>\n<\/li>\n<\/ol>\n<h2 data-start=\"2937\" data-end=\"2952\"><strong data-start=\"2940\" data-end=\"2952\">Pou\u017eit\u00ed:<\/strong><\/h2>\n<ul data-start=\"2954\" data-end=\"3130\">\n<li data-start=\"2954\" data-end=\"2988\">\n<p data-start=\"2956\" data-end=\"2988\">p\u0159\u00ed\u010dky a skeletov\u00e9 konstrukce,<\/p>\n<\/li>\n<li data-start=\"2989\" data-end=\"3017\">\n<p data-start=\"2991\" data-end=\"3017\">podhledy a lehk\u00e9 p\u0159\u00ed\u010dky,<\/p>\n<\/li>\n<li data-start=\"3018\" data-end=\"3045\">\n<p data-start=\"3020\" data-end=\"3045\">s\u00e1drokartonov\u00e9 syst\u00e9my,<\/p>\n<\/li>\n<li data-start=\"3046\" data-end=\"3130\">\n<p data-start=\"3048\" data-end=\"3130\">prostory s vysok\u00fdmi akustick\u00fdmi n\u00e1roky (byty, kancel\u00e1\u0159e, konferen\u010dn\u00ed m\u00edstnosti).<\/p>\n<\/li>\n<\/ul>\n<h2 data-start=\"3137\" data-end=\"3164\"><strong data-start=\"3140\" data-end=\"3164\">Technick\u00e9 parametry:<\/strong><\/h2>\n<ul data-start=\"3166\" data-end=\"3369\">\n<li data-start=\"3166\" data-end=\"3189\">\n<p data-start=\"3168\" data-end=\"3189\">Tlou\u0161\u0165ka: <strong data-start=\"3178\" data-end=\"3187\">75 mm<\/strong><\/p>\n<\/li>\n<li data-start=\"3190\" data-end=\"3215\">\n<p data-start=\"3192\" data-end=\"3215\">Forma: izola\u010dn\u00ed desky<\/p>\n<\/li>\n<li data-start=\"3216\" data-end=\"3269\">\n<p data-start=\"3218\" data-end=\"3269\">Sou\u010dinitel tepeln\u00e9 vodivosti: <strong data-start=\"3248\" data-end=\"3267\">\u03bbD = 0,037 W\/mK<\/strong><\/p>\n<\/li>\n<li data-start=\"3270\" data-end=\"3302\">\n<p data-start=\"3272\" data-end=\"3302\">T\u0159\u00edda reakce na ohe\u0148: <strong data-start=\"3294\" data-end=\"3300\">A1<\/strong><\/p>\n<\/li>\n<li data-start=\"3303\" data-end=\"3329\">\n<p data-start=\"3305\" data-end=\"3329\">Balen\u00ed: <strong data-start=\"3313\" data-end=\"3327\">9 m\u00b2\/bal\u00edk<\/strong><\/p>\n<\/li>\n<li data-start=\"3330\" data-end=\"3369\">\n<p data-start=\"3332\" data-end=\"3369\">Materi\u00e1l: <strong data-start=\"3342\" data-end=\"3367\">skeln\u00e1 miner\u00e1ln\u00ed vata<\/strong><\/p>\n<\/li>\n<\/ul>\n","protected":false},"excerpt":{"rendered":"<blockquote>\n<h5 data-start=\"92\" data-end=\"138\"><strong data-start=\"92\" data-end=\"120\">\u00da\u010dinn\u00e1 akustick\u00e1 izolace<\/strong> \u2013 sni\u017euje hluk.<\/h5>\n<h5 data-start=\"142\" data-end=\"188\"><strong data-start=\"142\" data-end=\"167\">Dobr\u00e1 tepeln\u00e1 izolace<\/strong> \u2013 \u03bbD = 0,037 W\/mK.<\/h5>\n<h5 data-start=\"192\" data-end=\"219\"><strong data-start=\"192\" data-end=\"205\">Neho\u0159lav\u00e1<\/strong> \u2013 t\u0159\u00edda A1.<\/h5>\n<h5 data-start=\"223\" data-end=\"278\"><strong data-start=\"223\" data-end=\"240\">Snadn\u00e1 mont\u00e1\u017e<\/strong> \u2013 pevn\u00e9 desky pro st\u011bny a podhledy.<\/h5>\n<h5 data-start=\"282\" data-end=\"348\"><strong data-start=\"282\" data-end=\"311\">Trvanliv\u00e1 a paropropustn\u00e1<\/strong> \u2013 zachov\u00e1v\u00e1 vlastnosti po mnoho let.<\/h5>\n<\/blockquote>\n","protected":false},"featured_media":31740,"comment_status":"open","ping_status":"closed","template":"","meta":{"_acf_changed":false},"product_brand":[],"product_cat":[143,150],"product_tag":[],"class_list":{"0":"post-31748","1":"product","2":"type-product","3":"status-publish","4":"has-post-thumbnail","6":"product_cat-tepelne-izolace","7":"product_cat-mineralni-vlnu","8":"product_shipping_class-transport-the-partners-cs","9":"pa_producent-ursa","10":"pa_wspolczynnik-przewodzenia-0037-w-mk-cs","12":"first","13":"instock","14":"taxable","15":"shipping-taxable","16":"purchasable","17":"product-type-simple"},"acf":[],"_links":{"self":[{"href":"https:\/\/sklep.thepartners.pl\/cs\/wp-json\/wp\/v2\/product\/31748","targetHints":{"allow":["GET"]}}],"collection":[{"href":"https:\/\/sklep.thepartners.pl\/cs\/wp-json\/wp\/v2\/product"}],"about":[{"href":"https:\/\/sklep.thepartners.pl\/cs\/wp-json\/wp\/v2\/types\/product"}],"replies":[{"embeddable":true,"href":"https:\/\/sklep.thepartners.pl\/cs\/wp-json\/wp\/v2\/comments?post=31748"}],"wp:featuredmedia":[{"embeddable":true,"href":"https:\/\/sklep.thepartners.pl\/cs\/wp-json\/wp\/v2\/media\/31740"}],"wp:attachment":[{"href":"https:\/\/sklep.thepartners.pl\/cs\/wp-json\/wp\/v2\/media?parent=31748"}],"wp:term":[{"taxonomy":"product_brand","embeddable":true,"href":"https:\/\/sklep.thepartners.pl\/cs\/wp-json\/wp\/v2\/product_brand?post=31748"},{"taxonomy":"product_cat","embeddable":true,"href":"https:\/\/sklep.thepartners.pl\/cs\/wp-json\/wp\/v2\/product_cat?post=31748"},{"taxonomy":"product_tag","embeddable":true,"href":"https:\/\/sklep.thepartners.pl\/cs\/wp-json\/wp\/v2\/product_tag?post=31748"}],"curies":[{"name":"wp","href":"https:\/\/api.w.org\/{rel}","templated":true}]}}