{"id":31755,"date":"2025-11-14T11:48:08","date_gmt":"2025-11-14T10:48:08","guid":{"rendered":"https:\/\/sklep.thepartners.pl\/produkt\/klej-montazowy-soudal-t-rex-glue-gold-turbo-white-290ml-superszybki-klej-montazowy-hybrydowy\/"},"modified":"2025-11-14T12:34:26","modified_gmt":"2025-11-14T11:34:26","slug":"klej-montazowy-soudal-t-rex-glue-gold-turbo-white-290ml-superszybki-klej-montazowy-hybrydowy","status":"publish","type":"product","link":"https:\/\/sklep.thepartners.pl\/cs\/produkt\/klej-montazowy-soudal-t-rex-glue-gold-turbo-white-290ml-superszybki-klej-montazowy-hybrydowy\/","title":{"rendered":"Soudal T\u2011Rex Glue Gold Turbo 290\u202fml \u2013 superrychl\u00e9 mont\u00e1\u017en\u00ed lepidlo hybridn\u00ed"},"content":{"rendered":"<p data-start=\"145\" data-end=\"456\">Mont\u00e1\u017en\u00ed lepidlo T\u2011Rex Glue Gold Turbo od firmy Soudal je jednoslo\u017ekov\u00e9 hybridn\u00ed lepidlo na b\u00e1zi polymeru SMX\u00ae, kter\u00e9 poskytuje extr\u00e9mn\u011b vysokou po\u010d\u00e1te\u010dn\u00ed p\u0159ilnavost dosahuj\u00edc\u00ed alespo\u0148 400\u202fkg\/m\u00b2 u\u017e b\u011bhem sekundy po aplikaci. Objem kartu\u0161e je 290\u202fml, co\u017e z n\u011bj \u010din\u00ed ide\u00e1ln\u00ed volbu pro n\u00e1ro\u010dn\u00e9 stavebn\u00ed aplikace.<\/p>\n<h2 data-start=\"458\" data-end=\"482\"><strong data-start=\"458\" data-end=\"480\">Hlavn\u00ed vlastnosti:<\/strong><\/h2>\n<ul data-start=\"483\" data-end=\"862\">\n<li data-start=\"483\" data-end=\"538\">\n<p data-start=\"485\" data-end=\"538\">Velmi rychl\u00e9 dosa\u017een\u00ed pln\u00e9 pevnosti lepen\u00e9ho spoje.<\/p>\n<\/li>\n<li data-start=\"539\" data-end=\"593\">\n<p data-start=\"541\" data-end=\"593\">Vysok\u00e1 kone\u010dn\u00e1 pevnost a trvanlivost po vytvrzen\u00ed.<\/p>\n<\/li>\n<li data-start=\"594\" data-end=\"666\">\n<p data-start=\"596\" data-end=\"666\">V\u00fdborn\u00e1 p\u0159ilnavost k v\u011bt\u0161in\u011b podklad\u016f, v\u010detn\u011b m\u00edrn\u011b vlhk\u00fdch povrch\u016f.<\/p>\n<\/li>\n<li data-start=\"667\" data-end=\"734\">\n<p data-start=\"669\" data-end=\"734\">Zachov\u00e1v\u00e1 pru\u017enost po vytvrzen\u00ed, vhodn\u00e9 pro dynamick\u00e9 podm\u00ednky.<\/p>\n<\/li>\n<li data-start=\"735\" data-end=\"794\">\n<p data-start=\"737\" data-end=\"794\">Odoln\u00fd v\u016f\u010di pov\u011btrnostn\u00edm vliv\u016fm, UV z\u00e1\u0159en\u00ed a st\u00e1rnut\u00ed.<\/p>\n<\/li>\n<li data-start=\"795\" data-end=\"862\">\n<p data-start=\"797\" data-end=\"862\">Bez rozpou\u0161t\u011bdel, bez halogen\u016f, bez z\u00e1pachu \u2013 bezpe\u010dn\u00e9 pou\u017eit\u00ed.<\/p>\n<\/li>\n<\/ul>\n<h3 data-start=\"864\" data-end=\"1124\"><strong data-start=\"864\" data-end=\"876\">Pou\u017eit\u00ed:<\/strong><\/h3>\n<p data-start=\"864\" data-end=\"1124\">Ide\u00e1ln\u00ed pro mont\u00e1\u017e ve stavebn\u00edm a kovopr\u016fmyslov\u00e9m sektoru, pro lepen\u00ed prvk\u016f, profil\u016f a desek na r\u016fzn\u00e9 podklady: d\u0159evo, ocel, hlin\u00edk, PVC, beton apod. Skv\u011bl\u00e9 v\u0161ude tam, kde je vy\u017eadov\u00e1no rychl\u00e9, trvanliv\u00e9 a pru\u017en\u00e9 spojen\u00ed nebo konstruk\u010dn\u00ed spoj.<\/p>\n<p data-start=\"864\" data-end=\"1124\">\n<h3 data-start=\"1126\" data-end=\"1152\"><strong data-start=\"1126\" data-end=\"1150\">Technick\u00e9 parametry:<\/strong><\/h3>\n<ul data-start=\"1153\" data-end=\"1346\">\n<li data-start=\"1153\" data-end=\"1170\">\n<p data-start=\"1155\" data-end=\"1170\">Objem: 290\u202fml<\/p>\n<\/li>\n<li data-start=\"1171\" data-end=\"1204\">\n<p data-start=\"1173\" data-end=\"1204\">Z\u00e1klad: SMX\u00ae\u2011hybridn\u00ed polymer<\/p>\n<\/li>\n<li data-start=\"1205\" data-end=\"1245\">\n<p data-start=\"1207\" data-end=\"1245\">Po\u010d\u00e1te\u010dn\u00ed p\u0159ilnavost: min. 400\u202fkg\/m\u00b2<\/p>\n<\/li>\n<li data-start=\"1246\" data-end=\"1295\">\n<p data-start=\"1248\" data-end=\"1295\">Rozsah pracovn\u00edch teplot: od \u201140\u202f\u00b0C do +90\u202f\u00b0C<\/p>\n<\/li>\n<li data-start=\"1296\" data-end=\"1346\">\n<p data-start=\"1298\" data-end=\"1346\">Vytvrzov\u00e1n\u00ed: cca 2\u202fmm \/ 24\u202fh (23\u202f\u00b0C \/ 50\u202f% RH)<\/p>\n<\/li>\n<\/ul>\n<h3 data-start=\"1348\" data-end=\"1621\"><strong data-start=\"1348\" data-end=\"1369\">Pro\u010d stoj\u00ed za to:<\/strong><\/h3>\n<p data-start=\"1348\" data-end=\"1621\">Pokud v\u00e1m z\u00e1le\u017e\u00ed na pevn\u00e9m a rychl\u00e9m spojen\u00ed, kter\u00e9 nezklame v n\u00e1ro\u010dn\u00fdch podm\u00ednk\u00e1ch \u2013 T\u2011Rex Glue Gold Turbo je profesion\u00e1ln\u00ed \u0159e\u0161en\u00ed: v\u00fdborn\u00e1 p\u0159ilnavost, rychl\u00e9 tuhnut\u00ed, trvanlivost a bezpe\u010dnost v jednom. Ide\u00e1ln\u00ed pro \u0159emesln\u00edky i n\u00e1ro\u010dn\u00e9 investory.<\/p>\n<p data-start=\"1572\" data-end=\"1856\">\n","protected":false},"excerpt":{"rendered":"<blockquote>\n<h5 data-start=\"81\" data-end=\"139\"><strong data-start=\"81\" data-end=\"102\">Bleskov\u00e9 uchycen\u00ed<\/strong> \u2013 po\u010d\u00e1te\u010dn\u00ed s\u00edla ji\u017e po 1 sekund\u011b.<\/h5>\n<h5 data-start=\"143\" data-end=\"210\"><strong data-start=\"143\" data-end=\"163\">Rychl\u00e9 vytvrzen\u00ed<\/strong> \u2013 mo\u017enost zat\u00ed\u017een\u00ed p\u0159ibli\u017en\u011b po 30 minut\u00e1ch.<\/h5>\n<h5 data-start=\"214\" data-end=\"278\"><strong data-start=\"214\" data-end=\"233\">Trval\u00e1 pru\u017enost<\/strong> \u2013 odoln\u00fd v\u016f\u010di vibrac\u00edm a nap\u011bt\u00ed materi\u00e1lu.<\/h5>\n<h5 data-start=\"282\" data-end=\"367\"><strong data-start=\"282\" data-end=\"314\">Odolnost v\u016f\u010di vn\u011bj\u0161\u00edm vliv\u016fm<\/strong> \u2013 vod\u011bodoln\u00fd, funguje v \u0161irok\u00e9m teplotn\u00edm rozsahu.<\/h5>\n<h5 data-start=\"371\" data-end=\"457\"><strong data-start=\"371\" data-end=\"388\">Univerz\u00e1lnost<\/strong> \u2013 vhodn\u00fd pro r\u016fzn\u00e9 materi\u00e1ly, bez z\u00e1pachu, lze nat\u00edrat po vytvrzen\u00ed.<\/h5>\n<\/blockquote>\n","protected":false},"featured_media":31753,"comment_status":"open","ping_status":"closed","template":"","meta":{"_acf_changed":false},"product_brand":[],"product_cat":[137],"product_tag":[1444],"class_list":{"0":"post-31755","1":"product","2":"type-product","3":"status-publish","4":"has-post-thumbnail","6":"product_cat-stavebni-chemie","7":"product_tag-klej-montazowy-soudal-t-rex-glue-gold-turbo-white-290ml-superszybki-klej-montazowy-hybrydowy-2","8":"product_shipping_class-kurier-cs","9":"pa_producent-soudal-2-cs","11":"first","12":"instock","13":"taxable","14":"shipping-taxable","15":"purchasable","16":"product-type-simple"},"acf":[],"_links":{"self":[{"href":"https:\/\/sklep.thepartners.pl\/cs\/wp-json\/wp\/v2\/product\/31755","targetHints":{"allow":["GET"]}}],"collection":[{"href":"https:\/\/sklep.thepartners.pl\/cs\/wp-json\/wp\/v2\/product"}],"about":[{"href":"https:\/\/sklep.thepartners.pl\/cs\/wp-json\/wp\/v2\/types\/product"}],"replies":[{"embeddable":true,"href":"https:\/\/sklep.thepartners.pl\/cs\/wp-json\/wp\/v2\/comments?post=31755"}],"wp:featuredmedia":[{"embeddable":true,"href":"https:\/\/sklep.thepartners.pl\/cs\/wp-json\/wp\/v2\/media\/31753"}],"wp:attachment":[{"href":"https:\/\/sklep.thepartners.pl\/cs\/wp-json\/wp\/v2\/media?parent=31755"}],"wp:term":[{"taxonomy":"product_brand","embeddable":true,"href":"https:\/\/sklep.thepartners.pl\/cs\/wp-json\/wp\/v2\/product_brand?post=31755"},{"taxonomy":"product_cat","embeddable":true,"href":"https:\/\/sklep.thepartners.pl\/cs\/wp-json\/wp\/v2\/product_cat?post=31755"},{"taxonomy":"product_tag","embeddable":true,"href":"https:\/\/sklep.thepartners.pl\/cs\/wp-json\/wp\/v2\/product_tag?post=31755"}],"curies":[{"name":"wp","href":"https:\/\/api.w.org\/{rel}","templated":true}]}}