{"id":3181,"date":"2024-07-18T09:04:18","date_gmt":"2024-07-18T07:04:18","guid":{"rendered":"https:\/\/sklep.thepartners.pl\/p\/silikonowa-farba-elewacyjna-futura-sempre\/"},"modified":"2025-09-23T12:05:46","modified_gmt":"2025-09-23T10:05:46","slug":"silikonowa-farba-elewacyjna-futura-sempre","status":"publish","type":"product","link":"https:\/\/sklep.thepartners.pl\/cs\/produkt\/silikonowa-farba-elewacyjna-futura-sempre\/","title":{"rendered":"SILIKONOV\u00c1 FAS\u00c1DN\u00cd BARVA Futura Sempre BARVA NA V\u00ddB\u011aR"},"content":{"rendered":"<p data-start=\"997\" data-end=\"1368\"><strong data-start=\"997\" data-end=\"1039\">Silikonov\u00e1 fas\u00e1dn\u00ed barva Futura Sempre<\/strong> \u2013 kvalitn\u00ed venkovn\u00ed barva zalo\u017een\u00e1 na modern\u00ed silikonov\u00e9 technologii. Vytv\u00e1\u0159\u00ed trvanliv\u00fd, elastick\u00fd a odoln\u00fd n\u00e1t\u011br, kter\u00fd spolehliv\u011b chr\u00e1n\u00ed fas\u00e1du p\u0159ed de\u0161t\u011bm, UV z\u00e1\u0159en\u00edm a zne\u010di\u0161t\u011bn\u00edm. D\u00edky paropropustnosti umo\u017e\u0148uje st\u011bn\u00e1m \u201ed\u00fdchat\u201c a z\u00e1rove\u0148 m\u00e1 hydrofobn\u00ed vlastnosti. Ide\u00e1ln\u00ed pro rodinn\u00e9 domy, bytov\u00e9 budovy i ve\u0159ejn\u00e9 objekty.<\/p>\n<h4 data-start=\"1370\" data-end=\"1392\">V\u00fdhody produktu<\/h4>\n<ul data-start=\"1393\" data-end=\"1702\">\n<li data-start=\"1393\" data-end=\"1451\">\n<p data-start=\"1395\" data-end=\"1451\">Vysok\u00e1 odolnost proti pov\u011btrnostn\u00edm vliv\u016fm a UV z\u00e1\u0159en\u00ed<\/p>\n<\/li>\n<li data-start=\"1452\" data-end=\"1510\">\n<p data-start=\"1454\" data-end=\"1510\">Hydrofobn\u00ed povrch \u2013 \u00fa\u010dinn\u00e1 ochrana p\u0159ed vodou a \u0161p\u00ednou<\/p>\n<\/li>\n<li data-start=\"1511\" data-end=\"1574\">\n<p data-start=\"1513\" data-end=\"1574\">Paropropustnost \u2013 st\u011bny si zachov\u00e1vaj\u00ed p\u0159irozenou ventilaci<\/p>\n<\/li>\n<li data-start=\"1575\" data-end=\"1623\">\n<p data-start=\"1577\" data-end=\"1623\">V\u00fdborn\u00e1 kryvost a dlouhodob\u00e1 barevn\u00e1 st\u00e1lost<\/p>\n<\/li>\n<li data-start=\"1624\" data-end=\"1660\">\n<p data-start=\"1626\" data-end=\"1660\">Ochrana proti r\u016fstu \u0159as a pl\u00edsn\u00ed<\/p>\n<\/li>\n<li data-start=\"1661\" data-end=\"1702\">\n<p data-start=\"1663\" data-end=\"1702\">Snadn\u00e1 aplikace a rovnom\u011brn\u00e9 nan\u00e1\u0161en\u00ed<\/p>\n<\/li>\n<\/ul>\n<p data-start=\"1704\" data-end=\"1805\">Silikonov\u00e1 fas\u00e1dn\u00ed barva Futura Sempre \u2013 spolehliv\u00e1 ochrana a elegantn\u00ed vzhled fas\u00e1dy na mnoho let.<\/p>\n","protected":false},"excerpt":{"rendered":"<blockquote>\n<h4><strong>V\u00fdjime\u010dn\u00e1 vod\u011bodolnost<\/strong><\/h4>\n<h4><strong>Odolnost v\u016f\u010di ne\u010distot\u00e1m<\/strong><\/h4>\n<h4><strong>V\u00fdborn\u00e1 paropropustnost<\/strong><\/h4>\n<h4><strong>Odolnost v\u016f\u010di UV z\u00e1\u0159en\u00ed<\/strong><\/h4>\n<h4><strong>Snadn\u00e1 aplikace<\/strong><\/h4>\n<h4><strong>Flexibilita<\/strong><\/h4>\n<\/blockquote>\n<h3>Paleta Barev<\/h3>\n<ul>\n<li>\n<h4><span style=\"color: #ff9900;\"><a style=\"color: #ff9900;\" href=\"https:\/\/semprefarby.pl\/images\/design\/wzorniki\/wzornik-5.pdf\" target=\"_blank\" rel=\"noopener\">Pr\u016fvodce barvami<\/a><\/span><\/h4>\n<\/li>\n<\/ul>\n","protected":false},"featured_media":6175,"comment_status":"open","ping_status":"closed","template":"","meta":{"_acf_changed":false},"product_brand":[],"product_cat":[162,713,169],"product_tag":[],"class_list":{"0":"post-3181","1":"product","2":"type-product","3":"status-publish","4":"has-post-thumbnail","6":"product_cat-micharna-barev-a-omitek","7":"product_cat-barvy-z-michaci-mistnosti","8":"product_cat-fasadni-barvy","9":"product_shipping_class-transport-the-partners-cs","10":"pa_pojemnosc-10l-cs","11":"pa_pojemnosc-5l-cs","12":"pa_producent-sempre-cs","13":"pa_wydajnosc-ok-017-l-m2-przy-jednokrotnym-malowaniu-cs","15":"first","16":"instock","17":"taxable","18":"shipping-taxable","19":"purchasable","20":"product-type-variable"},"acf":[],"_links":{"self":[{"href":"https:\/\/sklep.thepartners.pl\/cs\/wp-json\/wp\/v2\/product\/3181","targetHints":{"allow":["GET"]}}],"collection":[{"href":"https:\/\/sklep.thepartners.pl\/cs\/wp-json\/wp\/v2\/product"}],"about":[{"href":"https:\/\/sklep.thepartners.pl\/cs\/wp-json\/wp\/v2\/types\/product"}],"replies":[{"embeddable":true,"href":"https:\/\/sklep.thepartners.pl\/cs\/wp-json\/wp\/v2\/comments?post=3181"}],"wp:featuredmedia":[{"embeddable":true,"href":"https:\/\/sklep.thepartners.pl\/cs\/wp-json\/wp\/v2\/media\/6175"}],"wp:attachment":[{"href":"https:\/\/sklep.thepartners.pl\/cs\/wp-json\/wp\/v2\/media?parent=3181"}],"wp:term":[{"taxonomy":"product_brand","embeddable":true,"href":"https:\/\/sklep.thepartners.pl\/cs\/wp-json\/wp\/v2\/product_brand?post=3181"},{"taxonomy":"product_cat","embeddable":true,"href":"https:\/\/sklep.thepartners.pl\/cs\/wp-json\/wp\/v2\/product_cat?post=3181"},{"taxonomy":"product_tag","embeddable":true,"href":"https:\/\/sklep.thepartners.pl\/cs\/wp-json\/wp\/v2\/product_tag?post=3181"}],"curies":[{"name":"wp","href":"https:\/\/api.w.org\/{rel}","templated":true}]}}