{"id":31958,"date":"2025-12-02T13:30:57","date_gmt":"2025-12-02T12:30:57","guid":{"rendered":"https:\/\/sklep.thepartners.pl\/?post_type=product&#038;p=31958"},"modified":"2026-04-01T11:01:28","modified_gmt":"2026-04-01T09:01:28","slug":"penovy-polystyren-grafit-austrotherm-eps-fassada-premium-031-20cm-kopia","status":"publish","type":"product","link":"https:\/\/sklep.thepartners.pl\/cs\/produkt\/penovy-polystyren-grafit-austrotherm-eps-fassada-premium-031-20cm-kopia\/","title":{"rendered":"P\u011bnov\u00fd polystyren Grafit Austrotherm EPS FASSADA PREMIUM 0,31 &#8211; 22cm"},"content":{"rendered":"<p><strong>Grafitov\u00fd polystyren na fas\u00e1du Austrotherm EPS FASSADA PREMIUM 0,31<\/strong><\/p>\n<p><strong>\u00da\u010del a rozsah pou\u017eit\u00ed:<\/strong> Grafitov\u00fd polystyren Austrotherm EPS Fassada Premium 0,31 je izola\u010dn\u00ed materi\u00e1l s \u0161irok\u00fdm pou\u017eit\u00edm. Je ide\u00e1ln\u00ed pro tepelnou izolaci st\u011bn, zejm\u00e9na v extern\u00edch kompozitn\u00edch izola\u010dn\u00edch syst\u00e9mech (ETICS). M\u016f\u017ee b\u00fdt pou\u017eit pro tepelnou izolaci ost\u011bn\u00ed, v\u011bnc\u016f, p\u0159eklad\u016f, strop\u016f (zespodu v ETICS), a tak\u00e9 v prefabrikovan\u00fdch sendvi\u010dov\u00fdch panelech. Skv\u011ble se hod\u00ed tak\u00e9 pro izolaci st\u011bn s obkladem a v\u011btranou vzduchovou mezerou, st\u011bn s r\u00e1movou konstrukc\u00ed, strop\u016f zespodu s obkladem a podlah, zejm\u00e9na mezi tr\u00e1my. Nav\u00edc je \u00fa\u010dinn\u00fd jako tepeln\u00e1 izolace mezi krokvemi a ploch\u00fdch st\u0159ech (\u0159e\u0161en\u00ed pro v\u011btran\u00e9 ploch\u00e9 st\u0159echy).<\/p>\n<p><strong>Vlastnosti produktu:<\/strong><\/p>\n<ul>\n<li>Vynikaj\u00edc\u00ed tepeln\u00e9 izola\u010dn\u00ed vlastnosti: \u03bbD\u22640,031 W\/mK<\/li>\n<li>Vyh\u00fdb\u00e1n\u00ed se tepeln\u00fdm most\u016fm<\/li>\n<li>+30% lep\u0161\u00ed tepeln\u00e1 izolace ve srovn\u00e1n\u00ed s konven\u010dn\u00edm polystyrenem<\/li>\n<li>Maxim\u00e1ln\u00ed tepeln\u00e1 izolace, sn\u00ed\u017een\u00ed tlou\u0161\u0165ky izolace<\/li>\n<li>Ide\u00e1ln\u00ed pro n\u00edzkoenergetick\u00e9 domy<\/li>\n<\/ul>\n<p><strong>D\u016fle\u017eit\u00e9 technick\u00e9 vlastnosti:<\/strong><\/p>\n<ul>\n<li>Deklarovan\u00fd sou\u010dinitel tepeln\u00e9 vodivosti: \u03bbD\u22640,031 W\/mK<\/li>\n<li>Nap\u011bt\u00ed v tlaku p\u0159i 10% deformaci: &#8211;<\/li>\n<li>Pevnost v ohybu: BS\u2265115 kPa<\/li>\n<li>Pevnost v tahu na \u010deln\u00ed plochy: TR\u2265100 kPa<\/li>\n<li>Minim\u00e1ln\u00ed hmotnost v\u00fdrobku: 13,5 kg\/m3<\/li>\n<li>T\u0159\u00edda reakce na ohe\u0148: E<\/li>\n<\/ul>\n","protected":false},"excerpt":{"rendered":"<blockquote>\n<h3><span style=\"color: #ff6600;\">Polystyren vyroben\u00fd na zak\u00e1zku &#8211; \u010dekac\u00ed doba 30 dn\u00ed.<\/span><\/h3>\n<h4><strong>Sou\u010dinitel veden\u00ed tepla: \u03bb 0,031<\/strong><\/h4>\n<h4><strong>\u00da\u010del: Fas\u00e1dn\u00ed polystyren<\/strong><\/h4>\n<h4><span style=\"color: #ff9900;\">V bal\u00ed\u010dku: 0,22 m3<\/span><\/h4>\n<h4><span style=\"color: #ff9900;\">V bal\u00ed\u010dku: 1 m2<\/span><\/h4>\n<\/blockquote>\n","protected":false},"featured_media":31887,"comment_status":"open","ping_status":"closed","template":"","meta":{"_acf_changed":false},"product_brand":[],"product_cat":[1331,143,148],"product_tag":[],"class_list":{"0":"post-31958","1":"product","2":"type-product","3":"status-publish","4":"has-post-thumbnail","6":"product_cat-fasada-cs","7":"product_cat-tepelne-izolace","8":"product_cat-penovy-polystyren","9":"product_shipping_class-transport-the-partners-cs","10":"pa_darmowa-dostawa-ano","11":"pa_producent-austrotherm-cs","12":"pa_wspolczynnik-przewodzenia-0031-w-mk-cs","14":"first","15":"onbackorder","16":"taxable","17":"shipping-taxable","18":"purchasable","19":"product-type-simple"},"acf":[],"_links":{"self":[{"href":"https:\/\/sklep.thepartners.pl\/cs\/wp-json\/wp\/v2\/product\/31958","targetHints":{"allow":["GET"]}}],"collection":[{"href":"https:\/\/sklep.thepartners.pl\/cs\/wp-json\/wp\/v2\/product"}],"about":[{"href":"https:\/\/sklep.thepartners.pl\/cs\/wp-json\/wp\/v2\/types\/product"}],"replies":[{"embeddable":true,"href":"https:\/\/sklep.thepartners.pl\/cs\/wp-json\/wp\/v2\/comments?post=31958"}],"wp:featuredmedia":[{"embeddable":true,"href":"https:\/\/sklep.thepartners.pl\/cs\/wp-json\/wp\/v2\/media\/31887"}],"wp:attachment":[{"href":"https:\/\/sklep.thepartners.pl\/cs\/wp-json\/wp\/v2\/media?parent=31958"}],"wp:term":[{"taxonomy":"product_brand","embeddable":true,"href":"https:\/\/sklep.thepartners.pl\/cs\/wp-json\/wp\/v2\/product_brand?post=31958"},{"taxonomy":"product_cat","embeddable":true,"href":"https:\/\/sklep.thepartners.pl\/cs\/wp-json\/wp\/v2\/product_cat?post=31958"},{"taxonomy":"product_tag","embeddable":true,"href":"https:\/\/sklep.thepartners.pl\/cs\/wp-json\/wp\/v2\/product_tag?post=31958"}],"curies":[{"name":"wp","href":"https:\/\/api.w.org\/{rel}","templated":true}]}}