{"id":31979,"date":"2025-12-02T13:55:53","date_gmt":"2025-12-02T12:55:53","guid":{"rendered":"https:\/\/sklep.thepartners.pl\/?post_type=product&#038;p=31979"},"modified":"2026-04-01T10:16:13","modified_gmt":"2026-04-01T08:16:13","slug":"polystyren-austrotherm-eps-038-fasada-super-4cm-kopia","status":"publish","type":"product","link":"https:\/\/sklep.thepartners.pl\/cs\/produkt\/polystyren-austrotherm-eps-038-fasada-super-4cm-kopia\/","title":{"rendered":"Polystyren Austrotherm EPS 038 FASADA SUPER &#8211; 5cm"},"content":{"rendered":"<p>N\u00e1\u0161 polystyren d\u00edky vynikaj\u00edc\u00edm tepeln\u011b izola\u010dn\u00edm vlastnostem a zv\u00fd\u0161en\u00e9 mechanick\u00e9 odolnosti zaji\u0161\u0165uje energetickou \u00fa\u010dinnost budov a trvanlivost konstrukc\u00ed po mnoho let.<\/p>\n<p><strong>Pou\u017eit\u00ed a rozsah pou\u017eit\u00ed:<\/strong><\/p>\n<ul>\n<li><strong>Tepeln\u00e1 izolace z\u00e1klad\u016f a sklep\u016f s hydroizolac\u00ed<\/strong><\/li>\n<li><strong>Tepeln\u00e1 izolace podlah na ter\u00e9nu<\/strong><\/li>\n<li><strong>Tepeln\u00e1 izolace pln\u00fdch a v\u011btran\u00fdch st\u0159ech v tradi\u010dn\u00ed technologii<\/strong><\/li>\n<li><strong>Tepeln\u00e1 izolace teras a balkon\u016f<\/strong><\/li>\n<li><strong>J\u00e1dro vrstven\u00fdch st\u011bnov\u00fdch a st\u0159e\u0161n\u00edch desek s asfaltov\u00fdmi povlaky<\/strong><\/li>\n<li><strong>Tepeln\u00e1 izolace strop\u016f pod podlahov\u00fdm z\u00e1kladem, s u\u017eitn\u00fdm zat\u00ed\u017een\u00edm a\u017e 2100 kg\/m\u00b2<\/strong><\/li>\n<li><strong>Tepeln\u00e1 izolace nad krokvemi<\/strong><\/li>\n<li><strong>Tepeln\u00e1 izolace strop\u016f nad pr\u016fjezdy<\/strong><\/li>\n<li><strong>Tepeln\u00e1 izolace v prefabrikovan\u00fdch vrstven\u00fdch desk\u00e1ch<\/strong><\/li>\n<\/ul>\n<p><strong>Vlastnosti produktu:<\/strong><\/p>\n<ul>\n<li>Vysok\u00e1 odolnost proti tlaku<\/li>\n<li>Vynikaj\u00edc\u00ed tepeln\u00e1 izolace<\/li>\n<li>\u0160etrnost k \u017eivotn\u00edmu prost\u0159ed\u00ed<\/li>\n<\/ul>\n<p><strong>Kl\u00ed\u010dov\u00e9 technick\u00e9 hodnoty:<\/strong><\/p>\n<ul>\n<li>Sou\u010dinitel tepeln\u00e9 vodivosti: \u03bbD\u22640,038 W\/mK<\/li>\n<li>Nap\u011bt\u00ed v tlaku p\u0159i 10% deformaci: CS(10)\u226570 kPa<\/li>\n<li>Pevnost v ohybu: BS\u2265115 kPa<\/li>\n<li>Pevnost v tahu kolmo na povrch: TR\u2265100 kPa<\/li>\n<li>Minim\u00e1ln\u00ed hmotnost: 13,5 kg\/m\u00b3<\/li>\n<li>T\u0159\u00edda reakce na ohe\u0148: E<\/li>\n<\/ul>\n<p><strong>Vyberte si n\u00e1\u0161 klasick\u00fd polystyren<\/strong>, abyste zajistili nejvy\u0161\u0161\u00ed kvalitu tepeln\u00e9 izolace ve va\u0161em dom\u011b. P\u0159esv\u011bd\u010dte se, jak m\u016f\u017ee zlep\u0161it energetickou \u00fa\u010dinnost va\u0161\u00ed budovy.<\/p>\n","protected":false},"excerpt":{"rendered":"<blockquote>\n<h3><span style=\"color: #ff6600;\">Polystyren vyroben\u00fd na zak\u00e1zku &#8211; \u010dekac\u00ed doba 30 dn\u00ed.<\/span><\/h3>\n<h4><strong>Sou\u010dinitel veden\u00ed tepla: \u03bb 0,038<\/strong><\/h4>\n<h4><strong>\u00da\u010del: Fas\u00e1dn\u00ed polystyren<\/strong><\/h4>\n<h4><span style=\"color: #ff9900;\">V bal\u00ed\u010dku: 0,3 m3<\/span><\/h4>\n<h4><span style=\"color: #ff9900;\">V bal\u00ed\u010dku: 6 m2<\/span><\/h4>\n<\/blockquote>\n","protected":false},"featured_media":6139,"comment_status":"open","ping_status":"closed","template":"","meta":{"_acf_changed":false},"product_brand":[],"product_cat":[1331,143,148],"product_tag":[],"class_list":{"0":"post-31979","1":"product","2":"type-product","3":"status-publish","4":"has-post-thumbnail","6":"product_cat-fasada-cs","7":"product_cat-tepelne-izolace","8":"product_cat-penovy-polystyren","9":"product_shipping_class-transport-the-partners-cs","10":"pa_darmowa-dostawa-ano","11":"pa_producent-austrotherm-cs","12":"pa_wspolczynnik-przewodzenia-0038-w-mk-cs","14":"first","15":"onbackorder","16":"taxable","17":"shipping-taxable","18":"purchasable","19":"product-type-simple"},"acf":[],"_links":{"self":[{"href":"https:\/\/sklep.thepartners.pl\/cs\/wp-json\/wp\/v2\/product\/31979","targetHints":{"allow":["GET"]}}],"collection":[{"href":"https:\/\/sklep.thepartners.pl\/cs\/wp-json\/wp\/v2\/product"}],"about":[{"href":"https:\/\/sklep.thepartners.pl\/cs\/wp-json\/wp\/v2\/types\/product"}],"replies":[{"embeddable":true,"href":"https:\/\/sklep.thepartners.pl\/cs\/wp-json\/wp\/v2\/comments?post=31979"}],"wp:featuredmedia":[{"embeddable":true,"href":"https:\/\/sklep.thepartners.pl\/cs\/wp-json\/wp\/v2\/media\/6139"}],"wp:attachment":[{"href":"https:\/\/sklep.thepartners.pl\/cs\/wp-json\/wp\/v2\/media?parent=31979"}],"wp:term":[{"taxonomy":"product_brand","embeddable":true,"href":"https:\/\/sklep.thepartners.pl\/cs\/wp-json\/wp\/v2\/product_brand?post=31979"},{"taxonomy":"product_cat","embeddable":true,"href":"https:\/\/sklep.thepartners.pl\/cs\/wp-json\/wp\/v2\/product_cat?post=31979"},{"taxonomy":"product_tag","embeddable":true,"href":"https:\/\/sklep.thepartners.pl\/cs\/wp-json\/wp\/v2\/product_tag?post=31979"}],"curies":[{"name":"wp","href":"https:\/\/api.w.org\/{rel}","templated":true}]}}