{"id":32077,"date":"2025-12-03T10:38:58","date_gmt":"2025-12-03T09:38:58","guid":{"rendered":"https:\/\/sklep.thepartners.pl\/?post_type=product&#038;p=32077"},"modified":"2026-04-01T09:39:35","modified_gmt":"2026-04-01T07:39:35","slug":"penovy-polystyren-austrotherm-eps-%ce%bb038-podlaha-strechy-18cm-kopia","status":"publish","type":"product","link":"https:\/\/sklep.thepartners.pl\/cs\/produkt\/penovy-polystyren-austrotherm-eps-%ce%bb038-podlaha-strechy-18cm-kopia\/","title":{"rendered":"P\u011bnov\u00fd polystyren Austrotherm EPS \u03bb038 PODLAHA ST\u0158ECHY &#8211; 20cm"},"content":{"rendered":"<header><strong>Podlahov\u00fd polystyren EPS \u03bb038 DACH PODLAHA &#8211; Nejvy\u0161\u0161\u00ed kvalita tepeln\u00e9 izolace<\/strong>Podlahov\u00fd polystyren EPS \u03bb038 DACH PODLAHA je vynikaj\u00edc\u00ed izola\u010dn\u00ed materi\u00e1l ur\u010den\u00fd pro \u0161irokou \u0161k\u00e1lu stavebn\u00edch aplikac\u00ed. D\u00edky sv\u00fdm tepeln\u011b izola\u010dn\u00edm vlastnostem je ide\u00e1ln\u00ed volbou pro r\u016fzn\u00e9 projekty.<\/header>\n<header><\/header>\n<header><\/header>\n<header><strong>Pou\u017eit\u00ed<\/strong>:<\/p>\n<ul>\n<li>Tepeln\u00e1 izolace z\u00e1kladov\u00fdch zd\u00ed a sklepn\u00edch st\u011bn s hydroizolac\u00ed<\/li>\n<li>Tepeln\u00e1 izolace podlah na zemin\u011b<\/li>\n<li>Tepeln\u00e1 izolace ploch\u00fdch a v\u011btran\u00fdch st\u0159ech v tradi\u010dn\u00ed technologii<\/li>\n<li>Tepeln\u00e1 izolace teras a balkon\u016f<\/li>\n<li>J\u00e1dro st\u011bnov\u00fdch a st\u0159e\u0161n\u00edch sendvi\u010dov\u00fdch panel\u016f s asfaltov\u00fdmi krytinami<\/li>\n<li>Tepeln\u00e1 izolace strop\u016f pod podlahovou vrstvou s provozn\u00edm zat\u00ed\u017een\u00edm do 2100 kg\/m\u00b2<\/li>\n<li>Tepeln\u00e1 izolace nad krokvemi<\/li>\n<li>Tepeln\u00e1 izolace strop\u016f nad pr\u016fjezdy<\/li>\n<li>Tepeln\u00e1 izolace v prefabrikovan\u00fdch sendvi\u010dov\u00fdch panelech<\/li>\n<\/ul>\n<p><strong>Vlastnosti produktu<\/strong>:<\/p>\n<ul>\n<li>Vysok\u00e1 odolnost proti tlaku<\/li>\n<li>Vynikaj\u00edc\u00ed tepeln\u00e1 izolace<\/li>\n<li>Ekologick\u00e1 \u0161etrnost<\/li>\n<\/ul>\n<p><strong>Kl\u00ed\u010dov\u00e9 technick\u00e9 hodnoty<\/strong>:<\/p>\n<ul>\n<li>Sou\u010dinitel tepeln\u00e9 vodivosti: \u03bbD\u22640,038 W\/mK<\/li>\n<li>Tlakov\u00e9 nap\u011bt\u00ed p\u0159i 10% deformaci: CS(10)\u226570 kPa<\/li>\n<li>Pevnost v ohybu: BS\u2265115 kPa<\/li>\n<li>Minim\u00e1ln\u00ed hmotnost: 13,5 kg\/m\u00b3<\/li>\n<li>T\u0159\u00edda reakce na ohe\u0148: E<\/li>\n<\/ul>\n<p>Vyberte si podlahov\u00fd polystyren EPS \u03bb038 DACH PODLAHA a zajist\u011bte nejvy\u0161\u0161\u00ed kvalitu tepeln\u00e9 izolace ve sv\u00e9 budov\u011b. P\u0159esv\u011bd\u010dte se, jak m\u016f\u017ee zlep\u0161it energetickou \u00fa\u010dinnost a komfort u\u017e\u00edv\u00e1n\u00ed va\u0161eho domu.<\/p>\n<\/header>\n","protected":false},"excerpt":{"rendered":"<blockquote>\n<h3><span style=\"color: #ff6600;\">Polystyren vyroben\u00fd na zak\u00e1zku &#8211; \u010dekac\u00ed doba 30 dn\u00ed.<\/span><\/h3>\n<h4><strong>Sou\u010dinitel veden\u00ed tepla: \u03bb 0,038<\/strong><\/h4>\n<h4><strong>\u00da\u010del: Izolace podlah, strop\u016f, teras, balkon\u016f.<\/strong><\/h4>\n<h4><span style=\"color: #ff9900;\">V bal\u00ed\u010dku: 0,3 m3<\/span><\/h4>\n<h4><span style=\"color: #ff9900;\">V bal\u00ed\u010dku: 1,5 m2<\/span><\/h4>\n<\/blockquote>\n","protected":false},"featured_media":32029,"comment_status":"open","ping_status":"closed","template":"","meta":{"_acf_changed":false},"product_brand":[],"product_cat":[143,148,1333],"product_tag":[],"class_list":{"0":"post-32077","1":"product","2":"type-product","3":"status-publish","4":"has-post-thumbnail","6":"product_cat-tepelne-izolace","7":"product_cat-penovy-polystyren","8":"product_cat-strecha-podlaha","9":"product_shipping_class-transport-the-partners-cs","10":"pa_producent-austrotherm-cs","11":"pa_wspolczynnik-przewodzenia-0038-w-mk-cs","13":"first","14":"onbackorder","15":"taxable","16":"shipping-taxable","17":"purchasable","18":"product-type-simple"},"acf":[],"_links":{"self":[{"href":"https:\/\/sklep.thepartners.pl\/cs\/wp-json\/wp\/v2\/product\/32077","targetHints":{"allow":["GET"]}}],"collection":[{"href":"https:\/\/sklep.thepartners.pl\/cs\/wp-json\/wp\/v2\/product"}],"about":[{"href":"https:\/\/sklep.thepartners.pl\/cs\/wp-json\/wp\/v2\/types\/product"}],"replies":[{"embeddable":true,"href":"https:\/\/sklep.thepartners.pl\/cs\/wp-json\/wp\/v2\/comments?post=32077"}],"wp:featuredmedia":[{"embeddable":true,"href":"https:\/\/sklep.thepartners.pl\/cs\/wp-json\/wp\/v2\/media\/32029"}],"wp:attachment":[{"href":"https:\/\/sklep.thepartners.pl\/cs\/wp-json\/wp\/v2\/media?parent=32077"}],"wp:term":[{"taxonomy":"product_brand","embeddable":true,"href":"https:\/\/sklep.thepartners.pl\/cs\/wp-json\/wp\/v2\/product_brand?post=32077"},{"taxonomy":"product_cat","embeddable":true,"href":"https:\/\/sklep.thepartners.pl\/cs\/wp-json\/wp\/v2\/product_cat?post=32077"},{"taxonomy":"product_tag","embeddable":true,"href":"https:\/\/sklep.thepartners.pl\/cs\/wp-json\/wp\/v2\/product_tag?post=32077"}],"curies":[{"name":"wp","href":"https:\/\/api.w.org\/{rel}","templated":true}]}}