{"id":3212,"date":"2024-07-19T10:24:21","date_gmt":"2024-07-19T08:24:21","guid":{"rendered":"https:\/\/sklep.thepartners.pl\/p\/listwa-przyokienna-do-wewnatrz-6mm-3mm-z-uszczelka-biala-3m\/"},"modified":"2024-10-01T09:54:50","modified_gmt":"2024-10-01T07:54:50","slug":"listwa-przyokienna-do-wewnatrz-6mm-3mm-z-uszczelka-biala-3m","status":"publish","type":"product","link":"https:\/\/sklep.thepartners.pl\/cs\/produkt\/listwa-przyokienna-do-wewnatrz-6mm-3mm-z-uszczelka-biala-3m\/","title":{"rendered":"Povrchov\u00e1 Li\u0161ta Okna do Vnit\u0159ku \u2013 6mm\/3mm s B\u00edl\u00fdm T\u011bsn\u011bn\u00edm 3m"},"content":{"rendered":"<p>Povrchov\u00e9 li\u0161ty okna s\u00e9rie BP13 jsou ur\u010deny pro mont\u00e1\u017e na vn\u011bj\u0161\u00ed povrch okenn\u00edho r\u00e1mu. Jejich hlavn\u00edm \u00fakolem je zajistit estetick\u00e9 zakon\u010den\u00ed a ochranu p\u0159ed vlhkost\u00ed a ne\u010distotami.<\/p>\n<p><strong>Mont\u00e1\u017e:<\/strong><\/p>\n<ol>\n<li><strong>P\u0159\u00edprava povrchu:<\/strong> P\u0159ed mont\u00e1\u017e\u00ed je t\u0159eba d\u016fkladn\u011b vy\u010distit povrch okenn\u00edho r\u00e1mu od prachu, oleje a ne\u010distot. M\u016f\u017eete pou\u017e\u00edt denaturant nebo \u010distic\u00ed prost\u0159edek na skla. Je nutn\u00e9 se vyhnout mont\u00e1\u017ei na mokr\u00fd povrch, p\u0159i z\u00e1porn\u00fdch teplot\u00e1ch a na povrchy pokryt\u00e9 zkondenzovanou vodn\u00ed parou, co\u017e m\u016f\u017ee nastat b\u011bhem n\u00e1hl\u00fdch zm\u011bn teploty, nap\u0159. r\u00e1no. Tak\u00e9 byste se m\u011bli vyhnout mont\u00e1\u017ei na siln\u011b zah\u0159\u00e1t\u00fd okenn\u00ed r\u00e1m, zejm\u00e9na v tmav\u00fdch barv\u00e1ch. Optim\u00e1ln\u00ed teplota pro mont\u00e1\u017e li\u0161t je v rozmez\u00ed 5\u00b0C a\u017e 25\u00b0C.<\/li>\n<li><strong>Mont\u00e1\u017e li\u0161ty:<\/strong> Po vy\u010di\u0161t\u011bn\u00ed povrchu je t\u0159eba li\u0161tu pevn\u011b p\u0159itla\u010dit na okenn\u00ed r\u00e1m po cel\u00e9 jej\u00ed d\u00e9lce. Povrchov\u00e9 li\u0161ty jsou vybaveny trval\u00fdm p\u00e1sem sklen\u011bn\u00e9 tkaniny, kter\u00fd je t\u0159eba p\u0159ilepit na povrch tepeln\u011b izola\u010dn\u00edho obkladu (glif) pomoc\u00ed lepidla na zapu\u0161t\u011bn\u00ed sklen\u011bn\u00e9 tkaniny.<\/li>\n<li><strong>Vypln\u011bn\u00ed \u017el\u00e1bku:<\/strong> Do vnit\u0159ku \u017el\u00e1bku li\u0161ty (kter\u00fd m\u00e1 tvar p\u00edsmene \u201eU\u201c a je ur\u010den pro om\u00edtku) by nem\u011blo b\u00fdt vkl\u00e1d\u00e1no lepidlo. \u017dl\u00e1bek by m\u011bl b\u00fdt vypln\u011bn om\u00edtkou, p\u0159i\u010dem\u017e om\u00edtka nesm\u00ed vystupovat mimo \u017el\u00e1bek \u2013 povrch om\u00edtky by m\u011bl b\u00fdt vyrovn\u00e1n s vn\u011bj\u0161\u00edm povrchem \u017el\u00e1bku. Po mont\u00e1\u017ei li\u0161t se doporu\u010duje za\u010d\u00edt s prac\u00ed s lepidlem na sklen\u011bnou tkaninu a\u017e po n\u011bkolika hodin\u00e1ch.<\/li>\n<\/ol>\n<p>Povrchov\u00e1 li\u0161ta 6mm\/3mm s b\u00edl\u00fdm t\u011bsn\u011bn\u00edm je ide\u00e1ln\u00edm \u0159e\u0161en\u00edm pro vnit\u0159n\u00ed dokon\u010dov\u00e1n\u00ed oken, zaji\u0161\u0165uj\u00edc\u00ed trvanlivost a estetiku proveden\u00ed.<\/p>\n","protected":false},"excerpt":{"rendered":"<blockquote><p><strong>Pro zhotoven\u00ed dilata\u010dn\u00edch sp\u00e1r mezi r\u00e1mem okna a vnit\u0159n\u00ed om\u00edtkou (s\u00e1drovou, cementovo-v\u00e1pennou).<\/strong><\/p>\n<p><strong>D\u00e9lka: 3m<\/strong><\/p><\/blockquote>\n<p>&nbsp;<\/p>\n","protected":false},"featured_media":6071,"comment_status":"open","ping_status":"closed","template":"","meta":{"_acf_changed":false},"product_brand":[],"product_cat":[146],"product_tag":[],"class_list":{"0":"post-3212","1":"product","2":"type-product","3":"status-publish","4":"has-post-thumbnail","6":"product_cat-fasadni-profily-a-listy","7":"product_shipping_class-transport-the-partners-cs","8":"pa_dlugosc-3m-cs","9":"pa_kolor-bialy-cs","10":"pa_producent-bella-plast-cs","12":"first","13":"instock","14":"taxable","15":"shipping-taxable","16":"purchasable","17":"product-type-simple"},"acf":[],"_links":{"self":[{"href":"https:\/\/sklep.thepartners.pl\/cs\/wp-json\/wp\/v2\/product\/3212","targetHints":{"allow":["GET"]}}],"collection":[{"href":"https:\/\/sklep.thepartners.pl\/cs\/wp-json\/wp\/v2\/product"}],"about":[{"href":"https:\/\/sklep.thepartners.pl\/cs\/wp-json\/wp\/v2\/types\/product"}],"replies":[{"embeddable":true,"href":"https:\/\/sklep.thepartners.pl\/cs\/wp-json\/wp\/v2\/comments?post=3212"}],"wp:featuredmedia":[{"embeddable":true,"href":"https:\/\/sklep.thepartners.pl\/cs\/wp-json\/wp\/v2\/media\/6071"}],"wp:attachment":[{"href":"https:\/\/sklep.thepartners.pl\/cs\/wp-json\/wp\/v2\/media?parent=3212"}],"wp:term":[{"taxonomy":"product_brand","embeddable":true,"href":"https:\/\/sklep.thepartners.pl\/cs\/wp-json\/wp\/v2\/product_brand?post=3212"},{"taxonomy":"product_cat","embeddable":true,"href":"https:\/\/sklep.thepartners.pl\/cs\/wp-json\/wp\/v2\/product_cat?post=3212"},{"taxonomy":"product_tag","embeddable":true,"href":"https:\/\/sklep.thepartners.pl\/cs\/wp-json\/wp\/v2\/product_tag?post=3212"}],"curies":[{"name":"wp","href":"https:\/\/api.w.org\/{rel}","templated":true}]}}