{"id":32123,"date":"2025-12-03T12:54:39","date_gmt":"2025-12-03T11:54:39","guid":{"rendered":"https:\/\/sklep.thepartners.pl\/?post_type=product&#038;p=32123"},"modified":"2026-04-01T08:45:34","modified_gmt":"2026-04-01T06:45:34","slug":"penovy-polystyren-austrotherm-eps-100-s-vysokou-pevnosti-12-cm-kopia","status":"publish","type":"product","link":"https:\/\/sklep.thepartners.pl\/cs\/produkt\/penovy-polystyren-austrotherm-eps-100-s-vysokou-pevnosti-12-cm-kopia\/","title":{"rendered":"P\u011bnov\u00fd polystyren Austrotherm EPS 100 s vysokou pevnost\u00ed \u2013 15\u202fcm"},"content":{"rendered":"<p data-start=\"154\" data-end=\"514\"><strong>Austrotherm EPS 100<\/strong> je vysoce kvalitn\u00ed tepeln\u011bizola\u010dn\u00ed polystyren ur\u010den\u00fd pro pou\u017eit\u00ed tam, kde je vy\u017eadov\u00e1na vynikaj\u00edc\u00ed nosnost a odolnost proti stla\u010den\u00ed. Vyzna\u010duje se deklarovanou pevnost\u00ed <strong data-start=\"343\" data-end=\"354\">100 kPa<\/strong>, d\u00edky \u010demu\u017e se ide\u00e1ln\u011b hod\u00ed do u\u017eitkov\u00fdch podlah, pot\u011br\u016f v obytn\u00fdch a komer\u010dn\u00edch budov\u00e1ch i do m\u00edst, kde je izolace vystavena intenzivn\u00edmu provozn\u00edmu zat\u00ed\u017een\u00ed.<\/p>\n<p data-start=\"516\" data-end=\"820\">Polystyrenov\u00e9 desky Austrotherm EPS 100 nab\u00edzej\u00ed skv\u011blou tepelnou izolaci, kter\u00e1 pom\u00e1h\u00e1 sni\u017eovat energetick\u00e9 ztr\u00e1ty a v\u00fdrazn\u011b zlep\u0161uje energetickou efektivitu budovy. Produkt se vyzna\u010duje n\u00edzkou nas\u00e1kavost\u00ed, rozm\u011brovou stabilitou a vysokou trvanlivost\u00ed, co\u017e zaru\u010duje dlouholet\u00e9 a bezprobl\u00e9mov\u00e9 pou\u017e\u00edv\u00e1n\u00ed.<\/p>\n<p data-start=\"822\" data-end=\"1052\">Tento polystyren je snadn\u00fd na zpracov\u00e1n\u00ed \u2013 lze jej \u0159ezat no\u017eem, pilou nebo hork\u00fdm dr\u00e1tem. Mont\u00e1\u017e je rychl\u00e1 a nen\u00e1ro\u010dn\u00e1, co\u017e \u010din\u00ed Austrotherm EPS 100 ide\u00e1ln\u00edm \u0159e\u0161en\u00edm jak pro profesion\u00e1ly, tak pro osoby prov\u00e1d\u011bj\u00edc\u00ed pr\u00e1ce sv\u00e9pomoc\u00ed.<\/p>\n<h2 data-start=\"1059\" data-end=\"1093\"><strong data-start=\"1062\" data-end=\"1093\">Pou\u017eit\u00ed Austrotherm EPS 100<\/strong><\/h2>\n<ul data-start=\"1095\" data-end=\"1376\">\n<li data-start=\"1095\" data-end=\"1123\">\n<p data-start=\"1097\" data-end=\"1123\">izolace podlah na zemin\u011b<\/p>\n<\/li>\n<li data-start=\"1124\" data-end=\"1173\">\n<p data-start=\"1126\" data-end=\"1173\">pod pot\u011bry a cementov\u00e9 \u010di anhydritov\u00e9 podlahy<\/p>\n<\/li>\n<li data-start=\"1174\" data-end=\"1242\">\n<p data-start=\"1176\" data-end=\"1242\">podlahy v obytn\u00fdch budov\u00e1ch, kancel\u00e1\u0159\u00edch a komer\u010dn\u00edch prostorech<\/p>\n<\/li>\n<li data-start=\"1243\" data-end=\"1275\">\n<p data-start=\"1245\" data-end=\"1275\">izolace strop\u016f a stropodach\u016f<\/p>\n<\/li>\n<li data-start=\"1276\" data-end=\"1328\">\n<p data-start=\"1278\" data-end=\"1328\">zateplen\u00ed gar\u00e1\u017e\u00ed, sklep\u016f a technick\u00fdch m\u00edstnost\u00ed<\/p>\n<\/li>\n<li data-start=\"1329\" data-end=\"1376\">\n<p data-start=\"1331\" data-end=\"1376\">m\u00edsta vystaven\u00e1 vy\u0161\u0161\u00edmu provozn\u00edmu zat\u00ed\u017een\u00ed<\/p>\n<\/li>\n<\/ul>\n<h2 data-start=\"1383\" data-end=\"1423\"><strong data-start=\"1386\" data-end=\"1423\">Hlavn\u00ed v\u00fdhody Austrotherm EPS 100<\/strong><\/h2>\n<ul data-start=\"1425\" data-end=\"1717\">\n<li data-start=\"1425\" data-end=\"1472\">\n<p data-start=\"1427\" data-end=\"1472\">vysok\u00e1 odolnost v\u016f\u010di stla\u010den\u00ed \u2013 <strong data-start=\"1459\" data-end=\"1470\">100 kPa<\/strong><\/p>\n<\/li>\n<li data-start=\"1473\" data-end=\"1511\">\n<p data-start=\"1475\" data-end=\"1511\">v\u00fdborn\u00e9 tepeln\u011bizola\u010dn\u00ed vlastnosti<\/p>\n<\/li>\n<li data-start=\"1512\" data-end=\"1549\">\n<p data-start=\"1514\" data-end=\"1549\">trvanlivost a rozm\u011brov\u00e1 stabilita<\/p>\n<\/li>\n<li data-start=\"1550\" data-end=\"1596\">\n<p data-start=\"1552\" data-end=\"1596\">odolnost proti b\u011b\u017en\u00fdm vlhkostn\u00edm podm\u00ednk\u00e1m<\/p>\n<\/li>\n<li data-start=\"1597\" data-end=\"1635\">\n<p data-start=\"1599\" data-end=\"1635\">n\u00edzk\u00e1 hmotnost a snadn\u00e9 zpracov\u00e1n\u00ed<\/p>\n<\/li>\n<li data-start=\"1636\" data-end=\"1675\">\n<p data-start=\"1638\" data-end=\"1675\">univerz\u00e1ln\u00ed pou\u017eit\u00ed ve stavebnictv\u00ed<\/p>\n<\/li>\n<li data-start=\"1676\" data-end=\"1717\">\n<p data-start=\"1678\" data-end=\"1717\">zv\u00fd\u0161en\u00ed energetick\u00e9 efektivity budovy<\/p>\n<\/li>\n<\/ul>\n<h2 data-start=\"1724\" data-end=\"1763\"><strong data-start=\"1727\" data-end=\"1763\">Pro\u010d zvolit Austrotherm EPS 100?<\/strong><\/h2>\n<p data-start=\"1765\" data-end=\"2139\">Austrotherm pat\u0159\u00ed mezi nejuzn\u00e1van\u011bj\u0161\u00ed v\u00fdrobce izola\u010dn\u00edch materi\u00e1l\u016f v Evrop\u011b. EPS 100 je \u0159e\u0161en\u00edm pro ty, kte\u0159\u00ed hledaj\u00ed spojen\u00ed vysok\u00e9 kvality, velmi dobr\u00e9 pevnosti a atraktivn\u00edho pom\u011bru ceny k technick\u00fdm parametr\u016fm. Produkt zaji\u0161\u0165uje \u00fa\u010dinnou tepelnou izolaci a dlouhou \u017eivotnost konstrukc\u00ed, d\u00edky \u010demu\u017e je ide\u00e1ln\u00ed volbou pro novostavby, rekonstrukce i energetick\u00e9 modernizace.<\/p>\n","protected":false},"excerpt":{"rendered":"<blockquote>\n<h3><span style=\"color: #ff6600;\">Polystyren vyroben\u00fd na zak\u00e1zku &#8211; \u010dekac\u00ed doba 30 dn\u00ed.<\/span><\/h3>\n<h4 data-start=\"282\" data-end=\"342\">Odoln\u00fd podlahov\u00fd polystyren s pevnost\u00ed v tlaku <strong data-start=\"329\" data-end=\"340\">100 kPa<\/strong><\/h4>\n<h4 data-start=\"345\" data-end=\"434\">V\u00fdborn\u00e1 tepeln\u00e1 izolace \u2013 n\u00edzk\u00fd sou\u010dinitel tepeln\u00e9 vodivosti <strong data-start=\"406\" data-end=\"432\">\u03bb 0,036 W\/mK<\/strong><\/h4>\n<h4 data-start=\"437\" data-end=\"496\">Ide\u00e1ln\u00ed pod pot\u011bry, podlahy na zemin\u011b a vyt\u00ed\u017een\u00e9 prostory<\/h4>\n<h4 data-start=\"499\" data-end=\"546\">Vysok\u00e1 rozm\u011brov\u00e1 stabilita a n\u00edzk\u00e1 nas\u00e1kavost<\/h4>\n<h4 data-start=\"549\" data-end=\"582\">Lehk\u00fd, snadno se \u0159e\u017ee a montuje<\/h4>\n<h4 data-start=\"585\" data-end=\"630\">Vhodn\u00fd do m\u00edst vystaven\u00fdch vy\u0161\u0161\u00edmu zat\u00ed\u017een\u00ed<\/h4>\n<h4><span style=\"color: #ff9900;\">V bal\u00ed\u010dku: 0,3 m3<\/span><\/h4>\n<h4><span style=\"color: #ff9900;\">V bal\u00ed\u010dku: 2 m2<\/span><\/h4>\n<\/blockquote>\n","protected":false},"featured_media":32082,"comment_status":"open","ping_status":"closed","template":"","meta":{"_acf_changed":false},"product_brand":[],"product_cat":[143,148,1333],"product_tag":[],"class_list":{"0":"post-32123","1":"product","2":"type-product","3":"status-publish","4":"has-post-thumbnail","6":"product_cat-tepelne-izolace","7":"product_cat-penovy-polystyren","8":"product_cat-strecha-podlaha","9":"product_shipping_class-transport-the-partners-cs","10":"pa_producent-austrotherm-cs","11":"pa_wspolczynnik-przewodzenia-0036-wmk-cs","13":"first","14":"onbackorder","15":"taxable","16":"shipping-taxable","17":"purchasable","18":"product-type-simple"},"acf":[],"_links":{"self":[{"href":"https:\/\/sklep.thepartners.pl\/cs\/wp-json\/wp\/v2\/product\/32123","targetHints":{"allow":["GET"]}}],"collection":[{"href":"https:\/\/sklep.thepartners.pl\/cs\/wp-json\/wp\/v2\/product"}],"about":[{"href":"https:\/\/sklep.thepartners.pl\/cs\/wp-json\/wp\/v2\/types\/product"}],"replies":[{"embeddable":true,"href":"https:\/\/sklep.thepartners.pl\/cs\/wp-json\/wp\/v2\/comments?post=32123"}],"wp:featuredmedia":[{"embeddable":true,"href":"https:\/\/sklep.thepartners.pl\/cs\/wp-json\/wp\/v2\/media\/32082"}],"wp:attachment":[{"href":"https:\/\/sklep.thepartners.pl\/cs\/wp-json\/wp\/v2\/media?parent=32123"}],"wp:term":[{"taxonomy":"product_brand","embeddable":true,"href":"https:\/\/sklep.thepartners.pl\/cs\/wp-json\/wp\/v2\/product_brand?post=32123"},{"taxonomy":"product_cat","embeddable":true,"href":"https:\/\/sklep.thepartners.pl\/cs\/wp-json\/wp\/v2\/product_cat?post=32123"},{"taxonomy":"product_tag","embeddable":true,"href":"https:\/\/sklep.thepartners.pl\/cs\/wp-json\/wp\/v2\/product_tag?post=32123"}],"curies":[{"name":"wp","href":"https:\/\/api.w.org\/{rel}","templated":true}]}}