{"id":32158,"date":"2025-12-03T14:57:41","date_gmt":"2025-12-03T13:57:41","guid":{"rendered":"https:\/\/sklep.thepartners.pl\/produkt\/farba-lateksowa-matowa-grand-latex-matt-bolix-styline-kolor-do-wyboru-9l\/"},"modified":"2025-12-03T15:00:28","modified_gmt":"2025-12-03T14:00:28","slug":"farba-lateksowa-matowa-grand-latex-matt-bolix-styline-kolor-do-wyboru-9l","status":"publish","type":"product","link":"https:\/\/sklep.thepartners.pl\/cs\/produkt\/farba-lateksowa-matowa-grand-latex-matt-bolix-styline-kolor-do-wyboru-9l\/","title":{"rendered":"Latexov\u00e1 matn\u00e1 barva Grand Latex Matt Bolix Styline BARVA NA V\u00ddB\u011aR 9L"},"content":{"rendered":"<p data-start=\"985\" data-end=\"1419\"><strong data-start=\"985\" data-end=\"1040\">Latexov\u00e1 matn\u00e1 barva Grand Latex Matt Bolix Styline<\/strong> \u2013 vysoce kvalitn\u00ed latexov\u00e1 interi\u00e9rov\u00e1 barva, kter\u00e1 spojuje elegantn\u00ed matn\u00fd vzhled s vynikaj\u00edc\u00ed kryc\u00ed schopnost\u00ed. D\u00edky odolnosti proti myt\u00ed a drhnut\u00ed z\u016fst\u00e1vaj\u00ed st\u011bny dlouhodob\u011b \u010dist\u00e9 a estetick\u00e9. Barva se vyzna\u010duje snadnou aplikac\u00ed, rychl\u00fdm schnut\u00edm a dlouhou barevnou st\u00e1lost\u00ed. Ide\u00e1ln\u00ed pro ob\u00fdvac\u00ed pokoje, lo\u017enice, d\u011btsk\u00e9 pokoje, kancel\u00e1\u0159e a dal\u0161\u00ed obytn\u00e9 i u\u017eitkov\u00e9 prostory.<\/p>\n<h4 data-start=\"1421\" data-end=\"1443\">V\u00fdhody produktu<\/h4>\n<ul data-start=\"1444\" data-end=\"1763\">\n<li data-start=\"1444\" data-end=\"1500\">\n<p data-start=\"1446\" data-end=\"1500\">Matn\u00fd povrch \u2013 modern\u00ed a elegantn\u00ed efekt v interi\u00e9ru<\/p>\n<\/li>\n<li data-start=\"1501\" data-end=\"1547\">\n<p data-start=\"1503\" data-end=\"1547\">V\u00fdborn\u00e1 kryc\u00ed schopnost u\u017e od prvn\u00ed vrstvy<\/p>\n<\/li>\n<li data-start=\"1548\" data-end=\"1605\">\n<p data-start=\"1550\" data-end=\"1605\">Odolnost proti myt\u00ed a drhnut\u00ed \u2013 snadn\u00e1 \u00fadr\u017eba \u010distoty<\/p>\n<\/li>\n<li data-start=\"1606\" data-end=\"1663\">\n<p data-start=\"1608\" data-end=\"1663\">Dlouhodob\u00e1 barevn\u00e1 st\u00e1lost a ochrana proti vyblednut\u00ed<\/p>\n<\/li>\n<li data-start=\"1664\" data-end=\"1716\">\n<p data-start=\"1666\" data-end=\"1716\">Snadn\u00e1 aplikace \u0161t\u011btcem, v\u00e1le\u010dkem nebo st\u0159\u00edk\u00e1n\u00edm<\/p>\n<\/li>\n<li data-start=\"1717\" data-end=\"1763\">\n<p data-start=\"1719\" data-end=\"1763\">Rychleschnouc\u00ed slo\u017een\u00ed \u2013 pohodln\u00e9 malov\u00e1n\u00ed<\/p>\n<\/li>\n<\/ul>\n<p data-start=\"1765\" data-end=\"1872\">Latexov\u00e1 barva Bolix Styline Grand Latex Matt \u2013 spolehliv\u00e9 kryt\u00ed, odolnost a estetika pro va\u0161e interi\u00e9ry.<\/p>\n<p data-start=\"1765\" data-end=\"1872\"><strong>P\u0159id\u00e1n\u00edm barvy do seznamu n\u00e1kup\u016f budete m\u00edt mo\u017enost vybrat po\u017eadovanou barvu a zaslat n\u00e1m ji k individu\u00e1ln\u00edmu nacen\u011bn\u00ed.<\/strong><\/p>\n<p data-start=\"1765\" data-end=\"1872\"><strong> D\u00edky tomu obdr\u017e\u00edte kone\u010dnou cenu p\u0159izp\u016fsobenou va\u0161emu v\u00fdb\u011bru.<\/strong><\/p>\n","protected":false},"excerpt":{"rendered":"<blockquote>\n<blockquote>\n<h4><strong>Hluboce matn\u00fd povrch<\/strong><\/h4>\n<h4><strong>Vysoce odoln\u00fd v\u016f\u010di myt\u00ed a od\u011bru<\/strong><\/h4>\n<h4><strong>Vynikaj\u00edc\u00ed kryt\u00ed<\/strong><\/h4>\n<h4><strong>Rychl\u00e9 schnut\u00ed a snadn\u00e1 aplikace<\/strong><\/h4>\n<h4><strong>\u0160irok\u00e1 \u0161k\u00e1la barev<\/strong><\/h4>\n<\/blockquote>\n<h3>Paleta Barev<\/h3>\n<ul>\n<li>\n<h4><span style=\"color: #ff9900;\"><a style=\"color: #ff9900;\" href=\"https:\/\/styline.pl\/paleta-kolorow-wewnetrzne\/\" target=\"_blank\" rel=\"noopener\">Pr\u016fvodce barvami<\/a><\/span><\/h4>\n<\/li>\n<\/ul>\n<\/blockquote>\n","protected":false},"featured_media":32147,"comment_status":"open","ping_status":"closed","template":"","meta":{"_acf_changed":false},"product_brand":[],"product_cat":[162,713,925,928],"product_tag":[],"class_list":{"0":"post-32158","1":"product","2":"type-product","3":"status-publish","4":"has-post-thumbnail","6":"product_cat-micharna-barev-a-omitek","7":"product_cat-barvy-z-michaci-mistnosti","8":"product_cat-pro-kuchyne-a-koupelny-cs","9":"product_cat-pro-steny-cs-2","10":"product_shipping_class-osobna-paczka","11":"pa_producent-bolix-cs-2","13":"first","14":"instock","15":"taxable","16":"shipping-taxable","17":"purchasable","18":"product-type-simple"},"acf":[],"_links":{"self":[{"href":"https:\/\/sklep.thepartners.pl\/cs\/wp-json\/wp\/v2\/product\/32158","targetHints":{"allow":["GET"]}}],"collection":[{"href":"https:\/\/sklep.thepartners.pl\/cs\/wp-json\/wp\/v2\/product"}],"about":[{"href":"https:\/\/sklep.thepartners.pl\/cs\/wp-json\/wp\/v2\/types\/product"}],"replies":[{"embeddable":true,"href":"https:\/\/sklep.thepartners.pl\/cs\/wp-json\/wp\/v2\/comments?post=32158"}],"wp:featuredmedia":[{"embeddable":true,"href":"https:\/\/sklep.thepartners.pl\/cs\/wp-json\/wp\/v2\/media\/32147"}],"wp:attachment":[{"href":"https:\/\/sklep.thepartners.pl\/cs\/wp-json\/wp\/v2\/media?parent=32158"}],"wp:term":[{"taxonomy":"product_brand","embeddable":true,"href":"https:\/\/sklep.thepartners.pl\/cs\/wp-json\/wp\/v2\/product_brand?post=32158"},{"taxonomy":"product_cat","embeddable":true,"href":"https:\/\/sklep.thepartners.pl\/cs\/wp-json\/wp\/v2\/product_cat?post=32158"},{"taxonomy":"product_tag","embeddable":true,"href":"https:\/\/sklep.thepartners.pl\/cs\/wp-json\/wp\/v2\/product_tag?post=32158"}],"curies":[{"name":"wp","href":"https:\/\/api.w.org\/{rel}","templated":true}]}}