{"id":32175,"date":"2025-12-05T09:36:38","date_gmt":"2025-12-05T08:36:38","guid":{"rendered":"https:\/\/sklep.thepartners.pl\/produkt\/bolix-styline-invest-style-super-white-10l-farba-akrylowa-do-wnetrz\/"},"modified":"2025-12-05T09:49:39","modified_gmt":"2025-12-05T08:49:39","slug":"bolix-styline-invest-style-super-white-10l-farba-akrylowa-do-wnetrz","status":"publish","type":"product","link":"https:\/\/sklep.thepartners.pl\/cs\/produkt\/bolix-styline-invest-style-super-white-10l-farba-akrylowa-do-wnetrz\/","title":{"rendered":"Bolix Styline Invest Style Super White 10L \u2013 akrylov\u00e1 barva do interi\u00e9ru"},"content":{"rendered":"<p data-start=\"2507\" data-end=\"2827\"><strong data-start=\"2507\" data-end=\"2549\">Bolix Styline Invest Style Super White<\/strong> je vysoce kvalitn\u00ed <strong data-start=\"2569\" data-end=\"2587\">akrylov\u00e1 barva<\/strong> p\u0159ipraven\u00e1 k okam\u017eit\u00e9mu pou\u017eit\u00ed pro interi\u00e9rov\u00e9 st\u011bny a stropy. Vyzna\u010duje se jasn\u011b b\u00edlou barvou a vynikaj\u00edc\u00ed p\u0159ilnavost\u00ed k v\u011bt\u0161in\u011b b\u011b\u017en\u00fdch podklad\u016f. Ide\u00e1ln\u00ed do byt\u016f, dom\u016f a kancel\u00e1\u0159\u00ed, nab\u00edz\u00ed elegantn\u00ed matn\u00fd vzhled a dlouhodobou odolnost.<\/p>\n<p data-start=\"2829\" data-end=\"2968\">Barva je paropropustn\u00e1, flexibiln\u00ed a odoln\u00e1 v\u016f\u010di lehk\u00e9mu myt\u00ed, co\u017e usnad\u0148uje \u00fadr\u017ebu. Snadno se aplikuje v\u00e1le\u010dkem, \u0161t\u011btcem nebo n\u00e1st\u0159ikem.<\/p>\n<h2 data-start=\"2975\" data-end=\"2989\"><strong data-start=\"2978\" data-end=\"2989\">Pou\u017eit\u00ed<\/strong><\/h2>\n<ul data-start=\"2990\" data-end=\"3202\">\n<li data-start=\"2990\" data-end=\"3016\">\n<p data-start=\"2992\" data-end=\"3016\">Vnit\u0159n\u00ed st\u011bny a stropy<\/p>\n<\/li>\n<li data-start=\"3017\" data-end=\"3086\">\n<p data-start=\"3019\" data-end=\"3086\">Miner\u00e1ln\u00ed podklady: cementov\u00e9, cementov\u011b-v\u00e1penn\u00e9 a s\u00e1drov\u00e9 om\u00edtky<\/p>\n<\/li>\n<li data-start=\"3087\" data-end=\"3164\">\n<p data-start=\"3089\" data-end=\"3164\">S\u00e1drokartonov\u00e9 desky a p\u0159edchoz\u00ed n\u00e1t\u011bry akrylov\u00fdmi \u010di disperzn\u00edmi barvami<\/p>\n<\/li>\n<li data-start=\"3165\" data-end=\"3202\">\n<p data-start=\"3167\" data-end=\"3202\">Byty, domy a kancel\u00e1\u0159sk\u00e9 prostory<\/p>\n<\/li>\n<\/ul>\n<h2 data-start=\"3209\" data-end=\"3229\"><strong data-start=\"3212\" data-end=\"3229\">Hlavn\u00ed v\u00fdhody<\/strong><\/h2>\n<ul data-start=\"3230\" data-end=\"3608\">\n<li data-start=\"3230\" data-end=\"3288\">\n<p data-start=\"3232\" data-end=\"3288\"><strong data-start=\"3232\" data-end=\"3264\">Jasn\u011b b\u00edl\u00e1 barva Super White<\/strong> \u2013 intenzivn\u00ed a trval\u00e1<\/p>\n<\/li>\n<li data-start=\"3289\" data-end=\"3326\">\n<p data-start=\"3291\" data-end=\"3326\"><strong data-start=\"3291\" data-end=\"3311\">Vynikaj\u00edc\u00ed kryt\u00ed<\/strong> \u2013 1\u20132 vrstvy<\/p>\n<\/li>\n<li data-start=\"3327\" data-end=\"3418\">\n<p data-start=\"3329\" data-end=\"3418\"><strong data-start=\"3329\" data-end=\"3359\">Flexibiln\u00ed a paropropustn\u00e1<\/strong> \u2013 zaji\u0161\u0165uje dlouhou \u017eivotnost a zdrav\u00e9 klima v m\u00edstnosti<\/p>\n<\/li>\n<li data-start=\"3419\" data-end=\"3467\">\n<p data-start=\"3421\" data-end=\"3467\"><strong data-start=\"3421\" data-end=\"3449\">Odoln\u00e1 v\u016f\u010di lehk\u00e9mu myt\u00ed<\/strong> \u2013 snadn\u00e1 \u00fadr\u017eba<\/p>\n<\/li>\n<li data-start=\"3468\" data-end=\"3510\">\n<p data-start=\"3470\" data-end=\"3510\"><strong data-start=\"3470\" data-end=\"3486\">Matn\u00fd povrch<\/strong> \u2013 elegantn\u00ed a modern\u00ed<\/p>\n<\/li>\n<li data-start=\"3511\" data-end=\"3561\">\n<p data-start=\"3513\" data-end=\"3561\"><strong data-start=\"3513\" data-end=\"3532\">Snadn\u00e1 aplikace<\/strong> \u2013 v\u00e1le\u010dek, \u0161t\u011btec, n\u00e1st\u0159ik<\/p>\n<\/li>\n<li data-start=\"3562\" data-end=\"3608\">\n<p data-start=\"3564\" data-end=\"3608\"><strong data-start=\"3564\" data-end=\"3582\">Rychl\u00e9 schnut\u00ed<\/strong> \u2013 zkracuje \u010das malov\u00e1n\u00ed<\/p>\n<\/li>\n<\/ul>\n<h2 data-start=\"3615\" data-end=\"3630\"><strong data-start=\"3618\" data-end=\"3630\">Spot\u0159eba<\/strong><\/h2>\n<p data-start=\"3631\" data-end=\"3752\">Pr\u016fm\u011brn\u00e1 spot\u0159eba: <strong data-start=\"3650\" data-end=\"3683\">cca 8\u201312 m\u00b2\/l na jednu vrstvu<\/strong><br data-start=\"3683\" data-end=\"3686\" \/>(Balen\u00ed 10L: <strong data-start=\"3699\" data-end=\"3725\">cca 80\u2013120 m\u00b2 \/ vrstva<\/strong>, podle savosti podkladu)<\/p>\n<h2 data-start=\"3759\" data-end=\"3781\"><strong data-start=\"3762\" data-end=\"3781\">N\u00e1vod k pou\u017eit\u00ed<\/strong><\/h2>\n<ol data-start=\"3782\" data-end=\"4068\">\n<li data-start=\"3782\" data-end=\"3825\">\n<p data-start=\"3785\" data-end=\"3825\">Podklad mus\u00ed b\u00fdt such\u00fd, \u010dist\u00fd a pevn\u00fd.<\/p>\n<\/li>\n<li data-start=\"3826\" data-end=\"3870\">\n<p data-start=\"3829\" data-end=\"3870\">Doporu\u010duje se penetrace sav\u00fdch povrch\u016f.<\/p>\n<\/li>\n<li data-start=\"3871\" data-end=\"3917\">\n<p data-start=\"3874\" data-end=\"3917\">Barvu d\u016fkladn\u011b prom\u00edchejte p\u0159ed pou\u017eit\u00edm.<\/p>\n<\/li>\n<li data-start=\"3918\" data-end=\"3977\">\n<p data-start=\"3921\" data-end=\"3977\">Nan\u00e1\u0161ejte 1\u20132 vrstvy v\u00e1le\u010dkem, \u0161t\u011btcem nebo n\u00e1st\u0159ikem.<\/p>\n<\/li>\n<li data-start=\"3978\" data-end=\"4025\">\n<p data-start=\"3981\" data-end=\"4025\">Doba schnut\u00ed jedn\u00e9 vrstvy: <strong data-start=\"4008\" data-end=\"4022\">2\u20134 hodiny<\/strong>.<\/p>\n<\/li>\n<li data-start=\"4026\" data-end=\"4068\">\n<p data-start=\"4029\" data-end=\"4068\">Pracovn\u00ed teplota: <strong data-start=\"4047\" data-end=\"4065\">+10\u00b0C a\u017e +25\u00b0C<\/strong>.<\/p>\n<\/li>\n<\/ol>\n<p>&nbsp;<\/p>\n","protected":false},"excerpt":{"rendered":"<blockquote>\n<h4 data-start=\"4106\" data-end=\"4135\"><span style=\"color: #ff9900;\">Doru\u010den\u00ed zdarma<\/span><\/h4>\n<h4 data-start=\"4106\" data-end=\"4135\">Akrylov\u00e1 barva do interi\u00e9ru<\/h4>\n<h4 data-start=\"4138\" data-end=\"4168\">Jasn\u011b b\u00edl\u00e1 barva Super White<\/h4>\n<h4 data-start=\"4171\" data-end=\"4201\">Vynikaj\u00edc\u00ed kryt\u00ed: 1\u20132 vrstvy<\/h4>\n<h4 data-start=\"4204\" data-end=\"4230\">Odoln\u00e1 v\u016f\u010di lehk\u00e9mu myt\u00ed<\/h4>\n<h4 data-start=\"4233\" data-end=\"4247\">Matn\u00fd povrch<\/h4>\n<h4 data-start=\"4250\" data-end=\"4272\">Vydatnost: 8\u201312 m\u00b2\/l<\/h4>\n<h4 data-start=\"4275\" data-end=\"4287\">Objem: 10L<\/h4>\n<\/blockquote>\n","protected":false},"featured_media":32173,"comment_status":"open","ping_status":"closed","template":"","meta":{"_acf_changed":false},"product_brand":[],"product_cat":[162,921,733,168,924,1248],"product_tag":[1446],"class_list":{"0":"post-32175","1":"product","2":"type-product","3":"status-publish","4":"has-post-thumbnail","6":"product_cat-micharna-barev-a-omitek","7":"product_cat-bile-barvy","8":"product_cat-hotove-barvy","9":"product_cat-interierove-barvy","10":"product_cat-pro-steny","11":"product_cat-do-sufitow-cs","12":"product_tag-bolix-styline-invest-style-super-white-10l","13":"product_shipping_class-transport-gratis-cs","14":"pa_darmowa-dostawa-ano","15":"pa_pojemnosc-10l-cs","16":"pa_producent-bolix-cs-2","17":"pa_temperatura-stosowania-od-5oc-do-25oc-cs","19":"first","20":"instock","21":"taxable","22":"shipping-taxable","23":"purchasable","24":"product-type-simple"},"acf":[],"_links":{"self":[{"href":"https:\/\/sklep.thepartners.pl\/cs\/wp-json\/wp\/v2\/product\/32175","targetHints":{"allow":["GET"]}}],"collection":[{"href":"https:\/\/sklep.thepartners.pl\/cs\/wp-json\/wp\/v2\/product"}],"about":[{"href":"https:\/\/sklep.thepartners.pl\/cs\/wp-json\/wp\/v2\/types\/product"}],"replies":[{"embeddable":true,"href":"https:\/\/sklep.thepartners.pl\/cs\/wp-json\/wp\/v2\/comments?post=32175"}],"wp:featuredmedia":[{"embeddable":true,"href":"https:\/\/sklep.thepartners.pl\/cs\/wp-json\/wp\/v2\/media\/32173"}],"wp:attachment":[{"href":"https:\/\/sklep.thepartners.pl\/cs\/wp-json\/wp\/v2\/media?parent=32175"}],"wp:term":[{"taxonomy":"product_brand","embeddable":true,"href":"https:\/\/sklep.thepartners.pl\/cs\/wp-json\/wp\/v2\/product_brand?post=32175"},{"taxonomy":"product_cat","embeddable":true,"href":"https:\/\/sklep.thepartners.pl\/cs\/wp-json\/wp\/v2\/product_cat?post=32175"},{"taxonomy":"product_tag","embeddable":true,"href":"https:\/\/sklep.thepartners.pl\/cs\/wp-json\/wp\/v2\/product_tag?post=32175"}],"curies":[{"name":"wp","href":"https:\/\/api.w.org\/{rel}","templated":true}]}}