{"id":3229,"date":"2024-07-19T13:44:48","date_gmt":"2024-07-19T11:44:48","guid":{"rendered":"https:\/\/sklep.thepartners.pl\/?post_type=product&#038;p=3229"},"modified":"2024-11-06T08:47:55","modified_gmt":"2024-11-06T07:47:55","slug":"blok-ytong-pp4-06-115cm-porobeton-kopia","status":"publish","type":"product","link":"https:\/\/sklep.thepartners.pl\/cs\/produkt\/blok-ytong-pp4-06-115cm-porobeton-kopia\/","title":{"rendered":"Blok Ytong PP4\/06 7,5cm &#8211; P\u00f3robeton"},"content":{"rendered":"<p><strong>Vysok\u00e1 odolnost:<\/strong> Bloky Ytong PP4\/0,6 jsou jedny z nejodoln\u011bj\u0161\u00edch p\u00f3robetonov\u00fdch blok\u016f, kter\u00e9 nab\u00edzej\u00ed pevnost v tlaku 4 N\/mm\u00b2.<\/p>\n<p><strong>\u0160irok\u00fd sortiment:<\/strong> \u0160irok\u00fd v\u00fdb\u011br v\u00fdrobk\u016f umo\u017e\u0148uje stav\u011bt konstruk\u010dn\u00ed st\u011bny r\u016fzn\u00fdch tlou\u0161t\u011bk, vn\u011bj\u0161\u00ed i vnit\u0159n\u00ed.<\/p>\n<p><strong>Vysok\u00e1 po\u017e\u00e1rn\u00ed odolnost:<\/strong> T\u0159\u00edda reakce na ohe\u0148 A1. P\u0159i po\u017e\u00e1ru se tyto bloky nevzn\u00edt\u00ed a neuvol\u0148uj\u00ed toxick\u00e9 plyny ani ho\u0159\u00edc\u00ed kapky.<\/p>\n<p><strong>Mno\u017estv\u00ed na palet\u011b: 140 ks.<\/strong><\/p>\n","protected":false},"excerpt":{"rendered":"<blockquote><p><strong>Tenk\u00fd blok je v\u0161estrann\u00fd stavebn\u00ed materi\u00e1l, ide\u00e1ln\u00ed pro:<\/strong><\/p>\n<p><strong>Renova\u010dn\u00ed a renova\u010dn\u00ed pr\u00e1ce<\/strong><\/p>\n<p><strong>Vnit\u0159n\u00ed \u00faprava<\/strong><\/p>\n<p><strong>Pouzdra pro prvky kuchy\u0148sk\u00e9ho a koupelnov\u00e9ho vybaven\u00ed<\/strong><\/p>\n<p><strong>Oblo\u017een\u00ed z\u00e1bradl\u00ed na schodi\u0161t\u011b<\/strong><\/p>\n<p><strong>Krbov\u00e1 pouzdra<\/strong><\/p><\/blockquote>\n","protected":false},"featured_media":5824,"comment_status":"open","ping_status":"closed","template":"","meta":{"_acf_changed":false},"product_brand":[],"product_cat":[156,157],"product_tag":[],"class_list":{"0":"post-3229","1":"product","2":"type-product","3":"status-publish","4":"has-post-thumbnail","6":"product_cat-stavebni-materialy","7":"product_cat-porobeton","8":"product_shipping_class-transport-the-partners-cs","9":"pa_producent-ytong-cs","10":"pa_zuzycie-833ks-m2","12":"first","13":"instock","14":"taxable","15":"shipping-taxable","16":"purchasable","17":"product-type-simple"},"acf":[],"_links":{"self":[{"href":"https:\/\/sklep.thepartners.pl\/cs\/wp-json\/wp\/v2\/product\/3229","targetHints":{"allow":["GET"]}}],"collection":[{"href":"https:\/\/sklep.thepartners.pl\/cs\/wp-json\/wp\/v2\/product"}],"about":[{"href":"https:\/\/sklep.thepartners.pl\/cs\/wp-json\/wp\/v2\/types\/product"}],"replies":[{"embeddable":true,"href":"https:\/\/sklep.thepartners.pl\/cs\/wp-json\/wp\/v2\/comments?post=3229"}],"wp:featuredmedia":[{"embeddable":true,"href":"https:\/\/sklep.thepartners.pl\/cs\/wp-json\/wp\/v2\/media\/5824"}],"wp:attachment":[{"href":"https:\/\/sklep.thepartners.pl\/cs\/wp-json\/wp\/v2\/media?parent=3229"}],"wp:term":[{"taxonomy":"product_brand","embeddable":true,"href":"https:\/\/sklep.thepartners.pl\/cs\/wp-json\/wp\/v2\/product_brand?post=3229"},{"taxonomy":"product_cat","embeddable":true,"href":"https:\/\/sklep.thepartners.pl\/cs\/wp-json\/wp\/v2\/product_cat?post=3229"},{"taxonomy":"product_tag","embeddable":true,"href":"https:\/\/sklep.thepartners.pl\/cs\/wp-json\/wp\/v2\/product_tag?post=3229"}],"curies":[{"name":"wp","href":"https:\/\/api.w.org\/{rel}","templated":true}]}}