{"id":3231,"date":"2024-07-19T13:58:04","date_gmt":"2024-07-19T11:58:04","guid":{"rendered":"https:\/\/sklep.thepartners.pl\/?post_type=product&#038;p=3231"},"modified":"2024-11-08T12:15:51","modified_gmt":"2024-11-08T11:15:51","slug":"blok-ytong-pp4-06-75cm-porobeton-kopia","status":"publish","type":"product","link":"https:\/\/sklep.thepartners.pl\/cs\/produkt\/blok-ytong-pp4-06-75cm-porobeton-kopia\/","title":{"rendered":"Blok Ytong PP4\/06 S+GT 24cm &#8211; P\u00f3robeton"},"content":{"rendered":"<p>P\u00f3robeton YTONG 24\/20\/60 PP4\/0,6 S+GT je blok s vysokou hustotou, ur\u010den\u00fd pro stavbu vn\u011bj\u0161\u00edch a vnit\u0159n\u00edch nosn\u00fdch zd\u00ed. Lze jej zd\u00edt jak na tenkovrstvou maltu, tak na b\u011b\u017enou maltu. Nejobl\u00edben\u011bj\u0161\u00edm \u0159e\u0161en\u00edm pro vn\u011bj\u0161\u00ed st\u011bnu z p\u00f3robetonu je dvouvrstv\u00e1 ze\u010f zateplen\u00e1 bezesp\u00e1rov\u00fdm zateplovac\u00edm syst\u00e9mem, kter\u00e1 se skl\u00e1d\u00e1 z nosn\u00e9 vrstvy a vrstvy tepeln\u00e9 izolace. Toto \u0159e\u0161en\u00ed zaji\u0161\u0165uje pevnost, akustick\u00fd komfort, po\u017e\u00e1rn\u00ed bezpe\u010dnost a rychl\u00e9 a snadn\u00e9 zd\u011bn\u00ed. Solid je betonov\u00fd blok na pero a dr\u00e1\u017eku S+ s mont\u00e1\u017en\u00edm dr\u017e\u00e1kem GT.<\/p>\n<p><strong>Pou\u017eit\u00ed YTONG tlou\u0161\u0165ka 24 cm PP4\/0,6 S+GT &#8211; Dvouvrstv\u00e1 ze\u010f a nosn\u00e9 vnit\u0159n\u00ed st\u011bny<\/strong><\/p>\n<p><strong>Dvouvrstv\u00e1 ze\u010f<\/strong> Nejobl\u00edben\u011bj\u0161\u00edm \u0159e\u0161en\u00edm pro vn\u011bj\u0161\u00ed st\u011bnu je v sou\u010dasn\u00e9 dob\u011b dvouvrstv\u00e1 ze\u010f zateplen\u00e1 bezesp\u00e1rov\u00fdm zateplovac\u00edm syst\u00e9mem. Skl\u00e1d\u00e1 se z nosn\u00e9 vrstvy a vrstvy tepeln\u00e9 izolace. Dvouvrstv\u00e9 st\u011bny se nej\u010dast\u011bji zatepluj\u00ed jednou z metod bezesp\u00e1rov\u00e9ho zateplovac\u00edho syst\u00e9mu. Je d\u016fle\u017eit\u00e9 v\u011bnovat pozornost parametr\u016fm pr\u016fniku vodn\u00ed p\u00e1ry p\u0159es st\u011bnu. Nejlep\u0161\u00ed izolac\u00ed st\u011bny je izola\u010dn\u00ed vrstva z materi\u00e1lu s n\u00edzk\u00fdm difuzn\u00edm odporem, nap\u0159. miner\u00e1ln\u00ed vlna, kter\u00e1 neomezuje voln\u00fd pr\u016fchod vodn\u00ed p\u00e1ry p\u0159es st\u011bnu. Aby byla dosa\u017eena po\u017eadovan\u00e1 tepeln\u00e1 prostupnost cel\u00e9 st\u011bny, je nutn\u00e9 zvolit spr\u00e1vnou tlou\u0161\u0165ku tepeln\u00e9 izolace.<\/p>\n<p><strong>Nosn\u00e9 vnit\u0159n\u00ed st\u011bny<\/strong> Nosn\u00e9 vnit\u0159n\u00ed st\u011bny z p\u00f3robetonov\u00fdch blok\u016f YTONG, krom\u011b nosn\u00e9 funkce, \u010dasto slou\u017e\u00ed jako p\u0159ep\u00e1\u017eky odd\u011bluj\u00edc\u00ed jednotliv\u00e9 m\u00edstnosti. Odd\u011bluj\u00ed tak\u00e9 sousedn\u00ed byty (mezibytov\u00e9 st\u011bny) a budovy. Proto jsou u t\u011bchto st\u011bn mimo\u0159\u00e1dn\u011b d\u016fle\u017eit\u00e9 vlastnosti akustick\u00e9 izolace a po\u017e\u00e1rn\u00ed odolnosti.<\/p>\n<p><strong>Mno\u017estv\u00ed na palet\u011b: 48 ks.<\/strong><\/p>\n","protected":false},"excerpt":{"rendered":"<blockquote><p><strong>Vysok\u00e1 tepeln\u00e1 izolace<\/strong><\/p>\n<p><strong>Jednotnost materi\u00e1lu<\/strong><\/p>\n<p><strong>Vysok\u00e1 po\u017e\u00e1rn\u00ed odolnost<\/strong><\/p>\n<p><strong>Vysok\u00e1 rozm\u011brov\u00e1 p\u0159esnost<\/strong><\/p><\/blockquote>\n","protected":false},"featured_media":5822,"comment_status":"open","ping_status":"closed","template":"","meta":{"_acf_changed":false},"product_brand":[],"product_cat":[156,157],"product_tag":[],"class_list":{"0":"post-3231","1":"product","2":"type-product","3":"status-publish","4":"has-post-thumbnail","6":"product_cat-stavebni-materialy","7":"product_cat-porobeton","8":"product_shipping_class-transport-the-partners-cs","9":"pa_producent-ytong-cs","10":"pa_zuzycie-833ks-m2","12":"first","13":"instock","14":"taxable","15":"shipping-taxable","16":"purchasable","17":"product-type-simple"},"acf":[],"_links":{"self":[{"href":"https:\/\/sklep.thepartners.pl\/cs\/wp-json\/wp\/v2\/product\/3231","targetHints":{"allow":["GET"]}}],"collection":[{"href":"https:\/\/sklep.thepartners.pl\/cs\/wp-json\/wp\/v2\/product"}],"about":[{"href":"https:\/\/sklep.thepartners.pl\/cs\/wp-json\/wp\/v2\/types\/product"}],"replies":[{"embeddable":true,"href":"https:\/\/sklep.thepartners.pl\/cs\/wp-json\/wp\/v2\/comments?post=3231"}],"wp:featuredmedia":[{"embeddable":true,"href":"https:\/\/sklep.thepartners.pl\/cs\/wp-json\/wp\/v2\/media\/5822"}],"wp:attachment":[{"href":"https:\/\/sklep.thepartners.pl\/cs\/wp-json\/wp\/v2\/media?parent=3231"}],"wp:term":[{"taxonomy":"product_brand","embeddable":true,"href":"https:\/\/sklep.thepartners.pl\/cs\/wp-json\/wp\/v2\/product_brand?post=3231"},{"taxonomy":"product_cat","embeddable":true,"href":"https:\/\/sklep.thepartners.pl\/cs\/wp-json\/wp\/v2\/product_cat?post=3231"},{"taxonomy":"product_tag","embeddable":true,"href":"https:\/\/sklep.thepartners.pl\/cs\/wp-json\/wp\/v2\/product_tag?post=3231"}],"curies":[{"name":"wp","href":"https:\/\/api.w.org\/{rel}","templated":true}]}}