{"id":3243,"date":"2024-07-19T14:46:07","date_gmt":"2024-07-19T12:46:07","guid":{"rendered":"https:\/\/sklep.thepartners.pl\/?post_type=product&#038;p=3243"},"modified":"2025-02-27T12:43:15","modified_gmt":"2025-02-27T11:43:15","slug":"blok-ytong-pp4-06-sgt-24cm-porobeton-kopia-kopia","status":"publish","type":"product","link":"https:\/\/sklep.thepartners.pl\/cs\/produkt\/blok-ytong-pp4-06-sgt-24cm-porobeton-kopia-kopia\/","title":{"rendered":"Blok Ytong PP2,5\/04 S+GT 24cm &#8211; P\u00f3robeton"},"content":{"rendered":"<p>&nbsp;<\/p>\n<p data-start=\"0\" data-end=\"280\">Blok YTONG Forte PP2,5\/0,4 S+GT o tlou\u0161\u0165ce 24 cm je vysoce kvalitn\u00ed stavebn\u00ed materi\u00e1l z p\u00f3robetonu, ide\u00e1ln\u00ed pro v\u00fdstavbu energeticky \u00fasporn\u00fdch a odoln\u00fdch vrstven\u00fdch st\u011bn. D\u00edky vynikaj\u00edc\u00edm tepeln\u011b izola\u010dn\u00edm a pevnostn\u00edm vlastnostem zaji\u0161\u0165uje tepeln\u00fd komfort a pevnost konstrukce.<\/p>\n<h3 data-start=\"282\" data-end=\"296\">Pou\u017eit\u00ed:<\/h3>\n<p data-start=\"297\" data-end=\"390\">\u2705 Vrstven\u00e9 vn\u011bj\u0161\u00ed st\u011bny<br data-start=\"320\" data-end=\"323\" \/>\u2705 Nosn\u00e9 a p\u0159\u00ed\u010dkov\u00e9 st\u011bny<br data-start=\"347\" data-end=\"350\" \/>\u2705 Obytn\u00e9, komer\u010dn\u00ed a pr\u016fmyslov\u00e9 budovy<\/p>\n<h3 data-start=\"392\" data-end=\"405\">V\u00fdhody:<\/h3>\n<p data-start=\"406\" data-end=\"712\">\u2714 <strong data-start=\"408\" data-end=\"438\">Vynikaj\u00edc\u00ed tepeln\u00e1 izolace<\/strong> \u2013 Sou\u010dinitel tepeln\u00e9 vodivosti \u03bb = 0,105 W\/(m\u00b7K)<br data-start=\"487\" data-end=\"490\" \/>\u2714 <strong data-start=\"492\" data-end=\"518\">Vysok\u00e1 pevnost v tlaku<\/strong> \u2013 2,5 N\/mm\u00b2<br data-start=\"530\" data-end=\"533\" \/>\u2714 <strong data-start=\"535\" data-end=\"552\">Snadn\u00e1 mont\u00e1\u017e<\/strong> \u2013 Syst\u00e9m pero-dr\u00e1\u017eka a mont\u00e1\u017en\u00ed \u00fachyty umo\u017e\u0148uj\u00ed rychl\u00e9 a p\u0159esn\u00e9 zd\u011bn\u00ed<br data-start=\"622\" data-end=\"625\" \/>\u2714 <strong data-start=\"627\" data-end=\"650\">Ekologick\u00fd materi\u00e1l<\/strong> \u2013 Vyroben z p\u0159\u00edrodn\u00edch surovin, jako je p\u00edsek, v\u00e1pno a voda<\/p>\n<h3 data-start=\"714\" data-end=\"742\">Technick\u00e1 specifikace:<\/h3>\n<ul data-start=\"743\" data-end=\"814\">\n<li data-start=\"743\" data-end=\"780\"><strong data-start=\"745\" data-end=\"769\">Spot\u0159eba na 1 m\u00b2 zdi<\/strong>: 8,33 ks<\/li>\n<li data-start=\"781\" data-end=\"814\"><strong data-start=\"783\" data-end=\"805\">Mno\u017estv\u00ed na palet\u011b<\/strong>: 48 ks<\/li>\n<\/ul>\n<p data-start=\"816\" data-end=\"1014\" data-is-last-node=\"\" data-is-only-node=\"\">Volbou blok\u016f YTONG Forte 24 cm investujete do trvanlivosti, energetick\u00e9 \u00faspornosti a komfortu p\u0159i u\u017e\u00edv\u00e1n\u00ed budovy. D\u00edky nim postav\u00edte modern\u00ed a pevn\u00e9 konstrukce spl\u0148uj\u00edc\u00ed nejvy\u0161\u0161\u00ed stavebn\u00ed standardy.<\/p>\n","protected":false},"excerpt":{"rendered":"<blockquote><p><strong>Vysok\u00e1 tepeln\u00e1 izolace<\/strong><\/p>\n<p><strong>Jednotnost materi\u00e1lu<\/strong><\/p>\n<p><strong>Vysok\u00e1 po\u017e\u00e1rn\u00ed odolnost<\/strong><\/p>\n<p><strong>Vysok\u00e1 rozm\u011brov\u00e1 p\u0159esnost<\/strong><\/p><\/blockquote>\n","protected":false},"featured_media":5820,"comment_status":"open","ping_status":"closed","template":"","meta":{"_acf_changed":false},"product_brand":[],"product_cat":[156,157],"product_tag":[],"class_list":{"0":"post-3243","1":"product","2":"type-product","3":"status-publish","4":"has-post-thumbnail","6":"product_cat-stavebni-materialy","7":"product_cat-porobeton","8":"product_shipping_class-transport-the-partners-cs","9":"pa_producent-ytong-cs","10":"pa_zuzycie-833ks-m2","12":"first","13":"instock","14":"taxable","15":"shipping-taxable","16":"purchasable","17":"product-type-simple"},"acf":[],"_links":{"self":[{"href":"https:\/\/sklep.thepartners.pl\/cs\/wp-json\/wp\/v2\/product\/3243","targetHints":{"allow":["GET"]}}],"collection":[{"href":"https:\/\/sklep.thepartners.pl\/cs\/wp-json\/wp\/v2\/product"}],"about":[{"href":"https:\/\/sklep.thepartners.pl\/cs\/wp-json\/wp\/v2\/types\/product"}],"replies":[{"embeddable":true,"href":"https:\/\/sklep.thepartners.pl\/cs\/wp-json\/wp\/v2\/comments?post=3243"}],"wp:featuredmedia":[{"embeddable":true,"href":"https:\/\/sklep.thepartners.pl\/cs\/wp-json\/wp\/v2\/media\/5820"}],"wp:attachment":[{"href":"https:\/\/sklep.thepartners.pl\/cs\/wp-json\/wp\/v2\/media?parent=3243"}],"wp:term":[{"taxonomy":"product_brand","embeddable":true,"href":"https:\/\/sklep.thepartners.pl\/cs\/wp-json\/wp\/v2\/product_brand?post=3243"},{"taxonomy":"product_cat","embeddable":true,"href":"https:\/\/sklep.thepartners.pl\/cs\/wp-json\/wp\/v2\/product_cat?post=3243"},{"taxonomy":"product_tag","embeddable":true,"href":"https:\/\/sklep.thepartners.pl\/cs\/wp-json\/wp\/v2\/product_tag?post=3243"}],"curies":[{"name":"wp","href":"https:\/\/api.w.org\/{rel}","templated":true}]}}