{"id":32806,"date":"2026-03-10T09:42:09","date_gmt":"2026-03-10T08:42:09","guid":{"rendered":"https:\/\/sklep.thepartners.pl\/?post_type=product&#038;p=32806"},"modified":"2026-03-10T09:59:38","modified_gmt":"2026-03-10T08:59:38","slug":"sparovaci-hmota-sopro-saphir-odolna-sparovaci-hmota-pro-keramicke-obklady-gres-a-prirodni-kamen-svetle-seda-16-4-kg-kopia","status":"publish","type":"product","link":"https:\/\/sklep.thepartners.pl\/cs\/produkt\/sparovaci-hmota-sopro-saphir-odolna-sparovaci-hmota-pro-keramicke-obklady-gres-a-prirodni-kamen-svetle-seda-16-4-kg-kopia\/","title":{"rendered":"Sp\u00e1rovac\u00ed hmota Sopro Saphir \u2013 odoln\u00e1 sp\u00e1rovac\u00ed hmota pro keramick\u00e9 obklady, gres a p\u0159\u00edrodn\u00ed k\u00e1men \u2013 ST\u0158\u00cdBRNO\u0160ED\u00c1 17 &#8211; 4 kg"},"content":{"rendered":"<p data-start=\"311\" data-end=\"812\"><iframe title=\"Fuga Saphir- Nadchodzi OdNowa\" width=\"500\" height=\"281\" src=\"https:\/\/www.youtube.com\/embed\/4zhMwKM0fEM?feature=oembed&#038;enablejsapi=1&#038;origin=https:\/\/sklep.thepartners.pl\" frameborder=\"0\" allow=\"accelerometer; autoplay; clipboard-write; encrypted-media; gyroscope; picture-in-picture; web-share\" referrerpolicy=\"strict-origin-when-cross-origin\" allowfullscreen><\/iframe><\/p>\n<p data-start=\"0\" data-end=\"476\"><strong data-start=\"0\" data-end=\"32\">Sp\u00e1rovac\u00ed hmota Sopro Saphir<\/strong> je vysoce kvalitn\u00ed sp\u00e1rovac\u00ed malta ur\u010den\u00e1 ke sp\u00e1rov\u00e1n\u00ed keramick\u00fdch obklad\u016f, gresu, klinkeru a p\u0159\u00edrodn\u00edho kamene. Produkt byl vyvinut s ohledem na trvanliv\u00e9, estetick\u00e9 a v\u016f\u010di ne\u010distot\u00e1m odoln\u00e9 dokon\u010den\u00ed obkl\u00e1dan\u00fdch ploch. D\u00edky modern\u00ed technologii v\u00fdroby zaji\u0161\u0165uje sp\u00e1rovac\u00ed hmota vysokou odolnost proti od\u011bru, vlhkosti i ka\u017edodenn\u00edmu pou\u017e\u00edv\u00e1n\u00ed, co\u017e z n\u00ed \u010din\u00ed ide\u00e1ln\u00ed \u0159e\u0161en\u00ed jak pro obytn\u00e9 prostory, tak i pro m\u00edsta s vysokou intenzitou provozu.<\/p>\n<p data-start=\"478\" data-end=\"766\">Pokud p\u0159em\u00fd\u0161l\u00edte, <strong data-start=\"496\" data-end=\"531\">jak\u00e1 sp\u00e1rovac\u00ed hmota na obklady<\/strong> bude nejlep\u0161\u00ed, Sopro Saphir je osv\u011bd\u010den\u00e1 volba doporu\u010dovan\u00e1 profesion\u00e1ly ze stavebnictv\u00ed a dokon\u010dovac\u00edch prac\u00ed. Produkt umo\u017e\u0148uje vytvo\u0159it trvanliv\u00e9, rovn\u00e9 a estetick\u00e9 sp\u00e1ry mezi dla\u017edicemi, kter\u00e9 si dlouhodob\u011b zachov\u00e1vaj\u00ed sv\u016fj vzhled.<\/p>\n<h2 data-section-id=\"152lyif\" data-start=\"768\" data-end=\"819\">Sp\u00e1rovac\u00ed hmota do koupelny, kuchyn\u011b a na terasu<\/h2>\n<p data-start=\"821\" data-end=\"1017\">Sp\u00e1rovac\u00ed hmota <strong data-start=\"837\" data-end=\"853\">Sopro Saphir<\/strong> se v\u00fdborn\u011b osv\u011bd\u010duje v prostor\u00e1ch vystaven\u00fdch vlhkosti a \u010dast\u00e9mu pou\u017e\u00edv\u00e1n\u00ed. Lze ji pou\u017e\u00edt jak na st\u011bn\u00e1ch, tak na podlah\u00e1ch, co\u017e z n\u00ed \u010din\u00ed velmi univerz\u00e1ln\u00ed \u0159e\u0161en\u00ed.<\/p>\n<p data-start=\"1019\" data-end=\"1072\">Produkt je ide\u00e1ln\u00ed pro pou\u017eit\u00ed na m\u00edstech, jako jsou:<\/p>\n<ul data-start=\"1074\" data-end=\"1197\">\n<li data-section-id=\"1m48bq8\" data-start=\"1074\" data-end=\"1103\">\n<p data-start=\"1076\" data-end=\"1103\">koupelny a sprchov\u00e9 kouty<\/p>\n<\/li>\n<li data-section-id=\"ecsus1\" data-start=\"1104\" data-end=\"1115\">\n<p data-start=\"1106\" data-end=\"1115\">kuchyn\u011b<\/p>\n<\/li>\n<li data-section-id=\"a0fujz\" data-start=\"1116\" data-end=\"1143\">\n<p data-start=\"1118\" data-end=\"1143\">chodby a ob\u00fdvac\u00ed pokoje<\/p>\n<\/li>\n<li data-section-id=\"1ok0jlp\" data-start=\"1144\" data-end=\"1164\">\n<p data-start=\"1146\" data-end=\"1164\">balkony a terasy<\/p>\n<\/li>\n<li data-section-id=\"3eiowq\" data-start=\"1165\" data-end=\"1197\">\n<p data-start=\"1167\" data-end=\"1197\">u\u017eitkov\u00e9 a komer\u010dn\u00ed prostory<\/p>\n<\/li>\n<\/ul>\n<p data-start=\"1199\" data-end=\"1352\">D\u00edky vysok\u00e9 odolnosti proti vlhkosti pom\u00e1h\u00e1 <strong data-start=\"1243\" data-end=\"1287\">sp\u00e1rovac\u00ed hmota do koupelny Sopro Saphir<\/strong> udr\u017eet estetick\u00fd vzhled sp\u00e1r a z\u00e1rove\u0148 usnad\u0148uje jejich \u010di\u0161t\u011bn\u00ed.<\/p>\n<h2 data-section-id=\"1fxapet\" data-start=\"1354\" data-end=\"1399\">Hlavn\u00ed v\u00fdhody sp\u00e1rovac\u00ed hmoty Sopro Saphir<\/h2>\n<p data-start=\"1401\" data-end=\"1530\">V\u00fdb\u011brem sp\u00e1rovac\u00ed hmoty <strong data-start=\"1425\" data-end=\"1441\">Sopro Saphir<\/strong> z\u00edsk\u00e1te produkt s velmi dobr\u00fdmi technick\u00fdmi parametry. Mezi nejd\u016fle\u017eit\u011bj\u0161\u00ed v\u00fdhody pat\u0159\u00ed:<\/p>\n<p data-start=\"1532\" data-end=\"1782\">\u2714 vysok\u00e1 odolnost proti zne\u010di\u0161t\u011bn\u00ed<br data-start=\"1566\" data-end=\"1569\" \/>\u2714 odolnost proti vlhkosti a p\u016fsoben\u00ed vody<br data-start=\"1610\" data-end=\"1613\" \/>\u2714 trval\u00e9 a syt\u00e9 barvy<br data-start=\"1634\" data-end=\"1637\" \/>\u2714 zv\u00fd\u0161en\u00e1 odolnost proti od\u011bru<br data-start=\"1667\" data-end=\"1670\" \/>\u2714 snadn\u00e1 aplikace a pohodln\u00e9 rozt\u00edr\u00e1n\u00ed<br data-start=\"1708\" data-end=\"1711\" \/>\u2714 estetick\u00e9 a rovn\u00e9 sp\u00e1ry<br data-start=\"1736\" data-end=\"1739\" \/>\u2714 mo\u017enost pou\u017eit\u00ed v interi\u00e9ru i exteri\u00e9ru<\/p>\n<p data-start=\"1784\" data-end=\"1927\">D\u00edky t\u011bmto vlastnostem je sp\u00e1rovac\u00ed hmota \u010dasto volena jak obklada\u010di a stavebn\u00edmi firmami, tak i lidmi, kte\u0159\u00ed prov\u00e1d\u011bj\u00ed rekonstrukci sv\u00e9pomoc\u00ed.<\/p>\n<h2 data-section-id=\"1evbqz8\" data-start=\"1929\" data-end=\"1959\">Estetick\u00e9 dokon\u010den\u00ed obklad\u016f<\/h2>\n<p data-start=\"1961\" data-end=\"2185\">Spr\u00e1vn\u011b zvolen\u00e1 sp\u00e1rovac\u00ed hmota ovliv\u0148uje nejen trvanlivost, ale i celkov\u00fd vzhled cel\u00e9 plochy. <strong data-start=\"2056\" data-end=\"2072\">Sopro Saphir<\/strong> je dostupn\u00e1 v mnoha barevn\u00fdch odst\u00ednech, co\u017e umo\u017e\u0148uje dokonale sladit sp\u00e1ru s barvou obklad\u016f a stylem interi\u00e9ru.<\/p>\n<p data-start=\"2187\" data-end=\"2359\">Stabilita barvy a rovnom\u011brn\u00e1 struktura malty zaji\u0161\u0165uj\u00ed, \u017ee sp\u00e1ry si zachovaj\u00ed estetick\u00fd vzhled po dlouhou dobu. D\u00edky tomu p\u016fsob\u00ed obkl\u00e1dan\u00e1 plocha elegantn\u011b a profesion\u00e1ln\u011b.<\/p>\n<h2 data-section-id=\"nb9sue\" data-start=\"2361\" data-end=\"2408\">Zvolte osv\u011bd\u010denou sp\u00e1rovac\u00ed hmotu na obklady<\/h2>\n<p data-start=\"2410\" data-end=\"2653\">Pokud hled\u00e1te produkt, kter\u00fd zajist\u00ed trvanliv\u00e9 a estetick\u00e9 sp\u00e1ry mezi obklady, <strong data-start=\"2489\" data-end=\"2521\">sp\u00e1rovac\u00ed hmota Sopro Saphir<\/strong> je skv\u011blou volbou. Jedn\u00e1 se o \u0159e\u0161en\u00ed spojuj\u00edc\u00ed vysokou kvalitu zpracov\u00e1n\u00ed, snadnou aplikaci a odolnost v\u016f\u010di ka\u017edodenn\u00edmu pou\u017e\u00edv\u00e1n\u00ed.<\/p>\n<p data-start=\"2655\" data-end=\"2808\" data-is-last-node=\"\" data-is-only-node=\"\">Vyberte si <strong data-start=\"2666\" data-end=\"2698\">sp\u00e1rovac\u00ed hmotu Sopro Saphir<\/strong> a u\u017e\u00edvejte si kr\u00e1sn\u00e9 a trvanliv\u00e9 dokon\u010den\u00ed koupelny, kuchyn\u011b, terasy nebo jin\u00fdch ploch s keramick\u00fdmi obklady.<\/p>\n","protected":false},"excerpt":{"rendered":"<blockquote>\n<h4 data-start=\"0\" data-end=\"32\">Produkt lze pou\u017e\u00edt ke sp\u00e1rov\u00e1n\u00ed:<\/h4>\n<h4 data-start=\"36\" data-end=\"67\">keramick\u00fdch obklad\u016f a dla\u017edic<\/h4>\n<h4 data-start=\"70\" data-end=\"89\">gresov\u00fdch dla\u017edic<\/h4>\n<h4 data-start=\"92\" data-end=\"102\">klinkeru<\/h4>\n<h4 data-start=\"105\" data-end=\"122\">p\u0159\u00edrodn\u00edho kamene<\/h4>\n<\/blockquote>\n","protected":false},"featured_media":32808,"comment_status":"open","ping_status":"closed","template":"","meta":{"_acf_changed":false},"product_brand":[],"product_cat":[137,139],"product_tag":[1454],"class_list":{"0":"post-32806","1":"product","2":"type-product","3":"status-publish","4":"has-post-thumbnail","6":"product_cat-stavebni-chemie","7":"product_cat-sparovaci-hmoty-a-silikony-na-obklady","8":"product_tag-sparovaci-hmota-sopro-saphir","9":"product_shipping_class-kurier-cs","10":"pa_producent-sopro","12":"first","13":"instock","14":"taxable","15":"shipping-taxable","16":"purchasable","17":"product-type-simple"},"acf":[],"_links":{"self":[{"href":"https:\/\/sklep.thepartners.pl\/cs\/wp-json\/wp\/v2\/product\/32806","targetHints":{"allow":["GET"]}}],"collection":[{"href":"https:\/\/sklep.thepartners.pl\/cs\/wp-json\/wp\/v2\/product"}],"about":[{"href":"https:\/\/sklep.thepartners.pl\/cs\/wp-json\/wp\/v2\/types\/product"}],"replies":[{"embeddable":true,"href":"https:\/\/sklep.thepartners.pl\/cs\/wp-json\/wp\/v2\/comments?post=32806"}],"wp:featuredmedia":[{"embeddable":true,"href":"https:\/\/sklep.thepartners.pl\/cs\/wp-json\/wp\/v2\/media\/32808"}],"wp:attachment":[{"href":"https:\/\/sklep.thepartners.pl\/cs\/wp-json\/wp\/v2\/media?parent=32806"}],"wp:term":[{"taxonomy":"product_brand","embeddable":true,"href":"https:\/\/sklep.thepartners.pl\/cs\/wp-json\/wp\/v2\/product_brand?post=32806"},{"taxonomy":"product_cat","embeddable":true,"href":"https:\/\/sklep.thepartners.pl\/cs\/wp-json\/wp\/v2\/product_cat?post=32806"},{"taxonomy":"product_tag","embeddable":true,"href":"https:\/\/sklep.thepartners.pl\/cs\/wp-json\/wp\/v2\/product_tag?post=32806"}],"curies":[{"name":"wp","href":"https:\/\/api.w.org\/{rel}","templated":true}]}}