{"id":3284,"date":"2024-07-23T10:49:58","date_gmt":"2024-07-23T08:49:58","guid":{"rendered":"https:\/\/sklep.thepartners.pl\/p\/betonowy-bloczek-fundamentowy-12x24x38\/"},"modified":"2024-11-06T08:46:32","modified_gmt":"2024-11-06T07:46:32","slug":"betonowy-bloczek-fundamentowy-12x24x38","status":"publish","type":"product","link":"https:\/\/sklep.thepartners.pl\/cs\/produkt\/betonowy-bloczek-fundamentowy-12x24x38\/","title":{"rendered":"Betonov\u00e1 Z\u00e1kladov\u00e1 Tv\u00e1rnice 12x24x38"},"content":{"rendered":"<p>Betonov\u00e1 z\u00e1kladov\u00e1 tv\u00e1rnice je nepostradateln\u00fdm prvkem ve v\u0161eobecn\u00e9m stavebnictv\u00ed, zejm\u00e9na v rodinn\u00e9 v\u00fdstavb\u011b, ve\u0159ejn\u00fdch budov\u00e1ch a dal\u0161\u00edch objektech, jako jsou gar\u00e1\u017ee a sklady. N\u00ed\u017ee uv\u00e1d\u00edme nejd\u016fle\u017eit\u011bj\u0161\u00ed vlastnosti a pou\u017eit\u00ed tohoto v\u00fdrobku:<\/p>\n<p><strong>Vlastnosti V\u00fdrobku:<\/strong><\/p>\n<ul>\n<li><strong>Stabiln\u00ed Rozm\u011bry:<\/strong> Zaru\u010duj\u00ed p\u0159esn\u00e9 p\u0159izp\u016fsoben\u00ed a snadnou mont\u00e1\u017e.<\/li>\n<li><strong>Vysok\u00e1 Odolnost v\u016f\u010di Ohni:<\/strong> Zaji\u0161\u0165uje dodate\u010dnou bezpe\u010dnost konstrukce.<\/li>\n<li><strong>Vysok\u00e1 Pevnost:<\/strong> Pevnost na \u00farovni &gt;= 15 MPa zaru\u010duje solidnost a trvanlivost.<\/li>\n<li><strong>Pln\u00e9 Spoje:<\/strong> Tv\u00e1rnice mus\u00ed b\u00fdt zd\u011bny na plnou vodorovnou i svislou sp\u00e1ru pomoc\u00ed cementov\u011b-v\u00e1penn\u00e9 malty.<\/li>\n<li><strong>Po\u017eadovan\u00e1 Tlou\u0161\u0165ka Spoje:<\/strong> Tlou\u0161\u0165ka sp\u00e1ry by m\u011bla b\u00fdt 10 mm.<\/li>\n<li><strong>Pokr\u00fdv\u00e1n\u00ed Om\u00edtkou:<\/strong> St\u011bny mus\u00ed b\u00fdt z obou stran pokryty cementov\u011b-v\u00e1pennou om\u00edtkou.<\/li>\n<\/ul>\n<p><strong>Pou\u017eit\u00ed:<\/strong><\/p>\n<ul>\n<li><strong>Rodinn\u00e9 Domy:<\/strong> Ide\u00e1ln\u00ed pro z\u00e1klady rodinn\u00fdch dom\u016f.<\/li>\n<li><strong>Ve\u0159ejn\u00e9 Budovy:<\/strong> Vhodn\u00e9 pro ve\u0159ejn\u00e9 budovy, jako jsou \u0161koly, nemocnice \u010di \u00fa\u0159ady.<\/li>\n<li><strong>Dal\u0161\u00ed Objekty:<\/strong> Skv\u011bl\u00e9 pro gar\u00e1\u017ee, sklady a dal\u0161\u00ed hospod\u00e1\u0159sk\u00e9 budovy.<\/li>\n<\/ul>\n<p>Vyberte betonovou z\u00e1kladovou tv\u00e1rnici pro jistotu a dlouhov\u011bkost va\u0161eho stavebn\u00edho projektu.<\/p>\n","protected":false},"excerpt":{"rendered":"<blockquote><p><strong>Po\u010det kus\u016f na palet\u011b &#8211; 60<\/strong><\/p><\/blockquote>\n","protected":false},"featured_media":5981,"comment_status":"open","ping_status":"closed","template":"","meta":{"_acf_changed":false},"product_brand":[],"product_cat":[158,156],"product_tag":[],"class_list":{"0":"post-3284","1":"product","2":"type-product","3":"status-publish","4":"has-post-thumbnail","6":"product_cat-betonove-bloky","7":"product_cat-stavebni-materialy","8":"product_shipping_class-transport-the-partners-cs","9":"pa_producent-olbet","10":"pa_zuzycie-stena-24-cm-22-ks-m2","12":"first","13":"instock","14":"taxable","15":"shipping-taxable","16":"purchasable","17":"product-type-simple"},"acf":[],"_links":{"self":[{"href":"https:\/\/sklep.thepartners.pl\/cs\/wp-json\/wp\/v2\/product\/3284","targetHints":{"allow":["GET"]}}],"collection":[{"href":"https:\/\/sklep.thepartners.pl\/cs\/wp-json\/wp\/v2\/product"}],"about":[{"href":"https:\/\/sklep.thepartners.pl\/cs\/wp-json\/wp\/v2\/types\/product"}],"replies":[{"embeddable":true,"href":"https:\/\/sklep.thepartners.pl\/cs\/wp-json\/wp\/v2\/comments?post=3284"}],"wp:featuredmedia":[{"embeddable":true,"href":"https:\/\/sklep.thepartners.pl\/cs\/wp-json\/wp\/v2\/media\/5981"}],"wp:attachment":[{"href":"https:\/\/sklep.thepartners.pl\/cs\/wp-json\/wp\/v2\/media?parent=3284"}],"wp:term":[{"taxonomy":"product_brand","embeddable":true,"href":"https:\/\/sklep.thepartners.pl\/cs\/wp-json\/wp\/v2\/product_brand?post=3284"},{"taxonomy":"product_cat","embeddable":true,"href":"https:\/\/sklep.thepartners.pl\/cs\/wp-json\/wp\/v2\/product_cat?post=3284"},{"taxonomy":"product_tag","embeddable":true,"href":"https:\/\/sklep.thepartners.pl\/cs\/wp-json\/wp\/v2\/product_tag?post=3284"}],"curies":[{"name":"wp","href":"https:\/\/api.w.org\/{rel}","templated":true}]}}