{"id":33218,"date":"2026-03-18T08:51:12","date_gmt":"2026-03-18T07:51:12","guid":{"rendered":"https:\/\/sklep.thepartners.pl\/?post_type=product&#038;p=33218"},"modified":"2026-03-18T08:53:20","modified_gmt":"2026-03-18T07:53:20","slug":"sanitarni-silikon-sopro-elasticky-silikon-do-koupelny-a-kuchyne-bila-10-kopia-3","status":"publish","type":"product","link":"https:\/\/sklep.thepartners.pl\/cs\/produkt\/sanitarni-silikon-sopro-elasticky-silikon-do-koupelny-a-kuchyne-bila-10-kopia-3\/","title":{"rendered":"Sanit\u00e1rn\u00ed silikon Sopro \u2013 elastick\u00fd silikon do koupelny a kuchyn\u011b &#8211; \u010cERN\u00c1 90"},"content":{"rendered":"<p data-start=\"0\" data-end=\"78\"><strong data-start=\"0\" data-end=\"78\">Sanit\u00e1rn\u00ed silikon Sopro \u2013 odoln\u00fd silikon do koupelny, kuchyn\u011b a na obklady<\/strong><\/p>\n<p data-start=\"80\" data-end=\"480\">Sanit\u00e1rn\u00ed silikon Sopro je vysoce kvalitn\u00ed elastick\u00e1 t\u011bsnic\u00ed hmota ur\u010den\u00e1 k vytv\u00e1\u0159en\u00ed spojovac\u00edch a dilata\u010dn\u00edch sp\u00e1r v prostor\u00e1ch se zv\u00fd\u0161enou vlhkost\u00ed. Produkt se skv\u011ble hod\u00ed do koupelen, kuchyn\u00ed i dal\u0161\u00edch m\u00edst vystaven\u00fdch \u010dast\u00e9mu kontaktu s vodou. D\u00edky speci\u00e1ln\u00edmu slo\u017een\u00ed silikon zaji\u0161\u0165uje trvanliv\u00e9, estetick\u00e9 a vlhkosti odoln\u00e9 ut\u011bsn\u011bn\u00ed, kter\u00e9 chr\u00e1n\u00ed povrchy p\u0159ed pronik\u00e1n\u00edm vody a vznikem pl\u00edsn\u00ed.<\/p>\n<p data-start=\"482\" data-end=\"739\">Silikon Sopro je materi\u00e1l, kter\u00fd vytvrzuje vlivem vlhkosti ze vzduchu a vyzna\u010duje se velmi dobrou p\u0159ilnavost\u00ed k mnoha b\u011b\u017en\u00fdm stavebn\u00edm materi\u00e1l\u016fm. Po vytvrzen\u00ed z\u016fst\u00e1v\u00e1 trvale elastick\u00fd, d\u00edky \u010demu\u017e \u00fa\u010dinn\u011b kompenzuje pohyby podkladu a zabra\u0148uje prask\u00e1n\u00ed sp\u00e1r.<\/p>\n<h2 data-section-id=\"1ncm414\" data-start=\"741\" data-end=\"785\">Silikon do koupelny a sanit\u00e1rn\u00edch prostor<\/h2>\n<p data-start=\"787\" data-end=\"980\">Sanit\u00e1rn\u00ed silikon byl navr\u017een speci\u00e1ln\u011b pro pou\u017eit\u00ed v m\u00edstech vystaven\u00fdch vlhkosti. Produkt obsahuje slo\u017eky omezuj\u00edc\u00ed r\u016fst hub a pl\u00edsn\u00ed, co\u017e pom\u00e1h\u00e1 udr\u017eet estetick\u00fd vzhled sp\u00e1r po dlouhou dobu.<\/p>\n<p data-start=\"982\" data-end=\"1048\">D\u00edky vysok\u00e9 odolnosti v\u016f\u010di vod\u011b je silikon ide\u00e1ln\u00ed pro ut\u011bs\u0148ov\u00e1n\u00ed:<\/p>\n<ul data-start=\"1050\" data-end=\"1198\">\n<li data-section-id=\"1wq46lr\" data-start=\"1050\" data-end=\"1076\">\n<p data-start=\"1052\" data-end=\"1076\">van a sprchov\u00fdch kout\u016f<\/p>\n<\/li>\n<li data-section-id=\"11og2we\" data-start=\"1077\" data-end=\"1099\">\n<p data-start=\"1079\" data-end=\"1099\">sprchov\u00fdch vani\u010dek<\/p>\n<\/li>\n<li data-section-id=\"3vyein\" data-start=\"1100\" data-end=\"1120\">\n<p data-start=\"1102\" data-end=\"1120\">umyvadel a d\u0159ez\u016f<\/p>\n<\/li>\n<li data-section-id=\"h3yuvj\" data-start=\"1121\" data-end=\"1153\">\n<p data-start=\"1123\" data-end=\"1153\">kuchy\u0148sk\u00fdch pracovn\u00edch desek<\/p>\n<\/li>\n<li data-section-id=\"cf07vu\" data-start=\"1154\" data-end=\"1198\">\n<p data-start=\"1156\" data-end=\"1198\">spoj\u016f mezi keramick\u00fdmi obklady a dla\u017ebou<\/p>\n<\/li>\n<\/ul>\n<p data-start=\"1200\" data-end=\"1331\">Jedn\u00e1 se o ide\u00e1ln\u00ed silikon do sprchov\u00e9ho koutu i silikon na obklady, kter\u00fd zaji\u0161\u0165uje t\u011bsnost i na m\u00edstech s intenzivn\u00edm pou\u017e\u00edv\u00e1n\u00edm.<\/p>\n<h2 data-section-id=\"1qr0zpf\" data-start=\"1333\" data-end=\"1379\">Univerz\u00e1ln\u00ed pou\u017eit\u00ed v interi\u00e9ru i exteri\u00e9ru<\/h2>\n<p data-start=\"1381\" data-end=\"1558\">Silikon Sopro lze pou\u017e\u00edvat jak v obytn\u00fdch prostor\u00e1ch, tak i v exteri\u00e9ru budov. Hod\u00ed se pro ut\u011bs\u0148ov\u00e1n\u00ed sp\u00e1r v koupeln\u00e1ch, kuchyn\u00edch, pr\u00e1deln\u00e1ch, ale tak\u00e9 na balkonech a teras\u00e1ch.<\/p>\n<p data-start=\"1560\" data-end=\"1692\">Produkt je odoln\u00fd v\u016f\u010di vlhkosti, UV z\u00e1\u0159en\u00ed a prom\u011bnliv\u00fdm pov\u011btrnostn\u00edm podm\u00ednk\u00e1m, d\u00edky \u010demu\u017e si dlouhodob\u011b zachov\u00e1v\u00e1 sv\u00e9 vlastnosti.<\/p>\n<p data-start=\"1694\" data-end=\"1747\">Silikon lze pou\u017e\u00edt na mnoho typ\u016f podklad\u016f, nap\u0159\u00edklad:<\/p>\n<ul data-start=\"1749\" data-end=\"1870\">\n<li data-section-id=\"4p0rvr\" data-start=\"1749\" data-end=\"1779\">\n<p data-start=\"1751\" data-end=\"1779\">keramick\u00e9 obklady a dla\u017ebu<\/p>\n<\/li>\n<li data-section-id=\"1loyn2r\" data-start=\"1780\" data-end=\"1788\">\n<p data-start=\"1782\" data-end=\"1788\">sklo<\/p>\n<\/li>\n<li data-section-id=\"1a3ccod\" data-start=\"1789\" data-end=\"1799\">\n<p data-start=\"1791\" data-end=\"1799\">hlin\u00edk<\/p>\n<\/li>\n<li data-section-id=\"bbfhhw\" data-start=\"1800\" data-end=\"1828\">\n<p data-start=\"1802\" data-end=\"1828\">PVC a plastov\u00e9 materi\u00e1ly<\/p>\n<\/li>\n<li data-section-id=\"1rccjjs\" data-start=\"1829\" data-end=\"1849\">\n<p data-start=\"1831\" data-end=\"1849\">lakovan\u00e9 povrchy<\/p>\n<\/li>\n<li data-section-id=\"k134iu\" data-start=\"1850\" data-end=\"1870\">\n<p data-start=\"1852\" data-end=\"1870\">akryl\u00e1tov\u00e9 prvky<\/p>\n<\/li>\n<\/ul>\n<p data-start=\"1872\" data-end=\"1961\">D\u00edky dobr\u00e9 p\u0159ilnavosti k r\u016fzn\u00fdm materi\u00e1l\u016fm silikon zaji\u0161\u0165uje trval\u00e9 a estetick\u00e9 ut\u011bsn\u011bn\u00ed.<\/p>\n<h2 data-section-id=\"1x3smn7\" data-start=\"1963\" data-end=\"2006\">Hlavn\u00ed v\u00fdhody sanit\u00e1rn\u00edho silikonu Sopro<\/h2>\n<p data-start=\"2008\" data-end=\"2106\">Volbou sanit\u00e1rn\u00edho silikonu Sopro z\u00edsk\u00e1te produkt vysok\u00e9 kvality s v\u00fdborn\u00fdmi u\u017eitn\u00fdmi vlastnostmi.<\/p>\n<p data-start=\"2108\" data-end=\"2135\"><strong data-start=\"2108\" data-end=\"2135\">Hlavn\u00ed v\u00fdhody produktu:<\/strong><\/p>\n<p data-start=\"2137\" data-end=\"2426\">\u2714 trvale elastick\u00e1 t\u011bsnic\u00ed hmota<br data-start=\"2169\" data-end=\"2172\" \/>\u2714 vysok\u00e1 odolnost proti vlhkosti a vod\u011b<br data-start=\"2211\" data-end=\"2214\" \/>\u2714 ochrana proti vzniku pl\u00edsn\u00ed a hub<br data-start=\"2249\" data-end=\"2252\" \/>\u2714 odolnost v\u016f\u010di UV z\u00e1\u0159en\u00ed a pov\u011btrnostn\u00edm vliv\u016fm<br data-start=\"2300\" data-end=\"2303\" \/>\u2714 dobr\u00e1 p\u0159ilnavost k mnoha materi\u00e1l\u016fm<br data-start=\"2340\" data-end=\"2343\" \/>\u2714 odolnost v\u016f\u010di p\u016fsoben\u00ed mnoha chemik\u00e1li\u00ed<br data-start=\"2384\" data-end=\"2387\" \/>\u2714 estetick\u00e9 a trvanliv\u00e9 ut\u011bsn\u011bn\u00ed sp\u00e1r<\/p>\n<h2 data-section-id=\"1f3ufnk\" data-start=\"2428\" data-end=\"2467\">Estetick\u00e9 a trvanliv\u00e9 dokon\u010den\u00ed sp\u00e1r<\/h2>\n<p data-start=\"2469\" data-end=\"2679\">Kvalitn\u011b proveden\u00e9 silikonov\u00e9 ut\u011bsn\u011bn\u00ed m\u00e1 velk\u00fd v\u00fdznam pro \u017eivotnost i vzhled cel\u00e9 plochy. Sanit\u00e1rn\u00ed silikon Sopro umo\u017e\u0148uje vytvo\u0159it rovn\u00e9, estetick\u00e9 a elastick\u00e9 sp\u00e1ry, kter\u00e9 \u00fa\u010dinn\u011b chr\u00e1n\u00ed p\u0159ed pronik\u00e1n\u00edm vody.<\/p>\n<p data-start=\"2681\" data-end=\"2830\">Produkt je dostupn\u00fd v r\u016fzn\u00fdch barevn\u00fdch variant\u00e1ch, co\u017e umo\u017e\u0148uje p\u0159izp\u016fsobit barvu sp\u00e1ry odst\u00ednu obklad\u016f, sp\u00e1rovac\u00ed hmoty nebo koupelnov\u00e9ho vybaven\u00ed.<\/p>\n<h2 data-section-id=\"1pt5o6s\" data-start=\"2832\" data-end=\"2871\">Zvolte osv\u011bd\u010den\u00fd silikon do koupelny<\/h2>\n<p data-start=\"2873\" data-end=\"3134\">Pokud hled\u00e1te trvanliv\u00fd a snadno aplikovateln\u00fd produkt pro ut\u011bs\u0148ov\u00e1n\u00ed sp\u00e1r ve vlhk\u00fdch prostor\u00e1ch, sanit\u00e1rn\u00ed silikon Sopro je skv\u011blou volbou. D\u00edky vysok\u00e9 elasticit\u011b, odolnosti proti vlhkosti a ochran\u011b proti pl\u00edsn\u00edm zaji\u0161\u0165uje trval\u00e9 a estetick\u00e9 dokon\u010den\u00ed povrch\u016f.<\/p>\n<p data-start=\"3136\" data-end=\"3240\" data-is-last-node=\"\" data-is-only-node=\"\">Je to ide\u00e1ln\u00ed \u0159e\u0161en\u00ed jak pro profesion\u00e1ln\u00ed \u0159emesln\u00edky, tak pro osoby prov\u00e1d\u011bj\u00edc\u00ed rekonstrukce sv\u00e9pomoc\u00ed.<\/p>\n","protected":false},"excerpt":{"rendered":"<blockquote>\n<h4><strong data-start=\"0\" data-end=\"16\">Ide\u00e1ln\u00ed pro:<\/strong><\/h4>\n<h4 data-start=\"20\" data-end=\"43\">vany a sprchov\u00e9 kouty<\/h4>\n<h4 data-start=\"46\" data-end=\"64\">sprchov\u00e9 vani\u010dky<\/h4>\n<h4 data-start=\"67\" data-end=\"85\">umyvadla a d\u0159ezy<\/h4>\n<h4 data-start=\"88\" data-end=\"114\">kuchy\u0148sk\u00e9 pracovn\u00ed desky<\/h4>\n<h4 data-start=\"117\" data-end=\"157\">spoje mezi keramick\u00fdmi obklady a dla\u017ebou<\/h4>\n<\/blockquote>\n","protected":false},"featured_media":33220,"comment_status":"open","ping_status":"closed","template":"","meta":{"_acf_changed":false},"product_brand":[],"product_cat":[137,139],"product_tag":[1456],"class_list":{"0":"post-33218","1":"product","2":"type-product","3":"status-publish","4":"has-post-thumbnail","6":"product_cat-stavebni-chemie","7":"product_cat-sparovaci-hmoty-a-silikony-na-obklady","8":"product_tag-silikon-sanitarny","9":"product_shipping_class-kurier-cs","10":"pa_producent-sopro","12":"first","13":"instock","14":"taxable","15":"shipping-taxable","16":"purchasable","17":"product-type-simple"},"acf":[],"_links":{"self":[{"href":"https:\/\/sklep.thepartners.pl\/cs\/wp-json\/wp\/v2\/product\/33218","targetHints":{"allow":["GET"]}}],"collection":[{"href":"https:\/\/sklep.thepartners.pl\/cs\/wp-json\/wp\/v2\/product"}],"about":[{"href":"https:\/\/sklep.thepartners.pl\/cs\/wp-json\/wp\/v2\/types\/product"}],"replies":[{"embeddable":true,"href":"https:\/\/sklep.thepartners.pl\/cs\/wp-json\/wp\/v2\/comments?post=33218"}],"wp:featuredmedia":[{"embeddable":true,"href":"https:\/\/sklep.thepartners.pl\/cs\/wp-json\/wp\/v2\/media\/33220"}],"wp:attachment":[{"href":"https:\/\/sklep.thepartners.pl\/cs\/wp-json\/wp\/v2\/media?parent=33218"}],"wp:term":[{"taxonomy":"product_brand","embeddable":true,"href":"https:\/\/sklep.thepartners.pl\/cs\/wp-json\/wp\/v2\/product_brand?post=33218"},{"taxonomy":"product_cat","embeddable":true,"href":"https:\/\/sklep.thepartners.pl\/cs\/wp-json\/wp\/v2\/product_cat?post=33218"},{"taxonomy":"product_tag","embeddable":true,"href":"https:\/\/sklep.thepartners.pl\/cs\/wp-json\/wp\/v2\/product_tag?post=33218"}],"curies":[{"name":"wp","href":"https:\/\/api.w.org\/{rel}","templated":true}]}}