{"id":3337,"date":"2024-07-23T12:31:44","date_gmt":"2024-07-23T10:31:44","guid":{"rendered":"https:\/\/sklep.thepartners.pl\/p\/kostka-brukowa-novak-6cm\/"},"modified":"2025-02-01T00:02:26","modified_gmt":"2025-01-31T23:02:26","slug":"kostka-brukowa-novak-6cm","status":"publish","type":"product","link":"https:\/\/sklep.thepartners.pl\/cs\/produkt\/kostka-brukowa-novak-6cm\/","title":{"rendered":"Dla\u017eba Nova&#8217;k 6cm"},"content":{"rendered":"<p>Dla\u017eebn\u00ed kostky Nova&#8217;k jsou v\u00fdbornou volbou pro ty, kte\u0159\u00ed hledaj\u00ed netradi\u010dn\u00ed \u0159e\u0161en\u00ed betonov\u00fdch povrch\u016f. Kombinuje geometrick\u00e9 tvary s jedine\u010dn\u00fdm designem, kter\u00fd umo\u017e\u0148uje vytv\u00e1\u0159et dynamick\u00e9 a origin\u00e1ln\u00ed povrchy. Dla\u017eebn\u00ed kostky Nova&#8217;k nab\u00edzej\u00ed d\u00edky rozmanitosti barev \u0161irokou \u0161k\u00e1lu designov\u00fdch mo\u017enost\u00ed, od minimalistick\u00fdch a\u017e po extravagantn\u011bj\u0161\u00ed aran\u017em\u00e1. Je ide\u00e1ln\u00ed pro o\u017eiven\u00ed syrov\u00e9ho, modernistick\u00e9ho designu a tak\u00e9 pro zd\u016frazn\u011bn\u00ed klasick\u00e9ho charakteru tradi\u010dn\u00ed architektury. Bez ohledu na m\u00edsto pou\u017eit\u00ed &#8211; p\u0159\u00edjezdov\u00e1 cesta, chodn\u00edk, cesta nebo terasa &#8211; dla\u017eebn\u00ed kostky Nova&#8217;k p\u0159itahuj\u00ed pozornost a pot\u011b\u0161\u00ed sv\u00fdm jedine\u010dn\u00fdm vzorem uspo\u0159\u00e1d\u00e1n\u00ed.<\/p>\n<p><strong>Mno\u017estv\u00ed na palet\u011b: 10,53 m2<\/strong><\/p>\n<p><strong>Nekonven\u010dn\u00ed p\u0159\u00edstup: Unik\u00e1tn\u00ed geometrick\u00e9 tvary.<\/strong><\/p>\n<p><strong>Velk\u00fd designov\u00fd potenci\u00e1l: O\u017eivuje minimalistick\u00e9 designy.<\/strong><\/p>\n<p><strong>V\u0161estrann\u00e9 pou\u017eit\u00ed: Perfektn\u00ed pro p\u0159\u00edjezdov\u00e9 cesty, chodn\u00edky, cesty a terasy.<\/strong><\/p>\n<p><strong>Dostupn\u00e9 barvy: \u0160irok\u00fd v\u00fdb\u011br dynamick\u00fdch povrch\u016f.<\/strong><\/p>\n<p>&nbsp;<\/p>\n","protected":false},"excerpt":{"rendered":"<blockquote><p><strong>Rovn\u00fd povrch, rovn\u00e9 hrany<\/strong><\/p>\n<p><strong>Zat\u00ed\u017een\u00ed: p\u011b\u0161\u00ed provoz, provoz vozidel do 3,5 tuny<\/strong><\/p>\n<p><strong>\u00da\u010del pou\u017eit\u00ed: p\u0159\u00edjezdov\u00e1 cesta\/parkovi\u0161t\u011b, chodn\u00edk, terasa, zahrada\/cesty\/uli\u010dky, silnice<\/strong><\/p><\/blockquote>\n","protected":false},"featured_media":5579,"comment_status":"open","ping_status":"closed","template":"","meta":{"_acf_changed":false},"product_brand":[],"product_cat":[151,152],"product_tag":[],"class_list":{"0":"post-3337","1":"product","2":"type-product","3":"status-publish","4":"has-post-thumbnail","6":"product_cat-dlazebni-kostky","7":"product_cat-betonova-dlazba","8":"product_shipping_class-transport-the-partners-cs","9":"pa_kolor-multikolor-barwy-jesieni-cs","10":"pa_kolor-multikolor-dark-cs","11":"pa_kolor-multikolor-diamond-cs","12":"pa_kolor-multikolor-gothic-cs","13":"pa_kolor-multikolor-light-cs","14":"pa_kolor-multikolor-muszlowy-cs","15":"pa_kolor-multikolor-natur-cs","16":"pa_kolor-multikolor-york-cs","17":"pa_kolor-trikolor-camel-cs","18":"pa_kolor-trikolor-carrot-cs","19":"pa_kolor-trikolor-pixel-cs","20":"pa_producent-bruk-cs","22":"first","23":"onbackorder","24":"taxable","25":"shipping-taxable","26":"purchasable","27":"product-type-variable"},"acf":[],"_links":{"self":[{"href":"https:\/\/sklep.thepartners.pl\/cs\/wp-json\/wp\/v2\/product\/3337","targetHints":{"allow":["GET"]}}],"collection":[{"href":"https:\/\/sklep.thepartners.pl\/cs\/wp-json\/wp\/v2\/product"}],"about":[{"href":"https:\/\/sklep.thepartners.pl\/cs\/wp-json\/wp\/v2\/types\/product"}],"replies":[{"embeddable":true,"href":"https:\/\/sklep.thepartners.pl\/cs\/wp-json\/wp\/v2\/comments?post=3337"}],"wp:featuredmedia":[{"embeddable":true,"href":"https:\/\/sklep.thepartners.pl\/cs\/wp-json\/wp\/v2\/media\/5579"}],"wp:attachment":[{"href":"https:\/\/sklep.thepartners.pl\/cs\/wp-json\/wp\/v2\/media?parent=3337"}],"wp:term":[{"taxonomy":"product_brand","embeddable":true,"href":"https:\/\/sklep.thepartners.pl\/cs\/wp-json\/wp\/v2\/product_brand?post=3337"},{"taxonomy":"product_cat","embeddable":true,"href":"https:\/\/sklep.thepartners.pl\/cs\/wp-json\/wp\/v2\/product_cat?post=3337"},{"taxonomy":"product_tag","embeddable":true,"href":"https:\/\/sklep.thepartners.pl\/cs\/wp-json\/wp\/v2\/product_tag?post=3337"}],"curies":[{"name":"wp","href":"https:\/\/api.w.org\/{rel}","templated":true}]}}