{"id":33604,"date":"2026-04-10T13:37:42","date_gmt":"2026-04-10T11:37:42","guid":{"rendered":"https:\/\/sklep.thepartners.pl\/produkt\/piasek-do-piaskownic-20kg-trans-pal-czysty-bezpieczny-piasek-do-zabawy-dla-dzieci\/"},"modified":"2026-04-10T13:39:50","modified_gmt":"2026-04-10T11:39:50","slug":"piasek-do-piaskownic-20kg-trans-pal-czysty-bezpieczny-piasek-do-zabawy-dla-dzieci","status":"publish","type":"product","link":"https:\/\/sklep.thepartners.pl\/cs\/produkt\/piasek-do-piaskownic-20kg-trans-pal-czysty-bezpieczny-piasek-do-zabawy-dla-dzieci\/","title":{"rendered":"P\u00edsek do p\u00edskovi\u0161\u0165 20kg Trans-Pal \u2013 \u010dist\u00fd a bezpe\u010dn\u00fd p\u00edsek pro d\u011btskou hru"},"content":{"rendered":"<p data-start=\"80\" data-end=\"403\">Hled\u00e1te kvalitn\u00ed p\u00edsek do p\u00edskovi\u0161t\u011b? <strong data-start=\"118\" data-end=\"155\">P\u00edsek do p\u00edskovi\u0161\u0165 20kg Trans-Pal<\/strong> je ide\u00e1ln\u00ed volbou pro vytvo\u0159en\u00ed bezpe\u010dn\u00e9ho a pohodln\u00e9ho hern\u00edho prostoru pro d\u011bti na zahrad\u011b, d\u011btsk\u00e9m h\u0159i\u0161ti nebo v mate\u0159sk\u00e9 \u0161kole. Pe\u010dliv\u011b p\u0159ipraven\u00fd a d\u016fkladn\u011b o\u010di\u0161t\u011bn\u00fd p\u00edsek poskytuje skv\u011bl\u00e9 podm\u00ednky pro stav\u011bn\u00ed hrad\u016f, kop\u00e1n\u00ed a kreativn\u00ed hran\u00ed.<\/p>\n<h2 data-section-id=\"l0oq8u\" data-start=\"405\" data-end=\"458\">Pro\u010d si vybrat p\u00edsek do p\u00edskovi\u0161t\u011b Trans-Pal 20kg?<\/h2>\n<p data-start=\"460\" data-end=\"612\"><strong data-start=\"460\" data-end=\"492\">P\u00edsek Trans-Pal do p\u00edskovi\u0161\u0165<\/strong> byl navr\u017een s ohledem na pot\u0159eby nejmen\u0161\u00edch u\u017eivatel\u016f. D\u00edky vhodn\u00e9 struktu\u0159e a \u010distot\u011b je ide\u00e1ln\u00ed pro ka\u017edodenn\u00ed hran\u00ed.<\/p>\n<h2 data-section-id=\"a7vctm\" data-start=\"614\" data-end=\"644\">Hlavn\u00ed vlastnosti produktu:<\/h2>\n<ul data-start=\"645\" data-end=\"945\">\n<li data-section-id=\"1ys0j72\" data-start=\"645\" data-end=\"707\"><strong data-start=\"647\" data-end=\"675\">P\u00edsek do p\u00edskovi\u0161t\u011b 20kg<\/strong> \u2013 praktick\u00e9 a pohodln\u00e9 balen\u00ed<\/li>\n<li data-section-id=\"1y6izxy\" data-start=\"708\" data-end=\"769\">Ide\u00e1ln\u00ed pro <strong data-start=\"722\" data-end=\"767\">dom\u00e1c\u00ed p\u00edskovi\u0161t\u011b i ve\u0159ejn\u00e1 d\u011btsk\u00e1 h\u0159i\u0161t\u011b<\/strong><\/li>\n<li data-section-id=\"1jfedp1\" data-start=\"770\" data-end=\"801\">D\u016fkladn\u011b pros\u00e1t\u00fd a o\u010di\u0161t\u011bn\u00fd<\/li>\n<li data-section-id=\"qqt50w\" data-start=\"802\" data-end=\"851\">Vhodn\u00e1 frakce usnad\u0148uj\u00edc\u00ed tvarov\u00e1n\u00ed a stav\u011bn\u00ed<\/li>\n<li data-section-id=\"sjxpgs\" data-start=\"852\" data-end=\"898\">P\u0159\u00edjemn\u00fd na dotek a pohodln\u00fd p\u0159i pou\u017e\u00edv\u00e1n\u00ed<\/li>\n<li data-section-id=\"4sfd02\" data-start=\"899\" data-end=\"945\">Vhodn\u00fd pro d\u011bti r\u016fzn\u00fdch v\u011bkov\u00fdch kategori\u00ed<\/li>\n<\/ul>\n<h2 data-section-id=\"1o610kh\" data-start=\"947\" data-end=\"974\">Pou\u017eit\u00ed p\u00edsku Trans-Pal:<\/h2>\n<ul data-start=\"975\" data-end=\"1086\">\n<li data-section-id=\"15fe7pw\" data-start=\"975\" data-end=\"998\">zahradn\u00ed p\u00edskovi\u0161t\u011b<\/li>\n<li data-section-id=\"66f8pi\" data-start=\"999\" data-end=\"1025\">d\u011btsk\u00e1 h\u0159i\u0161t\u011b a \u0161kolky<\/li>\n<li data-section-id=\"qxfm3x\" data-start=\"1026\" data-end=\"1046\">rekrea\u010dn\u00ed plochy<\/li>\n<li data-section-id=\"o8gl8n\" data-start=\"1047\" data-end=\"1086\">senzorick\u00e9 a kreativn\u00ed hry pro d\u011bti<\/li>\n<\/ul>\n<h2 data-section-id=\"1cm0v4k\" data-start=\"1088\" data-end=\"1118\">Bezpe\u010dn\u00e1 a kreativn\u00ed z\u00e1bava<\/h2>\n<p data-start=\"1120\" data-end=\"1322\" data-is-last-node=\"\" data-is-only-node=\"\"><strong data-start=\"1120\" data-end=\"1157\">P\u00edsek do p\u00edskovi\u0161\u0165 Trans-Pal 20kg<\/strong> je skv\u011bl\u00fdm z\u00e1kladem pro rozvoj d\u011btsk\u00e9 fantazie a jemn\u00e9 motoriky. Umo\u017e\u0148uje stav\u011bt hrady, tunely a r\u016fzn\u00e9 konstrukce, \u010d\u00edm\u017e podporuje kreativitu i pohybov\u00fd rozvoj d\u011bt\u00ed.<\/p>\n","protected":false},"excerpt":{"rendered":"<blockquote>\n<h4>Zahradn\u00ed p\u00edskovi\u0161t\u011b<\/h4>\n<h4>D\u011btsk\u00e1 h\u0159i\u0161t\u011b a \u0161kolky<\/h4>\n<h4>Rekrea\u010dn\u00ed plochy<\/h4>\n<h4>Senzorick\u00e9 a kreativn\u00ed hry pro d\u011bti<\/h4>\n<\/blockquote>\n","protected":false},"featured_media":33602,"comment_status":"open","ping_status":"closed","template":"","meta":{"_acf_changed":false},"product_brand":[],"product_cat":[156],"product_tag":[1462],"class_list":{"0":"post-33604","1":"product","2":"type-product","3":"status-publish","4":"has-post-thumbnail","6":"product_cat-stavebni-materialy","7":"product_tag-piasek-do-piaskownic","8":"product_shipping_class-osobna-paczka","10":"first","11":"instock","12":"taxable","13":"shipping-taxable","14":"purchasable","15":"product-type-simple"},"acf":[],"_links":{"self":[{"href":"https:\/\/sklep.thepartners.pl\/cs\/wp-json\/wp\/v2\/product\/33604","targetHints":{"allow":["GET"]}}],"collection":[{"href":"https:\/\/sklep.thepartners.pl\/cs\/wp-json\/wp\/v2\/product"}],"about":[{"href":"https:\/\/sklep.thepartners.pl\/cs\/wp-json\/wp\/v2\/types\/product"}],"replies":[{"embeddable":true,"href":"https:\/\/sklep.thepartners.pl\/cs\/wp-json\/wp\/v2\/comments?post=33604"}],"wp:featuredmedia":[{"embeddable":true,"href":"https:\/\/sklep.thepartners.pl\/cs\/wp-json\/wp\/v2\/media\/33602"}],"wp:attachment":[{"href":"https:\/\/sklep.thepartners.pl\/cs\/wp-json\/wp\/v2\/media?parent=33604"}],"wp:term":[{"taxonomy":"product_brand","embeddable":true,"href":"https:\/\/sklep.thepartners.pl\/cs\/wp-json\/wp\/v2\/product_brand?post=33604"},{"taxonomy":"product_cat","embeddable":true,"href":"https:\/\/sklep.thepartners.pl\/cs\/wp-json\/wp\/v2\/product_cat?post=33604"},{"taxonomy":"product_tag","embeddable":true,"href":"https:\/\/sklep.thepartners.pl\/cs\/wp-json\/wp\/v2\/product_tag?post=33604"}],"curies":[{"name":"wp","href":"https:\/\/api.w.org\/{rel}","templated":true}]}}