{"id":33769,"date":"2026-04-24T11:28:15","date_gmt":"2026-04-24T09:28:15","guid":{"rendered":"https:\/\/sklep.thepartners.pl\/?post_type=product&#038;p=33769"},"modified":"2026-04-24T11:35:15","modified_gmt":"2026-04-24T09:35:15","slug":"sika-igolflex-202-25l-dvouslozkova-bitumenova-hmota-pro-izolaci-zakladu-a-podzemnich-konstrukci-kopia","status":"publish","type":"product","link":"https:\/\/sklep.thepartners.pl\/cs\/produkt\/sika-igolflex-202-25l-dvouslozkova-bitumenova-hmota-pro-izolaci-zakladu-a-podzemnich-konstrukci-kopia\/","title":{"rendered":"Sika\u00ae Igolflex\u00ae-202 \u2013 25L &#8211; dvouslo\u017ekov\u00e1 bitumenov\u00e1 hmota pro izolaci z\u00e1klad\u016f a podzemn\u00edch konstrukc\u00ed &#8211; 2ks"},"content":{"rendered":"<div class=\"text-base my-auto mx-auto [--thread-content-margin:var(--thread-content-margin-xs,calc(var(--spacing)*4))] @w-sm\/main:[--thread-content-margin:var(--thread-content-margin-sm,calc(var(--spacing)*6))] @w-lg\/main:[--thread-content-margin:var(--thread-content-margin-lg,calc(var(--spacing)*16))] px-(--thread-content-margin)\">\n<div class=\"[--thread-content-max-width:40rem] @w-lg\/main:[--thread-content-max-width:48rem] mx-auto max-w-(--thread-content-max-width) flex-1 group\/turn-messages focus-visible:outline-hidden relative flex w-full min-w-0 flex-col agent-turn\">\n<div class=\"flex max-w-full flex-col gap-4 grow\">\n<div class=\"min-h-8 text-message relative flex w-full flex-col items-end gap-2 text-start break-words whitespace-normal outline-none keyboard-focused:focus-ring [.text-message+&amp;]:mt-1\" dir=\"auto\" data-message-author-role=\"assistant\" data-message-id=\"3992e9a2-12ff-4afd-be76-deef7de8d41b\" data-message-model-slug=\"gpt-5-3\">\n<div class=\"flex w-full flex-col gap-1 empty:hidden\">\n<div class=\"markdown prose dark:prose-invert w-full wrap-break-word light markdown-new-styling\">\n<p data-start=\"101\" data-end=\"457\">Sika\u00ae Igolflex\u00ae-202 je modern\u00ed silnovrstv\u00e1 bitumenov\u00e1 st\u011brka modifikovan\u00e1 polymery, ur\u010den\u00e1 k \u00fa\u010dinn\u00e9 hydroizolaci proti vlhkosti a vod\u011b u z\u00e1klad\u016f a stavebn\u00edch konstrukc\u00ed pod \u00farovn\u00ed ter\u00e9nu. Produkt se vyzna\u010duje rychl\u00fdm vytvrzov\u00e1n\u00edm, vysokou elasticitou a vynikaj\u00edc\u00ed p\u0159ilnavost\u00ed k podkladu, co\u017e z n\u011bj \u010din\u00ed ide\u00e1ln\u00ed \u0159e\u0161en\u00ed pro profesion\u00e1ly i soukrom\u00e9 investory.<\/p>\n<hr data-start=\"459\" data-end=\"462\" \/>\n<h3 data-section-id=\"xoxh6c\" data-start=\"464\" data-end=\"492\">\u2705 Hlavn\u00ed v\u00fdhody produktu<\/h3>\n<ul data-start=\"493\" data-end=\"1017\">\n<li data-section-id=\"ql20r6\" data-start=\"493\" data-end=\"553\">\u00da\u010dinn\u00e1 hydroizolace z\u00e1klad\u016f \u2013 zcela nepropustn\u00e1 pro vodu<\/li>\n<li data-section-id=\"1772gax\" data-start=\"554\" data-end=\"630\">Bari\u00e9ra proti radonu \u2013 dodate\u010dn\u00e1 ochrana proti pronik\u00e1n\u00ed plyn\u016f z podlo\u017e\u00ed<\/li>\n<li data-section-id=\"fvx3h7\" data-start=\"631\" data-end=\"685\">Rychle tuhnouc\u00ed slo\u017een\u00ed \u2013 urychluje stavebn\u00ed pr\u00e1ce<\/li>\n<li data-section-id=\"w6usb7\" data-start=\"686\" data-end=\"760\">Bez rozpou\u0161t\u011bdel a bezpe\u010dn\u00fd \u2013 \u0161etrn\u00fd k \u017eivotn\u00edmu prost\u0159ed\u00ed i u\u017eivateli<\/li>\n<li data-section-id=\"popga2\" data-start=\"761\" data-end=\"834\">Vynikaj\u00edc\u00ed p\u0159ilnavost \u2013 k betonu, cihle a dal\u0161\u00edm miner\u00e1ln\u00edm podklad\u016fm<\/li>\n<li data-section-id=\"k9s060\" data-start=\"835\" data-end=\"907\">Schopnost p\u0159emost\u011bn\u00ed trhlin \u2013 chr\u00e1n\u00ed i p\u0159i mikroprasklin\u00e1ch podkladu<\/li>\n<li data-section-id=\"iqw45i\" data-start=\"908\" data-end=\"953\">Beze\u0161v\u00e1 vrstva \u2013 eliminuje riziko pr\u016fsak\u016f<\/li>\n<li data-section-id=\"b88v0u\" data-start=\"954\" data-end=\"1017\">Snadn\u00e1 aplikace \u2013 dobr\u00e1 zpracovatelnost a lehk\u00e1 konzistence<\/li>\n<\/ul>\n<hr data-start=\"1019\" data-end=\"1022\" \/>\n<h3 data-section-id=\"11jbjv7\" data-start=\"1024\" data-end=\"1038\">\ud83d\udccc Pou\u017eit\u00ed<\/h3>\n<p data-start=\"1040\" data-end=\"1075\">Sika\u00ae Igolflex\u00ae-202 se pou\u017e\u00edv\u00e1 pro:<\/p>\n<ul data-start=\"1077\" data-end=\"1331\">\n<li data-section-id=\"ls9s3y\" data-start=\"1077\" data-end=\"1128\">svislou izolaci z\u00e1kladov\u00fdch st\u011bn (beton, cihla)<\/li>\n<li data-section-id=\"1m39ik8\" data-start=\"1129\" data-end=\"1174\">vodorovnou izolaci \u017eelezobetonov\u00fdch desek<\/li>\n<li data-section-id=\"bq2jgz\" data-start=\"1175\" data-end=\"1237\">ochranu podzemn\u00edch konstrukc\u00ed p\u0159ed vlhkost\u00ed a spodn\u00ed vodou<\/li>\n<li data-section-id=\"x8giy5\" data-start=\"1238\" data-end=\"1267\">jako protiradonov\u00e1 vrstva<\/li>\n<li data-section-id=\"1580vvx\" data-start=\"1268\" data-end=\"1331\">jako lepidlo pro upevn\u011bn\u00ed izola\u010dn\u00edch desek (nap\u0159. XPS, EPS)<\/li>\n<\/ul>\n<hr data-start=\"1333\" data-end=\"1336\" \/>\n<h3 data-section-id=\"mjeuc9\" data-start=\"1338\" data-end=\"1364\">\u2699\ufe0f Technick\u00e9 parametry<\/h3>\n<ul data-start=\"1365\" data-end=\"1760\">\n<li data-section-id=\"1p20ce0\" data-start=\"1365\" data-end=\"1411\">Typ: dvouslo\u017ekov\u00e1 bitumenov\u00e1 hmota (A + B)<\/li>\n<li data-section-id=\"19troz8\" data-start=\"1412\" data-end=\"1447\">Pom\u011br m\u00edch\u00e1n\u00ed: 3:1 (hmotnostn\u011b)<\/li>\n<li data-section-id=\"zh7xzc\" data-start=\"1448\" data-end=\"1487\">Tlou\u0161\u0165ka jedn\u00e9 vrstvy: 2,0 \u2013 2,5 mm<\/li>\n<li data-section-id=\"1g3i9m3\" data-start=\"1488\" data-end=\"1528\">Teplota aplikace: od +5 \u00b0C do +30 \u00b0C<\/li>\n<li data-section-id=\"a2zsl1\" data-start=\"1529\" data-end=\"1576\">Doba zpracovatelnosti (23 \u00b0C): cca 60 minut<\/li>\n<li data-section-id=\"vce5zn\" data-start=\"1577\" data-end=\"1622\">Doba schnut\u00ed: 2\u20134 hodiny (such\u00e9 na dotek)<\/li>\n<li data-section-id=\"auhs26\" data-start=\"1623\" data-end=\"1663\">Interval mezi vrstvami: cca 4 hodiny<\/li>\n<li data-section-id=\"1cx9u5m\" data-start=\"1664\" data-end=\"1693\">Pln\u00e9 vytvrzen\u00ed: cca 2 dny<\/li>\n<li data-section-id=\"1ca1ad9\" data-start=\"1694\" data-end=\"1723\">Barva po vytvrzen\u00ed: \u010dern\u00e1<\/li>\n<li data-section-id=\"lsd8bu\" data-start=\"1724\" data-end=\"1760\">Balen\u00ed: sada 25 l (slo\u017eka A + B)<\/li>\n<\/ul>\n<hr data-start=\"1762\" data-end=\"1765\" \/>\n<h3 data-section-id=\"24h3jr\" data-start=\"1767\" data-end=\"1792\">\u26a0\ufe0f D\u016fle\u017eit\u00e9 informace<\/h3>\n<ul data-start=\"1793\" data-end=\"1945\">\n<li data-section-id=\"1kfvypu\" data-start=\"1793\" data-end=\"1842\">Produkt nen\u00ed ur\u010den pro kontakt s pitnou vodou<\/li>\n<li data-section-id=\"1jtreld\" data-start=\"1843\" data-end=\"1908\">Nepou\u017e\u00edvat na povrchy vystaven\u00e9 p\u011b\u0161\u00edmu nebo kolov\u00e9mu zat\u00ed\u017een\u00ed<\/li>\n<li data-section-id=\"jrfudk\" data-start=\"1909\" data-end=\"1945\">Vy\u017eaduje ochranu p\u0159ed UV z\u00e1\u0159en\u00edm<\/li>\n<\/ul>\n<hr data-start=\"1947\" data-end=\"1950\" \/>\n<h3 data-section-id=\"hqcsen\" data-start=\"1952\" data-end=\"1991\">\ud83d\udd0e Pro\u010d zvolit Sika\u00ae Igolflex\u00ae-202?<\/h3>\n<p data-start=\"1993\" data-end=\"2263\" data-is-last-node=\"\" data-is-only-node=\"\">Pokud hled\u00e1te trvalou a spolehlivou izolaci z\u00e1klad\u016f, kter\u00e1 zajist\u00ed ochranu p\u0159ed vodou, vlhkost\u00ed i radonem, je Sika\u00ae Igolflex\u00ae-202 ov\u011b\u0159enou volbou. D\u00edky pokro\u010dil\u00e9mu slo\u017een\u00ed a snadn\u00e9 aplikaci je produkt ide\u00e1ln\u00ed jak pro novostavby, tak pro rekonstrukce st\u00e1vaj\u00edc\u00edch objekt\u016f.<\/p>\n<\/div>\n<\/div>\n<\/div>\n<\/div>\n<div class=\"z-0 flex min-h-[46px] justify-start\"><\/div>\n<\/div>\n<\/div>\n","protected":false},"excerpt":{"rendered":"<blockquote>\n<h4>Dvouslo\u017ekov\u00e1, rychleschnouc\u00ed bitumenov\u00e1 hmota pro prov\u00e1d\u011bn\u00ed trval\u00e9 hydroizolace proti vlhkosti a vod\u011b u z\u00e1klad\u016f.<\/h4>\n<h4>Vytv\u00e1\u0159\u00ed elastickou, beze\u0161vou vrstvu odolnou v\u016f\u010di vod\u011b a pronik\u00e1n\u00ed radonu.<\/h4>\n<h4>Ide\u00e1ln\u00ed pro z\u00e1kladov\u00e9 st\u011bny, betonov\u00e9 desky a podzemn\u00ed konstrukce.<\/h4>\n<h4>Vysok\u00e1 p\u0159ilnavost, snadn\u00e1 aplikace a rychl\u00e9 vytvrzov\u00e1n\u00ed zaru\u010duj\u00ed \u00fa\u010dinnou a spolehlivou hydroizolaci.<\/h4>\n<\/blockquote>\n","protected":false},"featured_media":33771,"comment_status":"open","ping_status":"closed","template":"","meta":{"_acf_changed":false},"product_brand":[],"product_cat":[137,583,938],"product_tag":[1466,1469],"class_list":{"0":"post-33769","1":"product","2":"type-product","3":"status-publish","4":"has-post-thumbnail","6":"product_cat-stavebni-chemie","7":"product_cat-hydroizolace","8":"product_cat-bituminozni","9":"product_tag-sika","10":"product_tag-sika-igolflex-202","11":"product_shipping_class-transport-gratis-cs","12":"pa_darmowa-dostawa-ano","13":"pa_producent-sika-cs","15":"first","16":"instock","17":"taxable","18":"shipping-taxable","19":"purchasable","20":"product-type-simple"},"acf":[],"_links":{"self":[{"href":"https:\/\/sklep.thepartners.pl\/cs\/wp-json\/wp\/v2\/product\/33769","targetHints":{"allow":["GET"]}}],"collection":[{"href":"https:\/\/sklep.thepartners.pl\/cs\/wp-json\/wp\/v2\/product"}],"about":[{"href":"https:\/\/sklep.thepartners.pl\/cs\/wp-json\/wp\/v2\/types\/product"}],"replies":[{"embeddable":true,"href":"https:\/\/sklep.thepartners.pl\/cs\/wp-json\/wp\/v2\/comments?post=33769"}],"wp:featuredmedia":[{"embeddable":true,"href":"https:\/\/sklep.thepartners.pl\/cs\/wp-json\/wp\/v2\/media\/33771"}],"wp:attachment":[{"href":"https:\/\/sklep.thepartners.pl\/cs\/wp-json\/wp\/v2\/media?parent=33769"}],"wp:term":[{"taxonomy":"product_brand","embeddable":true,"href":"https:\/\/sklep.thepartners.pl\/cs\/wp-json\/wp\/v2\/product_brand?post=33769"},{"taxonomy":"product_cat","embeddable":true,"href":"https:\/\/sklep.thepartners.pl\/cs\/wp-json\/wp\/v2\/product_cat?post=33769"},{"taxonomy":"product_tag","embeddable":true,"href":"https:\/\/sklep.thepartners.pl\/cs\/wp-json\/wp\/v2\/product_tag?post=33769"}],"curies":[{"name":"wp","href":"https:\/\/api.w.org\/{rel}","templated":true}]}}