{"id":3464,"date":"2024-07-24T12:23:14","date_gmt":"2024-07-24T10:23:14","guid":{"rendered":"https:\/\/sklep.thepartners.pl\/p\/kostka-brukowa-metro-xl-8cm-836m2\/"},"modified":"2024-11-06T08:41:41","modified_gmt":"2024-11-06T07:41:41","slug":"kostka-brukowa-metro-xl-8cm-836m2","status":"publish","type":"product","link":"https:\/\/sklep.thepartners.pl\/cs\/produkt\/kostka-brukowa-metro-xl-8cm-836m2\/","title":{"rendered":"Dla\u017eba Metro XL 8 cm 8,36 m2"},"content":{"rendered":"<p><strong>Z\u00e1mkov\u00e1 dla\u017eba Metro XL \u2013 v\u011bt\u0161\u00ed form\u00e1t, mnoho barevn\u00fdch variant<\/strong><\/p>\n<p>Z\u00e1mkov\u00e1 dla\u017eba Metro XL ve zv\u011bt\u0161en\u00e9m form\u00e1tu a s mnoha mo\u017enostmi barevn\u00e9ho v\u00fdb\u011bru je ide\u00e1ln\u00edm \u0159e\u0161en\u00edm pro ty, kte\u0159\u00ed hledaj\u00ed m\u00f3dn\u00ed konfigurace dla\u017eby. D\u00edky Metro XL bude va\u0161e povrchov\u00e1 \u00faprava vynikat mezi ostatn\u00edmi. Vyberte vhodnou barvu pro okol\u00ed va\u0161eho domu a polo\u017ete Metro XL na velk\u00e9 plochy p\u0159\u00edjezdov\u00fdch cest, teras nebo chodn\u00edk\u016f, kde se bude nejl\u00e9pe prezentovat.<\/p>\n<p><strong>V\u00fdhody z\u00e1mkov\u00e9 dla\u017eby Metro XL:<\/strong><\/p>\n<ul>\n<li><strong>Velk\u00fd form\u00e1t:<\/strong> Ide\u00e1ln\u00ed pro velk\u00e9 plochy<\/li>\n<li><strong>Mnoho barev:<\/strong> \u0160irok\u00fd v\u00fdb\u011br barev p\u0159izp\u016fsoben\u00fdch va\u0161emu prost\u0159ed\u00ed<\/li>\n<li><strong>M\u00f3dn\u00ed \u0159e\u0161en\u00ed:<\/strong> Modern\u00ed design pro n\u00e1ro\u010dn\u00e9<\/li>\n<\/ul>\n<p><strong>Pou\u017eit\u00ed:<\/strong><\/p>\n<ul>\n<li><strong>P\u0159\u00edjezdov\u00e9 cesty:<\/strong> V\u00fdjime\u010dn\u00e1 odolnost a estetika<\/li>\n<li><strong>Terasy:<\/strong> Stylov\u00e9 a funk\u010dn\u00ed<\/li>\n<li><strong>Chodn\u00edky:<\/strong> V\u00fdjime\u010dn\u00fd vzhled a pohodl\u00ed<\/li>\n<\/ul>\n<p>Pro je\u0161t\u011b lep\u0161\u00ed dojem kombinujte z\u00e1mkovou dla\u017ebu Metro XL se z\u00e1mkovou dla\u017ebou Metro. Ide\u00e1ln\u00ed pro ty, kte\u0159\u00ed oce\u0148uj\u00ed m\u00f3dn\u00ed povrchov\u00e1 \u0159e\u0161en\u00ed ve form\u00e1tu XL.<\/p>\n<p><strong>Mno\u017estv\u00ed na palet\u011b: 8,36 m2<\/strong><\/p>\n","protected":false},"excerpt":{"rendered":"<p><strong>Rovn\u00fd povrch, rovn\u00e9 hrany<\/strong><\/p>\n<p><strong>Zat\u00ed\u017een\u00ed: p\u011b\u0161\u00ed provoz, provoz vozidel do 3,5 tuny<\/strong><\/p>\n<p><strong>\u00da\u010del pou\u017eit\u00ed: p\u0159\u00edjezdov\u00e1 cesta\/parkovi\u0161t\u011b, chodn\u00edk, terasa, zahrada\/cesty\/uli\u010dky, silnice<\/strong><\/p>\n","protected":false},"featured_media":5533,"comment_status":"open","ping_status":"closed","template":"","meta":{"_acf_changed":false},"product_brand":[],"product_cat":[151,152],"product_tag":[809],"class_list":{"0":"post-3464","1":"product","2":"type-product","3":"status-publish","4":"has-post-thumbnail","6":"product_cat-dlazebni-kostky","7":"product_cat-betonova-dlazba","8":"product_tag-metro-xl-cs","9":"product_shipping_class-transport-the-partners-cs","10":"pa_kolor-gray-cs","11":"pa_kolor-galaxy-white-cs","12":"pa_kolor-galaxy-carbon-cs","13":"pa_kolor-white-cs","14":"pa_kolor-carbon-cs","15":"pa_kolor-steel-cs","16":"pa_kolor-multikolor-dark-cs","17":"pa_kolor-multikolor-diamond-cs","18":"pa_kolor-multikolor-gothic-cs","19":"pa_kolor-multikolor-light-cs","20":"pa_kolor-multikolor-muszlowy-cs","21":"pa_kolor-multikolor-natur-cs","22":"pa_kolor-multikolor-york-cs","23":"pa_kolor-trikolor-camel-cs","24":"pa_kolor-trikolor-carrot-cs","25":"pa_kolor-trikolor-pixel-cs","26":"pa_producent-bruk-cs","28":"first","29":"onbackorder","30":"taxable","31":"shipping-taxable","32":"purchasable","33":"product-type-variable"},"acf":[],"_links":{"self":[{"href":"https:\/\/sklep.thepartners.pl\/cs\/wp-json\/wp\/v2\/product\/3464","targetHints":{"allow":["GET"]}}],"collection":[{"href":"https:\/\/sklep.thepartners.pl\/cs\/wp-json\/wp\/v2\/product"}],"about":[{"href":"https:\/\/sklep.thepartners.pl\/cs\/wp-json\/wp\/v2\/types\/product"}],"replies":[{"embeddable":true,"href":"https:\/\/sklep.thepartners.pl\/cs\/wp-json\/wp\/v2\/comments?post=3464"}],"wp:featuredmedia":[{"embeddable":true,"href":"https:\/\/sklep.thepartners.pl\/cs\/wp-json\/wp\/v2\/media\/5533"}],"wp:attachment":[{"href":"https:\/\/sklep.thepartners.pl\/cs\/wp-json\/wp\/v2\/media?parent=3464"}],"wp:term":[{"taxonomy":"product_brand","embeddable":true,"href":"https:\/\/sklep.thepartners.pl\/cs\/wp-json\/wp\/v2\/product_brand?post=3464"},{"taxonomy":"product_cat","embeddable":true,"href":"https:\/\/sklep.thepartners.pl\/cs\/wp-json\/wp\/v2\/product_cat?post=3464"},{"taxonomy":"product_tag","embeddable":true,"href":"https:\/\/sklep.thepartners.pl\/cs\/wp-json\/wp\/v2\/product_tag?post=3464"}],"curies":[{"name":"wp","href":"https:\/\/api.w.org\/{rel}","templated":true}]}}