{"id":3616,"date":"2024-07-25T07:22:37","date_gmt":"2024-07-25T05:22:37","guid":{"rendered":"https:\/\/sklep.thepartners.pl\/?post_type=product&#038;p=3616"},"modified":"2024-11-06T08:41:51","modified_gmt":"2024-11-06T07:41:51","slug":"kostka-brukowa-metro-8-cm-836-m2","status":"publish","type":"product","link":"https:\/\/sklep.thepartners.pl\/cs\/produkt\/kostka-brukowa-metro-8-cm-836-m2\/","title":{"rendered":"Dla\u017eba Metro 8 cm 8,36 m2"},"content":{"rendered":"<p>Dla\u017eebn\u00ed kostky Metro \u2013 modern\u00ed a efektn\u00ed vzory dla\u017eeb<\/p>\n<p>Dla\u017eebn\u00ed kostky Metro se skl\u00e1daj\u00ed ze 6 podlouhl\u00fdch prvk\u016f, kter\u00e9 umo\u017e\u0148uj\u00ed vytv\u00e1\u0159et v\u00fdjime\u010dn\u011b modern\u00ed a p\u016fsobiv\u00e9 povrchov\u00e9 vzory. Betonov\u00e9 kostky dostupn\u00e9 v mnoha m\u00f3dn\u00edch barv\u00e1ch prom\u011bn\u00ed ka\u017ed\u00fd prostor \u2013 soukrom\u00fd i ve\u0159ejn\u00fd.<\/p>\n<p><strong>V\u00fdhody dla\u017eebn\u00edch kostek Metro:<\/strong><\/p>\n<p><strong>Prot\u00e1hl\u00e9 prvky:<\/strong> Umo\u017e\u0148uj\u00ed vytv\u00e1\u0159et modern\u00ed vzory<br \/>\n<strong>M\u00f3dn\u00ed barvy:<\/strong> \u0160irok\u00e1 \u0161k\u00e1la barev na v\u00fdb\u011br<br \/>\n<strong>Rovn\u00fd povrch:<\/strong> Ide\u00e1ln\u00ed pro vytv\u00e1\u0159en\u00ed estetick\u00fdch povrch\u016f<br \/>\n<strong>Rovn\u00e1 linie:<\/strong> Chr\u00e1n\u011bn\u00e1 mikrovl\u00e1knem pro lep\u0161\u00ed odolnost<br \/>\n<strong>Zv\u011bt\u0161en\u00e9 velikosti:<\/strong> Ide\u00e1ln\u00ed pro velk\u00e9 plochy<\/p>\n<p>Dla\u017eebn\u00ed kostky Metro jsou ide\u00e1ln\u00ed pro vytvo\u0159en\u00ed povrch\u016f, kter\u00e9 opticky roz\u0161\u00ed\u0159\u00ed prostor. Jeho modern\u00ed design bude dob\u0159e fungovat na p\u0159\u00edjezdov\u00fdch cest\u00e1ch, teras\u00e1ch, chodn\u00edc\u00edch a ve\u0159ejn\u00fdch prostranstv\u00edch a dod\u00e1 jim jedine\u010dn\u00fd charakter.<\/p>\n","protected":false},"excerpt":{"rendered":"<blockquote><p><strong>Rovn\u00fd povrch, rovn\u00e9 hrany<\/strong><\/p>\n<p><strong>Zat\u00ed\u017een\u00ed: p\u011b\u0161\u00ed provoz, provoz vozidel do 3,5 tuny<\/strong><\/p>\n<p><strong>\u00da\u010del pou\u017eit\u00ed: p\u0159\u00edjezdov\u00e1 cesta\/parkovi\u0161t\u011b, chodn\u00edk, terasa, zahrada\/cesty\/uli\u010dky, silnice<\/strong><\/p><\/blockquote>\n","protected":false},"featured_media":3601,"comment_status":"open","ping_status":"closed","template":"","meta":{"_acf_changed":false},"product_brand":[],"product_cat":[151,152],"product_tag":[],"class_list":{"0":"post-3616","1":"product","2":"type-product","3":"status-publish","4":"has-post-thumbnail","6":"product_cat-dlazebni-kostky","7":"product_cat-betonova-dlazba","9":"first","10":"onbackorder","11":"taxable","12":"shipping-taxable","13":"purchasable","14":"product-type-variable"},"acf":[],"_links":{"self":[{"href":"https:\/\/sklep.thepartners.pl\/cs\/wp-json\/wp\/v2\/product\/3616","targetHints":{"allow":["GET"]}}],"collection":[{"href":"https:\/\/sklep.thepartners.pl\/cs\/wp-json\/wp\/v2\/product"}],"about":[{"href":"https:\/\/sklep.thepartners.pl\/cs\/wp-json\/wp\/v2\/types\/product"}],"replies":[{"embeddable":true,"href":"https:\/\/sklep.thepartners.pl\/cs\/wp-json\/wp\/v2\/comments?post=3616"}],"wp:featuredmedia":[{"embeddable":true,"href":"https:\/\/sklep.thepartners.pl\/cs\/wp-json\/wp\/v2\/media\/3601"}],"wp:attachment":[{"href":"https:\/\/sklep.thepartners.pl\/cs\/wp-json\/wp\/v2\/media?parent=3616"}],"wp:term":[{"taxonomy":"product_brand","embeddable":true,"href":"https:\/\/sklep.thepartners.pl\/cs\/wp-json\/wp\/v2\/product_brand?post=3616"},{"taxonomy":"product_cat","embeddable":true,"href":"https:\/\/sklep.thepartners.pl\/cs\/wp-json\/wp\/v2\/product_cat?post=3616"},{"taxonomy":"product_tag","embeddable":true,"href":"https:\/\/sklep.thepartners.pl\/cs\/wp-json\/wp\/v2\/product_tag?post=3616"}],"curies":[{"name":"wp","href":"https:\/\/api.w.org\/{rel}","templated":true}]}}