{"id":3729,"date":"2024-07-26T09:46:34","date_gmt":"2024-07-26T07:46:34","guid":{"rendered":"https:\/\/sklep.thepartners.pl\/?post_type=product&#038;p=3729"},"modified":"2025-09-12T09:31:49","modified_gmt":"2025-09-12T07:31:49","slug":"daszek-dwuspadowy-structur-bruk","status":"publish","type":"product","link":"https:\/\/sklep.thepartners.pl\/cs\/produkt\/daszek-dwuspadowy-structur-bruk\/","title":{"rendered":"Daszek Dwuspadowy STRUCTUR BRUK 30X24"},"content":{"rendered":"<h4><strong>Dost\u0119pne rozmiary i kolory:<\/strong><\/h4>\n<p>Daszek dwuspadowy STRUCTUR dost\u0119pny jest w dw\u00f3ch rozmiarach, kt\u00f3re mo\u017cna idealnie dopasowa\u0107 do mur\u00f3w i s\u0142upk\u00f3w z kolekcji ogrodze\u0144 splitowanych Bruk. Oferujemy szeroki wyb\u00f3r kolor\u00f3w, aby umo\u017cliwi\u0107 idealne dopasowanie do Twojego ogrodzenia.<\/p>\n<h4><strong>Zalety:<\/strong><\/h4>\n<ul>\n<li><strong>Ochrona:<\/strong> Skutecznie chroni konstrukcje przed deszczem, \u015bniegiem i innymi niekorzystnymi warunkami pogodowymi.<\/li>\n<li><strong>Estetyka:<\/strong> Dodaje eleganckiego wyko\u0144czenia Twojemu ogrodzeniu, podkre\u015blaj\u0105c jego wygl\u0105d.<\/li>\n<li><strong>Funkcjonalno\u015b\u0107:<\/strong> G\u0142adka powierzchnia zapewnia efektywne o odprowadzenie wody, co zwi\u0119ksza trwa\u0142o\u015b\u0107 ogrodzenia.<\/li>\n<\/ul>\n<h4><strong>Zastosowanie:<\/strong><\/h4>\n<ul>\n<li>Wyko\u0144czenie mur\u00f3w<\/li>\n<li>Zwie\u0144czenie podmur\u00f3wek<\/li>\n<li>Ochrona s\u0142upk\u00f3w ogrodzeniowych<\/li>\n<\/ul>\n<p><strong>Waga palety [kg]<\/strong><\/p>\n<p>30x24x6 cm:\u00a0<strong>175<\/strong><\/p>\n<p>48x24x7 cm:\u00a0<strong>345<\/strong><\/p>\n<p><strong>Ilo\u015b\u0107 szt.\/kpl na\u00a0palecie<\/strong><\/p>\n<p>30x24x6 cm, 48x24x7 cm:\u00a0<strong>24<\/strong><\/p>\n<p>&nbsp;<\/p>\n<p>Wybierz daszek dwuspadowy STRUCTUR, aby zapewni\u0107 swojemu ogrodzeniu trwa\u0142o\u015b\u0107 i elegancj\u0119 na lata!<\/p>\n<p>&nbsp;<\/p>\n","protected":false},"excerpt":{"rendered":"<p>Daszek dwuspadowy STRUCTUR to idealne rozwi\u0105zanie dla ka\u017cdego, kto ceni sobie zar\u00f3wno funkcjonalno\u015b\u0107, jak i estetyk\u0119. Wykonany z wysokiej jako\u015bci materia\u0142\u00f3w, zapewnia nie tylko skuteczn\u0105 ochron\u0119 przed deszczem i s\u0142o\u0144cem, ale tak\u017ce doskonale komponuje si\u0119 z ka\u017cdym stylem architektonicznym.<\/p>\n","protected":false},"featured_media":5799,"comment_status":"open","ping_status":"closed","template":"","meta":{"_acf_changed":false},"product_brand":[],"product_cat":[171,174],"product_tag":[974],"class_list":{"0":"post-3729","1":"product","2":"type-product","3":"status-publish","4":"has-post-thumbnail","6":"product_cat-ploty","7":"product_cat-plotove-sloupky-a-zdi","8":"product_tag-daszek-cs","9":"product_shipping_class-transport-the-partners","10":"pa_kolor-antracyt-cs","11":"pa_kolor-seda-cs","12":"pa_kolor-piaskowy-cs","13":"pa_kolor-bialy-cs","14":"pa_producent-bruk-cs","16":"first","17":"onbackorder","18":"taxable","19":"shipping-taxable","20":"purchasable","21":"product-type-variable"},"acf":[],"_links":{"self":[{"href":"https:\/\/sklep.thepartners.pl\/cs\/wp-json\/wp\/v2\/product\/3729","targetHints":{"allow":["GET"]}}],"collection":[{"href":"https:\/\/sklep.thepartners.pl\/cs\/wp-json\/wp\/v2\/product"}],"about":[{"href":"https:\/\/sklep.thepartners.pl\/cs\/wp-json\/wp\/v2\/types\/product"}],"replies":[{"embeddable":true,"href":"https:\/\/sklep.thepartners.pl\/cs\/wp-json\/wp\/v2\/comments?post=3729"}],"wp:featuredmedia":[{"embeddable":true,"href":"https:\/\/sklep.thepartners.pl\/cs\/wp-json\/wp\/v2\/media\/5799"}],"wp:attachment":[{"href":"https:\/\/sklep.thepartners.pl\/cs\/wp-json\/wp\/v2\/media?parent=3729"}],"wp:term":[{"taxonomy":"product_brand","embeddable":true,"href":"https:\/\/sklep.thepartners.pl\/cs\/wp-json\/wp\/v2\/product_brand?post=3729"},{"taxonomy":"product_cat","embeddable":true,"href":"https:\/\/sklep.thepartners.pl\/cs\/wp-json\/wp\/v2\/product_cat?post=3729"},{"taxonomy":"product_tag","embeddable":true,"href":"https:\/\/sklep.thepartners.pl\/cs\/wp-json\/wp\/v2\/product_tag?post=3729"}],"curies":[{"name":"wp","href":"https:\/\/api.w.org\/{rel}","templated":true}]}}