{"id":3861,"date":"2024-07-25T11:11:45","date_gmt":"2024-07-25T09:11:45","guid":{"rendered":"https:\/\/sklep.thepartners.pl\/?post_type=product&#038;p=3861"},"modified":"2025-02-01T00:02:26","modified_gmt":"2025-01-31T23:02:26","slug":"kostka-bruk-prosty-6-cm-109m2","status":"publish","type":"product","link":"https:\/\/sklep.thepartners.pl\/cs\/produkt\/kostka-bruk-prosty-6-cm-109m2\/","title":{"rendered":"Dla\u017eba Jednoduch\u00fd  Bruk  6 cm 10,9m2"},"content":{"rendered":"<p>Bruk Prosty je dla\u017eba s mikrovl\u00e1knem, kter\u00e1 se vyzna\u010duje pravideln\u00fdmi hranami a rovn\u00fdm povrchem. Po jeho naaran\u017eov\u00e1n\u00ed je dosa\u017eeno efektu mimo\u0159\u00e1dn\u00e9 jednoduchosti a minimalismu, kter\u00fd dokonale lad\u00ed s okol\u00edm. T\u0159i r\u016fzn\u00e9 prvky vytv\u00e1\u0159ej\u00ed harmonick\u00e9 vzory, kter\u00e9 umo\u017e\u0148uj\u00ed zaj\u00edmav\u00e9 kombinace na povrchu. Dla\u017eba Prosty skv\u011ble funguje jak v m\u011bstsk\u00e9m prost\u0159ed\u00ed, tak na soukrom\u00fdch pozemc\u00edch a dod\u00e1v\u00e1 prostoru jedine\u010dn\u00fd charakter.<\/p>\n<p><strong>Mno\u017estv\u00ed na palet\u011b: 10,9 m2<\/strong><\/p>\n","protected":false},"excerpt":{"rendered":"<blockquote><p><strong>Vzhled: Pravideln\u00e9 okraje a rovn\u00fd povrch.<\/strong><\/p>\n<p><strong>Zam\u00fd\u0161len\u00e9 pou\u017eit\u00ed: Perfektn\u00ed pro p\u0159\u00edjezdov\u00e9 cesty, parkovi\u0161t\u011b, chodn\u00edky, terasy, zahrady, cesty, uli\u010dky a silnice.<\/strong><\/p>\n<p><strong>Zat\u00ed\u017een\u00ed: Vhodn\u00e9 pro p\u011b\u0161\u00ed provoz a vozidla do 3,5 tuny.<\/strong><\/p><\/blockquote>\n","protected":false},"featured_media":5496,"comment_status":"open","ping_status":"closed","template":"","meta":{"_acf_changed":false},"product_brand":[],"product_cat":[151,152],"product_tag":[],"class_list":{"0":"post-3861","1":"product","2":"type-product","3":"status-publish","4":"has-post-thumbnail","6":"product_cat-dlazebni-kostky","7":"product_cat-betonova-dlazba","8":"product_shipping_class-transport-the-partners-cs","9":"pa_kolor-granito-cs","10":"pa_kolor-bianco-cs","11":"pa_kolor-ambra-cs","12":"pa_kolor-bronzo-cs","13":"pa_kolor-mokka-cs","14":"pa_kolor-vero-cs","15":"pa_kolor-nero-cs","16":"pa_kolor-gray-cs","17":"pa_kolor-white-cs","18":"pa_kolor-carbon-cs","19":"pa_kolor-steel-cs","20":"pa_kolor-multikolor-barwy-jesieni-cs","21":"pa_kolor-multikolor-dark-cs","22":"pa_kolor-multikolor-diamond-cs","23":"pa_kolor-multikolor-gothic-cs","24":"pa_kolor-multikolor-light-cs","25":"pa_kolor-multikolor-muszlowy-cs","26":"pa_kolor-multikolor-natur-cs","27":"pa_kolor-multikolor-york-cs","28":"pa_producent-bruk-cs","30":"first","31":"onbackorder","32":"taxable","33":"shipping-taxable","34":"purchasable","35":"product-type-variable"},"acf":[],"_links":{"self":[{"href":"https:\/\/sklep.thepartners.pl\/cs\/wp-json\/wp\/v2\/product\/3861","targetHints":{"allow":["GET"]}}],"collection":[{"href":"https:\/\/sklep.thepartners.pl\/cs\/wp-json\/wp\/v2\/product"}],"about":[{"href":"https:\/\/sklep.thepartners.pl\/cs\/wp-json\/wp\/v2\/types\/product"}],"replies":[{"embeddable":true,"href":"https:\/\/sklep.thepartners.pl\/cs\/wp-json\/wp\/v2\/comments?post=3861"}],"wp:featuredmedia":[{"embeddable":true,"href":"https:\/\/sklep.thepartners.pl\/cs\/wp-json\/wp\/v2\/media\/5496"}],"wp:attachment":[{"href":"https:\/\/sklep.thepartners.pl\/cs\/wp-json\/wp\/v2\/media?parent=3861"}],"wp:term":[{"taxonomy":"product_brand","embeddable":true,"href":"https:\/\/sklep.thepartners.pl\/cs\/wp-json\/wp\/v2\/product_brand?post=3861"},{"taxonomy":"product_cat","embeddable":true,"href":"https:\/\/sklep.thepartners.pl\/cs\/wp-json\/wp\/v2\/product_cat?post=3861"},{"taxonomy":"product_tag","embeddable":true,"href":"https:\/\/sklep.thepartners.pl\/cs\/wp-json\/wp\/v2\/product_tag?post=3861"}],"curies":[{"name":"wp","href":"https:\/\/api.w.org\/{rel}","templated":true}]}}