{"id":3936,"date":"2024-07-25T12:31:12","date_gmt":"2024-07-25T10:31:12","guid":{"rendered":"https:\/\/sklep.thepartners.pl\/p\/kostka-brukowa-trend-6cm-108m2\/"},"modified":"2024-11-06T08:45:28","modified_gmt":"2024-11-06T07:45:28","slug":"kostka-brukowa-trend-6cm-108m2","status":"publish","type":"product","link":"https:\/\/sklep.thepartners.pl\/cs\/produkt\/kostka-brukowa-trend-6cm-108m2\/","title":{"rendered":"Dla\u017eba Trend 6cm 10,8m2"},"content":{"rendered":"<p><strong>Trend \u2013 inspirace pro milovn\u00edky mozaiky<\/strong><\/p>\n<p>Trendem je novinka, kter\u00e1 jist\u011b pot\u011b\u0161\u00ed milovn\u00edky v\u00edceprvkov\u00fdch mozaik. Skl\u00e1d\u00e1 se ze sedmi r\u016fzn\u00fdch dla\u017eebn\u00edch kostek, z nich\u017e ka\u017ed\u00fd m\u00e1 na povrchu jemn\u00fd reli\u00e9f. Tato hojnost tvar\u016f umo\u017e\u0148uje vytv\u00e1\u0159et fantazijn\u00ed a jedine\u010dn\u00e9 kombinace, kter\u00e9 o\u017eiv\u00ed ka\u017ed\u00fd povrch. D\u00edky rozmanitosti prvk\u016f lze vzory p\u0159izp\u016fsobit individu\u00e1ln\u00edm pot\u0159eb\u00e1m a d\u00e1t tak prostoru jedine\u010dn\u00fd charakter. Trend je ide\u00e1ln\u00ed volbou jak do m\u011bstsk\u00fdch prostor, tak do soukrom\u00fdch nemovitost\u00ed.<\/p>\n<p>&nbsp;<\/p>\n","protected":false},"excerpt":{"rendered":"<blockquote><p><strong>Vzhled: Jemn\u00fd reli\u00e9f na povrchu, 7 r\u016fzn\u00fdch tvar\u016f.<\/strong><\/p>\n<p><strong>Zam\u00fd\u0161len\u00e9 pou\u017eit\u00ed: Perfektn\u00ed pro p\u0159\u00edjezdov\u00e9 cesty, parkovi\u0161t\u011b, chodn\u00edky, terasy, zahrady, cesty, uli\u010dky a silnice.<\/strong><\/p>\n<p><strong>Zat\u00ed\u017een\u00ed: Vhodn\u00e9 pro p\u011b\u0161\u00ed provoz a vozidla do 3,5 tuny.<\/strong><\/p><\/blockquote>\n","protected":false},"featured_media":5478,"comment_status":"open","ping_status":"closed","template":"","meta":{"_acf_changed":false},"product_brand":[],"product_cat":[152,151],"product_tag":[836],"class_list":{"0":"post-3936","1":"product","2":"type-product","3":"status-publish","4":"has-post-thumbnail","6":"product_cat-betonova-dlazba","7":"product_cat-dlazebni-kostky","8":"product_tag-trend-cs","9":"product_shipping_class-transport-the-partners-cs","10":"pa_kolor-grafit","11":"pa_kolor-multikolor-barwy-jesieni-cs","12":"pa_kolor-multikolor-dark-cs","13":"pa_kolor-multikolor-diamond-cs","14":"pa_kolor-multikolor-gothic-cs","15":"pa_kolor-multikolor-light-cs","16":"pa_kolor-seda","17":"pa_producent-bruk-cs","19":"first","20":"onbackorder","21":"taxable","22":"shipping-taxable","23":"purchasable","24":"product-type-variable"},"acf":[],"_links":{"self":[{"href":"https:\/\/sklep.thepartners.pl\/cs\/wp-json\/wp\/v2\/product\/3936","targetHints":{"allow":["GET"]}}],"collection":[{"href":"https:\/\/sklep.thepartners.pl\/cs\/wp-json\/wp\/v2\/product"}],"about":[{"href":"https:\/\/sklep.thepartners.pl\/cs\/wp-json\/wp\/v2\/types\/product"}],"replies":[{"embeddable":true,"href":"https:\/\/sklep.thepartners.pl\/cs\/wp-json\/wp\/v2\/comments?post=3936"}],"wp:featuredmedia":[{"embeddable":true,"href":"https:\/\/sklep.thepartners.pl\/cs\/wp-json\/wp\/v2\/media\/5478"}],"wp:attachment":[{"href":"https:\/\/sklep.thepartners.pl\/cs\/wp-json\/wp\/v2\/media?parent=3936"}],"wp:term":[{"taxonomy":"product_brand","embeddable":true,"href":"https:\/\/sklep.thepartners.pl\/cs\/wp-json\/wp\/v2\/product_brand?post=3936"},{"taxonomy":"product_cat","embeddable":true,"href":"https:\/\/sklep.thepartners.pl\/cs\/wp-json\/wp\/v2\/product_cat?post=3936"},{"taxonomy":"product_tag","embeddable":true,"href":"https:\/\/sklep.thepartners.pl\/cs\/wp-json\/wp\/v2\/product_tag?post=3936"}],"curies":[{"name":"wp","href":"https:\/\/api.w.org\/{rel}","templated":true}]}}