{"id":4014,"date":"2024-07-26T09:24:35","date_gmt":"2024-07-26T07:24:35","guid":{"rendered":"https:\/\/sklep.thepartners.pl\/p\/kostka-brukowa-starobruk-6cm-114m2\/"},"modified":"2024-11-06T08:45:56","modified_gmt":"2024-11-06T07:45:56","slug":"kostka-brukowa-starobruk-6cm-114m2","status":"publish","type":"product","link":"https:\/\/sklep.thepartners.pl\/cs\/produkt\/kostka-brukowa-starobruk-6cm-114m2\/","title":{"rendered":"Dla\u017eba Starobruk 6cm 11,4m2"},"content":{"rendered":"<p>Starobruk je klasick\u00e1 forma dla\u017eebn\u00ed kostky, kter\u00e1 je velmi obl\u00edben\u00e1 d\u00edky sv\u00e9mu vzhledu p\u0159ipom\u00ednaj\u00edc\u00edmu star\u00e9 povrchy. Tato unik\u00e1tn\u00ed dla\u017eebn\u00ed kostka se vyzna\u010duje ploch\u00fdm povrchem, rovn\u00fdmi okraji a m\u00edrn\u011b zaoblen\u00fdm tvarem. Je k dispozici ve dvou tlou\u0161\u0165k\u00e1ch: 6 cm a 8 cm.<\/p>\n<p>D\u00edky sv\u00fdm jedine\u010dn\u00fdm vlastnostem umo\u017e\u0148uje starobruk vytv\u00e1\u0159et origin\u00e1ln\u00ed a neobvykl\u00e9 povrchy. Ide\u00e1ln\u011b se hod\u00ed na p\u0159\u00edjezdy a parkovi\u0161t\u011b, chodn\u00edky, terasy, zahrady, cesti\u010dky, aleje a silnice. Je to ide\u00e1ln\u00ed volba pro ty, kte\u0159\u00ed hledaj\u00ed v\u00fdjime\u010dn\u00fd design a cht\u011bj\u00ed b\u00fdt obklopeni kr\u00e1sn\u011b uspo\u0159\u00e1dan\u00fdm prostorem. Starobruk odol\u00e1v\u00e1 zat\u00ed\u017een\u00ed p\u011b\u0161\u00edho provozu a provozu vozidel do 3,5 tuny, tak\u017ee je vhodn\u00fd jak pro m\u011bstsk\u00e1 historick\u00e1 n\u00e1m\u011bst\u00ed, tak pro modern\u00ed prost\u0159ed\u00ed sou\u010dasn\u00e9 architektury.<\/p>\n","protected":false},"excerpt":{"rendered":"<blockquote><p><strong>Vzhled &#8211; rovn\u00fd povrch s rovn\u00fdmi hranami | m\u00edrn\u011b zaoblen\u00fd tvar<\/strong><\/p>\n<p><strong>Tlou\u0161\u0165ka v cm &#8211; 6 a 8<\/strong><\/p>\n<p><strong>\u00da\u010del pou\u017eit\u00ed &#8211; p\u0159\u00edjezdov\u00e1 cesta\/parkovi\u0161t\u011b, chodn\u00edk, terasa, zahrada\/cesty\/uli\u010dky, komunikace<\/strong><\/p>\n<p><strong>Zat\u00ed\u017een\u00ed &#8211; p\u011b\u0161\u00ed provoz, provoz vozidel do 3,5 tuny<\/strong><\/p><\/blockquote>\n","protected":false},"featured_media":5466,"comment_status":"open","ping_status":"closed","template":"","meta":{"_acf_changed":false},"product_brand":[],"product_cat":[152,151],"product_tag":[841],"class_list":{"0":"post-4014","1":"product","2":"type-product","3":"status-publish","4":"has-post-thumbnail","6":"product_cat-betonova-dlazba","7":"product_cat-dlazebni-kostky","8":"product_tag-starobruk-cs","9":"product_shipping_class-transport-the-partners-cs","10":"pa_kolor-grafit","11":"pa_kolor-seda","12":"pa_producent-bruk-cs","14":"first","15":"onbackorder","16":"taxable","17":"shipping-taxable","18":"purchasable","19":"product-type-variable"},"acf":[],"_links":{"self":[{"href":"https:\/\/sklep.thepartners.pl\/cs\/wp-json\/wp\/v2\/product\/4014","targetHints":{"allow":["GET"]}}],"collection":[{"href":"https:\/\/sklep.thepartners.pl\/cs\/wp-json\/wp\/v2\/product"}],"about":[{"href":"https:\/\/sklep.thepartners.pl\/cs\/wp-json\/wp\/v2\/types\/product"}],"replies":[{"embeddable":true,"href":"https:\/\/sklep.thepartners.pl\/cs\/wp-json\/wp\/v2\/comments?post=4014"}],"wp:featuredmedia":[{"embeddable":true,"href":"https:\/\/sklep.thepartners.pl\/cs\/wp-json\/wp\/v2\/media\/5466"}],"wp:attachment":[{"href":"https:\/\/sklep.thepartners.pl\/cs\/wp-json\/wp\/v2\/media?parent=4014"}],"wp:term":[{"taxonomy":"product_brand","embeddable":true,"href":"https:\/\/sklep.thepartners.pl\/cs\/wp-json\/wp\/v2\/product_brand?post=4014"},{"taxonomy":"product_cat","embeddable":true,"href":"https:\/\/sklep.thepartners.pl\/cs\/wp-json\/wp\/v2\/product_cat?post=4014"},{"taxonomy":"product_tag","embeddable":true,"href":"https:\/\/sklep.thepartners.pl\/cs\/wp-json\/wp\/v2\/product_tag?post=4014"}],"curies":[{"name":"wp","href":"https:\/\/api.w.org\/{rel}","templated":true}]}}