{"id":4067,"date":"2024-07-26T10:56:44","date_gmt":"2024-07-26T08:56:44","guid":{"rendered":"https:\/\/sklep.thepartners.pl\/?post_type=product&#038;p=4067"},"modified":"2024-11-06T08:56:36","modified_gmt":"2024-11-06T07:56:36","slug":"dlazba-podwojne-t-6cm-1028m2-kopia","status":"publish","type":"product","link":"https:\/\/sklep.thepartners.pl\/cs\/produkt\/dlazba-podwojne-t-6cm-1028m2-kopia\/","title":{"rendered":"Dla\u017eba Podw\u00f3jne T 8cm 8,23m2"},"content":{"rendered":"<p>Dla\u017eebn\u00ed kostka Dvojit\u00e9 T se vyzna\u010duje tvarem p\u0159ipom\u00ednaj\u00edc\u00edm dvojit\u00fd T nosn\u00edk, co\u017e z n\u00ed \u010din\u00ed velmi obl\u00edbenou volbu pro povrchy vystaven\u00e9 vysok\u00e9mu zat\u00ed\u017een\u00ed. Je dostupn\u00e1 ve dvou variant\u00e1ch: s fazetou a bez fazety, nab\u00edz\u00ed ploch\u00fd povrch a rovn\u00e9 okraje. Vyr\u00e1b\u00ed se v tlou\u0161\u0165k\u00e1ch 6 cm a 8 cm.<\/p>\n<p>D\u00edky sv\u00fdm vlastnostem, zejm\u00e9na vz\u00e1jemn\u00e9mu propl\u00e9t\u00e1n\u00ed sousedn\u00edch kostek, je Dvojit\u00e9 T ide\u00e1ln\u00ed pro pokl\u00e1dku na rozs\u00e1hl\u00e9 pr\u016fmyslov\u00e9 plochy, parkovi\u0161t\u011b, \u010derpac\u00ed stanice a dal\u0161\u00ed m\u00edsta vy\u017eaduj\u00edc\u00ed vysokou odolnost. Je ide\u00e1ln\u00edm \u0159e\u0161en\u00edm pro p\u0159\u00edjezdy, parkovi\u0161t\u011b, chodn\u00edky, terasy, zahrady, cesti\u010dky, aleje a silnice, odol\u00e1vaj\u00edc\u00ed zat\u00ed\u017een\u00ed p\u011b\u0161\u00edho provozu i vozidel do 3,5 tuny.<\/p>\n","protected":false},"excerpt":{"rendered":"<blockquote><p><strong>Vzhled &#8211; rovn\u00fd povrch, rovn\u00e9 hrany, tvar podobn\u00fd I-nosn\u00edku<\/strong><\/p>\n<p><strong>Tlou\u0161\u0165ka v cm &#8211; 6 a 8<\/strong><\/p>\n<p><strong>\u00da\u010del pou\u017eit\u00ed &#8211; p\u0159\u00edjezdov\u00e1 cesta\/parkovi\u0161t\u011b, chodn\u00edk, terasa, zahrada\/cesty\/uli\u010dky, komunikace<\/strong><\/p>\n<p><strong>Zat\u00ed\u017een\u00ed &#8211; p\u011b\u0161\u00ed provoz, provoz vozidel do a nad 3,5 tuny (tlou\u0161\u0165ka pouze 8 cm), siln\u00fd provoz &#8211; n\u00edzk\u00e1 intenzita KR3 (tlou\u0161\u0165ka pouze 8 cm)<\/strong><\/p><\/blockquote>\n","protected":false},"featured_media":5456,"comment_status":"open","ping_status":"closed","template":"","meta":{"_acf_changed":false},"product_brand":[],"product_cat":[151,152],"product_tag":[846,847],"class_list":{"0":"post-4067","1":"product","2":"type-product","3":"status-publish","4":"has-post-thumbnail","6":"product_cat-dlazebni-kostky","7":"product_cat-betonova-dlazba","8":"product_tag-podwojne-t-cs","9":"product_tag-behaton-cs","10":"product_shipping_class-transport-the-partners-cs","11":"pa_kolor-czerwony-cs","12":"pa_kolor-grafit","13":"pa_kolor-seda","14":"pa_producent-bruk-cs","16":"first","17":"onbackorder","18":"taxable","19":"shipping-taxable","20":"purchasable","21":"product-type-variable"},"acf":[],"_links":{"self":[{"href":"https:\/\/sklep.thepartners.pl\/cs\/wp-json\/wp\/v2\/product\/4067","targetHints":{"allow":["GET"]}}],"collection":[{"href":"https:\/\/sklep.thepartners.pl\/cs\/wp-json\/wp\/v2\/product"}],"about":[{"href":"https:\/\/sklep.thepartners.pl\/cs\/wp-json\/wp\/v2\/types\/product"}],"replies":[{"embeddable":true,"href":"https:\/\/sklep.thepartners.pl\/cs\/wp-json\/wp\/v2\/comments?post=4067"}],"wp:featuredmedia":[{"embeddable":true,"href":"https:\/\/sklep.thepartners.pl\/cs\/wp-json\/wp\/v2\/media\/5456"}],"wp:attachment":[{"href":"https:\/\/sklep.thepartners.pl\/cs\/wp-json\/wp\/v2\/media?parent=4067"}],"wp:term":[{"taxonomy":"product_brand","embeddable":true,"href":"https:\/\/sklep.thepartners.pl\/cs\/wp-json\/wp\/v2\/product_brand?post=4067"},{"taxonomy":"product_cat","embeddable":true,"href":"https:\/\/sklep.thepartners.pl\/cs\/wp-json\/wp\/v2\/product_cat?post=4067"},{"taxonomy":"product_tag","embeddable":true,"href":"https:\/\/sklep.thepartners.pl\/cs\/wp-json\/wp\/v2\/product_tag?post=4067"}],"curies":[{"name":"wp","href":"https:\/\/api.w.org\/{rel}","templated":true}]}}