{"id":4126,"date":"2024-07-26T12:17:01","date_gmt":"2024-07-26T10:17:01","guid":{"rendered":"https:\/\/sklep.thepartners.pl\/p\/plyta-medio-6cm\/"},"modified":"2024-11-06T08:41:06","modified_gmt":"2024-11-06T07:41:06","slug":"plyta-medio-6cm","status":"publish","type":"product","link":"https:\/\/sklep.thepartners.pl\/cs\/produkt\/plyta-medio-6cm\/","title":{"rendered":"Terasov\u00e1 Dla\u017eba Medio 60x30x6cm"},"content":{"rendered":"<p>Medio je inovativn\u00ed terasov\u00e1 dla\u017eba ve velikosti M, kter\u00e1 kombinuje jednoduch\u00fd tvar, kompaktn\u00ed rozm\u011bry a unik\u00e1tn\u00ed barevn\u00e9 kombinace, \u010d\u00edm\u017e vytv\u00e1\u0159\u00ed v\u00fdjime\u010dn\u00fd efekt na teras\u00e1ch, p\u0159\u00edjezdech, chodn\u00edc\u00edch a cesti\u010dk\u00e1ch. Skv\u011ble se hod\u00ed jak do modern\u00edch, tak tradi\u010dn\u00edch aran\u017em\u00e1.<\/p>\n<p><strong>Vlastnosti dla\u017eby Medio:<\/strong><\/p>\n<ul>\n<li><strong>Estetika:<\/strong> P\u0159esto\u017ee m\u00e1 men\u0161\u00ed rozm\u011bry, vizu\u00e1ln\u011b p\u0159ipom\u00edn\u00e1 velkoform\u00e1tov\u00e9 dla\u017edice.<\/li>\n<li><strong>Snadn\u00e1 instalace:<\/strong> D\u00edky men\u0161\u00edm rozm\u011br\u016fm a hmotnosti je dla\u017eba snadn\u011bj\u0161\u00ed na pokl\u00e1dku.<\/li>\n<li><strong>Jednotn\u00fd povrch:<\/strong> Mikro fazeta zaji\u0161\u0165uje, \u017ee linie sp\u00e1r jsou m\u00e9n\u011b viditeln\u00e9, co\u017e dod\u00e1v\u00e1 povrchu jednotn\u00fd vzhled.<\/li>\n<\/ul>\n<p>Medio je ide\u00e1ln\u00ed volbou pro ty, kte\u0159\u00ed oce\u0148uj\u00ed modern\u00ed design a prakti\u010dnost, harmonicky zapadaj\u00edc\u00ed do modern\u00edch i tradi\u010dn\u00edch prostor.<\/p>\n","protected":false},"excerpt":{"rendered":"<blockquote><p><strong>Rozm\u011bry desky: 30&#215;60<\/strong><\/p>\n<p><strong>Po\u010det kus\u016f na palet\u011b: 54 = 9,72 m2<\/strong><\/p>\n<p><strong>Nosnost: do 3,5 tuny<\/strong><\/p><\/blockquote>\n","protected":false},"featured_media":5599,"comment_status":"open","ping_status":"closed","template":"","meta":{"_acf_changed":false},"product_brand":[],"product_cat":[151,152],"product_tag":[850],"class_list":{"0":"post-4126","1":"product","2":"type-product","3":"status-publish","4":"has-post-thumbnail","6":"product_cat-dlazebni-kostky","7":"product_cat-betonova-dlazba","8":"product_tag-medio-cs","9":"product_shipping_class-transport-the-partners-cs","10":"pa_kolor-gray-cs","11":"pa_kolor-galaxy-white-cs","12":"pa_kolor-galaxy-carbon-cs","13":"pa_kolor-white-cs","14":"pa_kolor-carbon-cs","15":"pa_kolor-steel-cs","16":"pa_kolor-multikolor-diamond-cs","17":"pa_kolor-multikolor-gothic-cs","18":"pa_kolor-multikolor-light-cs","19":"pa_kolor-multikolor-york-cs","20":"pa_producent-bruk-cs","22":"first","23":"onbackorder","24":"taxable","25":"shipping-taxable","26":"purchasable","27":"product-type-variable"},"acf":[],"_links":{"self":[{"href":"https:\/\/sklep.thepartners.pl\/cs\/wp-json\/wp\/v2\/product\/4126","targetHints":{"allow":["GET"]}}],"collection":[{"href":"https:\/\/sklep.thepartners.pl\/cs\/wp-json\/wp\/v2\/product"}],"about":[{"href":"https:\/\/sklep.thepartners.pl\/cs\/wp-json\/wp\/v2\/types\/product"}],"replies":[{"embeddable":true,"href":"https:\/\/sklep.thepartners.pl\/cs\/wp-json\/wp\/v2\/comments?post=4126"}],"wp:featuredmedia":[{"embeddable":true,"href":"https:\/\/sklep.thepartners.pl\/cs\/wp-json\/wp\/v2\/media\/5599"}],"wp:attachment":[{"href":"https:\/\/sklep.thepartners.pl\/cs\/wp-json\/wp\/v2\/media?parent=4126"}],"wp:term":[{"taxonomy":"product_brand","embeddable":true,"href":"https:\/\/sklep.thepartners.pl\/cs\/wp-json\/wp\/v2\/product_brand?post=4126"},{"taxonomy":"product_cat","embeddable":true,"href":"https:\/\/sklep.thepartners.pl\/cs\/wp-json\/wp\/v2\/product_cat?post=4126"},{"taxonomy":"product_tag","embeddable":true,"href":"https:\/\/sklep.thepartners.pl\/cs\/wp-json\/wp\/v2\/product_tag?post=4126"}],"curies":[{"name":"wp","href":"https:\/\/api.w.org\/{rel}","templated":true}]}}