{"id":4178,"date":"2024-07-26T13:05:15","date_gmt":"2024-07-26T11:05:15","guid":{"rendered":"https:\/\/sklep.thepartners.pl\/p\/plyta-kwadra-5cm\/"},"modified":"2024-11-06T08:40:45","modified_gmt":"2024-11-06T07:40:45","slug":"plyta-kwadra-5cm","status":"publish","type":"product","link":"https:\/\/sklep.thepartners.pl\/cs\/produkt\/plyta-kwadra-5cm\/","title":{"rendered":"Terasov\u00e1 Dla\u017eba Kwadra 50x50x5cm"},"content":{"rendered":"<p>Kwadra je terasov\u00e1 dla\u017eba, kter\u00e1 spojuje pravidelnost a minimalismus formy se symetri\u00ed a geometri\u00ed. Vn\u00e1\u0161\u00ed na terasu nad\u010dasov\u00fd rozm\u011br povrch\u016f, stylov\u011b dopl\u0148uje prostor udr\u017eovan\u00fd v duchu modernismu. Skv\u011ble se hod\u00ed i do klasick\u00fdch aran\u017em\u00e1, nab\u00edz\u00ed univerz\u00e1lnost, kter\u00e1 je kl\u00ed\u010dem k jej\u00edmu \u00fasp\u011bchu.<\/p>\n<p><strong>Vlastnosti dla\u017eby Kwadra:<\/strong><\/p>\n<ul>\n<li><strong>Estetika:<\/strong> Mikro fazeta dod\u00e1v\u00e1 povrchu t\u00e9m\u011b\u0159 jednotn\u00fd charakter.<\/li>\n<li><strong>Snadn\u00e1 instalace:<\/strong> Snadn\u011bj\u0161\u00ed a rychlej\u0161\u00ed pokl\u00e1dka d\u00edky mo\u017enosti mont\u00e1\u017ee na nastaviteln\u00fdch podlo\u017ek\u00e1ch (v\u011btran\u00e1 terasa).<\/li>\n<\/ul>\n<p>Kwadra je ide\u00e1ln\u00edm \u0159e\u0161en\u00edm pro ty, kte\u0159\u00ed oce\u0148uj\u00ed elegantn\u00ed design a univerz\u00e1lnost, hod\u00edc\u00ed se jak do modern\u00edch, tak klasick\u00fdch prostor.<\/p>\n","protected":false},"excerpt":{"rendered":"<blockquote><p><strong>Rozm\u011bry desky: 50&#215;50<\/strong><\/p>\n<p><strong>Po\u010det kus\u016f na palet\u011b: 32 = 8m2<\/strong><\/p>\n<p><strong>Zat\u00ed\u017een\u00ed: pouze p\u011b\u0161\u00ed provoz<\/strong><\/p><\/blockquote>\n","protected":false},"featured_media":5620,"comment_status":"open","ping_status":"closed","template":"","meta":{"_acf_changed":false},"product_brand":[],"product_cat":[151,152],"product_tag":[852],"class_list":{"0":"post-4178","1":"product","2":"type-product","3":"status-publish","4":"has-post-thumbnail","6":"product_cat-dlazebni-kostky","7":"product_cat-betonova-dlazba","8":"product_tag-kwadra-cs","9":"product_shipping_class-transport-the-partners-cs","10":"pa_kolor-gray-cs","11":"pa_kolor-galaxy-white-cs","12":"pa_kolor-galaxy-carbon-cs","13":"pa_kolor-white-cs","14":"pa_kolor-carbon-cs","15":"pa_kolor-steel-cs","16":"pa_kolor-grafit","17":"pa_kolor-multikolor-diamond-cs","18":"pa_kolor-multikolor-gothic-cs","19":"pa_kolor-seda","20":"pa_producent-bruk-cs","22":"first","23":"onbackorder","24":"taxable","25":"shipping-taxable","26":"purchasable","27":"product-type-variable"},"acf":[],"_links":{"self":[{"href":"https:\/\/sklep.thepartners.pl\/cs\/wp-json\/wp\/v2\/product\/4178","targetHints":{"allow":["GET"]}}],"collection":[{"href":"https:\/\/sklep.thepartners.pl\/cs\/wp-json\/wp\/v2\/product"}],"about":[{"href":"https:\/\/sklep.thepartners.pl\/cs\/wp-json\/wp\/v2\/types\/product"}],"replies":[{"embeddable":true,"href":"https:\/\/sklep.thepartners.pl\/cs\/wp-json\/wp\/v2\/comments?post=4178"}],"wp:featuredmedia":[{"embeddable":true,"href":"https:\/\/sklep.thepartners.pl\/cs\/wp-json\/wp\/v2\/media\/5620"}],"wp:attachment":[{"href":"https:\/\/sklep.thepartners.pl\/cs\/wp-json\/wp\/v2\/media?parent=4178"}],"wp:term":[{"taxonomy":"product_brand","embeddable":true,"href":"https:\/\/sklep.thepartners.pl\/cs\/wp-json\/wp\/v2\/product_brand?post=4178"},{"taxonomy":"product_cat","embeddable":true,"href":"https:\/\/sklep.thepartners.pl\/cs\/wp-json\/wp\/v2\/product_cat?post=4178"},{"taxonomy":"product_tag","embeddable":true,"href":"https:\/\/sklep.thepartners.pl\/cs\/wp-json\/wp\/v2\/product_tag?post=4178"}],"curies":[{"name":"wp","href":"https:\/\/api.w.org\/{rel}","templated":true}]}}